{"id":5734,"date":"2025-12-17T14:35:15","date_gmt":"2025-12-17T13:35:15","guid":{"rendered":"https:\/\/agora.xtec.cat\/esc-mmata-mataro\/?page_id=5734"},"modified":"2025-12-17T14:43:18","modified_gmt":"2025-12-17T13:43:18","slug":"que-treballem-a-letapa-deducacio-primaria","status":"publish","type":"page","link":"https:\/\/agora.xtec.cat\/esc-mmata-mataro\/projecte-educatiu\/que-treballem-a-letapa-deducacio-primaria\/","title":{"rendered":"Qu\u00e8 treballem a l&#8217;etapa d&#8217;Educaci\u00f3 Prim\u00e0ria?"},"content":{"rendered":"<p>A l\u2019etapa d\u2019Educaci\u00f3 Prim\u00e0ria, l\u2019aprenentatge de l\u2019alumnat s\u2019articula a partir dels sabers i de les compet\u00e8ncies espec\u00edfiques de cada \u00e0rea, amb l\u2019objectiu de garantir un desenvolupament integral, progressiu i significatiu. Les compet\u00e8ncies orienten l\u2019alumnat a aplicar els coneixements, habilitats i actituds en situacions diverses, afavorint l\u2019autonomia personal, el pensament cr\u00edtic, la conviv\u00e8ncia i la participaci\u00f3 activa en la societat.<\/p>\n<p>Els sabers i les compet\u00e8ncies es treballen de manera coherent al llarg dels diferents cicles de l\u2019etapa \u2014cicle inicial, mitj\u00e0 i superior\u2014, respectant els ritmes d\u2019aprenentatge i promovent una educaci\u00f3 inclusiva, equitativa i de qualitat.<\/p>\n<p>En aquest enlla\u00e7 podeu consultar el document que recull els sabers i les compet\u00e8ncies que es desenvolupen a cada \u00e0rea i nivell de l\u2019Educaci\u00f3 Prim\u00e0ria, d\u2019acord amb el curr\u00edculum vigent i amb el projecte educatiu del centre.<\/p>\n<p><a href=\"https:\/\/agora.xtec.cat\/esc-mmata-mataro\/wp-content\/uploads\/usu828\/2025\/12\/Sabers-Primaria_Escola-Marta-Mata.pdf\">Sabers Prim\u00e0ria_Escola Marta Mata<\/a><\/p>\n","protected":false},"excerpt":{"rendered":"<p>A l\u2019etapa d\u2019Educaci\u00f3 Prim\u00e0ria, l\u2019aprenentatge de l\u2019alumnat s\u2019articula a partir dels sabers i de les compet\u00e8ncies espec\u00edfiques de cada \u00e0rea, amb l\u2019objectiu de garantir un desenvolupament integral, progressiu i significatiu. Les compet\u00e8ncies orienten l\u2019alumnat a aplicar els coneixements, habilitats i actituds en situacions diverses, afavorint&hellip;  <a href=\"https:\/\/agora.xtec.cat\/esc-mmata-mataro\/projecte-educatiu\/que-treballem-a-letapa-deducacio-primaria\/\" title=\"Read Qu\u00e8 treballem a l&#8217;etapa d&#8217;Educaci\u00f3 Prim\u00e0ria?\">Llegeix m\u00e9s\u00bb<\/a><\/p>\n","protected":false},"author":6,"featured_media":0,"parent":64,"menu_order":3,"comment_status":"closed","ping_status":"closed","template":"page-templates\/side-menu.php","meta":{"_bbp_topic_count":0,"_bbp_reply_count":0,"_bbp_total_topic_count":0,"_bbp_total_reply_count":0,"_bbp_voice_count":0,"_bbp_anonymous_reply_count":0,"_bbp_topic_count_hidden":0,"_bbp_reply_count_hidden":0,"_bbp_forum_subforum_count":0,"footnotes":""},"class_list":["post-5734","page","type-page","status-publish","hentry"],"post_mailing_queue_ids":[],"_links":{"self":[{"href":"https:\/\/agora.xtec.cat\/esc-mmata-mataro\/wp-json\/wp\/v2\/pages\/5734","targetHints":{"allow":["GET"]}}],"collection":[{"href":"https:\/\/agora.xtec.cat\/esc-mmata-mataro\/wp-json\/wp\/v2\/pages"}],"about":[{"href":"https:\/\/agora.xtec.cat\/esc-mmata-mataro\/wp-json\/wp\/v2\/types\/page"}],"author":[{"embeddable":true,"href":"https:\/\/agora.xtec.cat\/esc-mmata-mataro\/wp-json\/wp\/v2\/users\/6"}],"replies":[{"embeddable":true,"href":"https:\/\/agora.xtec.cat\/esc-mmata-mataro\/wp-json\/wp\/v2\/comments?post=5734"}],"version-history":[{"count":6,"href":"https:\/\/agora.xtec.cat\/esc-mmata-mataro\/wp-json\/wp\/v2\/pages\/5734\/revisions"}],"predecessor-version":[{"id":5740,"href":"https:\/\/agora.xtec.cat\/esc-mmata-mataro\/wp-json\/wp\/v2\/pages\/5734\/revisions\/5740"}],"up":[{"embeddable":true,"href":"https:\/\/agora.xtec.cat\/esc-mmata-mataro\/wp-json\/wp\/v2\/pages\/64"}],"wp:attachment":[{"href":"https:\/\/agora.xtec.cat\/esc-mmata-mataro\/wp-json\/wp\/v2\/media?parent=5734"}],"curies":[{"name":"wp","href":"https:\/\/api.w.org\/{rel}","templated":true}]}}