{"id":513,"date":"2018-01-28T13:32:26","date_gmt":"2018-01-28T12:32:26","guid":{"rendered":"http:\/\/agora.xtec.cat\/esc-mmata-mataro\/?page_id=513"},"modified":"2024-10-08T11:22:03","modified_gmt":"2024-10-08T09:22:03","slug":"normes-nofc","status":"publish","type":"page","link":"https:\/\/agora.xtec.cat\/esc-mmata-mataro\/projecte-educatiu\/normes-nofc\/","title":{"rendered":"NOFC"},"content":{"rendered":"<p><strong>NORMES D\u2019ORGANITZACI\u00d3 I FUNCIONAMENT DEL CENTRE:<\/strong><\/p>\n<p style=\"text-align: justify;\">(Llei 12\/2009, del 10 de juliol, d\u2019Educaci\u00f3 (LEC) i les orientacions del Decret 102\/2010, de 3 d\u2019agost, d\u2019autonomia dels centres educatius i del Decret 155\/2010, de 2 de novembre, de la direcci\u00f3 dels centres educatius)<\/p>\n<p style=\"text-align: justify;\">Les normes d&#8217;organitzaci\u00f3 i funcionament (NOFC) de l&#8217;escola Marta Mata, que formen part del projecte educatiu, apleguen de manera ordenada el conjunt d&#8217;acords i decisions d&#8217;organitzaci\u00f3 i de funcionament que s&#8217;hi adopten en la nostra organitzaci\u00f3 per fer possible, en el dia a dia, el treball educatiu i de gesti\u00f3 que permet assolir els objectius proposats en el projecte educatiu del centre i explicita les concrecions pedag\u00f2giques i organitzatives per orientar l\u2019acci\u00f3 docent, l\u2019estructura organitzativa de gesti\u00f3, coordinaci\u00f3 i participaci\u00f3, l\u2019organitzaci\u00f3 pedag\u00f3gica, la conviv\u00e8ncia i la gesti\u00f3 i funcionament.<\/p>\n<p><a href=\"https:\/\/agora.xtec.cat\/esc-mmata-mataro\/wp-content\/uploads\/usu828\/2020\/05\/NOFC-NODES.pdf\" target=\"_blank\" rel=\"noopener\">NOFC<\/a> <a href=\"https:\/\/agora.xtec.cat\/esc-mmata-mataro\/wp-content\/uploads\/usu828\/2020\/05\/NOFC-NODES.pdf\" target=\"_blank\" rel=\"noopener\"><img loading=\"lazy\" decoding=\"async\" class=\"\" src=\"https:\/\/t4.ftcdn.net\/jpg\/01\/03\/75\/43\/240_F_103754394_xSNhdDOKFusz9Vrb8ZZNLY8SXSwLfaIT.jpg\" alt=\"103754394\" width=\"61\" height=\"61\" \/><\/a><\/p>\n<p>&nbsp;<\/p>\n","protected":false},"excerpt":{"rendered":"<p>NORMES D\u2019ORGANITZACI\u00d3 I FUNCIONAMENT DEL CENTRE:<br \/>\n(Llei 12\/2009, del 10 de juliol, d\u2019Educaci\u00f3 (LEC) i les orientacions del Decret 102\/2010, de 3 d\u2019agost, d\u2019autonomia dels centres educatius i del Decret 155\/2010, de 2 de novembre, de la direcci\u00f3 dels centres educatius)<br \/>\nLes normes d&#8217;organitzaci\u00f3 i funcionament (NOFC)&hellip;  <a href=\"https:\/\/agora.xtec.cat\/esc-mmata-mataro\/projecte-educatiu\/normes-nofc\/\" title=\"Read NOFC\">Llegeix m\u00e9s\u00bb<\/a><\/p>\n","protected":false},"author":3,"featured_media":0,"parent":64,"menu_order":4,"comment_status":"closed","ping_status":"closed","template":"page-templates\/side-menu.php","meta":{"_bbp_topic_count":0,"_bbp_reply_count":0,"_bbp_total_topic_count":0,"_bbp_total_reply_count":0,"_bbp_voice_count":0,"_bbp_anonymous_reply_count":0,"_bbp_topic_count_hidden":0,"_bbp_reply_count_hidden":0,"_bbp_forum_subforum_count":0,"footnotes":""},"class_list":["post-513","page","type-page","status-publish","hentry"],"post_mailing_queue_ids":[],"_links":{"self":[{"href":"https:\/\/agora.xtec.cat\/esc-mmata-mataro\/wp-json\/wp\/v2\/pages\/513","targetHints":{"allow":["GET"]}}],"collection":[{"href":"https:\/\/agora.xtec.cat\/esc-mmata-mataro\/wp-json\/wp\/v2\/pages"}],"about":[{"href":"https:\/\/agora.xtec.cat\/esc-mmata-mataro\/wp-json\/wp\/v2\/types\/page"}],"author":[{"embeddable":true,"href":"https:\/\/agora.xtec.cat\/esc-mmata-mataro\/wp-json\/wp\/v2\/users\/3"}],"replies":[{"embeddable":true,"href":"https:\/\/agora.xtec.cat\/esc-mmata-mataro\/wp-json\/wp\/v2\/comments?post=513"}],"version-history":[{"count":3,"href":"https:\/\/agora.xtec.cat\/esc-mmata-mataro\/wp-json\/wp\/v2\/pages\/513\/revisions"}],"predecessor-version":[{"id":3887,"href":"https:\/\/agora.xtec.cat\/esc-mmata-mataro\/wp-json\/wp\/v2\/pages\/513\/revisions\/3887"}],"up":[{"embeddable":true,"href":"https:\/\/agora.xtec.cat\/esc-mmata-mataro\/wp-json\/wp\/v2\/pages\/64"}],"wp:attachment":[{"href":"https:\/\/agora.xtec.cat\/esc-mmata-mataro\/wp-json\/wp\/v2\/media?parent=513"}],"curies":[{"name":"wp","href":"https:\/\/api.w.org\/{rel}","templated":true}]}}