{"id":511,"date":"2018-01-28T13:31:13","date_gmt":"2018-01-28T12:31:13","guid":{"rendered":"http:\/\/agora.xtec.cat\/esc-mmata-mataro\/?page_id=511"},"modified":"2023-04-28T08:40:18","modified_gmt":"2023-04-28T06:40:18","slug":"projecte-de-convivencia","status":"publish","type":"page","link":"https:\/\/agora.xtec.cat\/esc-mmata-mataro\/projecte-educatiu\/projecte-de-convivencia\/","title":{"rendered":"Projecte de Conviv\u00e8ncia"},"content":{"rendered":"<p>Els Objectius generals del Projecte de Conviv\u00e8ncia s\u00f3n els seg\u00fcents:<\/p>\n<ol>\n<li style=\"text-align: left;\">Assegurar i garantir la participaci\u00f3, la implicaci\u00f3 i el comprom\u00eds de tota la comunitat educativa.<\/li>\n<li style=\"text-align: left;\">Ajudar cada alumne a relacionar-se amb si mateix, amb els altres i amb el m\u00f3n.<\/li>\n<li style=\"text-align: left;\">Potenciar l\u2019equitat i el respecte a la diversitat<\/li>\n<li style=\"text-align: left;\">Fomentar la mediaci\u00f3 escolar i la cultura del di\u00e0leg.<\/li>\n<li style=\"text-align: left;\">Fomentar una cultura de la pau i la no-viol\u00e8ncia.<\/li>\n<\/ol>\n<p style=\"text-align: left;\"><strong>Continguts:<\/strong><\/p>\n<ul>\n<li>Concreci\u00f3 de la contextualitzaci\u00f3 del centre (PEC) en relaci\u00f3 amb la conviv\u00e8ncia<\/li>\n<li>Diagnosi de la situaci\u00f3 de la conviv\u00e8ncia en el centre<\/li>\n<li>Objectius espec\u00edfics<\/li>\n<li>Indicadors d\u2019avaluaci\u00f3<\/li>\n<li>Concreci\u00f3 temporalitzada de les mesures d\u2019actuaci\u00f3<\/li>\n<li>Concreci\u00f3 de protocols de prevenci\u00f3, detecci\u00f3 i intervenci\u00f3 enfront situacions greument perjudicials per a la conviv\u00e8ncia<\/li>\n<\/ul>\n<p><strong>Nivells i \u00e0mbits d\u2019actuaci\u00f3.<\/strong><\/p>\n<p>\u00c0mbits d\u2019actuaci\u00f3: aula, centre i entorn<\/p>\n<p>Nivells d\u2019actuaci\u00f3:<\/p>\n<ul>\n<li>preventiu (Valors i actituds de conviv\u00e8ncia \u2013 compet\u00e8ncia social i ciutadana)<\/li>\n<li>intervenci\u00f3 (Gesti\u00f3 i resoluci\u00f3 positiva de conflictes)<\/li>\n<li>organitzatiu (Organitzaci\u00f3 i gesti\u00f3 de centre<\/li>\n<\/ul>\n<p>&nbsp;<\/p>\n<p style=\"text-align: center;\"><strong><a href=\"https:\/\/agora.xtec.cat\/esc-mmata-mataro\/wp-content\/uploads\/usu828\/2022\/03\/PROJECTE-DE-CONVIVENCIA-DEFINITIU-Marc-2022-1.pdf\" target=\"_blank\" rel=\"noopener\"><img loading=\"lazy\" decoding=\"async\" class=\"alignnone wp-image-2156 size-full\" title=\"PROJECTE DE CONVIV\u00c8NCIA \" src=\"https:\/\/agora.xtec.cat\/esc-mmata-mataro\/wp-content\/uploads\/usu828\/2020\/10\/Captura-de-Pantalla-2020-10-05-a-les-19.16.13.png\" alt=\"\" width=\"588\" height=\"776\" srcset=\"https:\/\/agora.xtec.cat\/esc-mmata-mataro\/wp-content\/uploads\/usu828\/2020\/10\/Captura-de-Pantalla-2020-10-05-a-les-19.16.13.png 588w, https:\/\/agora.xtec.cat\/esc-mmata-mataro\/wp-content\/uploads\/usu828\/2020\/10\/Captura-de-Pantalla-2020-10-05-a-les-19.16.13-227x300.png 227w\" sizes=\"auto, (max-width: 588px) 100vw, 588px\" \/><\/a>\u00a0<\/strong><\/p>\n","protected":false},"excerpt":{"rendered":"<p>Els Objectius generals del Projecte de Conviv\u00e8ncia s\u00f3n els seg\u00fcents:<\/p>\n<ol>\n<li style=\"text-align: left;\">Assegurar i garantir la participaci\u00f3, la implicaci\u00f3 i el comprom\u00eds de tota la comunitat educativa.<\/li>\n<li style=\"text-align: left;\">Ajudar cada alumne a relacionar-se amb si mateix, amb els altres i amb el m\u00f3n.<\/li>\n<li style=\"text-align: left;\">Potenciar l\u2019equitat&hellip;  <a href=\"https:\/\/agora.xtec.cat\/esc-mmata-mataro\/projecte-educatiu\/projecte-de-convivencia\/\" title=\"Read Projecte de Conviv\u00e8ncia\">Llegeix m\u00e9s\u00bb<\/a><br \/>\n","protected":false},"author":3,"featured_media":0,"parent":64,"menu_order":1,"comment_status":"closed","ping_status":"closed","template":"page-templates\/side-menu.php","meta":{"_bbp_topic_count":0,"_bbp_reply_count":0,"_bbp_total_topic_count":0,"_bbp_total_reply_count":0,"_bbp_voice_count":0,"_bbp_anonymous_reply_count":0,"_bbp_topic_count_hidden":0,"_bbp_reply_count_hidden":0,"_bbp_forum_subforum_count":0,"footnotes":""},"class_list":["post-511","page","type-page","status-publish","hentry"],"post_mailing_queue_ids":[],"_links":{"self":[{"href":"https:\/\/agora.xtec.cat\/esc-mmata-mataro\/wp-json\/wp\/v2\/pages\/511","targetHints":{"allow":["GET"]}}],"collection":[{"href":"https:\/\/agora.xtec.cat\/esc-mmata-mataro\/wp-json\/wp\/v2\/pages"}],"about":[{"href":"https:\/\/agora.xtec.cat\/esc-mmata-mataro\/wp-json\/wp\/v2\/types\/page"}],"author":[{"embeddable":true,"href":"https:\/\/agora.xtec.cat\/esc-mmata-mataro\/wp-json\/wp\/v2\/users\/3"}],"replies":[{"embeddable":true,"href":"https:\/\/agora.xtec.cat\/esc-mmata-mataro\/wp-json\/wp\/v2\/comments?post=511"}],"version-history":[{"count":3,"href":"https:\/\/agora.xtec.cat\/esc-mmata-mataro\/wp-json\/wp\/v2\/pages\/511\/revisions"}],"predecessor-version":[{"id":3881,"href":"https:\/\/agora.xtec.cat\/esc-mmata-mataro\/wp-json\/wp\/v2\/pages\/511\/revisions\/3881"}],"up":[{"embeddable":true,"href":"https:\/\/agora.xtec.cat\/esc-mmata-mataro\/wp-json\/wp\/v2\/pages\/64"}],"wp:attachment":[{"href":"https:\/\/agora.xtec.cat\/esc-mmata-mataro\/wp-json\/wp\/v2\/media?parent=511"}],"curies":[{"name":"wp","href":"https:\/\/api.w.org\/{rel}","templated":true}]}}