{"id":4520,"date":"2022-11-17T12:31:14","date_gmt":"2022-11-17T11:31:14","guid":{"rendered":"https:\/\/agora.xtec.cat\/esc-mmata-mataro\/?page_id=4520"},"modified":"2024-10-08T11:39:12","modified_gmt":"2024-10-08T09:39:12","slug":"escoles-orquestrals","status":"publish","type":"page","link":"https:\/\/agora.xtec.cat\/esc-mmata-mataro\/projecte-educatiu\/pla-dentorn\/escoles-orquestrals\/","title":{"rendered":"Escoles Orquestrals"},"content":{"rendered":"<p>L\u2019escola participa en el projecte d\u2019Escoles Orquestrals, una iniciativa que t\u00e9 com a objectiu acostar el m\u00f3n de la m\u00fasica orquestral a tots els nens i nenes. Aquest projecte, en col\u00b7laboraci\u00f3 amb altres escoles i i<span style=\"font-weight: 400;\">\u2019Escola Municipal de M\u00fasica (EMM),<\/span> permet als alumnes aprendre a tocar instruments i viure l\u2019experi\u00e8ncia \u00fanica de formar part d\u2019una orquestra.<\/p>\n<p><span style=\"font-weight: 400;\">Els seus destinataris s\u00f3n els alumnes de Cicle Mitj\u00e0. <\/span><span style=\"font-family: inherit; font-size: 1em;\">Es combina el treball de l\u2019especialista de m\u00fasica de l\u2019escola amb dos Mestres de l\u2019Escola de M\u00fasica Municipal. Les sessions formen part del programa de m\u00fasica del centre. <\/span>A trav\u00e9s de classes setmanals, els alumnes aprenen a tocar diferents instruments de vent, en concret la trompeta i el bombard\u00ed. com ara el viol\u00ed. <span style=\"font-weight: 400;\">Altres escoles aprenen a tocar el viol\u00ed i el violoncel L\u2019objectiu a llarg termini \u00e9s aconseguir una orquestra simf\u00f2nica de ciutat. <\/span>M\u00e9s enll\u00e0 de les habilitats musicals, aquesta experi\u00e8ncia fomenta el treball en equip, la disciplina i la responsabilitat, ja que cada alumne t\u00e9 un paper important dins l&#8217;orquestra.<\/p>\n<p><span style=\"font-weight: 400;\">A final de curs els alumnes de 3r faran un concert a nivell intern de centre i els de 4t compartiran escenari amb altres escoles, en un concert del que podran gaudir les fam\u00edlies dels infants.<\/span><\/p>\n<p>Escoles Orquestrals \u00e9s una proposta inclusiva i enriquidora que dona a tots els alumnes la possibilitat de desenvolupar el seu talent musical, independentment del seu nivell inicial.<\/p>\n<p>&nbsp;<\/p>\n<p>&nbsp;<\/p>\n","protected":false},"excerpt":{"rendered":"<p>L\u2019escola participa en el projecte d\u2019Escoles Orquestrals, una iniciativa que t\u00e9 com a objectiu acostar el m\u00f3n de la m\u00fasica orquestral a tots els nens i nenes. Aquest projecte, en col\u00b7laboraci\u00f3 amb altres escoles i i\u2019Escola Municipal de M\u00fasica (EMM), permet als alumnes aprendre a&hellip;  <a href=\"https:\/\/agora.xtec.cat\/esc-mmata-mataro\/projecte-educatiu\/pla-dentorn\/escoles-orquestrals\/\" title=\"Read Escoles Orquestrals\">Llegeix m\u00e9s\u00bb<\/a><\/p>\n","protected":false},"author":12,"featured_media":0,"parent":4236,"menu_order":0,"comment_status":"closed","ping_status":"closed","template":"page-templates\/side-menu.php","meta":{"_bbp_topic_count":0,"_bbp_reply_count":0,"_bbp_total_topic_count":0,"_bbp_total_reply_count":0,"_bbp_voice_count":0,"_bbp_anonymous_reply_count":0,"_bbp_topic_count_hidden":0,"_bbp_reply_count_hidden":0,"_bbp_forum_subforum_count":0,"footnotes":""},"class_list":["post-4520","page","type-page","status-publish","hentry"],"post_mailing_queue_ids":[],"_links":{"self":[{"href":"https:\/\/agora.xtec.cat\/esc-mmata-mataro\/wp-json\/wp\/v2\/pages\/4520","targetHints":{"allow":["GET"]}}],"collection":[{"href":"https:\/\/agora.xtec.cat\/esc-mmata-mataro\/wp-json\/wp\/v2\/pages"}],"about":[{"href":"https:\/\/agora.xtec.cat\/esc-mmata-mataro\/wp-json\/wp\/v2\/types\/page"}],"author":[{"embeddable":true,"href":"https:\/\/agora.xtec.cat\/esc-mmata-mataro\/wp-json\/wp\/v2\/users\/12"}],"replies":[{"embeddable":true,"href":"https:\/\/agora.xtec.cat\/esc-mmata-mataro\/wp-json\/wp\/v2\/comments?post=4520"}],"version-history":[{"count":2,"href":"https:\/\/agora.xtec.cat\/esc-mmata-mataro\/wp-json\/wp\/v2\/pages\/4520\/revisions"}],"predecessor-version":[{"id":5512,"href":"https:\/\/agora.xtec.cat\/esc-mmata-mataro\/wp-json\/wp\/v2\/pages\/4520\/revisions\/5512"}],"up":[{"embeddable":true,"href":"https:\/\/agora.xtec.cat\/esc-mmata-mataro\/wp-json\/wp\/v2\/pages\/4236"}],"wp:attachment":[{"href":"https:\/\/agora.xtec.cat\/esc-mmata-mataro\/wp-json\/wp\/v2\/media?parent=4520"}],"curies":[{"name":"wp","href":"https:\/\/api.w.org\/{rel}","templated":true}]}}