{"id":4516,"date":"2022-11-17T12:20:11","date_gmt":"2022-11-17T11:20:11","guid":{"rendered":"https:\/\/agora.xtec.cat\/esc-mmata-mataro\/?page_id=4516"},"modified":"2024-10-08T11:34:14","modified_gmt":"2024-10-08T09:34:14","slug":"programa-de-reforc-escolar","status":"publish","type":"page","link":"https:\/\/agora.xtec.cat\/esc-mmata-mataro\/projecte-educatiu\/pla-dentorn\/programa-de-reforc-escolar\/","title":{"rendered":"Programa de Refor\u00e7 Escolar"},"content":{"rendered":"<p>L&#8217;Ajuntament de Matar\u00f3 ofereix un programa de refor\u00e7 educatiu adre\u00e7at als alumnes de cicle superior de prim\u00e0ria. Aquest servei est\u00e0 pensat per donar suport als alumnes en aquelles \u00e0rees on necessitin un acompanyament extra, contribuint aix\u00ed a millorar els seus resultats acad\u00e8mics i refor\u00e7ant el seu proc\u00e9s d&#8217;aprenentatge.<\/p>\n<p>El programa es realitzar\u00e0 fora de l&#8217;horari lectiu i estar\u00e0 a c\u00e0rrec de professionals especialitzats que treballaran de manera individualitzada o en petits grups, garantint una atenci\u00f3 personalitzada per a cada nen i nena. A trav\u00e9s de diverses metodologies i activitats adaptades, es buscar\u00e0 potenciar les habilitats de cada alumne, aix\u00ed com motivar-los i fomentar la confian\u00e7a en les seves capacitats.<\/p>\n<p><span style=\"font-weight: 400;\">L\u2019activitat es duu a terme des de gener fins al maig, 1h a la setmana, en petits grups de m\u00e0xim 6 alumnes.\u00a0<\/span><\/p>\n","protected":false},"excerpt":{"rendered":"<p>L&#8217;Ajuntament de Matar\u00f3 ofereix un programa de refor\u00e7 educatiu adre\u00e7at als alumnes de cicle superior de prim\u00e0ria. Aquest servei est\u00e0 pensat per donar suport als alumnes en aquelles \u00e0rees on necessitin un acompanyament extra, contribuint aix\u00ed a millorar els seus resultats acad\u00e8mics i refor\u00e7ant el&hellip;  <a href=\"https:\/\/agora.xtec.cat\/esc-mmata-mataro\/projecte-educatiu\/pla-dentorn\/programa-de-reforc-escolar\/\" title=\"Read Programa de Refor\u00e7 Escolar\">Llegeix m\u00e9s\u00bb<\/a><\/p>\n","protected":false},"author":12,"featured_media":0,"parent":4236,"menu_order":0,"comment_status":"closed","ping_status":"closed","template":"page-templates\/side-menu.php","meta":{"_bbp_topic_count":0,"_bbp_reply_count":0,"_bbp_total_topic_count":0,"_bbp_total_reply_count":0,"_bbp_voice_count":0,"_bbp_anonymous_reply_count":0,"_bbp_topic_count_hidden":0,"_bbp_reply_count_hidden":0,"_bbp_forum_subforum_count":0,"footnotes":""},"class_list":["post-4516","page","type-page","status-publish","hentry"],"post_mailing_queue_ids":[],"_links":{"self":[{"href":"https:\/\/agora.xtec.cat\/esc-mmata-mataro\/wp-json\/wp\/v2\/pages\/4516","targetHints":{"allow":["GET"]}}],"collection":[{"href":"https:\/\/agora.xtec.cat\/esc-mmata-mataro\/wp-json\/wp\/v2\/pages"}],"about":[{"href":"https:\/\/agora.xtec.cat\/esc-mmata-mataro\/wp-json\/wp\/v2\/types\/page"}],"author":[{"embeddable":true,"href":"https:\/\/agora.xtec.cat\/esc-mmata-mataro\/wp-json\/wp\/v2\/users\/12"}],"replies":[{"embeddable":true,"href":"https:\/\/agora.xtec.cat\/esc-mmata-mataro\/wp-json\/wp\/v2\/comments?post=4516"}],"version-history":[{"count":2,"href":"https:\/\/agora.xtec.cat\/esc-mmata-mataro\/wp-json\/wp\/v2\/pages\/4516\/revisions"}],"predecessor-version":[{"id":5511,"href":"https:\/\/agora.xtec.cat\/esc-mmata-mataro\/wp-json\/wp\/v2\/pages\/4516\/revisions\/5511"}],"up":[{"embeddable":true,"href":"https:\/\/agora.xtec.cat\/esc-mmata-mataro\/wp-json\/wp\/v2\/pages\/4236"}],"wp:attachment":[{"href":"https:\/\/agora.xtec.cat\/esc-mmata-mataro\/wp-json\/wp\/v2\/media?parent=4516"}],"curies":[{"name":"wp","href":"https:\/\/api.w.org\/{rel}","templated":true}]}}