{"id":4473,"date":"2022-11-03T12:19:19","date_gmt":"2022-11-03T11:19:19","guid":{"rendered":"https:\/\/agora.xtec.cat\/esc-mmata-mataro\/?page_id=4473"},"modified":"2024-10-08T11:31:16","modified_gmt":"2024-10-08T09:31:16","slug":"cantania","status":"publish","type":"page","link":"https:\/\/agora.xtec.cat\/esc-mmata-mataro\/projecte-educatiu\/pla-dentorn\/cantania\/","title":{"rendered":"Cant\u00e0nia"},"content":{"rendered":"<p>Un dels moments m\u00e9s esperats de l&#8217;any \u00e9s la participaci\u00f3 dels nostres alumnes de 5\u00e8 a la Cant\u00e0nia, un projecte musical que reuneix escoles de Matar\u00f3 per crear una experi\u00e8ncia art\u00edstica \u00fanica. Durant mesos, els alumnes han estat treballant amb molta dedicaci\u00f3 i esfor\u00e7 per preparar les can\u00e7ons i coreografies que interpretaran en un gran escenari davant de centenars de persones.<\/p>\n<p>La Cant\u00e0nia \u00e9s molt m\u00e9s que un concert, \u00e9s una oportunitat perqu\u00e8 els nostres nens i nenes descobreixin el poder de la m\u00fasica, treballin en equip i visquin l\u2019emoci\u00f3 de formar part d\u2019una gran producci\u00f3. A trav\u00e9s del cant, els alumnes desenvolupen habilitats art\u00edstiques, milloren la seva expressi\u00f3 corporal i vocal, i adquireixen valors com la disciplina i el comprom\u00eds.<\/p>\n<p>Aquest projecte culmina amb una actuaci\u00f3 que deixa un record inesborrable tant per als participants com per al p\u00fablic, un moment de gran orgull per a tota l&#8217;escola.<\/p>\n<p>&nbsp;<\/p>\n<p><a href=\"https:\/\/agora.xtec.cat\/esc-mmata-mataro\/wp-content\/uploads\/usu828\/2022\/11\/DOSSIER-CANTnANIA-GENERAL2023.pdf\">DOSSIER-CANTnANIA-GENERAL2023<\/a><\/p>\n","protected":false},"excerpt":{"rendered":"<p>Un dels moments m\u00e9s esperats de l&#8217;any \u00e9s la participaci\u00f3 dels nostres alumnes de 5\u00e8 a la Cant\u00e0nia, un projecte musical que reuneix escoles de Matar\u00f3 per crear una experi\u00e8ncia art\u00edstica \u00fanica. Durant mesos, els alumnes han estat treballant amb molta dedicaci\u00f3 i esfor\u00e7 per&hellip;  <a href=\"https:\/\/agora.xtec.cat\/esc-mmata-mataro\/projecte-educatiu\/pla-dentorn\/cantania\/\" title=\"Read Cant\u00e0nia\">Llegeix m\u00e9s\u00bb<\/a><\/p>\n","protected":false},"author":12,"featured_media":0,"parent":4236,"menu_order":0,"comment_status":"closed","ping_status":"closed","template":"page-templates\/side-menu.php","meta":{"_bbp_topic_count":0,"_bbp_reply_count":0,"_bbp_total_topic_count":0,"_bbp_total_reply_count":0,"_bbp_voice_count":0,"_bbp_anonymous_reply_count":0,"_bbp_topic_count_hidden":0,"_bbp_reply_count_hidden":0,"_bbp_forum_subforum_count":0,"footnotes":""},"class_list":["post-4473","page","type-page","status-publish","hentry"],"post_mailing_queue_ids":[],"_links":{"self":[{"href":"https:\/\/agora.xtec.cat\/esc-mmata-mataro\/wp-json\/wp\/v2\/pages\/4473","targetHints":{"allow":["GET"]}}],"collection":[{"href":"https:\/\/agora.xtec.cat\/esc-mmata-mataro\/wp-json\/wp\/v2\/pages"}],"about":[{"href":"https:\/\/agora.xtec.cat\/esc-mmata-mataro\/wp-json\/wp\/v2\/types\/page"}],"author":[{"embeddable":true,"href":"https:\/\/agora.xtec.cat\/esc-mmata-mataro\/wp-json\/wp\/v2\/users\/12"}],"replies":[{"embeddable":true,"href":"https:\/\/agora.xtec.cat\/esc-mmata-mataro\/wp-json\/wp\/v2\/comments?post=4473"}],"version-history":[{"count":5,"href":"https:\/\/agora.xtec.cat\/esc-mmata-mataro\/wp-json\/wp\/v2\/pages\/4473\/revisions"}],"predecessor-version":[{"id":5510,"href":"https:\/\/agora.xtec.cat\/esc-mmata-mataro\/wp-json\/wp\/v2\/pages\/4473\/revisions\/5510"}],"up":[{"embeddable":true,"href":"https:\/\/agora.xtec.cat\/esc-mmata-mataro\/wp-json\/wp\/v2\/pages\/4236"}],"wp:attachment":[{"href":"https:\/\/agora.xtec.cat\/esc-mmata-mataro\/wp-json\/wp\/v2\/media?parent=4473"}],"curies":[{"name":"wp","href":"https:\/\/api.w.org\/{rel}","templated":true}]}}