{"id":4239,"date":"2022-10-06T10:35:23","date_gmt":"2022-10-06T08:35:23","guid":{"rendered":"https:\/\/agora.xtec.cat\/esc-mmata-mataro\/?page_id=4239"},"modified":"2022-11-17T12:16:11","modified_gmt":"2022-11-17T11:16:11","slug":"auale","status":"publish","type":"page","link":"https:\/\/agora.xtec.cat\/esc-mmata-mataro\/projecte-educatiu\/pla-dentorn\/auale\/","title":{"rendered":"Aual\u00e9"},"content":{"rendered":"<p>L&#8217;aual\u00e9 \u00e9s un joc d&#8217;estrat\u00e8gia d&#8217;origen afric\u00e0, amb molta tradici\u00f3 arreu del m\u00f3n. \u00c8<span style=\"font-weight: 400;\">s un membre de la gran fam\u00edlia de jocs de mancala, que es juga tradicionalment al nord del golf de Guinea, des del Camerun fins al Senegal, amb petites variants locals. Aquest projecte ofereix la possibilitat de descobrir el joc com a mitj\u00e0 d\u2019apropament a altres cultures.<\/span><\/p>\n<p>Des de fa m\u00e9s de 19 anys i\u00a0 amb la col\u00b7laboraci\u00f3 de la Direcci\u00f3 d\u2019Esports per poder realitzar el campionat, l&#8217;ajuntament de Matar\u00f3 ensenya a jugar al joc afric\u00e0 &#8216;aual\u00e9&#8217; als infants de 6\u00e8 de prim\u00e0ria de les escoles de Matar\u00f3, on a trav\u00e9s del joc treballen la interculturalitat.<\/p>\n<p>La nostra escola participa en aquest projecte des de fa sis anys. Al llarg del curs practiquen dins de l&#8217;aula en les nostres rutines de matem\u00e0tiques on l&#8217;estrat\u00e8gia i l&#8217;agilitat de c\u00e0lcul juguen un paper molt important. Per\u00f2 el que m\u00e9s agrada als nostres alumnes \u00e9s la trobada a final de curs, amb les escoles de Matar\u00f3 adscrites al projecte, juguem diverses partides, unes contra les altres.<\/p>\n<p>Podeu trobar m\u00e9s informaci\u00f3 a:<\/p>\n<p><a href=\"https:\/\/www.mataro.cat\/ca\/temes\/acollida\/programes\/auale\">https:\/\/www.mataro.cat\/ca\/temes\/acollida\/programes\/auale<\/a><\/p>\n","protected":false},"excerpt":{"rendered":"<p>L&#8217;aual\u00e9 \u00e9s un joc d&#8217;estrat\u00e8gia d&#8217;origen afric\u00e0, amb molta tradici\u00f3 arreu del m\u00f3n. \u00c8s un membre de la gran fam\u00edlia de jocs de mancala, que es juga tradicionalment al nord del golf de Guinea, des del Camerun fins al Senegal, amb petites variants locals. Aquest&hellip;  <a href=\"https:\/\/agora.xtec.cat\/esc-mmata-mataro\/projecte-educatiu\/pla-dentorn\/auale\/\" title=\"Read Aual\u00e9\">Llegeix m\u00e9s\u00bb<\/a><\/p>\n","protected":false},"author":12,"featured_media":0,"parent":4236,"menu_order":0,"comment_status":"closed","ping_status":"closed","template":"page-templates\/side-menu.php","meta":{"_bbp_topic_count":0,"_bbp_reply_count":0,"_bbp_total_topic_count":0,"_bbp_total_reply_count":0,"_bbp_voice_count":0,"_bbp_anonymous_reply_count":0,"_bbp_topic_count_hidden":0,"_bbp_reply_count_hidden":0,"_bbp_forum_subforum_count":0,"footnotes":""},"class_list":["post-4239","page","type-page","status-publish","hentry"],"post_mailing_queue_ids":[],"_links":{"self":[{"href":"https:\/\/agora.xtec.cat\/esc-mmata-mataro\/wp-json\/wp\/v2\/pages\/4239","targetHints":{"allow":["GET"]}}],"collection":[{"href":"https:\/\/agora.xtec.cat\/esc-mmata-mataro\/wp-json\/wp\/v2\/pages"}],"about":[{"href":"https:\/\/agora.xtec.cat\/esc-mmata-mataro\/wp-json\/wp\/v2\/types\/page"}],"author":[{"embeddable":true,"href":"https:\/\/agora.xtec.cat\/esc-mmata-mataro\/wp-json\/wp\/v2\/users\/12"}],"replies":[{"embeddable":true,"href":"https:\/\/agora.xtec.cat\/esc-mmata-mataro\/wp-json\/wp\/v2\/comments?post=4239"}],"version-history":[{"count":2,"href":"https:\/\/agora.xtec.cat\/esc-mmata-mataro\/wp-json\/wp\/v2\/pages\/4239\/revisions"}],"predecessor-version":[{"id":4515,"href":"https:\/\/agora.xtec.cat\/esc-mmata-mataro\/wp-json\/wp\/v2\/pages\/4239\/revisions\/4515"}],"up":[{"embeddable":true,"href":"https:\/\/agora.xtec.cat\/esc-mmata-mataro\/wp-json\/wp\/v2\/pages\/4236"}],"wp:attachment":[{"href":"https:\/\/agora.xtec.cat\/esc-mmata-mataro\/wp-json\/wp\/v2\/media?parent=4239"}],"curies":[{"name":"wp","href":"https:\/\/api.w.org\/{rel}","templated":true}]}}