{"id":4217,"date":"2022-09-29T18:39:22","date_gmt":"2022-09-29T16:39:22","guid":{"rendered":"https:\/\/agora.xtec.cat\/esc-mmata-mataro\/?page_id=4217"},"modified":"2025-11-04T13:00:08","modified_gmt":"2025-11-04T12:00:08","slug":"pla-catala-de-lesport","status":"publish","type":"page","link":"https:\/\/agora.xtec.cat\/esc-mmata-mataro\/projecte-educatiu\/pla-catala-de-lesport\/","title":{"rendered":"Pla Catal\u00e0 de l&#8217;Esport"},"content":{"rendered":"<p>EL PLA CATAL\u00c0 DE L&#8217;ESPORT est\u00e0 impulsat per LA GENERALITAT amb un acord de la SECRETARIA GENERAL DE L\u2019ESPORT i col.lacoraci\u00f3 amb CONSELLS ESPORTIUS<\/p>\n<p><a href=\"https:\/\/agora.xtec.cat\/esc-mmata-mataro\/wp-content\/uploads\/usu828\/2025\/11\/PROJECTE-ESPORTIU-MM25-26.pdf\">PROJECTE ESPORTIU MM25-26<\/a><\/p>\n<p><strong>OBJECTIU DEL PLA:<\/strong><\/p>\n<ul>\n<li>Cercar la formaci\u00f3 humana i integral<\/li>\n<li>Defensa un projecte ling\u00fc\u00edstic on el CATAL\u00c0 \u00e9s la llengua d\u2019ensenyament-aprenentatge<\/li>\n<li>Fomenta la participaci\u00f3, el pluralisme, la diversitat, la integraci\u00f3, escola oberta, la solidaritat, la cooperaci\u00f3, l\u2019educaci\u00f3 per la pau, l\u2019autoestima, l\u2019autonom\u00eda, la coeeducaci\u00f3 i la salut.<\/li>\n<\/ul>\n<p>M\u00e9s concretament, podem destacar els OBJECTIUS seg\u00fcents:<\/p>\n<ul>\n<li>INCREMENTAR LA PARTICIPACI\u00d3 en activitats f\u00edsiques i esportives en horari no lectiu de l&#8217;alumnat dels centres educatius de prim\u00e0ria, amb una incid\u00e8ncia especial en el col\u00b7lectiu de noies.<\/li>\n<li>APROFITAR EL GRAN POTENCIAL EDUCATIU I FORMATIU de les activitats f\u00edsiques i esportives, cercant la participaci\u00f3 per damunt de la competitivitat.<\/li>\n<li>POTENCIAR LA FUNCI\u00d3 INTEGRADORA I DE COHESI\u00d3 SOCIAL de l&#8217;esport escolar, facilitant l&#8217;acc\u00e9s de tots els nens i nenes a la pr\u00e0ctica esportiva escolar, i en especial dels nouvinguts.<\/li>\n<li>Contribuir mitjan\u00e7ant la pr\u00e0ctica esportiva a la FORMACI\u00d3 EN VALORS com la toler\u00e0ncia, el respecte als altres i a les regles, la confian\u00e7a en un mateix, l&#8217;esfor\u00e7 de superaci\u00f3, l&#8217;autocr\u00edtica, l&#8217;autonomia, la capacitat de decisi\u00f3, l&#8217;autogesti\u00f3, la cooperaci\u00f3, el treball en equip, entre d&#8217;altres.<\/li>\n<li>Fomentar la PR\u00c0CTICA REGULAR D&#8217;ACTIVITATS F\u00cdSIQUES i esportives i l&#8217;adquisici\u00f3 d&#8217;h\u00e0bits saludables que contribueixin a un millor benestar.<\/li>\n<\/ul>\n<p><strong>QU\u00c8 IMPLICA EL PLA?<\/strong><\/p>\n<p>El Pla implica una s\u00e8rie d&#8217;actuacions entre les quals podem destacar les seg\u00fcents:<\/p>\n<ul>\n<li>Crear una SECCI\u00d3 ESPORTIVA de l\u2019AMPA formada per pares\/mares, alumnes i mestres<\/li>\n<li>Desenvolupar el PROJECTE ESPORTIU<\/li>\n<li>COORDINAR les activitats esportives i extraescolars.<\/li>\n<li>GESTIONAR l\u2019aportaci\u00f3 econ\u00f2mica<\/li>\n<li>Formar part d\u2019un GRUP DE TREBALL del PLA CATAL\u00c0 DE L\u2019ESPORT<\/li>\n<li>COL\u00b7LABORAR el centre amb l&#8217;ajuntament i el consell esportiu corresponent.<\/li>\n<li>DINAMITZAR les activitats per part dels l\u00edders del centre.<br \/>\nOferta d&#8217;activitats f\u00edsiques i esportives que responguin als interessos i demandes canviants dels nois i de les noies.<\/li>\n<\/ul>\n<p><strong>ACTIVITATS DEL PCEE A L\u2019ESCOLA MARTA MATA<\/strong><\/p>\n<table>\n<tbody>\n<tr>\n<td>ACTIVITATS REGULARS:<\/td>\n<td>HORARI DE MENJADOR: Dins l\u2019espai l\u00fadic de menjador, els monitors\/es dinamitzen diverses activitats esportives.<\/td>\n<\/tr>\n<tr>\n<td>ACTIVITATS CONTINUES<\/p>\n<p>en horari extraescolar<\/td>\n<td>Les activitats extraescolars han d\u2019oferir una diversitat motriu i esportiva que englobi tots els alumnes .<\/p>\n<p>S\u2019ofereixen activitats motrius on s\u2019afavoreix l\u2019esquema corporal :<\/p>\n<p>MULTIESPORT, INICIACI\u00d3 AL PATINATGE, BELLUGA\u2019T (Ballar), FUTBOL\/HANDBOL\/B\u00c0SQUET\/VOLEI (5\u00e8 i 6\u00e8), TAEKWONDO, DANSA MODERNA<\/p>\n<p>L\u2019activitat de MULTIESPORT \u00e9s l\u2019adient pels alumnes de Cicle Inicial ja que permet que els alumnes adquireixin una gran riquesa motriu en la pr\u00e0ctica de tres esports b\u00e0sics al llarg d\u2019un curs (futbol, b\u00e0squet i handbol).<\/p>\n<p>Els esports de b\u00e0squet handbol, futbol i volei s\u2019ofereixen a partir de Cicle Mitj\u00e0 .<\/td>\n<\/tr>\n<tr>\n<td>ACTIVITATS DISCONT\u00cdNUES<\/p>\n<p>en horari lectiu<\/td>\n<td>CAMPIONAT DE TENNIS TAULA I ESCACS dins els Jocs Escolars.<\/p>\n<p>COMPETICI\u00d3 DE NATACI\u00d3: Oberta a PRIM\u00c0RIA<\/td>\n<\/tr>\n<tr>\n<td>ACTIVITATS PUNTUALS:<\/td>\n<td>Aquestes activitats es realitzen un cop al llarg del curs, majorit\u00e0riament en cap de setmana. La Secci\u00f3 Esportiva de l\u2019AMPA \u00e9s l\u2019encarregada de coordinar aquestes activitats que es duran a terme al llarg del curs dins el que sigui possible.<\/p>\n<p>IRONKIDS al Parc Central (Prim\u00e0ria i P5)<br \/>\nMARAT\u00d3 ESCOLAR: Oberta a Prim\u00e0ria i P5<br \/>\nTROBADA POLIESPORTIVA DE 1r, 2n i 5\u00e8<br \/>\nTROBADA VOLEI PLATJA de 6\u00e8<br \/>\nDIA MUNDIAL DE L\u2019ACTIVITAT F\u00cdSICA 3r i 4t<br \/>\nMOUT\u2019MM: Activitat l\u00fadica, motriu i esportiva realtitzada a l\u2019escola i organitzada per la SECCI\u00d3 ESPORTIVA DE L\u2019AMPA.<\/td>\n<\/tr>\n<\/tbody>\n<\/table>\n<p>&nbsp;<\/p>\n<p>&nbsp;<\/p>\n<p>&nbsp;<\/p>\n<p>&nbsp;<\/p>\n<p>&nbsp;<\/p>\n<p>&nbsp;<\/p>\n<p>&nbsp;<\/p>\n<p>&nbsp;<\/p>\n<p>&nbsp;<\/p>\n<p>&nbsp;<\/p>\n","protected":false},"excerpt":{"rendered":"<p>EL PLA CATAL\u00c0 DE L&#8217;ESPORT est\u00e0 impulsat per LA GENERALITAT amb un acord de la SECRETARIA GENERAL DE L\u2019ESPORT i col.lacoraci\u00f3 amb CONSELLS ESPORTIUS<br \/>\n<a href=\"https:\/\/agora.xtec.cat\/esc-mmata-mataro\/wp-content\/uploads\/usu828\/2025\/11\/PROJECTE-ESPORTIU-MM25-26.pdf\">PROJECTE ESPORTIU MM25-26<\/a><br \/>\nOBJECTIU DEL PLA:<\/p>\n<ul>\n<li>Cercar la formaci\u00f3 humana i integral<\/li>\n<li>Defensa un projecte ling\u00fc\u00edstic on el CATAL\u00c0 \u00e9s la llengua d\u2019ensenyament-aprenentatge<\/li>\n<li>Fomenta la&hellip;  <a href=\"https:\/\/agora.xtec.cat\/esc-mmata-mataro\/projecte-educatiu\/pla-catala-de-lesport\/\" title=\"Read Pla Catal\u00e0 de l&#8217;Esport\">Llegeix m\u00e9s\u00bb<\/a><br \/>\n","protected":false},"author":12,"featured_media":0,"parent":64,"menu_order":9,"comment_status":"closed","ping_status":"closed","template":"page-templates\/side-menu.php","meta":{"_bbp_topic_count":0,"_bbp_reply_count":0,"_bbp_total_topic_count":0,"_bbp_total_reply_count":0,"_bbp_voice_count":0,"_bbp_anonymous_reply_count":0,"_bbp_topic_count_hidden":0,"_bbp_reply_count_hidden":0,"_bbp_forum_subforum_count":0,"footnotes":""},"class_list":["post-4217","page","type-page","status-publish","hentry"],"post_mailing_queue_ids":[],"_links":{"self":[{"href":"https:\/\/agora.xtec.cat\/esc-mmata-mataro\/wp-json\/wp\/v2\/pages\/4217","targetHints":{"allow":["GET"]}}],"collection":[{"href":"https:\/\/agora.xtec.cat\/esc-mmata-mataro\/wp-json\/wp\/v2\/pages"}],"about":[{"href":"https:\/\/agora.xtec.cat\/esc-mmata-mataro\/wp-json\/wp\/v2\/types\/page"}],"author":[{"embeddable":true,"href":"https:\/\/agora.xtec.cat\/esc-mmata-mataro\/wp-json\/wp\/v2\/users\/12"}],"replies":[{"embeddable":true,"href":"https:\/\/agora.xtec.cat\/esc-mmata-mataro\/wp-json\/wp\/v2\/comments?post=4217"}],"version-history":[{"count":6,"href":"https:\/\/agora.xtec.cat\/esc-mmata-mataro\/wp-json\/wp\/v2\/pages\/4217\/revisions"}],"predecessor-version":[{"id":5654,"href":"https:\/\/agora.xtec.cat\/esc-mmata-mataro\/wp-json\/wp\/v2\/pages\/4217\/revisions\/5654"}],"up":[{"embeddable":true,"href":"https:\/\/agora.xtec.cat\/esc-mmata-mataro\/wp-json\/wp\/v2\/pages\/64"}],"wp:attachment":[{"href":"https:\/\/agora.xtec.cat\/esc-mmata-mataro\/wp-json\/wp\/v2\/media?parent=4217"}],"curies":[{"name":"wp","href":"https:\/\/api.w.org\/{rel}","templated":true}]}}