{"id":3209,"date":"2021-09-29T12:25:25","date_gmt":"2021-09-29T10:25:25","guid":{"rendered":"https:\/\/agora.xtec.cat\/esc-mmata-mataro\/?page_id=3209"},"modified":"2025-09-15T22:46:43","modified_gmt":"2025-09-15T20:46:43","slug":"equip-personal-dadministracio-i-serveis-educatius","status":"publish","type":"page","link":"https:\/\/agora.xtec.cat\/esc-mmata-mataro\/lescola\/historia\/equip-personal-dadministracio-i-serveis-educatius\/","title":{"rendered":"Equip personal d&#8217;administraci\u00f3 i serveis educatius"},"content":{"rendered":"<p><strong>Professional d&#8217;atenci\u00f3 educativa:<\/strong><\/p>\n<p>La Mariona Saborit \u00e9s t\u00e8cnica en educaci\u00f3 infantil i forma part de l&#8217;equip de P3<\/p>\n<p>La Ruth Casellas I L&#8217;\u00c8lia Mart\u00ednez s\u00f3n les educadores d&#8217;educaci\u00f3 especial i donen suport a tots els nivells de l&#8217;escola.<\/p>\n<p><strong>Professional auxiliar educatiu:\u00a0<\/strong><\/p>\n<p>L&#8217;Arantxa Larra\u00ednzar \u00e9s l&#8217;administrativa de l&#8217;escola i dona suport a l&#8217;equip directiu.<\/p>\n<p><strong>Conserge:\u00a0<\/strong><\/p>\n<p>El Cesc Mart\u00ed \u00e9s el conserge de la nostra escola i \u00e9s un gran suport en el nostre dia a dia.<\/p>\n<p><strong>Vetlladors:\u00a0<\/strong><\/p>\n<p>L&#8217;Olga G\u00f3mez, el Benjam\u00ed Olm i la Yolanda Tay\u00e0, son els professionals que donen suport a alguns infants amb necessitats educatives especials<\/p>\n","protected":false},"excerpt":{"rendered":"<p>Professional d&#8217;atenci\u00f3 educativa:<br \/>\nLa Mariona Saborit \u00e9s t\u00e8cnica en educaci\u00f3 infantil i forma part de l&#8217;equip de P3<br \/>\nLa Ruth Casellas I L&#8217;\u00c8lia Mart\u00ednez s\u00f3n les educadores d&#8217;educaci\u00f3 especial i donen suport a tots els nivells de l&#8217;escola.<br \/>\nProfessional auxiliar educatiu:\u00a0<br \/>\nL&#8217;Arantxa Larra\u00ednzar \u00e9s l&#8217;administrativa de l&#8217;escola i dona&hellip;  <a href=\"https:\/\/agora.xtec.cat\/esc-mmata-mataro\/lescola\/historia\/equip-personal-dadministracio-i-serveis-educatius\/\" title=\"Read Equip personal d&#8217;administraci\u00f3 i serveis educatius\">Llegeix m\u00e9s\u00bb<\/a><\/p>\n","protected":false},"author":3,"featured_media":0,"parent":26,"menu_order":2,"comment_status":"closed","ping_status":"closed","template":"page-templates\/side-menu.php","meta":{"_bbp_topic_count":0,"_bbp_reply_count":0,"_bbp_total_topic_count":0,"_bbp_total_reply_count":0,"_bbp_voice_count":0,"_bbp_anonymous_reply_count":0,"_bbp_topic_count_hidden":0,"_bbp_reply_count_hidden":0,"_bbp_forum_subforum_count":0,"footnotes":""},"class_list":["post-3209","page","type-page","status-publish","hentry"],"post_mailing_queue_ids":[],"_links":{"self":[{"href":"https:\/\/agora.xtec.cat\/esc-mmata-mataro\/wp-json\/wp\/v2\/pages\/3209","targetHints":{"allow":["GET"]}}],"collection":[{"href":"https:\/\/agora.xtec.cat\/esc-mmata-mataro\/wp-json\/wp\/v2\/pages"}],"about":[{"href":"https:\/\/agora.xtec.cat\/esc-mmata-mataro\/wp-json\/wp\/v2\/types\/page"}],"author":[{"embeddable":true,"href":"https:\/\/agora.xtec.cat\/esc-mmata-mataro\/wp-json\/wp\/v2\/users\/3"}],"replies":[{"embeddable":true,"href":"https:\/\/agora.xtec.cat\/esc-mmata-mataro\/wp-json\/wp\/v2\/comments?post=3209"}],"version-history":[{"count":6,"href":"https:\/\/agora.xtec.cat\/esc-mmata-mataro\/wp-json\/wp\/v2\/pages\/3209\/revisions"}],"predecessor-version":[{"id":5639,"href":"https:\/\/agora.xtec.cat\/esc-mmata-mataro\/wp-json\/wp\/v2\/pages\/3209\/revisions\/5639"}],"up":[{"embeddable":true,"href":"https:\/\/agora.xtec.cat\/esc-mmata-mataro\/wp-json\/wp\/v2\/pages\/26"}],"wp:attachment":[{"href":"https:\/\/agora.xtec.cat\/esc-mmata-mataro\/wp-json\/wp\/v2\/media?parent=3209"}],"curies":[{"name":"wp","href":"https:\/\/api.w.org\/{rel}","templated":true}]}}