{"id":26,"date":"2014-09-18T12:24:32","date_gmt":"2014-09-18T11:24:32","guid":{"rendered":"http:\/\/agora.xtec.cat\/esc-mmata-mataro\/?page_id=26"},"modified":"2021-11-23T19:19:48","modified_gmt":"2021-11-23T18:19:48","slug":"historia","status":"publish","type":"page","link":"https:\/\/agora.xtec.cat\/esc-mmata-mataro\/lescola\/historia\/","title":{"rendered":"Qui som?"},"content":{"rendered":"<p style=\"text-align: center;\"><strong>HIST\u00d2RIA DE L\u2019ESCOLA MARTA MATA<\/strong><\/p>\n<p style=\"text-align: justify;\">L\u2019Escola Marta Mata va n\u00e9ixer gr\u00e0cies a la necessitat que hi havia a la Ciutat de Matar\u00f3 de noves places per als seus vilatans. Aix\u00ed el curs 2007-08 l\u2019escola engegava motors amb dos grups de P3 que van conviure en els espais de l\u2019Escola Antonio Machado.<\/p>\n<p style=\"text-align: justify;\">Vam ser una escola privilegiada i vam anar creixent curs rere curs un nivell m\u00e9s. Aix\u00f2, va permetre al petit claustre anar configurant un model d\u2019escola innovador gr\u00e0cies a la reflexi\u00f3 pedag\u00f2gica.<\/p>\n<p style=\"text-align: justify;\">El curs 2011-12 els alumnes d\u2019Infantil es van poder traslladar a l\u2019edifici nou, per\u00f2 la resta continuava en obres&#8230;El curs seg\u00fcent vam poder gaudir per fi del nostre desitjat edifici, gr\u00e0cies a la implicaci\u00f3 de les fam\u00edlies, mestres, Ajuntament i Departament.<\/p>\n<p style=\"text-align: justify;\">El curs 2014-15 va n\u00e9ixer el nostre gegant, En Mart en Guepard, una fita feta realitat gr\u00e0cies a la implicaci\u00f3 de les fam\u00edlies i dels desitjos dels infants. Entre tota l\u2019escola es va fer un concurs per decidir com seria el nostre gegant. El dibuix guanyador, votat pels alumnes i fam\u00edlies va ser aquest:<\/p>\n<p><a href=\"https:\/\/agora.xtec.cat\/esc-mmata-mataro\/wp-content\/uploads\/usu828\/2018\/01\/PORTADA1.jpg\"><img loading=\"lazy\" decoding=\"async\" class=\"alignnone size-full wp-image-508\" src=\"https:\/\/agora.xtec.cat\/esc-mmata-mataro\/wp-content\/uploads\/usu828\/2018\/01\/PORTADA1.jpg\" alt=\"\" width=\"1000\" height=\"220\" srcset=\"https:\/\/agora.xtec.cat\/esc-mmata-mataro\/wp-content\/uploads\/usu828\/2018\/01\/PORTADA1.jpg 1000w, https:\/\/agora.xtec.cat\/esc-mmata-mataro\/wp-content\/uploads\/usu828\/2018\/01\/PORTADA1-300x66.jpg 300w, https:\/\/agora.xtec.cat\/esc-mmata-mataro\/wp-content\/uploads\/usu828\/2018\/01\/PORTADA1-768x169.jpg 768w\" sizes=\"auto, (max-width: 1000px) 100vw, 1000px\" \/><\/a><\/p>\n<p style=\"text-align: justify;\">Per tant, ara tenim una colla Gegantera que est\u00e0 esperant que t\u2019apuntis i ens acompanyis en totes les festes que el nostre Gegant no es vol perdre&#8230;Tens un timbal?<\/p>\n<p>&nbsp;<\/p>\n","protected":false},"excerpt":{"rendered":"<p>HIST\u00d2RIA DE L\u2019ESCOLA MARTA MATA<br \/>\nL\u2019Escola Marta Mata va n\u00e9ixer gr\u00e0cies a la necessitat que hi havia a la Ciutat de Matar\u00f3 de noves places per als seus vilatans. Aix\u00ed el curs 2007-08 l\u2019escola engegava motors amb dos grups de P3 que van conviure en els&hellip;  <a href=\"https:\/\/agora.xtec.cat\/esc-mmata-mataro\/lescola\/historia\/\" title=\"Read Qui som?\">Llegeix m\u00e9s\u00bb<\/a><\/p>\n","protected":false},"author":1,"featured_media":0,"parent":22,"menu_order":30,"comment_status":"closed","ping_status":"closed","template":"page-templates\/side-menu.php","meta":{"_bbp_topic_count":0,"_bbp_reply_count":0,"_bbp_total_topic_count":0,"_bbp_total_reply_count":0,"_bbp_voice_count":0,"_bbp_anonymous_reply_count":0,"_bbp_topic_count_hidden":0,"_bbp_reply_count_hidden":0,"_bbp_forum_subforum_count":0,"footnotes":""},"class_list":["post-26","page","type-page","status-publish","hentry"],"post_mailing_queue_ids":[],"_links":{"self":[{"href":"https:\/\/agora.xtec.cat\/esc-mmata-mataro\/wp-json\/wp\/v2\/pages\/26","targetHints":{"allow":["GET"]}}],"collection":[{"href":"https:\/\/agora.xtec.cat\/esc-mmata-mataro\/wp-json\/wp\/v2\/pages"}],"about":[{"href":"https:\/\/agora.xtec.cat\/esc-mmata-mataro\/wp-json\/wp\/v2\/types\/page"}],"author":[{"embeddable":true,"href":"https:\/\/agora.xtec.cat\/esc-mmata-mataro\/wp-json\/wp\/v2\/users\/1"}],"replies":[{"embeddable":true,"href":"https:\/\/agora.xtec.cat\/esc-mmata-mataro\/wp-json\/wp\/v2\/comments?post=26"}],"version-history":[{"count":4,"href":"https:\/\/agora.xtec.cat\/esc-mmata-mataro\/wp-json\/wp\/v2\/pages\/26\/revisions"}],"predecessor-version":[{"id":3467,"href":"https:\/\/agora.xtec.cat\/esc-mmata-mataro\/wp-json\/wp\/v2\/pages\/26\/revisions\/3467"}],"up":[{"embeddable":true,"href":"https:\/\/agora.xtec.cat\/esc-mmata-mataro\/wp-json\/wp\/v2\/pages\/22"}],"wp:attachment":[{"href":"https:\/\/agora.xtec.cat\/esc-mmata-mataro\/wp-json\/wp\/v2\/media?parent=26"}],"curies":[{"name":"wp","href":"https:\/\/api.w.org\/{rel}","templated":true}]}}