{"id":1612,"date":"2019-12-10T11:41:04","date_gmt":"2019-12-10T10:41:04","guid":{"rendered":"http:\/\/agora.xtec.cat\/esc-mmata-mataro\/?page_id=1612"},"modified":"2025-09-15T17:46:59","modified_gmt":"2025-09-15T15:46:59","slug":"equip","status":"publish","type":"page","link":"https:\/\/agora.xtec.cat\/esc-mmata-mataro\/lescola\/historia\/equip\/","title":{"rendered":"Equip de mestres"},"content":{"rendered":"<p>Us presentem l&#8217;equip de professionals de la nostra Tribu.<\/p>\n<p style=\"text-align: justify;\">Ens organitzem per equips de nivells. Aquests equips estan formats per les\u00a0 tutores i\/o tutors\u00a0 i un altres professionals de l&#8217;educaci\u00f3 , per tal de facilitar el desenvolupament del PEC i l\u2019assoliment de les capacitats i compet\u00e8ncies b\u00e0siques, possibilitant el m\u00e0xim el desenvolupament educatiu de tots\/es els nostres alumnes, aprofitant al m\u00e0xim els recursos humans dels que disposem.<\/p>\n<h3><em>Equip directiu<\/em><\/h3>\n<table style=\"border-collapse: collapse; width: 100%; height: 685px;\">\n<tbody>\n<tr style=\"height: 32px;\">\n<td style=\"width: 99.9999%; height: 32px;\" colspan=\"3\"><strong>\u00a0<\/strong><\/td>\n<\/tr>\n<tr style=\"height: 653px;\">\n<td style=\"width: 31.21%; vertical-align: top; height: 653px;\"><strong>Direcci\u00f3: <\/strong><strong>Carme Rengel Almellones<\/strong><\/p>\n<p><span style=\"font-weight: 400;\">Mestra d\u2019Educaci\u00f3 Infantil, M\u00e0ster en Pedagogia Sist\u00e8mica i M\u00e0ster en Direcci\u00f3 de centres educatius.\u00a0<\/span><\/p>\n<p><span style=\"font-weight: 400;\">L\u2019Escola Marta Mata forma part del meu dia a dia, \u00e9s un sentiment de pertinen\u00e7a que es va gestar al poc d\u2019arribar. El meu objectiu \u00e9s poder aportar al centre un lideratge des de l&#8217;honestedat, la transpar\u00e8ncia i la humilitat. Intento demostrar la val\u00eda dels professionals de l\u2019Educaci\u00f3 des de la professionalitat i la formaci\u00f3 que duem al darrera i la que cont\u00ednuament realitzem per poder continuar aportant en aquests temps tan complexos.\u00a0<\/span><\/p>\n<p><span style=\"font-weight: 400;\">Intentarem seduir als nostres equips i al nostre alumnat per tal de forjar el principi de la seva hist\u00f2ria, que la seva estada a la seva escola sigui un record d\u2019evoluci\u00f3 constant\u2026tot just s\u00f3n els inicis.<\/span><\/p>\n<p><span style=\"font-weight: 400;\">I per a mi el lema: \u00e9s que per <\/span><i><span style=\"font-weight: 400;\">Educar un Infant necessitem la Tribu<\/span><\/i><span style=\"font-weight: 400;\">\u2026una Tribu que canvia constantment, com les fam\u00edlies, uns van i els altres venen per\u00f2 que tots i cadascun de nosaltres deixem les nostres petjades.<\/span><\/td>\n<td style=\"width: 34.3949%; vertical-align: top; height: 653px;\"><strong>Cap d\u2019estudis: <\/strong><strong>Paula Ramon Capdevila<\/strong><\/p>\n<p><span style=\"font-weight: 400;\">Mestra d\u2019Educaci\u00f3 Prim\u00e0ria i T\u00e8cnica d\u2019Educaci\u00f3 Infantil.<\/span><\/p>\n<p><span style=\"font-weight: 400;\">Vaig arribar a l\u2019Escola Marta Mata quan es va encetar l\u2019etapa d\u2019Educaci\u00f3 Prim\u00e0ria. L\u2019escola va anar creixent, curs rere curs, com a instituci\u00f3 per\u00f2 tamb\u00e9 com a equip de mestres, es van anar arrelant les metodologies, comen\u00e7ant per la de racons i, m\u00e9s endavant, l&#8217;aprenentatge cooperatiu. L\u2019objectiu principal de la nostra tasca \u00e9s arribar a tota la comunitat educativa, alumnes, mestres, fam\u00edlies i a totes les persones que intervenen en el creixement dels nens i nenes de l\u2019escola. Sense tot aquest engranatge l\u2019escola no seria possible.\u00a0<\/span><\/p>\n<p><span style=\"font-weight: 400;\">El nostre repte \u00e9s ajudar als vostres fills i filles, juntament amb vosaltres,\u00a0 a tenir una bona motxilla de recursos per participar en el m\u00f3n, per a descobrir-lo i per fer escolar la seva veu.\u00a0\u00a0<\/span><\/p>\n<p><span style=\"font-weight: 400;\">Un bon argument pot moure muntanyes i els ajudarem a comunicar all\u00f2 que senten amb el cap i el cor.<\/span><\/td>\n<td style=\"width: 34.395%; vertical-align: top; height: 653px;\"><span style=\"font-weight: 400;\"><strong>Secretaria:<\/strong> <strong>Aurora Gil S\u00e1nchez<\/strong><\/span><\/p>\n<p><span style=\"font-weight: 400;\">Mestra d&#8217;educaci\u00f3 infantil.<\/span><\/p>\n<p><span style=\"font-weight: 400;\">M&#8217;estimo aquesta escola com si fos casa meva, per qu\u00e8 ho \u00e9s. He crescut professionalment en ella, educant i aprenent amb i dels infants. I he crescut tamb\u00e9 personalment amb ella, envoltada de companyes i companys que formen part important de la meva vida. Els meus fills tamb\u00e9 formen part d\u2019aquesta aventura.\u00a0<\/span><\/p>\n<p><span style=\"font-weight: 400;\">Ara soc mare, amiga i mestra en el Marta Mata.<\/span><\/p>\n<p><span style=\"font-weight: 400;\">Estar a l&#8217;equip directiu ha estat l&#8217;oportunitat d&#8217;aportar i mostrar a la resta l&#8217;estima que hi tinc, que hi tenim a la fam\u00edlia, per l&#8217;escola, pel que som al Marta Mata i pels valors que volem transmetre: creixement, tenacitat, cooperaci\u00f3 en equip, bones relacions.<\/span><\/p>\n<p><span style=\"font-weight: 400;\">Aix\u00f2 forma part de la meva missi\u00f3 dintre l\u2019escola, aportar ordre, carisma, serenor i molt de treball en equip.<\/span><\/p>\n<p><span style=\"font-weight: 400;\">Com diu Coelho: El m\u00f3n est\u00e0 a les mans d\u2019aquells que tenen el coratge de somiar i corre el risc de viure els seus somnis\u201d.<\/span><\/p>\n<p><span style=\"font-weight: 400;\">L&#8217;escola Marta Mata \u00e9s un d\u2019aquests somnis.<\/span><\/td>\n<\/tr>\n<\/tbody>\n<\/table>\n<h3><strong><em>Equip de mestres<\/em><\/strong><\/h3>\n<p>&nbsp;<\/p>\n<table style=\"border-collapse: collapse; width: 100%; height: 138px;\">\n<tbody>\n<tr style=\"height: 32px;\">\n<td style=\"width: 99.9999%; border-color: #000000; border-style: solid; text-align: center; height: 32px;\" colspan=\"3\"><strong>Colla dels Petits<\/strong><\/td>\n<\/tr>\n<tr style=\"height: 32px;\">\n<td style=\"width: 33.3333%; border-color: #000000; border-style: solid; background-color: #f0adad; height: 32px; text-align: center;\"><strong>I3<\/strong><\/td>\n<td style=\"width: 33.3333%; border-color: #000000; border-style: solid; background-color: #f0adad; height: 32px; text-align: center;\"><strong>I4<\/strong><\/td>\n<td style=\"width: 33.3333%; border-color: #000000; border-style: solid; background-color: #f0adad; height: 32px; text-align: center;\"><strong>I5<\/strong><\/td>\n<\/tr>\n<tr style=\"height: 32px;\">\n<td style=\"width: 33.3333%; border-color: #000000; border-style: solid; height: 32px;\">Cristina Matas<\/td>\n<td style=\"width: 33.3333%; border-color: #000000; border-style: solid; height: 32px;\"><span style=\"background-color: #ffffff;\">Eli Gorj\u00f3n<\/span><\/td>\n<td style=\"width: 33.3333%; border-color: #000000; border-style: solid; height: 32px;\">Ariadna Jueguen (Substituci\u00f3 N\u00faria Comellas)<\/td>\n<\/tr>\n<tr style=\"height: 32px;\">\n<td style=\"width: 33.3333%; border-color: #000000; border-style: solid; height: 32px;\"><span style=\"background-color: #ffffff;\">Montse Colominas<\/span><\/td>\n<td style=\"width: 33.3333%; border-color: #000000; border-style: solid; height: 32px;\">Sara Rodr\u00edguez<\/td>\n<td style=\"width: 33.3333%; border-color: #000000; border-style: solid; height: 32px;\"><span style=\"background-color: #f9f9f9;\">Marina Fuentes<\/span><\/td>\n<\/tr>\n<tr style=\"height: 32px;\">\n<td style=\"width: 33.3333%; border-color: #000000; border-style: solid; height: 10px;\"><span style=\"background-color: #ffffff;\">Mariona Saborido<\/span><\/td>\n<td style=\"border-color: #000000; border-style: solid; height: 10px; width: 33.3333%;\">Imma Pic\u00f3n<\/td>\n<td style=\"border-color: #000000; border-style: solid; height: 10px; width: 33.3333%;\">Aurora Gil i Vero Costa<\/td>\n<\/tr>\n<\/tbody>\n<\/table>\n<table style=\"border-collapse: collapse; width: 100%; height: 192px;\">\n<tbody>\n<tr style=\"height: 32px;\">\n<td style=\"width: 33.3333%; border-color: #000000; border-style: solid; height: 32px; text-align: center;\" colspan=\"3\"><strong>Colla dels Mitjans<\/strong><\/td>\n<\/tr>\n<tr style=\"height: 32px;\">\n<td style=\"width: 33.3333%; border-color: #000000; border-style: solid; background-color: #f0adad; height: 32px; text-align: center;\"><strong>1r<\/strong><\/td>\n<td style=\"width: 33.3333%; border-color: #000000; border-style: solid; background-color: #f0adad; height: 32px; text-align: center;\"><strong>2n<\/strong><\/td>\n<td style=\"width: 33.3333%; border-color: #000000; border-style: solid; background-color: #f0adad; height: 32px; text-align: center;\"><strong>3r<\/strong><\/td>\n<\/tr>\n<tr style=\"height: 32px;\">\n<td style=\"width: 33.3333%; border-color: #000000; border-style: solid; height: 32px;\">Mamen Pecharramon<\/td>\n<td style=\"width: 33.3333%; border-color: #000000; border-style: solid; height: 32px;\">Marta Fern\u00e0ndez<\/td>\n<td style=\"width: 33.3333%; border-color: #000000; border-style: solid; height: 32px;\">Natalia Garc\u00eda\/ Laura Granado<\/td>\n<\/tr>\n<tr style=\"height: 32px;\">\n<td style=\"width: 33.3333%; border-color: #000000; border-style: solid; height: 32px;\">Ana Tudela<\/td>\n<td style=\"width: 33.3333%; border-color: #000000; border-style: solid; height: 32px;\">Aura Boix<\/td>\n<td style=\"width: 33.3333%; border-color: #000000; border-style: solid; height: 32px;\">Montse Fort\u00ed<\/td>\n<\/tr>\n<tr style=\"height: 32px;\">\n<td style=\"width: 33.3333%; border-color: #000000; border-style: solid; height: 32px;\">Paula Ramon<\/td>\n<td style=\"width: 33.3333%; border-color: #000000; border-style: solid; height: 32px;\">Eva Ord\u00f3\u00f1ez i Marina Jofre<\/td>\n<td style=\"width: 33.3333%; border-color: #000000; border-style: solid; height: 32px;\"><\/td>\n<\/tr>\n<\/tbody>\n<\/table>\n<table style=\"border-collapse: collapse; width: 101.883%; height: 192px;\">\n<tbody>\n<tr style=\"height: 32px;\">\n<td style=\"width: 33.3333%; border-color: #000000; border-style: solid; height: 32px; text-align: center;\" colspan=\"3\"><strong>Colla dels Grans<\/strong><\/td>\n<\/tr>\n<tr style=\"height: 32px;\">\n<td style=\"width: 33.3333%; border-color: #000000; border-style: solid; background-color: #f0adad; height: 32px; text-align: center;\"><strong>4t<\/strong><\/td>\n<td style=\"width: 33.3333%; border-color: #000000; border-style: solid; background-color: #f0adad; height: 32px; text-align: center;\"><strong>5\u00e8<\/strong><\/td>\n<td style=\"width: 33.3333%; border-color: #000000; border-style: solid; background-color: #f0adad; height: 32px; text-align: center;\"><strong>6\u00e8<\/strong><\/td>\n<\/tr>\n<tr style=\"height: 32px;\">\n<td style=\"width: 33.3333%; border-color: #000000; border-style: solid; height: 32px;\">Minerva Morales<\/td>\n<td style=\"width: 33.3333%; border-color: #000000; border-style: solid; height: 32px;\">Sonia S\u00e1nchez<\/td>\n<td style=\"width: 33.3333%; border-color: #000000; border-style: solid; height: 32px;\">Noem\u00ed Soriano<\/td>\n<\/tr>\n<tr style=\"height: 32px;\">\n<td style=\"width: 33.3333%; border-color: #000000; border-style: solid; height: 32px;\">Montse L\u00f3pez<\/td>\n<td style=\"width: 33.3333%; border-color: #000000; border-style: solid; height: 32px;\">Anna Isern<\/td>\n<td style=\"width: 33.3333%; border-color: #000000; border-style: solid; height: 32px;\">\u00c0usies Canal<\/td>\n<\/tr>\n<tr style=\"height: 32px;\">\n<td style=\"width: 33.3333%; border-color: #000000; border-style: solid; height: 32px;\">Judith Castany<\/td>\n<td style=\"width: 33.3333%; border-color: #000000; border-style: solid; height: 32px;\">Carme Rengel<\/td>\n<td style=\"width: 33.3333%; border-color: #000000; border-style: solid; height: 32px;\">Ram\u00f3n Ruiz i Mireia De Gea<\/td>\n<\/tr>\n<\/tbody>\n<\/table>\n<table style=\"border-collapse: collapse; width: 99.4845%; height: 160px;\">\n<tbody>\n<tr style=\"height: 32px;\">\n<td style=\"border-style: solid; border-color: #000000; background-color: #e0a4a4; text-align: center; height: 32px; width: 99.9999%;\" colspan=\"3\"><strong>EQUIP SUPORT A LA INCLUSI\u00d3<\/strong><\/td>\n<\/tr>\n<tr style=\"height: 32px;\">\n<td style=\"width: 33.3333%; border-style: solid; border-color: #000000; height: 32px;\">Susana Ortega (Mestra MSI)<\/td>\n<td style=\"width: 33.3333%; border-style: solid; border-color: #000000; height: 32px;\">Ruth Caselles (Educadora Educaci\u00f3 Especial)<\/td>\n<td style=\"width: 33.3333%; border-style: solid; border-color: #000000; height: 32px;\">Yolanda Taya (Vetlladora)<\/td>\n<\/tr>\n<tr style=\"height: 32px;\">\n<td style=\"width: 33.3333%; border-style: solid; border-color: #000000; height: 32px;\">Lidia Carb\u00f3 (Mestra MSI)<\/td>\n<td style=\"border-style: solid; border-color: #000000; height: 32px; width: 33.3333%;\">\u00c8lia Mart\u00ednez (Educadora Educaci\u00f3 Especial)<\/td>\n<td style=\"border-style: solid; border-color: #000000; height: 32px; width: 33.3333%;\">Benjam\u00ed Olm (Vetllador)<\/td>\n<\/tr>\n<tr style=\"height: 32px;\">\n<td style=\"width: 33.3333%; border-style: solid; border-color: #000000; height: 32px;\">Marta Rold\u00e1n (Mestra MSI)<\/td>\n<td style=\"border-style: solid; border-color: #000000; width: 33.3333%; height: 32px;\"><\/td>\n<td style=\"border-style: solid; border-color: #000000; width: 33.3333%; height: 32px;\">Olga G\u00f3mez (Vetlladora)<\/td>\n<\/tr>\n<tr style=\"height: 32px;\">\n<td style=\"width: 33.3333%; border-style: solid; border-color: #000000; height: 32px;\">Elisabeth Serrano (Mestra MSI)<\/td>\n<td style=\"border-style: solid; border-color: #000000; width: 33.3333%; height: 32px;\"><\/td>\n<td style=\"border-style: solid; border-color: #000000; width: 33.3333%; height: 32px;\"><\/td>\n<\/tr>\n<\/tbody>\n<\/table>\n<table style=\"border-collapse: collapse; width: 99.4845%; height: 106px;\">\n<tbody>\n<tr style=\"height: 32px;\">\n<td style=\"border-style: solid; border-color: #000000; background-color: #e0a4a4; text-align: center; height: 10px;\" colspan=\"3\"><strong>ESPECIALITATS<\/strong><\/td>\n<\/tr>\n<tr style=\"height: 32px;\">\n<td style=\"width: 33.3333%; border-style: solid; border-color: #000000; height: 32px;\"><span style=\"background-color: #f7f7f7;\">Eva Ord\u00f3\u00f1ez (Educaci\u00f3 F\u00edsica)<\/span><\/td>\n<td style=\"width: 33.3333%; border-style: solid; border-color: #000000; height: 32px;\"><span style=\"background-color: #f7f7f7;\">Ram\u00f3n Ruiz (M\u00fasica)<\/span><\/td>\n<td style=\"width: 33.3333%; border-style: solid; border-color: #000000; height: 32px;\">Mireia De Gea (3r, 4t, 5\u00e8 i 6\u00e8)<\/td>\n<\/tr>\n<tr style=\"height: 32px;\">\n<td style=\"width: 33.3333%; border-style: solid; border-color: #000000; height: 64px;\" rowspan=\"2\"><span style=\"background-color: #f7f7f7;\"><br \/>\n<\/span><span style=\"background-color: #f7f7f7;\"><br \/>\n<\/span><\/td>\n<td style=\"width: 33.3333%; border-style: solid; border-color: #000000; height: 64px;\" rowspan=\"2\"><span style=\"background-color: #f7f7f7;\"><br \/>\n<\/span><span style=\"background-color: #f7f7f7;\"><br \/>\n<\/span><\/td>\n<td style=\"width: 33.3333%; border-style: solid; border-color: #000000; height: 32px;\">Marina Jofre (1r i 2n)<span style=\"background-color: #f7f7f7;\"><br \/>\n<\/span><\/td>\n<\/tr>\n<tr style=\"height: 32px;\">\n<td style=\"width: 33.3333%; border-style: solid; border-color: #000000; height: 32px;\">Vero Costa (I3, i4, i5)<span style=\"background-color: #f7f7f7;\"><br \/>\n<\/span><\/td>\n<\/tr>\n<\/tbody>\n<\/table>\n<h3><strong><em>Correus de l&#8217;equip de mestres<\/em><\/strong><\/h3>\n<p><img loading=\"lazy\" decoding=\"async\" class=\"size-large wp-image-5460 aligncenter\" src=\"https:\/\/agora.xtec.cat\/esc-mmata-mataro\/wp-content\/uploads\/usu828\/2024\/09\/Correus-Mestres-Marta-Mata--576x1024.png\" alt=\"\" width=\"576\" height=\"1024\" srcset=\"https:\/\/agora.xtec.cat\/esc-mmata-mataro\/wp-content\/uploads\/usu828\/2024\/09\/Correus-Mestres-Marta-Mata--576x1024.png 576w, https:\/\/agora.xtec.cat\/esc-mmata-mataro\/wp-content\/uploads\/usu828\/2024\/09\/Correus-Mestres-Marta-Mata--169x300.png 169w, https:\/\/agora.xtec.cat\/esc-mmata-mataro\/wp-content\/uploads\/usu828\/2024\/09\/Correus-Mestres-Marta-Mata--768x1365.png 768w, https:\/\/agora.xtec.cat\/esc-mmata-mataro\/wp-content\/uploads\/usu828\/2024\/09\/Correus-Mestres-Marta-Mata--864x1536.png 864w, https:\/\/agora.xtec.cat\/esc-mmata-mataro\/wp-content\/uploads\/usu828\/2024\/09\/Correus-Mestres-Marta-Mata-.png 1080w\" sizes=\"auto, (max-width: 576px) 100vw, 576px\" \/><\/p>\n","protected":false},"excerpt":{"rendered":"<p>Us presentem l&#8217;equip de professionals de la nostra Tribu.<br \/>\nEns organitzem per equips de nivells. Aquests equips estan formats per les\u00a0 tutores i\/o tutors\u00a0 i un altres professionals de l&#8217;educaci\u00f3 , per tal de facilitar el desenvolupament del PEC i l\u2019assoliment de les capacitats i compet\u00e8ncies&hellip;  <a href=\"https:\/\/agora.xtec.cat\/esc-mmata-mataro\/lescola\/historia\/equip\/\" title=\"Read Equip de mestres\">Llegeix m\u00e9s\u00bb<\/a><\/p>\n","protected":false},"author":3,"featured_media":0,"parent":26,"menu_order":1,"comment_status":"closed","ping_status":"closed","template":"page-templates\/side-menu.php","meta":{"_bbp_topic_count":0,"_bbp_reply_count":0,"_bbp_total_topic_count":0,"_bbp_total_reply_count":0,"_bbp_voice_count":0,"_bbp_anonymous_reply_count":0,"_bbp_topic_count_hidden":0,"_bbp_reply_count_hidden":0,"_bbp_forum_subforum_count":0,"footnotes":""},"class_list":["post-1612","page","type-page","status-publish","hentry"],"post_mailing_queue_ids":[],"_links":{"self":[{"href":"https:\/\/agora.xtec.cat\/esc-mmata-mataro\/wp-json\/wp\/v2\/pages\/1612","targetHints":{"allow":["GET"]}}],"collection":[{"href":"https:\/\/agora.xtec.cat\/esc-mmata-mataro\/wp-json\/wp\/v2\/pages"}],"about":[{"href":"https:\/\/agora.xtec.cat\/esc-mmata-mataro\/wp-json\/wp\/v2\/types\/page"}],"author":[{"embeddable":true,"href":"https:\/\/agora.xtec.cat\/esc-mmata-mataro\/wp-json\/wp\/v2\/users\/3"}],"replies":[{"embeddable":true,"href":"https:\/\/agora.xtec.cat\/esc-mmata-mataro\/wp-json\/wp\/v2\/comments?post=1612"}],"version-history":[{"count":7,"href":"https:\/\/agora.xtec.cat\/esc-mmata-mataro\/wp-json\/wp\/v2\/pages\/1612\/revisions"}],"predecessor-version":[{"id":5187,"href":"https:\/\/agora.xtec.cat\/esc-mmata-mataro\/wp-json\/wp\/v2\/pages\/1612\/revisions\/5187"}],"up":[{"embeddable":true,"href":"https:\/\/agora.xtec.cat\/esc-mmata-mataro\/wp-json\/wp\/v2\/pages\/26"}],"wp:attachment":[{"href":"https:\/\/agora.xtec.cat\/esc-mmata-mataro\/wp-json\/wp\/v2\/media?parent=1612"}],"curies":[{"name":"wp","href":"https:\/\/api.w.org\/{rel}","templated":true}]}}