{"id":1117,"date":"2019-04-30T16:22:14","date_gmt":"2019-04-30T14:22:14","guid":{"rendered":"http:\/\/agora.xtec.cat\/esc-mmata-mataro\/?page_id=1117"},"modified":"2024-10-08T12:32:05","modified_gmt":"2024-10-08T10:32:05","slug":"ampa","status":"publish","type":"page","link":"https:\/\/agora.xtec.cat\/esc-mmata-mataro\/ampa\/","title":{"rendered":"AFA"},"content":{"rendered":"<p>Ser soci de l\u2019AFA implica descomptes en els serveis d\u2019Extraescolars i Acollides. El pagament de la quota de soci de l\u2019AFA \u00e9s voluntari i amb els diners que aporten les fam\u00edlies es poden desenvolupar determinades activitats a l\u2019escola (com ara festes i accions l\u00fadiques) i es poden adquirir materials, d\u2019acord amb les necessitats que marca l\u2019escola, que utilitzen tots els alumnes del centre.<\/p>\n<p>Amb les quotes dels associats enguany s\u2019ha finan\u00e7at, per exemple, la nova imatge i jocs infantils als patis. A l\u2019apartat de l\u2019AFA del web de l\u2019escola estan publicades les liquidacions econ\u00f2miques i informaci\u00f3 sobre com es distribueixen els recursos econ\u00f2mics que aconsegueix l\u2019entitat. Per\u00f2 si tens dubtes sobre aquest tema o vols m\u00e9s informaci\u00f3 nom\u00e9s cal que contactis amb l\u2019AFA.<\/p>\n<p>Per a m\u00e9s informaci\u00f3 pots accedir als estatuts del AFA a aquest <a href=\"https:\/\/drive.google.com\/open?id=0B2SY6t0FJ6TNRTRrTDU5emhLZFE1dEdyalB2N0pHQ1psS2lZ\">enlla\u00e7.<\/a><\/p>\n<p>Podeu contactar amb l&#8217;AFA mitjan\u00e7ant el seg\u00fcet correu: <a href=\"mailto:ampa.escola.martamata@gmail.com\" target=\"_blank\" rel=\"noopener noreferrer\">ampa.escola.martamata@gmail.<wbr \/>com<\/a><\/p>\n<p>I tamb\u00e9 ens pots seguir a xarxes socials:<\/p>\n<ul>\n<li>Instagram: <a href=\"https:\/\/www.instagram.com\/ampa.martamata\/\">https:\/\/www.instagram.com\/ampa.martamata\/<\/a><\/li>\n<li>Facebook: <a href=\"https:\/\/www.facebook.com\/ampamartamata\">https:\/\/www.facebook.com\/ampamartamata<\/a>\/<\/li>\n<li>Twitter: <a href=\"https:\/\/twitter.com\/ampamartamata\">https:\/\/twitter.com\/ampamartamata<\/a><\/li>\n<\/ul>\n","protected":false},"excerpt":{"rendered":"<p>Ser soci de l\u2019AFA implica descomptes en els serveis d\u2019Extraescolars i Acollides. El pagament de la quota de soci de l\u2019AFA \u00e9s voluntari i amb els diners que aporten les fam\u00edlies es poden desenvolupar determinades activitats a l\u2019escola (com ara festes i accions l\u00fadiques) i&hellip;  <a href=\"https:\/\/agora.xtec.cat\/esc-mmata-mataro\/ampa\/\" title=\"Read AFA\">Llegeix m\u00e9s\u00bb<\/a><\/p>\n","protected":false},"author":1,"featured_media":0,"parent":0,"menu_order":0,"comment_status":"closed","ping_status":"closed","template":"page-templates\/side-menu.php","meta":{"_bbp_topic_count":0,"_bbp_reply_count":0,"_bbp_total_topic_count":0,"_bbp_total_reply_count":0,"_bbp_voice_count":0,"_bbp_anonymous_reply_count":0,"_bbp_topic_count_hidden":0,"_bbp_reply_count_hidden":0,"_bbp_forum_subforum_count":0,"footnotes":""},"class_list":["post-1117","page","type-page","status-publish","hentry"],"post_mailing_queue_ids":[],"_links":{"self":[{"href":"https:\/\/agora.xtec.cat\/esc-mmata-mataro\/wp-json\/wp\/v2\/pages\/1117","targetHints":{"allow":["GET"]}}],"collection":[{"href":"https:\/\/agora.xtec.cat\/esc-mmata-mataro\/wp-json\/wp\/v2\/pages"}],"about":[{"href":"https:\/\/agora.xtec.cat\/esc-mmata-mataro\/wp-json\/wp\/v2\/types\/page"}],"author":[{"embeddable":true,"href":"https:\/\/agora.xtec.cat\/esc-mmata-mataro\/wp-json\/wp\/v2\/users\/1"}],"replies":[{"embeddable":true,"href":"https:\/\/agora.xtec.cat\/esc-mmata-mataro\/wp-json\/wp\/v2\/comments?post=1117"}],"version-history":[{"count":4,"href":"https:\/\/agora.xtec.cat\/esc-mmata-mataro\/wp-json\/wp\/v2\/pages\/1117\/revisions"}],"predecessor-version":[{"id":4589,"href":"https:\/\/agora.xtec.cat\/esc-mmata-mataro\/wp-json\/wp\/v2\/pages\/1117\/revisions\/4589"}],"wp:attachment":[{"href":"https:\/\/agora.xtec.cat\/esc-mmata-mataro\/wp-json\/wp\/v2\/media?parent=1117"}],"curies":[{"name":"wp","href":"https:\/\/api.w.org\/{rel}","templated":true}]}}