{"id":64,"date":"2014-09-18T12:39:08","date_gmt":"2014-09-18T11:39:08","guid":{"rendered":"http:\/\/agora.xtec.cat\/esc-merce-pla\/?page_id=64"},"modified":"2020-10-05T11:28:10","modified_gmt":"2020-10-05T09:28:10","slug":"projecte-educatiu","status":"publish","type":"page","link":"https:\/\/agora.xtec.cat\/esc-merce-pla\/projecte-educatiu\/","title":{"rendered":"Projecte educatiu"},"content":{"rendered":"<p><span style=\"font-weight: 400;\">El nostre Projecte Educatiu busca garantir les mesures i suports necessaris en l\u2019atenci\u00f3 educativa perqu\u00e8 cada alumne\/a pugui adquirir les capacitats i compet\u00e8ncies necess\u00e0ries per afavorir l\u2019assoliment dels seus objectius personals i socials en mat\u00e8ria de creixement i transici\u00f3 a la vida adulta, treballant sota la mirada d\u2019un sistema educatiu inclusiu.<\/span><\/p>\n<p><span style=\"font-weight: 400;\">Orientar-nos cap al desenvolupament educatiu i personal dels nostre\u00a0 alumnat, assegurant les mesures i suports adients perqu\u00e8 totes i tots puguin adquirir les capacitats i compet\u00e8ncies necess\u00e0ries per afavorir l\u2019assoliment dels objectius personals i socials en mat\u00e8ria de creixement i ocupaci\u00f3.\u00a0<\/span><\/p>\n<p>La Linea Metodol\u00f2gica que seguim a la nostra escola est\u00e0 basada en:<\/p>\n<ul>\n<li style=\"list-style-type: none;\">\n<ul>\n<li style=\"font-weight: 400;\"><span style=\"font-weight: 400;\">Estructurem les nostres programacions en base al <\/span><b>Disseny Universal de l\u2019Aprenentatge (DUA)<\/b><span style=\"font-weight: 400;\"> per tal de proporcionar al nostre alumnat els suports i les adaptacions necess\u00e0ries per seguir el curr\u00edculum de refer\u00e8ncia.<\/span><\/li>\n<li style=\"font-weight: 400;\"><span style=\"font-weight: 400;\">Utilitzem la <\/span><b>Resposta a la Intervenci\u00f3<\/b><span style=\"font-weight: 400;\"> per ajustar les intervencions educatives mitjan\u00e7ant una avaluaci\u00f3 continuada dels coneixements adquirits ja que ens proporciona informaci\u00f3 peri\u00f2dica sobre el progr\u00e9s del nostre alumnat.<\/span><\/li>\n<li style=\"font-weight: 400;\"><span style=\"font-weight: 400;\">Ens basem en el model d\u2019<\/span><b>aprenentatges competencials<\/b><span style=\"font-weight: 400;\">, en qu\u00e8 aquests aprenentatges han de ser\u00a0<\/span><b>transferibles<\/b><span style=\"font-weight: 400;\">, <\/span><b>significatius i permanents, productius i <\/b><span style=\"font-weight: 400;\">\u00a0<\/span><b>funcionals.<\/b><\/li>\n<li style=\"font-weight: 400;\"><b><span style=\"font-weight: 400;\">Treballem\u00a0 els continguts de manera integrada, no fragmentats per \u00e0rees de coneixement o mat\u00e8ries, i relacionats amb contextos reals i problemes quotidians.\u00a0<\/span><\/b><\/li>\n<li style=\"font-weight: 400;\"><span style=\"font-weight: 400;\">Fomentem l&#8217;<\/span>autonomia i l&#8217;autodeterminaci\u00f3 <span style=\"font-weight: 400;\">dels alumnes, per tal que aquests siguin els protagonistes dels seus aprenentatges, i utilitzem recursos i materials diversos que els estimulin la curiositat i la creativitat.\u00a0<\/span><\/li>\n<li style=\"font-weight: 400;\"><span style=\"font-weight: 400;\">Utilitzem diferents <\/span>programes i estrat\u00e8gies<span style=\"font-weight: 400;\"> que s\u2019adaptin a les necessitats espec\u00edfiques de cada alumne\/a i als diferents ritmes d\u2019aprenentatge.<\/span><\/li>\n<li style=\"font-weight: 400;\"><span style=\"font-weight: 400;\">Treballem mitjan\u00e7ant <\/span><b>projectes i tallers<\/b><span style=\"font-weight: 400;\"> que permeten desenvolupar les compet\u00e8ncies b\u00e0siques de manera transversal i interactiva, en contextos i situacions diferents, i fomenten el <\/span><b>treball cooperatiu <\/b><span style=\"font-weight: 400;\">i les actituds de respecte i toler\u00e0ncia.<\/span><\/li>\n<li style=\"font-weight: 400;\"><span style=\"font-weight: 400;\">Utilitzem <\/span><b>m\u00e8todes i t\u00e8cniques<\/b><span style=\"font-weight: 400;\"> de treball organitzatives i <\/span><b>anticipat\u00f2ries<\/b><span style=\"font-weight: 400;\"> que responen al criteri d\u2019habilitaci\u00f3 de l\u2019entorn, per tal d\u2019afavorir al m\u00e0xim el desenvolupament de les capacitats individuals de l\u2019alumne, com el m\u00e8tode TEACH.<\/span><\/li>\n<li style=\"font-weight: 400;\">Fomentem i facilitem l\u2019\u00fas de les <b style=\"font-family: inherit; font-size: 1em;\">tecnologies<\/b><span style=\"font-weight: 400;\"> de l\u2019empoderament i la participaci\u00f3 (TEP) apostant per la digitalitzaci\u00f3 del centre.<\/span><\/li>\n<\/ul>\n<\/li>\n<\/ul>\n","protected":false},"excerpt":{"rendered":"<p>El nostre Projecte Educatiu busca garantir les mesures i suports necessaris en l\u2019atenci\u00f3 educativa perqu\u00e8 cada alumne\/a pugui adquirir les capacitats i compet\u00e8ncies necess\u00e0ries per afavorir l\u2019assoliment dels seus objectius personals i socials en mat\u00e8ria de creixement i transici\u00f3 a la vida adulta, treballant sota&hellip;  <a href=\"https:\/\/agora.xtec.cat\/esc-merce-pla\/projecte-educatiu\/\" title=\"Read Projecte educatiu\">Llegeix m\u00e9s\u00bb<\/a><\/p>\n","protected":false},"author":1,"featured_media":0,"parent":0,"menu_order":0,"comment_status":"closed","ping_status":"closed","template":"page-templates\/side-menu.php","meta":{"_bbp_topic_count":0,"_bbp_reply_count":0,"_bbp_total_topic_count":0,"_bbp_total_reply_count":0,"_bbp_voice_count":0,"_bbp_anonymous_reply_count":0,"_bbp_topic_count_hidden":0,"_bbp_reply_count_hidden":0,"_bbp_forum_subforum_count":0,"footnotes":""},"class_list":["post-64","page","type-page","status-publish","hentry"],"post_mailing_queue_ids":[],"_links":{"self":[{"href":"https:\/\/agora.xtec.cat\/esc-merce-pla\/wp-json\/wp\/v2\/pages\/64","targetHints":{"allow":["GET"]}}],"collection":[{"href":"https:\/\/agora.xtec.cat\/esc-merce-pla\/wp-json\/wp\/v2\/pages"}],"about":[{"href":"https:\/\/agora.xtec.cat\/esc-merce-pla\/wp-json\/wp\/v2\/types\/page"}],"author":[{"embeddable":true,"href":"https:\/\/agora.xtec.cat\/esc-merce-pla\/wp-json\/wp\/v2\/users\/1"}],"replies":[{"embeddable":true,"href":"https:\/\/agora.xtec.cat\/esc-merce-pla\/wp-json\/wp\/v2\/comments?post=64"}],"version-history":[{"count":3,"href":"https:\/\/agora.xtec.cat\/esc-merce-pla\/wp-json\/wp\/v2\/pages\/64\/revisions"}],"predecessor-version":[{"id":3114,"href":"https:\/\/agora.xtec.cat\/esc-merce-pla\/wp-json\/wp\/v2\/pages\/64\/revisions\/3114"}],"wp:attachment":[{"href":"https:\/\/agora.xtec.cat\/esc-merce-pla\/wp-json\/wp\/v2\/media?parent=64"}],"curies":[{"name":"wp","href":"https:\/\/api.w.org\/{rel}","templated":true}]}}