{"id":576,"date":"2019-07-01T21:48:01","date_gmt":"2019-07-01T19:48:01","guid":{"rendered":"https:\/\/agora.xtec.cat\/esc-merce-pla\/?page_id=576"},"modified":"2019-11-08T15:00:35","modified_gmt":"2019-11-08T14:00:35","slug":"jornada-de-creacio-de-materials-tacremat-19","status":"publish","type":"page","link":"https:\/\/agora.xtec.cat\/esc-merce-pla\/projecte-educatiu\/aprenentatge-basat-en-problemes\/pla-tac\/jornada-de-creacio-de-materials-tacremat-19\/","title":{"rendered":"Jornada de creaci\u00f3 de materials Tacremat 19"},"content":{"rendered":"<p>A partir de la <a href=\"https:\/\/blocs.xtec.cat\/tacremat\/\">proposta de la Jornada<\/a>, a l&#8217;escola vam obrir un per\u00edode de presentaci\u00f3 de propostes. Finalment se&#8217;n van definir dues:<\/p>\n<ul>\n<li>Proposta 1.- Elaboraci\u00f3 d&#8217;un diari de pr\u00e0ctiques destinat a enregistrar les activitats pr\u00e0ctiques dels diferents perfils professionals treballats a TVA.<\/li>\n<li>Proposta 2.- Elaboraci\u00f3 de materials per treballar la casa i les seves estances.<\/li>\n<\/ul>\n<p>Es va optar per seleccionar la segona opci\u00f3 per tal d&#8217;assolir una m\u00e0xima participaci\u00f3. Tot seguit es va concretar la proposta a desenvolupar.<\/p>\n<p><strong>Objectius<\/strong><\/p>\n<ul>\n<li>Seleccionar activitats ja existents sobre la casa.<\/li>\n<li>Adaptar materials ja existents sobre la casa.<\/li>\n<li>Crear material ajustat a les necessitats de l\u2019alumne per treballar les estances de la casa.<\/li>\n<li>Compartir el material a l\u2019espai moodle.<\/li>\n<\/ul>\n<p><a href=\"https:\/\/agora.xtec.cat\/esc-merce-pla\/wp-content\/uploads\/usu552\/2019\/07\/foto2-JEM19.jpg\"><img loading=\"lazy\" decoding=\"async\" class=\" wp-image-587 alignleft\" src=\"https:\/\/agora.xtec.cat\/esc-merce-pla\/wp-content\/uploads\/usu552\/2019\/07\/foto2-JEM19-1024x768.jpg\" alt=\"\" width=\"497\" height=\"373\" srcset=\"https:\/\/agora.xtec.cat\/esc-merce-pla\/wp-content\/uploads\/usu552\/2019\/07\/foto2-JEM19-1024x768.jpg 1024w, https:\/\/agora.xtec.cat\/esc-merce-pla\/wp-content\/uploads\/usu552\/2019\/07\/foto2-JEM19-300x225.jpg 300w, https:\/\/agora.xtec.cat\/esc-merce-pla\/wp-content\/uploads\/usu552\/2019\/07\/foto2-JEM19-768x576.jpg 768w, https:\/\/agora.xtec.cat\/esc-merce-pla\/wp-content\/uploads\/usu552\/2019\/07\/foto2-JEM19-200x150.jpg 200w, https:\/\/agora.xtec.cat\/esc-merce-pla\/wp-content\/uploads\/usu552\/2019\/07\/foto2-JEM19.jpg 1600w\" sizes=\"auto, (max-width: 497px) 100vw, 497px\" \/><\/a>A partir d\u2019un <a href=\"https:\/\/drive.google.com\/file\/d\/103wSvwq3TjSxoT0PFpfmwhLi1vkIPhA-\/view\">vocabulari<\/a> pr\u00e8viament fixat se seleccionaran imatges reals amb <a href=\"https:\/\/creativecommons.org\/licenses\/?lang=ca\">llic\u00e8ncia CC<\/a>. Un cop fet aquest recull s\u2019elaborar\u00e0 el dossier d\u2019associaci\u00f3 imprimible per poder-lo treballar de manera manipulativa. Paral\u00b7lelament, es crearan diferents activitats digitals per treballar el mateix camp sem\u00e0ntic.<\/p>\n<p>Per tal de realitzar aquest taller es va establir el dia 25 de juny de 2019 al CEE Verge de la Cinta de Tortosa en horari de 9 a 14h (5 hores)<\/p>\n<p>&nbsp;<\/p>\n<p>&nbsp;<\/p>\n<p>&nbsp;<\/p>\n<p style=\"text-align: center;\"><span style=\"text-decoration: underline;\"><strong>Desenvolupament del taller<\/strong><\/span><\/p>\n<p style=\"text-align: left;\"><strong>Com seleccionar les imatges?<\/strong><\/p>\n<p>Per treballar el vocabulari li vam donar molta significaci\u00f3 al proc\u00e9s que hav\u00edem de seguir, cercant una metodologia a emprar a nivell de centre. Com que tots els participants del taller erem del mateix claustre vam aprofitar el taller per tal de consensuar criteris. Es va determinar que per tal de seleccionar les imatges a utilitzar en l&#8217;adaptaci\u00f3 i creaci\u00f3 de materials d&#8217;una determinada tem\u00e0tica, seguir\u00edem les pautes seg\u00fcents:<\/p>\n<ul>\n<li>Identificar de manera adequada la possibilitat de fer canvis en un determinat material a adaptar (llic\u00e8ncia CC SA, compartir iguals).<\/li>\n<li>La utilitzaci\u00f3 de les imatges del material a adaptar es contempla a partir de la responsabilitat assumida per l&#8217;autor del material original, el qual cal referenciar en el material resultant de l&#8217;adaptaci\u00f3.<\/li>\n<li>Posarem les imatges en una presentaci\u00f3 de google seguint la <a href=\"https:\/\/docs.google.com\/presentation\/d\/1jUjClZOumtQ4Kuiy0JLQNMaB8CAel_qhrNQvsJUAnF0\/edit?usp=sharing\">plantilla<\/a>: una imatge per diapositiva, indicant en quadre de text sota la imatge el nom d&#8217;autor i URL on est\u00e0 ubicada la imatge. <a href=\"https:\/\/drive.google.com\/file\/d\/16WWszZfVCkNxMwNDIQkUBDdzmd-L4fZW\/view\">Tutorial per crear selecci\u00f3 d&#8217;imatges<\/a><\/li>\n<li>Per a cercar imatges utilitzarem bancs d&#8217;imatges i cercadors que treballin amb llic\u00e8ncia CC. Cercarem preferentment imatges sota llic\u00e8ncia BY (esmentar l&#8217;autor) NC (usos no comercials) SA (per tal de poder adaptar les imatges en cas necessari i permetre que altres puguin adaptar tamb\u00e9 els materials adaptats o creats per nosaltres). Entre aquests bancs d&#8217;imatges:\n<ul>\n<li>Banco de imagenes y recursos MEC\u00a0<a href=\"http:\/\/recursostic.educacion.es\/bancoimagenes\/web\/\" target=\"_blank\" rel=\"noopener noreferrer\">Enlla\u00e7<\/a><\/li>\n<li>Arasaac\u00a0<a href=\"http:\/\/www.arasaac.org\/index.php\" target=\"_blank\" rel=\"noopener noreferrer\">Enlla\u00e7<\/a><\/li>\n<li>CC Search\u00a0<a href=\"https:\/\/ccsearch.creativecommons.org\/\" target=\"_blank\" rel=\"noopener noreferrer\">Enlla\u00e7<\/a> Tutorial per referenciar imatges.<a href=\"https:\/\/drive.google.com\/file\/d\/18kwrIEBZI8YJYjx9cjp4lE5iCdto2Ev8\/view\">Enlla\u00e7<\/a><\/li>\n<li>Flickrcc\u00a0<a href=\"http:\/\/flickrcc.net\/\" target=\"_blank\" rel=\"noopener noreferrer\">Enlla\u00e7<\/a><\/li>\n<li>Viquip\u00e8dia\u00a0<a href=\"https:\/\/ca.wikipedia.org\/wiki\/Portada\" target=\"_blank\" rel=\"noopener noreferrer\">Enlla\u00e7<\/a><\/li>\n<li>Magatzem icones catalanes\u00a0<a href=\"http:\/\/www.xtec.cat\/dnee\/mic\/\" target=\"_blank\" rel=\"noopener noreferrer\">Enlla\u00e7<\/a><\/li>\n<li id=\"yui_3_17_2_1_1562162686532_113\"><a href=\"https:\/\/apliense.xtec.cat\/e13_colex\/\" target=\"_blank\" rel=\"noopener noreferrer\">Col\u00b7lex\u00a0<\/a><\/li>\n<\/ul>\n<\/li>\n<li>Hem pogut adonar-nos de la dificultat de trobar imatges adequades per la creaci\u00f3 de determinats materials i sovint fer fotos de determinats elements pot esdevenir la millor opci\u00f3. En aquest cas caldr\u00e0 definir-nos com autors de la imatge.<\/li>\n<li>Per evitar que les refer\u00e8ncies incloses en cada imatge puguin restar significaci\u00f3 i distreure l&#8217;alumne en la realitzaci\u00f3 de les activitats hem decidit inserir en la fitxa de treball la refer\u00e8ncia a la presentaci\u00f3 d&#8217;imatges per tal d&#8217;indicar les refer\u00e8ncies individuals de cadascuna de les imatges utilitzades.<\/li>\n<\/ul>\n<p><strong>Recerca d&#8217;activitats<\/strong><\/p>\n<p>Per tal de cercar activitats i\/o materials vam partir d&#8217;un llistat d&#8217;enlla\u00e7os:<\/p>\n<ul>\n<li><a href=\"https:\/\/clic.xtec.cat\/repo\/index.html?lang=ca\">Biblioteca d&#8217;activitats de la zona clic<\/a>.<\/li>\n<li><a href=\"https:\/\/quizlet.com\/subject\/casa\/\">Quizlet<\/a>.<\/li>\n<li><a href=\"http:\/\/www.edu365.cat\/#\">Edu 365<\/a>.<\/li>\n<li><a href=\"http:\/\/apliense.xtec.cat\/arc\/cercador\">Cercador ARC<\/a><\/li>\n<li><a href=\"http:\/\/merli.xtec.cat\/merli\/cerca\/directoriInicial.jsp\">Merl\u00ed<\/a>.<\/li>\n<li><a href=\"http:\/\/www.arasaac.org\/materiales.php\">AraSAAC. Cercador de materials<\/a>.<\/li>\n<li><a href=\"http:\/\/exchange.smarttech.com\/#tab=0\">Smart exchange<\/a>.<\/li>\n<li><a href=\"http:\/\/alexandria.xtec.cat\/\">Alexandria<\/a><\/li>\n<li><a href=\"https:\/\/blocs.xtec.cat\/recursosee\/recursos-web\/\">Recursos per a l&#8217;educaci\u00f3 especial<\/a><\/li>\n<li><a href=\"http:\/\/webquestcat.net\/\">Directori de webquestes de la Comunitat catalana de webquest\u00a0<\/a><\/li>\n<li><a href=\"http:\/\/servicios.educarm.es\/udicom\/indexb.htm\">Udicom. Unidades did\u00e1cticas de compensat\u00f2ria.<\/a><\/li>\n<li><a href=\"http:\/\/clic.xtec.cat\/qv_biblio\/act_list.jsp\">Quaderns virtuals<\/a>.<\/li>\n<li><a href=\"https:\/\/sites.google.com\/a\/xtec.cat\/rdzereral\/pagines-on-cercar-recursos\">Recull de recursos.<\/a><\/li>\n<\/ul>\n<p>Alguns materials per adoptar i\/o adaptar s&#8217;ha organitzant en <a href=\"https:\/\/drive.google.com\/a\/xtec.cat\/file\/d\/1k7sI0uuamtqo8ROEiM_j_64vkn9rN-zb\/view?usp=sharing\">aquest document\u00a0<\/a><\/p>\n<p>&nbsp;<\/p>\n<p><strong>Eines d&#8217;apataci\u00f3 i creaci\u00f3<\/strong><\/p>\n<ul>\n<li>Eines google: presentacions,documents, formularis i fulls de c\u00e0lcul<\/li>\n<li>Activitats Moodle\n<ul>\n<li><a href=\"http:\/\/ateneu.xtec.cat\/wikiform\/wikiexport\/cmd\/tac\/moodle2\/b5_activitat_i_a\/index\">Formaci\u00f3 sobre la creaci\u00f3 d&#8217;activitats<\/a><\/li>\n<\/ul>\n<\/li>\n<li><a href=\"https:\/\/quizlet.com\">Quizlet\u00a0<\/a><\/li>\n<li><a href=\"http:\/\/www.arasaac.org\/herramientas.php\">Eines AraSAAC<\/a><\/li>\n<li><a href=\"http:\/\/www.xtec.cat\/~jfonoll\/tocatoca\/\">Toca toca<\/a>\n<ul>\n<li><a href=\"http:\/\/acte11.campus.acte.cat\/tic_inclusio\/modul4\/tocatoca.htm\">Formaci\u00f3 sobre l&#8217;\u00fas del Toca-toca: escola estiu ACTE<\/a><\/li>\n<\/ul>\n<\/li>\n<li><a href=\"http:\/\/www.xtec.cat\/~jfonoll\/facil\/\">FACIL<\/a>\n<ul>\n<li><a href=\"http:\/\/acte11.campus.acte.cat\/facil\/index1.htm\">Curset del Facil: escola estiu ACTE 2013<\/a><\/li>\n<\/ul>\n<\/li>\n<li>Generador\u00a0 de sopes de lletres. Existeixen moltes aplicacions en l\u00ednia. <a href=\"http:\/\/bit.ly\/2FHBLT9\">Exemple\u00a0<\/a><\/li>\n<li><a href=\"https:\/\/hotpot.uvic.ca\/\">Hotpotatoes<\/a>\n<ul>\n<li>Informaci\u00f3 sobre el programa:\n<ul>\n<li><a href=\"http:\/\/ateneu.xtec.cat\/wikiform\/wikiexport\/cursos\/curriculum\/eso_btx\/dsna\/modul_2\/practica_2\">DNS Ci\u00e8ncies de la naturalesa a secund\u00e0ria M2 Pr\u00e0ctica 2<\/a><\/li>\n<li><a href=\"http:\/\/fpcee.blanquerna.url.edu\/persaberquesaps\/hotpot.pdf\">Elaboraci\u00f3 d&#8217;activitats amb Hot Potatoes 5.5<\/a><\/li>\n<\/ul>\n<\/li>\n<\/ul>\n<\/li>\n<li>&#8220;Recortes&#8221;. Opci\u00f3 de Windows (molt \u00fatil com alternativa a la tecla ImpPant)<\/li>\n<li>Captura de v\u00eddeo en pantalla. Opci\u00f3 de Windows (s&#8217;activa prement TeclaWindows + G)<\/li>\n<li>Generador codis QR.\u00a0 Existeixen moltes aplicacions en l\u00ednia. <a href=\"http:\/\/www.codigos-qr.com\/generador-de-codigos-qr\/\">Exemple<\/a><\/li>\n<li>Generador de webquest. <a href=\"https:\/\/www.aula21.net\/Wqfacil\/webcat.htm\">En catal\u00e0<\/a><\/li>\n<li><a href=\"https:\/\/www.symbaloo.com\/welcome\">Symbaloo:<\/a> per crear escriptoris virtuals. Cal crear un compte.<\/li>\n<li><a href=\"https:\/\/clic.xtec.cat\/legacy\/es\/jclic\/download.htm\">JclicAuthor<\/a>\n<ul>\n<li><a href=\"http:\/\/ateneu.xtec.cat\/wikiform\/wikiexport\/cursos\/tic\/d73\/index\">Curs D73\u00a0Desenvolupament d&#8217;activitats educatives en l&#8217;entorn JClic.<\/a><\/li>\n<\/ul>\n<\/li>\n<li>Smart Notebook\n<ul>\n<li><a href=\"http:\/\/express.smarttech.com\/\">Smart Notebook PDI online<\/a> (necessitat Adobe Flash)<\/li>\n<\/ul>\n<\/li>\n<li>Per plafons de comunicaci\u00f3:\n<ul>\n<li><a href=\"https:\/\/bjadaptaciones.com\/software-para-la-comunicacion-y-lectoescritura\/799-grid-3.html\">Grid3<\/a><\/li>\n<li><a href=\"http:\/\/www.xtec.cat\/~jlagares\/eduespe.htm\">Projecte Fressa<\/a>: Plaphons<\/li>\n<\/ul>\n<\/li>\n<li>Editors d&#8217;imatge:\n<ul>\n<li><a href=\"https:\/\/www.irfanview.com\/languages.htm\">irfan view<\/a> (en catal\u00e0 la versi\u00f3 4.52)<\/li>\n<li><a href=\"https:\/\/www.softcatala.org\/programes\/gimp\/\">gimp<\/a> (en catal\u00e0, des de Softcatal\u00e0)<\/li>\n<\/ul>\n<\/li>\n<li>Editor d&#8217;audio:\n<ul>\n<li><a href=\"https:\/\/www.softcatala.org\/programes\/audacity\/\">Audacity<\/a> (en catal\u00e0, des de Softcatal\u00e0)<\/li>\n<\/ul>\n<\/li>\n<li><a href=\"https:\/\/www.softcatala.org\/projectes\/openoffice-org\/\">Openoffice <\/a>(en catal\u00e0, des de Softcatal\u00e0)<\/li>\n<li>Escur\u00e7adors de URL\n<ul>\n<li><a href=\"https:\/\/bitly.com\/\">Bitly.<\/a> Cal crear un compte<\/li>\n<\/ul>\n<\/li>\n<li>Traductors\n<ul>\n<li><a href=\"https:\/\/translate.google.es\/?hl=ca\">Google traductor<\/a><\/li>\n<\/ul>\n<\/li>\n<\/ul>\n<p><strong>Selecci\u00f3 d&#8217;imatges<\/strong><\/p>\n<p>3A partir del llistat de vocabulari ens hem distribu\u00eft la feina en quatre grups.<\/p>\n<ul>\n<li><a href=\"https:\/\/drive.google.com\/a\/xtec.cat\/file\/d\/166PTZ52Hu-1W_uBrzjzBJ-70ray-9Yw6\/view?usp=sharing\">Imatges 1<\/a>. La casa: la meva habitaci\u00f3<\/li>\n<li><a href=\"https:\/\/drive.google.com\/a\/xtec.cat\/file\/d\/1lUkcfmZh0vb09daQb-LMGt3ZeP45BhDt\/view?usp=sharing\">Imatges 2<\/a>. La casa: el menjador<\/li>\n<li><a href=\"https:\/\/drive.google.com\/a\/xtec.cat\/file\/d\/1xHKzejmFgwx7gX2ogolxxSgizMg32kc3\/view?usp=sharing\">Imatges 3.<\/a> La casa: la cuina<\/li>\n<li><a href=\"https:\/\/drive.google.com\/a\/xtec.cat\/file\/d\/1NIz2AOzV4wP-lo94wRBz1vCsQWw55zul\/view?usp=sharing\">Imatges 4<\/a>. La casa: el bany<\/li>\n<\/ul>\n<p><strong>Fitxes de vocabulari<\/strong><\/p>\n<p>A partir del llistat de vocabulari ens hem distribu\u00eft la feina en quatre grups.<\/p>\n<ul>\n<li><a href=\"https:\/\/drive.google.com\/a\/xtec.cat\/file\/d\/1kqITnVtCdkPQfhLkzGvzIA9YX9D8uEvZ\/view?usp=sharing\">Vocabulari 1<\/a>. La casa: la meva habitaci\u00f3<\/li>\n<li><a href=\"https:\/\/drive.google.com\/a\/xtec.cat\/file\/d\/1w1_Dv1ni8P6QxaMZ_4Qul8-_bIqI0Hlp\/view?usp=sharing\">Vocabulari 2<\/a>. La casa: el menjador<\/li>\n<li><a href=\"https:\/\/drive.google.com\/a\/xtec.cat\/file\/d\/1PRsfbXg3YSu-KJ2p_GVJSholusKobiRl\/view?usp=sharing\">Vocabulari 3<\/a>. La casa: la cuina<\/li>\n<li><a href=\"https:\/\/drive.google.com\/a\/xtec.cat\/file\/d\/11E6XmQCg_mEEjEstT0tKvxrqbO4Ixnyq\/view?usp=sharing\">Vocabulari 4<\/a>. La casa: el bany<\/li>\n<\/ul>\n<p><strong>Fitxes de treball<\/strong><\/p>\n<p>A partir del llistat de vocabulari ens hem distribu\u00eft la feina en quatre grups.<\/p>\n<p>En cada dossier es treballen 4 grups de 4 termes. En cas que en el grup a treballar no hi hagi 16 termes, s&#8217;han repetit alguns per tal de completar els 16 termes previstos. En cada grup de 4 termes s&#8217;han elaborat 9 activitats:<\/p>\n<ol>\n<li>relacionar text\/imatge vs text (2 elements)<\/li>\n<li>relacionar text vs text (3 elements)<\/li>\n<li>enganxar dibuix (4 elements),<\/li>\n<li>relacionar text\/imatge vs text (3 elements)<\/li>\n<li>relacionar text vs imatge (4 elements)<\/li>\n<li>enganxar text i imatge (4 elements)<\/li>\n<li>encerclar paraula que comenci per una lletra (10 elements)<\/li>\n<li>copiar paraula i enganxar imatge (4 elements)<\/li>\n<li>escriure paraules que comencin per &#8220;lletra&#8221; (4 lletres)<\/li>\n<\/ol>\n<p>Amb aquest esquema de treball, una vegada elaborat el primer dossier, per elaborar la resta s&#8217;ha utilitzat l&#8217;opci\u00f3 de subtituci\u00f3 d&#8217;una paraula per una altra en els 16 elements.<\/p>\n<ul>\n<li><a href=\"https:\/\/drive.google.com\/a\/xtec.cat\/file\/d\/1O0N68-ewT8bJ0E7D_NePEv-HL6QrG5JC\/view?usp=sharing\">Fitxes de treball 1.<\/a> La casa: la meva habitaci\u00f3<\/li>\n<li><a href=\"https:\/\/drive.google.com\/a\/xtec.cat\/file\/d\/1KNK8Jsfx4724orImly1iXq8rTBgwb-5D\/view?usp=sharing\">Fitxes de treball 2.<\/a> La casa: el menjador<\/li>\n<li><a href=\"https:\/\/drive.google.com\/a\/xtec.cat\/file\/d\/1ohcTUOrjyDEq4Y_v36GsvTxPwRuB-vXG\/view?usp=sharing\">Fitxes de treball 3.<\/a> La casa: la cuina<\/li>\n<li><a href=\"https:\/\/drive.google.com\/a\/xtec.cat\/file\/d\/1BxUp48BiysRErbko2nith6Jy0op9Xtk9\/view?usp=sharing\">Fitxes de treball 4.<\/a> La casa: el bany<\/li>\n<\/ul>\n<p><strong>Jornades anteriors<\/strong><\/p>\n<p>2009. <a href=\"https:\/\/sites.google.com\/site\/instrumentsmusicalsqr\/\">Els instruments musicals<\/a><\/p>\n<p>2010. <a href=\"https:\/\/sites.google.com\/site\/rutesttee\/\">Rutes TTEE<\/a><\/p>\n<p>2011.<a href=\"https:\/\/sites.google.com\/site\/qllevantambelfacil\/\"> Ampliaci\u00f3 dels quaderns Llevant amb el programa FACIL<\/a><\/p>\n","protected":false},"excerpt":{"rendered":"<p>A partir de la <a href=\"https:\/\/blocs.xtec.cat\/tacremat\/\">proposta de la Jornada<\/a>, a l&#8217;escola vam obrir un per\u00edode de presentaci\u00f3 de propostes. Finalment se&#8217;n van definir dues:<\/p>\n<ul>\n<li>Proposta 1.- Elaboraci\u00f3 d&#8217;un diari de pr\u00e0ctiques destinat a enregistrar les activitats pr\u00e0ctiques dels diferents perfils professionals treballats a TVA.<\/li>\n<li>Proposta 2.- Elaboraci\u00f3&hellip;  <a href=\"https:\/\/agora.xtec.cat\/esc-merce-pla\/projecte-educatiu\/aprenentatge-basat-en-problemes\/pla-tac\/jornada-de-creacio-de-materials-tacremat-19\/\" title=\"Read Jornada de creaci\u00f3 de materials Tacremat 19\">Llegeix m\u00e9s\u00bb<\/a><br \/>\n","protected":false},"author":1,"featured_media":0,"parent":1066,"menu_order":0,"comment_status":"closed","ping_status":"closed","template":"page-templates\/side-menu.php","meta":{"_bbp_topic_count":0,"_bbp_reply_count":0,"_bbp_total_topic_count":0,"_bbp_total_reply_count":0,"_bbp_voice_count":0,"_bbp_anonymous_reply_count":0,"_bbp_topic_count_hidden":0,"_bbp_reply_count_hidden":0,"_bbp_forum_subforum_count":0,"footnotes":""},"class_list":["post-576","page","type-page","status-publish","hentry"],"post_mailing_queue_ids":[],"_links":{"self":[{"href":"https:\/\/agora.xtec.cat\/esc-merce-pla\/wp-json\/wp\/v2\/pages\/576","targetHints":{"allow":["GET"]}}],"collection":[{"href":"https:\/\/agora.xtec.cat\/esc-merce-pla\/wp-json\/wp\/v2\/pages"}],"about":[{"href":"https:\/\/agora.xtec.cat\/esc-merce-pla\/wp-json\/wp\/v2\/types\/page"}],"author":[{"embeddable":true,"href":"https:\/\/agora.xtec.cat\/esc-merce-pla\/wp-json\/wp\/v2\/users\/1"}],"replies":[{"embeddable":true,"href":"https:\/\/agora.xtec.cat\/esc-merce-pla\/wp-json\/wp\/v2\/comments?post=576"}],"version-history":[{"count":5,"href":"https:\/\/agora.xtec.cat\/esc-merce-pla\/wp-json\/wp\/v2\/pages\/576\/revisions"}],"predecessor-version":[{"id":1219,"href":"https:\/\/agora.xtec.cat\/esc-merce-pla\/wp-json\/wp\/v2\/pages\/576\/revisions\/1219"}],"up":[{"embeddable":true,"href":"https:\/\/agora.xtec.cat\/esc-merce-pla\/wp-json\/wp\/v2\/pages\/1066"}],"wp:attachment":[{"href":"https:\/\/agora.xtec.cat\/esc-merce-pla\/wp-json\/wp\/v2\/media?parent=576"}],"curies":[{"name":"wp","href":"https:\/\/api.w.org\/{rel}","templated":true}]}}