{"id":22,"date":"2014-09-18T12:19:57","date_gmt":"2014-09-18T11:19:57","guid":{"rendered":"http:\/\/agora.xtec.cat\/esc-merce-pla\/?page_id=22"},"modified":"2020-10-01T17:28:48","modified_gmt":"2020-10-01T15:28:48","slug":"lescola","status":"publish","type":"page","link":"https:\/\/agora.xtec.cat\/esc-merce-pla\/lescola\/","title":{"rendered":"L&#8217;escola"},"content":{"rendered":"<p><a href=\"https:\/\/agora.xtec.cat\/esc-merce-pla\/wp-content\/uploads\/usu552\/2020\/10\/IMG_20201001_153045-1-e1601565851174.jpg\"><img loading=\"lazy\" decoding=\"async\" class=\"aligncenter wp-image-3037 size-large\" src=\"https:\/\/agora.xtec.cat\/esc-merce-pla\/wp-content\/uploads\/usu552\/2020\/10\/IMG_20201001_153045-1-e1601565906731-1024x302.jpg\" alt=\"\" width=\"1024\" height=\"302\" srcset=\"https:\/\/agora.xtec.cat\/esc-merce-pla\/wp-content\/uploads\/usu552\/2020\/10\/IMG_20201001_153045-1-e1601565906731-1024x302.jpg 1024w, https:\/\/agora.xtec.cat\/esc-merce-pla\/wp-content\/uploads\/usu552\/2020\/10\/IMG_20201001_153045-1-e1601565906731-300x88.jpg 300w, https:\/\/agora.xtec.cat\/esc-merce-pla\/wp-content\/uploads\/usu552\/2020\/10\/IMG_20201001_153045-1-e1601565906731-768x226.jpg 768w\" sizes=\"auto, (max-width: 1024px) 100vw, 1024px\" \/><\/a><\/p>\n<p><span style=\"font-weight: 400;\">L\u2019Escola d\u2019Educaci\u00f3 Especial Verge de la Cinta \u00e9s servei de la Fundaci\u00f3 Merc\u00e8 Pla, concertat pel Departament d\u2019Ensenyament de la Generalitat de Catalunya que at\u00e9n alumnes amb necessitats educatives especials derivades de limitacions severes i profundes del funcionament intel\u00b7lectual i de la conducta adaptativa, que requereixen mesures i suports que no es poden oferir en centres ordinaris aix\u00ed com limitacions en la major part de les habilitats adaptatives: comunicaci\u00f3, cura pr\u00f2pia, vida a casa, habilitats socials, \u00fas de la comunitat, autodeterminaci\u00f3, salut i seguretat, continguts escolars funcionals, oci i treball.<\/span><\/p>\n<p style=\"text-align: center;\"><a href=\"https:\/\/agora.xtec.cat\/esc-merce-pla\/wp-content\/uploads\/usu552\/2020\/10\/IMG_20201001_153222-e1601565990381.jpg\"><img loading=\"lazy\" decoding=\"async\" class=\"aligncenter wp-image-3041 \" src=\"https:\/\/agora.xtec.cat\/esc-merce-pla\/wp-content\/uploads\/usu552\/2020\/10\/IMG_20201001_153222-e1601565990381-1024x535.jpg\" alt=\"\" width=\"587\" height=\"307\" srcset=\"https:\/\/agora.xtec.cat\/esc-merce-pla\/wp-content\/uploads\/usu552\/2020\/10\/IMG_20201001_153222-e1601565990381-1024x535.jpg 1024w, https:\/\/agora.xtec.cat\/esc-merce-pla\/wp-content\/uploads\/usu552\/2020\/10\/IMG_20201001_153222-e1601565990381-300x157.jpg 300w, https:\/\/agora.xtec.cat\/esc-merce-pla\/wp-content\/uploads\/usu552\/2020\/10\/IMG_20201001_153222-e1601565990381-768x401.jpg 768w\" sizes=\"auto, (max-width: 587px) 100vw, 587px\" \/><\/a><\/p>\n<p style=\"text-align: center;\">\n","protected":false},"excerpt":{"rendered":"<p><a href=\"https:\/\/agora.xtec.cat\/esc-merce-pla\/wp-content\/uploads\/usu552\/2020\/10\/IMG_20201001_153045-1-e1601565851174.jpg\"><\/a><br \/>\nL\u2019Escola d\u2019Educaci\u00f3 Especial Verge de la Cinta \u00e9s servei de la Fundaci\u00f3 Merc\u00e8 Pla, concertat pel Departament d\u2019Ensenyament de la Generalitat de Catalunya que at\u00e9n alumnes amb necessitats educatives especials derivades de limitacions severes i profundes del funcionament intel\u00b7lectual i de la conducta adaptativa,&hellip;  <a href=\"https:\/\/agora.xtec.cat\/esc-merce-pla\/lescola\/\" title=\"Read L&#8217;escola\">Llegeix m\u00e9s\u00bb<\/a><\/p>\n","protected":false},"author":1,"featured_media":0,"parent":0,"menu_order":0,"comment_status":"closed","ping_status":"closed","template":"page-templates\/side-menu.php","meta":{"_bbp_topic_count":0,"_bbp_reply_count":0,"_bbp_total_topic_count":0,"_bbp_total_reply_count":0,"_bbp_voice_count":0,"_bbp_anonymous_reply_count":0,"_bbp_topic_count_hidden":0,"_bbp_reply_count_hidden":0,"_bbp_forum_subforum_count":0,"footnotes":""},"class_list":["post-22","page","type-page","status-publish","hentry"],"post_mailing_queue_ids":[],"_links":{"self":[{"href":"https:\/\/agora.xtec.cat\/esc-merce-pla\/wp-json\/wp\/v2\/pages\/22","targetHints":{"allow":["GET"]}}],"collection":[{"href":"https:\/\/agora.xtec.cat\/esc-merce-pla\/wp-json\/wp\/v2\/pages"}],"about":[{"href":"https:\/\/agora.xtec.cat\/esc-merce-pla\/wp-json\/wp\/v2\/types\/page"}],"author":[{"embeddable":true,"href":"https:\/\/agora.xtec.cat\/esc-merce-pla\/wp-json\/wp\/v2\/users\/1"}],"replies":[{"embeddable":true,"href":"https:\/\/agora.xtec.cat\/esc-merce-pla\/wp-json\/wp\/v2\/comments?post=22"}],"version-history":[{"count":4,"href":"https:\/\/agora.xtec.cat\/esc-merce-pla\/wp-json\/wp\/v2\/pages\/22\/revisions"}],"predecessor-version":[{"id":3056,"href":"https:\/\/agora.xtec.cat\/esc-merce-pla\/wp-json\/wp\/v2\/pages\/22\/revisions\/3056"}],"wp:attachment":[{"href":"https:\/\/agora.xtec.cat\/esc-merce-pla\/wp-json\/wp\/v2\/media?parent=22"}],"curies":[{"name":"wp","href":"https:\/\/api.w.org\/{rel}","templated":true}]}}