{"id":1267,"date":"2019-11-13T12:28:54","date_gmt":"2019-11-13T11:28:54","guid":{"rendered":"https:\/\/agora.xtec.cat\/esc-merce-pla\/?page_id=1267"},"modified":"2025-09-04T17:14:17","modified_gmt":"2025-09-04T15:14:17","slug":"transport","status":"publish","type":"page","link":"https:\/\/agora.xtec.cat\/esc-merce-pla\/serveis\/transport\/","title":{"rendered":"Transport"},"content":{"rendered":"<p style=\"text-align: justify;\"><span style=\"font-weight: 400;\">El transport escolar del nostre centre \u00e9s gestionat pel Consell Comarcal i subvencionat a trav\u00e9s de les beques de transport que d\u00f3na el Departament d\u2019Educaci\u00f3, no representant cap cost econ\u00f2mic per a les fam\u00edlies. <\/span><\/p>\n<p style=\"text-align: justify;\">El servei es fa mitjan\u00e7ant autobusos i\/o taxis, disposant de diverses l\u00ednies que recullen els alumnes a les diferents parades de les poblacions de la comarca del Baix Ebre. El servei disposa de l\u2019assist\u00e8ncia de monitors\/es encarregats\/es d\u2019acompanyar a l\u2019alumnat durant el trajecte. En el cas que un alumne\/a tingui problemes d\u2019accessibilitat el transport utilitzat estar\u00e0 adaptat per a les seves necessitats.<\/p>\n<p style=\"text-align: justify;\">Les l\u00ednies d\u2019autob\u00fas que disposem s\u00f3n les seg\u00fcents, podeu consultar els horaris i parades als seg\u00fcents enlla\u00e7os.<\/p>\n<p style=\"text-align: justify;\"><a href=\"https:\/\/drive.google.com\/file\/d\/1guTKb78SHSDWai-r_yToWL8l3I4VXwXr\/view?usp=sharing\" target=\"_blank\" rel=\"noopener\">L\u00cdNIA 20: Tortosa- Jes\u00fas- Remolins- Roquetes<\/a><br \/>\n<a href=\"https:\/\/drive.google.com\/drive\/folders\/1xkD2IRKtijZqkHQIEnREtCJs6jzM-TWM\" target=\"_blank\" rel=\"noopener\">L\u00cdNIA 21: Tortosa- L\u2019Atmetlla de Mar- El Perell\u00f3- L\u2019Ampolla<\/a><br \/>\n<a href=\"https:\/\/drive.google.com\/drive\/folders\/1xkD2IRKtijZqkHQIEnREtCJs6jzM-TWM\" target=\"_blank\" rel=\"noopener\">L\u00cdNIA 22: Deltebre- Camarles- L\u2019Aldea<\/a><br \/>\n<a href=\"https:\/\/drive.google.com\/drive\/folders\/1xkD2IRKtijZqkHQIEnREtCJs6jzM-TWM\" target=\"_blank\" rel=\"noopener\">L\u00cdNIA 23: Tortosa &#8211; Tortosa<\/a><\/p>\n<p style=\"text-align: justify;\">\n","protected":false},"excerpt":{"rendered":"<p>El transport escolar del nostre centre \u00e9s gestionat pel Consell Comarcal i subvencionat a trav\u00e9s de les beques de transport que d\u00f3na el Departament d\u2019Educaci\u00f3, no representant cap cost econ\u00f2mic per a les fam\u00edlies.<br \/>\nEl servei es fa mitjan\u00e7ant autobusos i\/o taxis, disposant de diverses&hellip;  <a href=\"https:\/\/agora.xtec.cat\/esc-merce-pla\/serveis\/transport\/\" title=\"Read Transport\">Llegeix m\u00e9s\u00bb<\/a><\/p>\n","protected":false},"author":1,"featured_media":0,"parent":1231,"menu_order":0,"comment_status":"closed","ping_status":"closed","template":"","meta":{"_bbp_topic_count":0,"_bbp_reply_count":0,"_bbp_total_topic_count":0,"_bbp_total_reply_count":0,"_bbp_voice_count":0,"_bbp_anonymous_reply_count":0,"_bbp_topic_count_hidden":0,"_bbp_reply_count_hidden":0,"_bbp_forum_subforum_count":0,"footnotes":""},"class_list":["post-1267","page","type-page","status-publish","hentry"],"post_mailing_queue_ids":[],"_links":{"self":[{"href":"https:\/\/agora.xtec.cat\/esc-merce-pla\/wp-json\/wp\/v2\/pages\/1267","targetHints":{"allow":["GET"]}}],"collection":[{"href":"https:\/\/agora.xtec.cat\/esc-merce-pla\/wp-json\/wp\/v2\/pages"}],"about":[{"href":"https:\/\/agora.xtec.cat\/esc-merce-pla\/wp-json\/wp\/v2\/types\/page"}],"author":[{"embeddable":true,"href":"https:\/\/agora.xtec.cat\/esc-merce-pla\/wp-json\/wp\/v2\/users\/1"}],"replies":[{"embeddable":true,"href":"https:\/\/agora.xtec.cat\/esc-merce-pla\/wp-json\/wp\/v2\/comments?post=1267"}],"version-history":[{"count":6,"href":"https:\/\/agora.xtec.cat\/esc-merce-pla\/wp-json\/wp\/v2\/pages\/1267\/revisions"}],"predecessor-version":[{"id":14195,"href":"https:\/\/agora.xtec.cat\/esc-merce-pla\/wp-json\/wp\/v2\/pages\/1267\/revisions\/14195"}],"up":[{"embeddable":true,"href":"https:\/\/agora.xtec.cat\/esc-merce-pla\/wp-json\/wp\/v2\/pages\/1231"}],"wp:attachment":[{"href":"https:\/\/agora.xtec.cat\/esc-merce-pla\/wp-json\/wp\/v2\/media?parent=1267"}],"curies":[{"name":"wp","href":"https:\/\/api.w.org\/{rel}","templated":true}]}}