{"id":1135,"date":"2019-11-06T15:31:47","date_gmt":"2019-11-06T14:31:47","guid":{"rendered":"https:\/\/agora.xtec.cat\/esc-merce-pla\/?page_id=1135"},"modified":"2023-05-30T12:03:10","modified_gmt":"2023-05-30T10:03:10","slug":"projecte-de-convivencia","status":"publish","type":"page","link":"https:\/\/agora.xtec.cat\/esc-merce-pla\/documents-de-centre\/projecte-de-convivencia\/","title":{"rendered":"PdC"},"content":{"rendered":"<p>El Projecte de conviv\u00e8ncia ha de reflectir les accions que el centre educatiu desenvolupi per capacitar tots els alumnes i la resta de la comunitat escolar per a la conviv\u00e8ncia i la gesti\u00f3 positiva dels conflictes.<\/p>\n<p>Les accions que s\u2019hi proposen poden ser abordades des de\u00a0<strong>tres nivells diferents: valors i actituds, resoluci\u00f3 de conflictes i el marc organitzatiu<\/strong>. Aix\u00ed mateix, aquestes accions han d\u2019anar adre\u00e7ades a la millora de la conviv\u00e8ncia en\u00a0<strong>tres \u00e0mbits diferents,<\/strong>\u00a0<strong>aula, centre i entorn<\/strong>, en el benent\u00e8s que la permeabilitat entre aquests tres \u00e0mbits d&#8217;intervenci\u00f3 afavoreix la transfer\u00e8ncia d&#8217;aprenentatges, valors, actituds i h\u00e0bits relacionals.<\/p>\n<p style=\"text-align: center;\"><a href=\"https:\/\/agora.xtec.cat\/esc-merce-pla\/wp-content\/uploads\/usu552\/2023\/05\/PROJECTE-DE-CONVIVENCIA-CEE-VERGE-DE-LA-CINTA.pdf\" target=\"_blank\" rel=\"noopener\"><img loading=\"lazy\" decoding=\"async\" class=\"alignnone size-thumbnail wp-image-10702\" src=\"https:\/\/agora.xtec.cat\/esc-merce-pla\/wp-content\/uploads\/usu552\/2023\/05\/PDF_file_icon.svg_-150x150.png\" alt=\"\" width=\"150\" height=\"150\" \/><\/a><\/p>\n<p style=\"text-align: center;\"><a href=\"https:\/\/agora.xtec.cat\/esc-merce-pla\/wp-content\/uploads\/usu552\/2023\/05\/PROJECTE-DE-CONVIVENCIA-CEE-VERGE-DE-LA-CINTA.pdf\" target=\"_blank\" rel=\"noopener\">PROJECTE DE CONVIV\u00c8NCIA ESCOLA MERC\u00c8 PLA<\/a><\/p>\n<p>&nbsp;<\/p>\n","protected":false},"excerpt":{"rendered":"<p>El Projecte de conviv\u00e8ncia ha de reflectir les accions que el centre educatiu desenvolupi per capacitar tots els alumnes i la resta de la comunitat escolar per a la conviv\u00e8ncia i la gesti\u00f3 positiva dels conflictes.<br \/>\nLes accions que s\u2019hi proposen poden ser abordades des de\u00a0tres&hellip;  <a href=\"https:\/\/agora.xtec.cat\/esc-merce-pla\/documents-de-centre\/projecte-de-convivencia\/\" title=\"Read PdC\">Llegeix m\u00e9s\u00bb<\/a><\/p>\n","protected":false},"author":1,"featured_media":0,"parent":1128,"menu_order":20,"comment_status":"closed","ping_status":"closed","template":"","meta":{"_bbp_topic_count":0,"_bbp_reply_count":0,"_bbp_total_topic_count":0,"_bbp_total_reply_count":0,"_bbp_voice_count":0,"_bbp_anonymous_reply_count":0,"_bbp_topic_count_hidden":0,"_bbp_reply_count_hidden":0,"_bbp_forum_subforum_count":0,"footnotes":""},"class_list":["post-1135","page","type-page","status-publish","hentry"],"post_mailing_queue_ids":[],"_links":{"self":[{"href":"https:\/\/agora.xtec.cat\/esc-merce-pla\/wp-json\/wp\/v2\/pages\/1135","targetHints":{"allow":["GET"]}}],"collection":[{"href":"https:\/\/agora.xtec.cat\/esc-merce-pla\/wp-json\/wp\/v2\/pages"}],"about":[{"href":"https:\/\/agora.xtec.cat\/esc-merce-pla\/wp-json\/wp\/v2\/types\/page"}],"author":[{"embeddable":true,"href":"https:\/\/agora.xtec.cat\/esc-merce-pla\/wp-json\/wp\/v2\/users\/1"}],"replies":[{"embeddable":true,"href":"https:\/\/agora.xtec.cat\/esc-merce-pla\/wp-json\/wp\/v2\/comments?post=1135"}],"version-history":[{"count":3,"href":"https:\/\/agora.xtec.cat\/esc-merce-pla\/wp-json\/wp\/v2\/pages\/1135\/revisions"}],"predecessor-version":[{"id":10732,"href":"https:\/\/agora.xtec.cat\/esc-merce-pla\/wp-json\/wp\/v2\/pages\/1135\/revisions\/10732"}],"up":[{"embeddable":true,"href":"https:\/\/agora.xtec.cat\/esc-merce-pla\/wp-json\/wp\/v2\/pages\/1128"}],"wp:attachment":[{"href":"https:\/\/agora.xtec.cat\/esc-merce-pla\/wp-json\/wp\/v2\/media?parent=1135"}],"curies":[{"name":"wp","href":"https:\/\/api.w.org\/{rel}","templated":true}]}}