{"id":1133,"date":"2019-11-06T15:31:24","date_gmt":"2019-11-06T14:31:24","guid":{"rendered":"https:\/\/agora.xtec.cat\/esc-merce-pla\/?page_id=1133"},"modified":"2023-05-30T11:58:48","modified_gmt":"2023-05-30T09:58:48","slug":"pec","status":"publish","type":"page","link":"https:\/\/agora.xtec.cat\/esc-merce-pla\/documents-de-centre\/pec\/","title":{"rendered":"PEC"},"content":{"rendered":"<p><strong>El projecte educatiu de centre<\/strong> (PEC) \u00e9s un document que inclou els trets d&#8217;identitat del centre, els principis pedag\u00f2gics, els principis organitzatius i el projecte ling\u00fc\u00edstic.<\/p>\n<p>En aquest document s&#8217;especifiquen els valors, els objectius i les prioritats d&#8217;actuaci\u00f3 del centre, la concreci\u00f3 dels curr\u00edculums que s&#8217;imparteixen i el tractament transversal en les \u00e0rees, mat\u00e8ries o m\u00f2duls de l&#8217;educaci\u00f3 en valors i altres ensenyaments.<\/p>\n<p>El PEC \u00e9s el document que defineix com funciona un centre educatiu. Inclou els principis rectors que el diferencien d&#8217;altres centres, adaptats a la realitat de l&#8217;entorn del seu alumnat i d&#8217;acord amb les conviccions pedag\u00f2giques dels seus docents; explicita les l\u00ednies d&#8217;atenci\u00f3 a la diversitat i els objectius a mitj\u00e0 termini; desglossa les l\u00ednies mestres d&#8217;organitzaci\u00f3, que es concretaran al projecte curricular de centre i als horaris i assignacions de grups de cada curs i distribueix funcions entre els membres de la comunitat educativa. Aquest document \u00e9s la base de les programacions dels professors i de qualsevol actuaci\u00f3 singular que es vulgui dur a terme a l&#8217;escola i \u00e9s objecte d&#8217;inspecci\u00f3 per part de l&#8217;administraci\u00f3.<\/p>\n<p style=\"text-align: center;\"><a href=\"https:\/\/agora.xtec.cat\/esc-merce-pla\/wp-content\/uploads\/usu552\/2023\/05\/PEC-VERGE-DE-LA-CINTA-2021.pdf\" target=\"_blank\" rel=\"noopener\"><img loading=\"lazy\" decoding=\"async\" class=\"alignnone size-thumbnail wp-image-10702\" src=\"https:\/\/agora.xtec.cat\/esc-merce-pla\/wp-content\/uploads\/usu552\/2023\/05\/PDF_file_icon.svg_-150x150.png\" alt=\"\" width=\"150\" height=\"150\" \/><\/a><\/p>\n<p style=\"text-align: center;\"><a href=\"https:\/\/agora.xtec.cat\/esc-merce-pla\/wp-content\/uploads\/usu552\/2023\/05\/PEC-VERGE-DE-LA-CINTA-2021.pdf\">PEC ESCOLA MERC\u00c8 PLA<\/a><\/p>\n<p>&nbsp;<\/p>\n","protected":false},"excerpt":{"rendered":"<p>El projecte educatiu de centre (PEC) \u00e9s un document que inclou els trets d&#8217;identitat del centre, els principis pedag\u00f2gics, els principis organitzatius i el projecte ling\u00fc\u00edstic.<br \/>\nEn aquest document s&#8217;especifiquen els valors, els objectius i les prioritats d&#8217;actuaci\u00f3 del centre, la concreci\u00f3 dels curr\u00edculums que s&#8217;imparteixen&hellip;  <a href=\"https:\/\/agora.xtec.cat\/esc-merce-pla\/documents-de-centre\/pec\/\" title=\"Read PEC\">Llegeix m\u00e9s\u00bb<\/a><\/p>\n","protected":false},"author":1,"featured_media":0,"parent":1128,"menu_order":5,"comment_status":"closed","ping_status":"closed","template":"","meta":{"_bbp_topic_count":0,"_bbp_reply_count":0,"_bbp_total_topic_count":0,"_bbp_total_reply_count":0,"_bbp_voice_count":0,"_bbp_anonymous_reply_count":0,"_bbp_topic_count_hidden":0,"_bbp_reply_count_hidden":0,"_bbp_forum_subforum_count":0,"footnotes":""},"class_list":["post-1133","page","type-page","status-publish","hentry"],"post_mailing_queue_ids":[],"_links":{"self":[{"href":"https:\/\/agora.xtec.cat\/esc-merce-pla\/wp-json\/wp\/v2\/pages\/1133","targetHints":{"allow":["GET"]}}],"collection":[{"href":"https:\/\/agora.xtec.cat\/esc-merce-pla\/wp-json\/wp\/v2\/pages"}],"about":[{"href":"https:\/\/agora.xtec.cat\/esc-merce-pla\/wp-json\/wp\/v2\/types\/page"}],"author":[{"embeddable":true,"href":"https:\/\/agora.xtec.cat\/esc-merce-pla\/wp-json\/wp\/v2\/users\/1"}],"replies":[{"embeddable":true,"href":"https:\/\/agora.xtec.cat\/esc-merce-pla\/wp-json\/wp\/v2\/comments?post=1133"}],"version-history":[{"count":4,"href":"https:\/\/agora.xtec.cat\/esc-merce-pla\/wp-json\/wp\/v2\/pages\/1133\/revisions"}],"predecessor-version":[{"id":10730,"href":"https:\/\/agora.xtec.cat\/esc-merce-pla\/wp-json\/wp\/v2\/pages\/1133\/revisions\/10730"}],"up":[{"embeddable":true,"href":"https:\/\/agora.xtec.cat\/esc-merce-pla\/wp-json\/wp\/v2\/pages\/1128"}],"wp:attachment":[{"href":"https:\/\/agora.xtec.cat\/esc-merce-pla\/wp-json\/wp\/v2\/media?parent=1133"}],"curies":[{"name":"wp","href":"https:\/\/api.w.org\/{rel}","templated":true}]}}