{"id":1131,"date":"2019-11-06T15:30:35","date_gmt":"2019-11-06T14:30:35","guid":{"rendered":"https:\/\/agora.xtec.cat\/esc-merce-pla\/?page_id=1131"},"modified":"2023-05-30T12:00:56","modified_gmt":"2023-05-30T10:00:56","slug":"nofc","status":"publish","type":"page","link":"https:\/\/agora.xtec.cat\/esc-merce-pla\/documents-de-centre\/nofc\/","title":{"rendered":"NOFC"},"content":{"rendered":"<p><strong>Les normes d\u2019organitzaci\u00f3 i funcionament de centre<\/strong> (NOFC) apleguen el conjunt d\u2019acords i decisions d\u2019organitzaci\u00f3 i de funcionament que adoptem per fer possible, en el dia a dia, el treball educatiu i de gesti\u00f3 que ens ha de permetre assolir els objectius proposats en el projecte educatiu del centre i en la programaci\u00f3 anual.<\/p>\n<p>S\u00f3n una eina per regular la vida interna de l\u2019escola i establir les relacions entre els diferents sectors de la comunitat educativa. Serveixen per garantir la conviv\u00e8ncia, considerant els drets i deures de tots els membres integrants i el bon funcionament del centre.<\/p>\n<p>El NOFC ha estat elaborat per l\u2019Equip Directiu amb l\u2019aportaci\u00f3 de criteris i propostes per part del claustre i amb el suport del Consell Escolar, d\u2019acord amb la normativa vigent.<\/p>\n<p>Aix\u00ed doncs, aquest document \u00e9s l\u2019instrument regulador de la vida interna del centre, que concreta els seg\u00fcents fonaments:<br \/>\n1- les relacions entre els diferents sectors que formen part de la comunitat educativa.<br \/>\n2- plasma normes i\/o pautes a seguir per tots\/es aquells\/es que participen en el proc\u00e9s educatiu dels alumnes del centre.<br \/>\n3- garanteix, al mateix temps, els drets i deures que la legislaci\u00f3 vigent preveu.<\/p>\n<p align=\"justify\"><strong>Normativa reguladora<\/strong><\/p>\n<p align=\"justify\"><sup>\u2013 Llei Org\u00e0nica 2\/2006, de 3 de maig, d\u2019Educaci\u00f3.<\/sup><\/p>\n<p><sup>\u2013 Llei Org\u00e0nica 12\/2009, del 10 de juliol, d\u2019Educaci\u00f3.\u00a0<\/sup><\/p>\n<p style=\"text-align: center;\"><a href=\"https:\/\/agora.xtec.cat\/esc-merce-pla\/wp-content\/uploads\/usu552\/2023\/05\/NOFC-ESCOLA-VERGE-DE-LA-CINTA.pdf\" target=\"_blank\" rel=\"noopener\"><img loading=\"lazy\" decoding=\"async\" class=\"alignnone size-thumbnail wp-image-10702\" src=\"https:\/\/agora.xtec.cat\/esc-merce-pla\/wp-content\/uploads\/usu552\/2023\/05\/PDF_file_icon.svg_-150x150.png\" alt=\"\" width=\"150\" height=\"150\" \/><\/a><\/p>\n<p style=\"text-align: center;\"><a href=\"https:\/\/agora.xtec.cat\/esc-merce-pla\/wp-content\/uploads\/usu552\/2023\/05\/NOFC-ESCOLA-VERGE-DE-LA-CINTA.pdf\" target=\"_blank\" rel=\"noopener\">NOFC ESCOLA MERC\u00c8 PLA<\/a><\/p>\n","protected":false},"excerpt":{"rendered":"<p>Les normes d\u2019organitzaci\u00f3 i funcionament de centre (NOFC) apleguen el conjunt d\u2019acords i decisions d\u2019organitzaci\u00f3 i de funcionament que adoptem per fer possible, en el dia a dia, el treball educatiu i de gesti\u00f3 que ens ha de permetre assolir els objectius proposats en el&hellip;  <a href=\"https:\/\/agora.xtec.cat\/esc-merce-pla\/documents-de-centre\/nofc\/\" title=\"Read NOFC\">Llegeix m\u00e9s\u00bb<\/a><\/p>\n","protected":false},"author":1,"featured_media":0,"parent":1128,"menu_order":1,"comment_status":"closed","ping_status":"closed","template":"","meta":{"_bbp_topic_count":0,"_bbp_reply_count":0,"_bbp_total_topic_count":0,"_bbp_total_reply_count":0,"_bbp_voice_count":0,"_bbp_anonymous_reply_count":0,"_bbp_topic_count_hidden":0,"_bbp_reply_count_hidden":0,"_bbp_forum_subforum_count":0,"footnotes":""},"class_list":["post-1131","page","type-page","status-publish","hentry"],"post_mailing_queue_ids":[],"_links":{"self":[{"href":"https:\/\/agora.xtec.cat\/esc-merce-pla\/wp-json\/wp\/v2\/pages\/1131","targetHints":{"allow":["GET"]}}],"collection":[{"href":"https:\/\/agora.xtec.cat\/esc-merce-pla\/wp-json\/wp\/v2\/pages"}],"about":[{"href":"https:\/\/agora.xtec.cat\/esc-merce-pla\/wp-json\/wp\/v2\/types\/page"}],"author":[{"embeddable":true,"href":"https:\/\/agora.xtec.cat\/esc-merce-pla\/wp-json\/wp\/v2\/users\/1"}],"replies":[{"embeddable":true,"href":"https:\/\/agora.xtec.cat\/esc-merce-pla\/wp-json\/wp\/v2\/comments?post=1131"}],"version-history":[{"count":3,"href":"https:\/\/agora.xtec.cat\/esc-merce-pla\/wp-json\/wp\/v2\/pages\/1131\/revisions"}],"predecessor-version":[{"id":10731,"href":"https:\/\/agora.xtec.cat\/esc-merce-pla\/wp-json\/wp\/v2\/pages\/1131\/revisions\/10731"}],"up":[{"embeddable":true,"href":"https:\/\/agora.xtec.cat\/esc-merce-pla\/wp-json\/wp\/v2\/pages\/1128"}],"wp:attachment":[{"href":"https:\/\/agora.xtec.cat\/esc-merce-pla\/wp-json\/wp\/v2\/media?parent=1131"}],"curies":[{"name":"wp","href":"https:\/\/api.w.org\/{rel}","templated":true}]}}