{"id":1128,"date":"2019-11-06T15:29:55","date_gmt":"2019-11-06T14:29:55","guid":{"rendered":"https:\/\/agora.xtec.cat\/esc-merce-pla\/?page_id=1128"},"modified":"2020-10-22T13:56:16","modified_gmt":"2020-10-22T11:56:16","slug":"documents-de-centre","status":"publish","type":"page","link":"https:\/\/agora.xtec.cat\/esc-merce-pla\/documents-de-centre\/","title":{"rendered":"Documents de centre"},"content":{"rendered":"<p style=\"text-align: justify;\">Els documents de centre ens permeten organitzar l&#8217;escola per donar resposta a totes les necessitats normatives, organitzatives i pedag\u00f2giques.<\/p>\n<p style=\"text-align: justify;\">Aquests documents estan el\u00b7laborats, seguint les pautes marcades pel Departament d&#8217;Educaci\u00f3,\u00a0 per l&#8217;Equip Directiu en col\u00b7laboraci\u00f3 amb el Claustre sent aprovades pel Consell Escolar. Hi ha documents que han de ser p\u00fablics per a poder ser consultats per tota la comunitat educativa i altres son d&#8217;\u00fas intern de l&#8217;escola.<\/p>\n<p>&nbsp;<\/p>\n","protected":false},"excerpt":{"rendered":"<p>Els documents de centre ens permeten organitzar l&#8217;escola per donar resposta a totes les necessitats normatives, organitzatives i pedag\u00f2giques.<br \/>\nAquests documents estan el\u00b7laborats, seguint les pautes marcades pel Departament d&#8217;Educaci\u00f3,\u00a0 per l&#8217;Equip Directiu en col\u00b7laboraci\u00f3 amb el Claustre sent aprovades pel Consell Escolar. Hi ha documents&hellip;  <a href=\"https:\/\/agora.xtec.cat\/esc-merce-pla\/documents-de-centre\/\" title=\"Read Documents de centre\">Llegeix m\u00e9s\u00bb<\/a><\/p>\n","protected":false},"author":1,"featured_media":0,"parent":0,"menu_order":50,"comment_status":"closed","ping_status":"closed","template":"page-templates\/side-menu.php","meta":{"_bbp_topic_count":0,"_bbp_reply_count":0,"_bbp_total_topic_count":0,"_bbp_total_reply_count":0,"_bbp_voice_count":0,"_bbp_anonymous_reply_count":0,"_bbp_topic_count_hidden":0,"_bbp_reply_count_hidden":0,"_bbp_forum_subforum_count":0,"footnotes":""},"class_list":["post-1128","page","type-page","status-publish","hentry"],"post_mailing_queue_ids":[],"_links":{"self":[{"href":"https:\/\/agora.xtec.cat\/esc-merce-pla\/wp-json\/wp\/v2\/pages\/1128","targetHints":{"allow":["GET"]}}],"collection":[{"href":"https:\/\/agora.xtec.cat\/esc-merce-pla\/wp-json\/wp\/v2\/pages"}],"about":[{"href":"https:\/\/agora.xtec.cat\/esc-merce-pla\/wp-json\/wp\/v2\/types\/page"}],"author":[{"embeddable":true,"href":"https:\/\/agora.xtec.cat\/esc-merce-pla\/wp-json\/wp\/v2\/users\/1"}],"replies":[{"embeddable":true,"href":"https:\/\/agora.xtec.cat\/esc-merce-pla\/wp-json\/wp\/v2\/comments?post=1128"}],"version-history":[{"count":3,"href":"https:\/\/agora.xtec.cat\/esc-merce-pla\/wp-json\/wp\/v2\/pages\/1128\/revisions"}],"predecessor-version":[{"id":3183,"href":"https:\/\/agora.xtec.cat\/esc-merce-pla\/wp-json\/wp\/v2\/pages\/1128\/revisions\/3183"}],"wp:attachment":[{"href":"https:\/\/agora.xtec.cat\/esc-merce-pla\/wp-json\/wp\/v2\/media?parent=1128"}],"curies":[{"name":"wp","href":"https:\/\/api.w.org\/{rel}","templated":true}]}}