{"id":1124,"date":"2019-11-06T15:28:32","date_gmt":"2019-11-06T14:28:32","guid":{"rendered":"https:\/\/agora.xtec.cat\/esc-merce-pla\/?page_id=1124"},"modified":"2021-05-06T14:22:10","modified_gmt":"2021-05-06T12:22:10","slug":"projecte-de-comunicacio","status":"publish","type":"page","link":"https:\/\/agora.xtec.cat\/esc-merce-pla\/projecte-educatiu\/projecte-de-comunicacio\/","title":{"rendered":"Comunicaci\u00f3"},"content":{"rendered":"<p dir=\"ltr\" style=\"text-align: justify;\">Els Sistemes Augmentatius i Alternatius de Comunicaci\u00f3 (SAAC) s\u00f3n formes d\u2019expressi\u00f3 amb s\u00edmbols gr\u00e0fics o gestuals, diferents al llenguatge parlat, que tenen com a objectiu augmentar i\/o compensar les dificultats de comunicaci\u00f3 i llenguatge de moltes persones amb diversitat funcional.<\/p>\n<p dir=\"ltr\" style=\"text-align: justify;\">\u00a0 \u00a0 \u00a0 \u00a0 \u00a0 \u00a0 \u00a0 \u00a0 \u00a0 \u00a0 \u00a0 \u00a0<a href=\"https:\/\/agora.xtec.cat\/esc-merce-pla\/wp-content\/uploads\/usu552\/2021\/05\/DSC_2049_resize.jpg\">\u00a0 <img loading=\"lazy\" decoding=\"async\" class=\"alignnone size-medium wp-image-5259\" src=\"https:\/\/agora.xtec.cat\/esc-merce-pla\/wp-content\/uploads\/usu552\/2021\/05\/DSC_2049_resize-300x200.jpg\" alt=\"\" width=\"300\" height=\"200\" srcset=\"https:\/\/agora.xtec.cat\/esc-merce-pla\/wp-content\/uploads\/usu552\/2021\/05\/DSC_2049_resize-300x200.jpg 300w, https:\/\/agora.xtec.cat\/esc-merce-pla\/wp-content\/uploads\/usu552\/2021\/05\/DSC_2049_resize-768x512.jpg 768w, https:\/\/agora.xtec.cat\/esc-merce-pla\/wp-content\/uploads\/usu552\/2021\/05\/DSC_2049_resize-1024x682.jpg 1024w, https:\/\/agora.xtec.cat\/esc-merce-pla\/wp-content\/uploads\/usu552\/2021\/05\/DSC_2049_resize.jpg 1181w\" sizes=\"auto, (max-width: 300px) 100vw, 300px\" \/> \u00a0<\/a> \u00a0 \u00a0 \u00a0 \u00a0 \u00a0 \u00a0 \u00a0 \u00a0 \u00a0 \u00a0 \u00a0 \u00a0 \u00a0 \u00a0<a href=\"https:\/\/agora.xtec.cat\/esc-merce-pla\/wp-content\/uploads\/usu552\/2021\/05\/DSC_2713_resize.jpg\"><img loading=\"lazy\" decoding=\"async\" class=\"alignnone size-medium wp-image-5261\" src=\"https:\/\/agora.xtec.cat\/esc-merce-pla\/wp-content\/uploads\/usu552\/2021\/05\/DSC_2713_resize-300x200.jpg\" alt=\"\" width=\"300\" height=\"200\" srcset=\"https:\/\/agora.xtec.cat\/esc-merce-pla\/wp-content\/uploads\/usu552\/2021\/05\/DSC_2713_resize-300x200.jpg 300w, https:\/\/agora.xtec.cat\/esc-merce-pla\/wp-content\/uploads\/usu552\/2021\/05\/DSC_2713_resize-768x512.jpg 768w, https:\/\/agora.xtec.cat\/esc-merce-pla\/wp-content\/uploads\/usu552\/2021\/05\/DSC_2713_resize-1024x682.jpg 1024w, https:\/\/agora.xtec.cat\/esc-merce-pla\/wp-content\/uploads\/usu552\/2021\/05\/DSC_2713_resize.jpg 1181w\" sizes=\"auto, (max-width: 300px) 100vw, 300px\" \/> \u00a0 <\/a>\u00a0 \u00a0 \u00a0 \u00a0\u00a0 \u00a0\u00a0 \u00a0\u00a0 \u00a0\u00a0 \u00a0\u00a0 \u00a0\u00a0 \u00a0\u00a0 \u00a0<a href=\"https:\/\/agora.xtec.cat\/esc-merce-pla\/wp-content\/uploads\/usu552\/2021\/05\/DSC_2715_resize.jpg\"><img loading=\"lazy\" decoding=\"async\" class=\"alignnone size-medium wp-image-5262\" src=\"https:\/\/agora.xtec.cat\/esc-merce-pla\/wp-content\/uploads\/usu552\/2021\/05\/DSC_2715_resize-300x200.jpg\" alt=\"\" width=\"300\" height=\"200\" srcset=\"https:\/\/agora.xtec.cat\/esc-merce-pla\/wp-content\/uploads\/usu552\/2021\/05\/DSC_2715_resize-300x200.jpg 300w, https:\/\/agora.xtec.cat\/esc-merce-pla\/wp-content\/uploads\/usu552\/2021\/05\/DSC_2715_resize-768x512.jpg 768w, https:\/\/agora.xtec.cat\/esc-merce-pla\/wp-content\/uploads\/usu552\/2021\/05\/DSC_2715_resize-1024x682.jpg 1024w, https:\/\/agora.xtec.cat\/esc-merce-pla\/wp-content\/uploads\/usu552\/2021\/05\/DSC_2715_resize.jpg 1181w\" sizes=\"auto, (max-width: 300px) 100vw, 300px\" \/><\/a><\/p>\n<p dir=\"ltr\" style=\"text-align: justify;\">Inclouen recursos tecnol\u00f2gics, com els comunicadors de parla artificial o els ordinadors personals i tablets amb programes espec\u00edfics, que permeten diferents formes d\u2019acc\u00e9s en funci\u00f3 de la mobilitat de cadasc\u00fa. Tamb\u00e9 poden consistir en recursos no tecnol\u00f2gics, com per exemple els taulers f\u00edsics o els llibres de comunicaci\u00f3.<\/p>\n<p dir=\"ltr\" style=\"text-align: justify;\">La comissi\u00f3 de comunicaci\u00f3 de l\u2019escola est\u00e0 format per un equip interdisciplinar -constitu\u00eft per la logopeda, 2 professors- que s\u2019encarrega de portar un seguiment individualitzat de les necessitats comunicatives dels m\u00e9s de 20 alumnes del centre que requereixen d\u2019algun tipus de SAAC per a comunicar-se. Per una banda, cada component de la comissi\u00f3 t\u00e9 assignats uns determinats alumnes i d\u00f3na suport, al tutor d\u2019aquests, en l\u2019avaluaci\u00f3 inicial i en el seguiment de cada cas. Per\u00a0 l\u2019altra, cada quinze dies es reuneix l\u2019equip interdisciplinar per tal de valorar els progressos observats, i determinar les reorientacions convenients i necess\u00e0ries per incrementar les compet\u00e8ncies comunicatives dels alumnes en q\u00fcesti\u00f3.<\/p>\n","protected":false},"excerpt":{"rendered":"<p>Els Sistemes Augmentatius i Alternatius de Comunicaci\u00f3 (SAAC) s\u00f3n formes d\u2019expressi\u00f3 amb s\u00edmbols gr\u00e0fics o gestuals, diferents al llenguatge parlat, que tenen com a objectiu augmentar i\/o compensar les dificultats de comunicaci\u00f3 i llenguatge de moltes persones amb diversitat funcional.<br \/>\n\u00a0 \u00a0 \u00a0 \u00a0 \u00a0 \u00a0&hellip;  <a href=\"https:\/\/agora.xtec.cat\/esc-merce-pla\/projecte-educatiu\/projecte-de-comunicacio\/\" title=\"Read Comunicaci\u00f3\">Llegeix m\u00e9s\u00bb<\/a><\/p>\n","protected":false},"author":1,"featured_media":0,"parent":64,"menu_order":30,"comment_status":"closed","ping_status":"closed","template":"","meta":{"_bbp_topic_count":0,"_bbp_reply_count":0,"_bbp_total_topic_count":0,"_bbp_total_reply_count":0,"_bbp_voice_count":0,"_bbp_anonymous_reply_count":0,"_bbp_topic_count_hidden":0,"_bbp_reply_count_hidden":0,"_bbp_forum_subforum_count":0,"footnotes":""},"class_list":["post-1124","page","type-page","status-publish","hentry"],"post_mailing_queue_ids":[],"_links":{"self":[{"href":"https:\/\/agora.xtec.cat\/esc-merce-pla\/wp-json\/wp\/v2\/pages\/1124","targetHints":{"allow":["GET"]}}],"collection":[{"href":"https:\/\/agora.xtec.cat\/esc-merce-pla\/wp-json\/wp\/v2\/pages"}],"about":[{"href":"https:\/\/agora.xtec.cat\/esc-merce-pla\/wp-json\/wp\/v2\/types\/page"}],"author":[{"embeddable":true,"href":"https:\/\/agora.xtec.cat\/esc-merce-pla\/wp-json\/wp\/v2\/users\/1"}],"replies":[{"embeddable":true,"href":"https:\/\/agora.xtec.cat\/esc-merce-pla\/wp-json\/wp\/v2\/comments?post=1124"}],"version-history":[{"count":5,"href":"https:\/\/agora.xtec.cat\/esc-merce-pla\/wp-json\/wp\/v2\/pages\/1124\/revisions"}],"predecessor-version":[{"id":5263,"href":"https:\/\/agora.xtec.cat\/esc-merce-pla\/wp-json\/wp\/v2\/pages\/1124\/revisions\/5263"}],"up":[{"embeddable":true,"href":"https:\/\/agora.xtec.cat\/esc-merce-pla\/wp-json\/wp\/v2\/pages\/64"}],"wp:attachment":[{"href":"https:\/\/agora.xtec.cat\/esc-merce-pla\/wp-json\/wp\/v2\/media?parent=1124"}],"curies":[{"name":"wp","href":"https:\/\/api.w.org\/{rel}","templated":true}]}}