{"id":1120,"date":"2019-11-06T15:27:01","date_gmt":"2019-11-06T14:27:01","guid":{"rendered":"https:\/\/agora.xtec.cat\/esc-merce-pla\/?page_id=1120"},"modified":"2020-10-22T13:31:11","modified_gmt":"2020-10-22T11:31:11","slug":"snoezelen-2","status":"publish","type":"page","link":"https:\/\/agora.xtec.cat\/esc-merce-pla\/projecte-educatiu\/snoezelen-2\/","title":{"rendered":"Snoezelen"},"content":{"rendered":"<p style=\"text-align: justify;\"><span style=\"font-weight: 400;\">El concepte Snoezelen es defineix com una filosofia, un marc din\u00e0mic de propietat intel\u00b7lectual basat en una relaci\u00f3 sensible entre la persona atesa, l\u2019acompanyant i un ambient controlat, on poder oferir una multitud de possibilitats d\u2019estimulaci\u00f3 sensorial.<\/span><\/p>\n<p style=\"text-align: justify;\"><img loading=\"lazy\" decoding=\"async\" class=\"wp-image-1509 alignleft\" src=\"https:\/\/agora.xtec.cat\/esc-merce-pla\/wp-content\/uploads\/usu552\/2019\/12\/IMG_20190509_154633-1024x768.jpg\" alt=\"\" width=\"339\" height=\"255\" srcset=\"https:\/\/agora.xtec.cat\/esc-merce-pla\/wp-content\/uploads\/usu552\/2019\/12\/IMG_20190509_154633-1024x768.jpg 1024w, https:\/\/agora.xtec.cat\/esc-merce-pla\/wp-content\/uploads\/usu552\/2019\/12\/IMG_20190509_154633-300x225.jpg 300w, https:\/\/agora.xtec.cat\/esc-merce-pla\/wp-content\/uploads\/usu552\/2019\/12\/IMG_20190509_154633-768x576.jpg 768w, https:\/\/agora.xtec.cat\/esc-merce-pla\/wp-content\/uploads\/usu552\/2019\/12\/IMG_20190509_154633-200x150.jpg 200w\" sizes=\"auto, (max-width: 339px) 100vw, 339px\" \/><\/p>\n<p style=\"text-align: justify;\"><span style=\"font-weight: 400;\">Amb aquesta paraula fem refer\u00e8ncia a una intervenci\u00f3 global, destinada a proporcionar a les persones, est\u00edmuls sensorials que els faciliti una sensaci\u00f3 de benestar a partir de l\u2019estimulaci\u00f3 o relaxaci\u00f3, segons els objectius que es busquin.<\/span><\/p>\n<p style=\"text-align: justify;\"><span style=\"font-weight: 400;\">A finals dels anys 70, es desenvolupa tot el treball i la filosofia de la intervenci\u00f3 Snoezelen. El concepte engloba que el m\u00f3n on vivim \u00e9s una barreja de llum, sons, olors, gustos i experi\u00e8ncies t\u00e0ctils diverses. Sensacions a les que tenim acc\u00e9s a partir dels nostres \u00f2rgans sensorials: o\u00efda, ulls, nas, boca i pell. L\u2019espai Snoezelen t\u00e9 com a objectius el poder afavorir l\u2019\u00fas dels sentits, facilitant la vivenda d\u2019experi\u00e8ncies sensorials riques i variades.\u00a0<\/span><\/p>\n<p style=\"text-align: justify;\"><span style=\"font-weight: 400;\">Destacar que el treball d\u2019estimulaci\u00f3 sensorial es pot realitzar amb mitjans molt senzills i en espais molt variats. L\u2019espai Snoezelen com a tal, afavoreix treballar uns objectius determinats i individualitzats al perfil sensorial de cada persona, a m\u00e9s a m\u00e9s de facilitar la comunicaci\u00f3 i l\u2019aparici\u00f3 de conductes adaptades.\u00a0<\/span><\/p>\n<p style=\"text-align: justify;\"><span style=\"font-weight: 400;\">Les funcions que poden promoure un espai Snoezelen<\/span><span style=\"font-weight: 400;\">:<\/span><\/p>\n<ul style=\"text-align: justify;\">\n<li><span style=\"font-weight: 400;\">Incentivar l\u2019exploraci\u00f3 i les capacitats creatives.<\/span><\/li>\n<li><span style=\"font-weight: 400;\">Establir una bona comunicaci\u00f3.<\/span><\/li>\n<li><span style=\"font-weight: 400;\">Proporcionar sensaci\u00f3 de benestar i oci.<\/span><\/li>\n<li><span style=\"font-weight: 400;\">Promoure la capacitat d\u2019elecci\u00f3.<\/span><\/li>\n<li><span style=\"font-weight: 400;\">Augmentar el temps d\u2019atenci\u00f3 i concentraci\u00f3.<\/span><\/li>\n<li><span style=\"font-weight: 400;\">Reduir canvis i alteracions conductuals.<\/span><\/li>\n<li><span style=\"font-weight: 400;\">Desenvolupament de l\u2019autoconfian\u00e7a.<\/span><\/li>\n<li>Relaxaci\u00f3<\/li>\n<li>Autocontrol<\/li>\n<\/ul>\n<p style=\"text-align: justify;\">El desenvolupament d\u2019aquest projecte permetr\u00e0 que els diferents professionals implicats en l\u2019atenci\u00f3 di\u00e0ria de les persones es formin en la filosofia de la intervenci\u00f3 Snoezelen. Puguin dur a terme aquesta aquesta metodologia de treball en el seu dia a dia amb les persones que atenen.<\/p>\n<p style=\"text-align: center;\">\r\n\t<div class=\"slideshow_container slideshow_container_style-light\" style=\"height: 300px; \" data-slideshow-id=\"3152\" data-style-name=\"style-light\" data-style-version=\"2.3.1\" >\r\n\r\n\t\t\t\t\t<div class=\"slideshow_loading_icon\"><\/div>\r\n\t\t\r\n\t\t<div class=\"slideshow_content\" style=\"display: none;\">\r\n\r\n\t\t\t<div class=\"slideshow_view\">\r\n\t\t\t\t<div class=\"slideshow_slide slideshow_slide_image\">\r\n\t\t\t\t\t\t\t\t\t\t\t<img src=\"https:\/\/agora.xtec.cat\/esc-merce-pla\/wp-content\/uploads\/usu552\/2020\/10\/20200207_121848-1-e1603365932980.jpg\" alt=\"20200207_121848\" width=\"338\" height=\"600\" \/>\r\n\t\t\t\t\t\t\t\t\t\t<div class=\"slideshow_description_box slideshow_transparent\">\r\n\t\t\t\t\t\t<div class=\"slideshow_title\">20200207_121848<\/div>\t\t\t\t\t\t\t\t\t\t\t<\/div>\r\n\t\t\t\t<\/div>\r\n\r\n\t\t\t\t\t\t<div style=\"clear: both;\"><\/div><\/div><div class=\"slideshow_view\">\r\n\t\t\t\t<div class=\"slideshow_slide slideshow_slide_image\">\r\n\t\t\t\t\t\t\t\t\t\t\t<img src=\"https:\/\/agora.xtec.cat\/esc-merce-pla\/wp-content\/uploads\/usu552\/2020\/10\/IMG_20200303_1523451-1-e1603366189938.jpg\" alt=\"IMG_20200303_152345(1)\" width=\"600\" height=\"338\" \/>\r\n\t\t\t\t\t\t\t\t\t\t<div class=\"slideshow_description_box slideshow_transparent\">\r\n\t\t\t\t\t\t<div class=\"slideshow_title\">IMG_20200303_152345(1)<\/div>\t\t\t\t\t\t\t\t\t\t\t<\/div>\r\n\t\t\t\t<\/div>\r\n\r\n\t\t\t\t\t\t<div style=\"clear: both;\"><\/div><\/div><div class=\"slideshow_view\">\r\n\t\t\t\t<div class=\"slideshow_slide slideshow_slide_image\">\r\n\t\t\t\t\t\t\t\t\t\t\t<img src=\"https:\/\/agora.xtec.cat\/esc-merce-pla\/wp-content\/uploads\/usu552\/2020\/10\/IMG_20200218_151517-1-e1603366211233.jpg\" alt=\"IMG_20200218_151517\" width=\"600\" height=\"800\" \/>\r\n\t\t\t\t\t\t\t\t\t\t<div class=\"slideshow_description_box slideshow_transparent\">\r\n\t\t\t\t\t\t<div class=\"slideshow_title\">IMG_20200218_151517<\/div>\t\t\t\t\t\t\t\t\t\t\t<\/div>\r\n\t\t\t\t<\/div>\r\n\r\n\t\t\t\t\t\t<div style=\"clear: both;\"><\/div><\/div><div class=\"slideshow_view\">\r\n\t\t\t\t<div class=\"slideshow_slide slideshow_slide_image\">\r\n\t\t\t\t\t\t\t\t\t\t\t<img src=\"https:\/\/agora.xtec.cat\/esc-merce-pla\/wp-content\/uploads\/usu552\/2020\/10\/IMG_20200213_155805-1.jpg\" alt=\"IMG_20200213_155805\" width=\"3264\" height=\"1632\" \/>\r\n\t\t\t\t\t\t\t\t\t\t<div class=\"slideshow_description_box slideshow_transparent\">\r\n\t\t\t\t\t\t<div class=\"slideshow_title\">IMG_20200213_155805<\/div>\t\t\t\t\t\t\t\t\t\t\t<\/div>\r\n\t\t\t\t<\/div>\r\n\r\n\t\t\t\t\t\t<div style=\"clear: both;\"><\/div><\/div><div class=\"slideshow_view\">\r\n\t\t\t\t<div class=\"slideshow_slide slideshow_slide_image\">\r\n\t\t\t\t\t\t\t\t\t\t\t<img src=\"https:\/\/agora.xtec.cat\/esc-merce-pla\/wp-content\/uploads\/usu552\/2020\/10\/IMG_20200204_154818_1-1-e1603365897490.jpg\" alt=\"IMG_20200204_154818_1\" width=\"540\" height=\"960\" \/>\r\n\t\t\t\t\t\t\t\t\t\t<div class=\"slideshow_description_box slideshow_transparent\">\r\n\t\t\t\t\t\t<div class=\"slideshow_title\">IMG_20200204_154818_1<\/div>\t\t\t\t\t\t\t\t\t\t\t<\/div>\r\n\t\t\t\t<\/div>\r\n\r\n\t\t\t\t\t\t<div style=\"clear: both;\"><\/div><\/div><div class=\"slideshow_view\">\r\n\t\t\t\t<div class=\"slideshow_slide slideshow_slide_image\">\r\n\t\t\t\t\t\t\t\t\t\t\t<img src=\"https:\/\/agora.xtec.cat\/esc-merce-pla\/wp-content\/uploads\/usu552\/2020\/10\/IMG_20200115_150705-1.jpg\" alt=\"IMG_20200115_150705\" width=\"3648\" height=\"2736\" \/>\r\n\t\t\t\t\t\t\t\t\t\t<div class=\"slideshow_description_box slideshow_transparent\">\r\n\t\t\t\t\t\t<div class=\"slideshow_title\">IMG_20200115_150705<\/div>\t\t\t\t\t\t\t\t\t\t\t<\/div>\r\n\t\t\t\t<\/div>\r\n\r\n\t\t\t\t\t\t<div style=\"clear: both;\"><\/div><\/div><div class=\"slideshow_view\">\r\n\t\t\t\t<div class=\"slideshow_slide slideshow_slide_image\">\r\n\t\t\t\t\t\t\t\t\t\t\t<img src=\"https:\/\/agora.xtec.cat\/esc-merce-pla\/wp-content\/uploads\/usu552\/2020\/10\/IMG_20191216_102321-1.jpg\" alt=\"IMG_20191216_102321\" width=\"3120\" height=\"4160\" \/>\r\n\t\t\t\t\t\t\t\t\t\t<div class=\"slideshow_description_box slideshow_transparent\">\r\n\t\t\t\t\t\t<div class=\"slideshow_title\">IMG_20191216_102321<\/div>\t\t\t\t\t\t\t\t\t\t\t<\/div>\r\n\t\t\t\t<\/div>\r\n\r\n\t\t\t\t\t\t<div style=\"clear: both;\"><\/div><\/div><div class=\"slideshow_view\">\r\n\t\t\t\t<div class=\"slideshow_slide slideshow_slide_image\">\r\n\t\t\t\t\t\t\t\t\t\t\t<img src=\"https:\/\/agora.xtec.cat\/esc-merce-pla\/wp-content\/uploads\/usu552\/2020\/10\/IMG_20191202_102535-1.jpg\" alt=\"IMG_20191202_102535\" width=\"4160\" height=\"3120\" \/>\r\n\t\t\t\t\t\t\t\t\t\t<div class=\"slideshow_description_box slideshow_transparent\">\r\n\t\t\t\t\t\t<div class=\"slideshow_title\">IMG_20191202_102535<\/div>\t\t\t\t\t\t\t\t\t\t\t<\/div>\r\n\t\t\t\t<\/div>\r\n\r\n\t\t\t\t\t\t<div style=\"clear: both;\"><\/div><\/div><div class=\"slideshow_view\">\r\n\t\t\t\t<div class=\"slideshow_slide slideshow_slide_image\">\r\n\t\t\t\t\t\t\t\t\t\t\t<img src=\"https:\/\/agora.xtec.cat\/esc-merce-pla\/wp-content\/uploads\/usu552\/2020\/10\/IMG_20191021_101630-1.jpg\" alt=\"IMG_20191021_101630\" width=\"3120\" height=\"4160\" \/>\r\n\t\t\t\t\t\t\t\t\t\t<div class=\"slideshow_description_box slideshow_transparent\">\r\n\t\t\t\t\t\t<div class=\"slideshow_title\">IMG_20191021_101630<\/div>\t\t\t\t\t\t\t\t\t\t\t<\/div>\r\n\t\t\t\t<\/div>\r\n\r\n\t\t\t\t\t\t<div style=\"clear: both;\"><\/div><\/div><div class=\"slideshow_view\">\r\n\t\t\t\t<div class=\"slideshow_slide slideshow_slide_image\">\r\n\t\t\t\t\t\t\t\t\t\t\t<img src=\"https:\/\/agora.xtec.cat\/esc-merce-pla\/wp-content\/uploads\/usu552\/2020\/10\/IMG_20191011_122611-1.jpg\" alt=\"IMG_20191011_122611\" width=\"4160\" height=\"3120\" \/>\r\n\t\t\t\t\t\t\t\t\t\t<div class=\"slideshow_description_box slideshow_transparent\">\r\n\t\t\t\t\t\t<div class=\"slideshow_title\">IMG_20191011_122611<\/div>\t\t\t\t\t\t\t\t\t\t\t<\/div>\r\n\t\t\t\t<\/div>\r\n\r\n\t\t\t\t\t\t<div style=\"clear: both;\"><\/div><\/div><div class=\"slideshow_view\">\r\n\t\t\t\t<div class=\"slideshow_slide slideshow_slide_image\">\r\n\t\t\t\t\t\t\t\t\t\t\t<img src=\"https:\/\/agora.xtec.cat\/esc-merce-pla\/wp-content\/uploads\/usu552\/2020\/10\/20200207_121848-1-e1603365932980.jpg\" alt=\"20200207_121848\" width=\"338\" height=\"600\" \/>\r\n\t\t\t\t\t\t\t\t\t\t<div class=\"slideshow_description_box slideshow_transparent\">\r\n\t\t\t\t\t\t<div class=\"slideshow_title\">20200207_121848<\/div>\t\t\t\t\t\t\t\t\t\t\t<\/div>\r\n\t\t\t\t<\/div>\r\n\r\n\t\t\t\t\t\t<div style=\"clear: both;\"><\/div><\/div><div class=\"slideshow_view\">\r\n\t\t\t\t<div class=\"slideshow_slide slideshow_slide_image\">\r\n\t\t\t\t\t\t\t\t\t\t\t<img src=\"https:\/\/agora.xtec.cat\/esc-merce-pla\/wp-content\/uploads\/usu552\/2020\/10\/20200204_102135-1.jpg\" alt=\"20200204_102135\" width=\"4128\" height=\"2322\" \/>\r\n\t\t\t\t\t\t\t\t\t\t<div class=\"slideshow_description_box slideshow_transparent\">\r\n\t\t\t\t\t\t<div class=\"slideshow_title\">20200204_102135<\/div>\t\t\t\t\t\t\t\t\t\t\t<\/div>\r\n\t\t\t\t<\/div>\r\n\r\n\t\t\t\t\t\t<div style=\"clear: both;\"><\/div><\/div><div class=\"slideshow_view\">\r\n\t\t\t\t<div class=\"slideshow_slide slideshow_slide_image\">\r\n\t\t\t\t\t\t\t\t\t\t\t<img src=\"https:\/\/agora.xtec.cat\/esc-merce-pla\/wp-content\/uploads\/usu552\/2020\/10\/20200124_152100.jpg\" alt=\"20200124_152100\" width=\"4128\" height=\"2322\" \/>\r\n\t\t\t\t\t\t\t\t\t\t<div class=\"slideshow_description_box slideshow_transparent\">\r\n\t\t\t\t\t\t<div class=\"slideshow_title\">20200124_152100<\/div>\t\t\t\t\t\t\t\t\t\t\t<\/div>\r\n\t\t\t\t<\/div>\r\n\r\n\t\t\t\t\t\t<div style=\"clear: both;\"><\/div><\/div><div class=\"slideshow_view\">\r\n\t\t\t\t<div class=\"slideshow_slide slideshow_slide_image\">\r\n\t\t\t\t\t\t\t\t\t\t\t<img src=\"https:\/\/agora.xtec.cat\/esc-merce-pla\/wp-content\/uploads\/usu552\/2020\/10\/20191017_123029-1.jpg\" alt=\"20191017_123029\" width=\"4618\" height=\"3464\" \/>\r\n\t\t\t\t\t\t\t\t\t\t<div class=\"slideshow_description_box slideshow_transparent\">\r\n\t\t\t\t\t\t<div class=\"slideshow_title\">20191017_123029<\/div>\t\t\t\t\t\t\t\t\t\t\t<\/div>\r\n\t\t\t\t<\/div>\r\n\r\n\t\t\t\t\t\t<div style=\"clear: both;\"><\/div><\/div><div class=\"slideshow_view\">\r\n\t\t\t\t<div class=\"slideshow_slide slideshow_slide_image\">\r\n\t\t\t\t\t\t\t\t\t\t\t<img src=\"https:\/\/agora.xtec.cat\/esc-merce-pla\/wp-content\/uploads\/usu552\/2020\/10\/20200110_122251-1.jpg\" alt=\"20200110_122251\" width=\"4128\" height=\"3096\" \/>\r\n\t\t\t\t\t\t\t\t\t\t<div class=\"slideshow_description_box slideshow_transparent\">\r\n\t\t\t\t\t\t<div class=\"slideshow_title\">20200110_122251<\/div>\t\t\t\t\t\t\t\t\t\t\t<\/div>\r\n\t\t\t\t<\/div>\r\n\r\n\t\t\t\t\t\t<div style=\"clear: both;\"><\/div><\/div>\r\n\t\t<\/div>\r\n\r\n\t\t<div class=\"slideshow_controlPanel slideshow_transparent\" style=\"display: none;\"><ul><li class=\"slideshow_togglePlay\" data-play-text=\"Visualitza\" data-pause-text=\"Pausa\"><\/li><\/ul><\/div>\r\n\r\n\t\t<div class=\"slideshow_button slideshow_previous slideshow_transparent\" role=\"button\" data-previous-text=\"Anterior\" style=\"display: none;\"><\/div>\r\n\t\t<div class=\"slideshow_button slideshow_next slideshow_transparent\" role=\"button\" data-next-text=\"Seg\u00fcent\" style=\"display: none;\"><\/div>\r\n\r\n\t\t<div class=\"slideshow_pagination\" style=\"display: none;\" data-go-to-text=\"V\u00e9s a la diapositiva\"><div class=\"slideshow_pagination_center\"><\/div><\/div>\r\n\r\n\t\t<!-- WordPress Slideshow Version 2.3.1 -->\r\n\r\n\t\t\t<\/div>\r\n\r\n<\/p>\n<p style=\"text-align: justify;\"><span style=\"font-weight: 400;\">Per tal de dur a terme aquest treball, el projecte contempla l\u2019adequaci\u00f3 i millora dels espais d\u2019atenci\u00f3, aix\u00ed com, l\u2019adquisici\u00f3 de material espec\u00edfic per facilitar l\u2019aplicaci\u00f3 de la filosofia Snoezelen.\u00a0<\/span><\/p>\n<p style=\"text-align: justify;\"><span style=\"font-weight: 400;\">Tot i que totes les persones ateses se\u2019n beneficiaran del desenvolupament d\u2019aquest projecte, principalment el benefici de l\u2019aplicaci\u00f3 de la metodologia Snozelen anir\u00e0 adre\u00e7at a aquelles persones amb majors necessitats de suport,\u00a0 i al col\u00b7lectiu de persones en proc\u00e9s d\u2019envelliment dels nostres serveis.<\/span><\/p>\n","protected":false},"excerpt":{"rendered":"<p>El concepte Snoezelen es defineix com una filosofia, un marc din\u00e0mic de propietat intel\u00b7lectual basat en una relaci\u00f3 sensible entre la persona atesa, l\u2019acompanyant i un ambient controlat, on poder oferir una multitud de possibilitats d\u2019estimulaci\u00f3 sensorial.<\/p>\n<p>Amb aquesta paraula fem refer\u00e8ncia a una intervenci\u00f3 global,&hellip;  <a href=\"https:\/\/agora.xtec.cat\/esc-merce-pla\/projecte-educatiu\/snoezelen-2\/\" title=\"Read Snoezelen\">Llegeix m\u00e9s\u00bb<\/a><\/p>\n","protected":false},"author":1,"featured_media":0,"parent":64,"menu_order":20,"comment_status":"closed","ping_status":"closed","template":"","meta":{"_bbp_topic_count":0,"_bbp_reply_count":0,"_bbp_total_topic_count":0,"_bbp_total_reply_count":0,"_bbp_voice_count":0,"_bbp_anonymous_reply_count":0,"_bbp_topic_count_hidden":0,"_bbp_reply_count_hidden":0,"_bbp_forum_subforum_count":0,"footnotes":""},"class_list":["post-1120","page","type-page","status-publish","hentry"],"post_mailing_queue_ids":[],"_links":{"self":[{"href":"https:\/\/agora.xtec.cat\/esc-merce-pla\/wp-json\/wp\/v2\/pages\/1120","targetHints":{"allow":["GET"]}}],"collection":[{"href":"https:\/\/agora.xtec.cat\/esc-merce-pla\/wp-json\/wp\/v2\/pages"}],"about":[{"href":"https:\/\/agora.xtec.cat\/esc-merce-pla\/wp-json\/wp\/v2\/types\/page"}],"author":[{"embeddable":true,"href":"https:\/\/agora.xtec.cat\/esc-merce-pla\/wp-json\/wp\/v2\/users\/1"}],"replies":[{"embeddable":true,"href":"https:\/\/agora.xtec.cat\/esc-merce-pla\/wp-json\/wp\/v2\/comments?post=1120"}],"version-history":[{"count":3,"href":"https:\/\/agora.xtec.cat\/esc-merce-pla\/wp-json\/wp\/v2\/pages\/1120\/revisions"}],"predecessor-version":[{"id":3181,"href":"https:\/\/agora.xtec.cat\/esc-merce-pla\/wp-json\/wp\/v2\/pages\/1120\/revisions\/3181"}],"up":[{"embeddable":true,"href":"https:\/\/agora.xtec.cat\/esc-merce-pla\/wp-json\/wp\/v2\/pages\/64"}],"wp:attachment":[{"href":"https:\/\/agora.xtec.cat\/esc-merce-pla\/wp-json\/wp\/v2\/media?parent=1120"}],"curies":[{"name":"wp","href":"https:\/\/api.w.org\/{rel}","templated":true}]}}