{"id":1117,"date":"2019-11-06T15:26:06","date_gmt":"2019-11-06T14:26:06","guid":{"rendered":"https:\/\/agora.xtec.cat\/esc-merce-pla\/?page_id=1117"},"modified":"2020-04-15T15:33:32","modified_gmt":"2020-04-15T13:33:32","slug":"snoezelen","status":"publish","type":"page","link":"https:\/\/agora.xtec.cat\/esc-merce-pla\/serveis\/snoezelen\/","title":{"rendered":"Ter\u00e0pia assistida amb gossos"},"content":{"rendered":"<p style=\"text-align: left;\"><a href=\"https:\/\/agora.xtec.cat\/esc-merce-pla\/wp-content\/uploads\/usu552\/2020\/03\/IMG_20190227_121648.jpg\"><img loading=\"lazy\" decoding=\"async\" class=\"wp-image-2108 alignleft\" src=\"https:\/\/agora.xtec.cat\/esc-merce-pla\/wp-content\/uploads\/usu552\/2020\/03\/IMG_20190227_121648-1024x576.jpg\" alt=\"\" width=\"281\" height=\"158\" srcset=\"https:\/\/agora.xtec.cat\/esc-merce-pla\/wp-content\/uploads\/usu552\/2020\/03\/IMG_20190227_121648-1024x576.jpg 1024w, https:\/\/agora.xtec.cat\/esc-merce-pla\/wp-content\/uploads\/usu552\/2020\/03\/IMG_20190227_121648-300x169.jpg 300w, https:\/\/agora.xtec.cat\/esc-merce-pla\/wp-content\/uploads\/usu552\/2020\/03\/IMG_20190227_121648-768x432.jpg 768w\" sizes=\"auto, (max-width: 281px) 100vw, 281px\" \/><\/a><\/p>\n<p>&nbsp;<\/p>\n<p><b><i><span class=\"lh-1\">&#8220;Els\u00a0<\/span>gossos faciliten la comunicaci\u00f3, la connexi\u00f3 amb l&#8217;entorn i el desenvolupament saludable de la persona.&#8221;<\/i><\/b><\/p>\n<p><b><i>Boris Levinson, 1953<\/i><\/b><\/p>\n<p>&nbsp;<\/p>\n<p><span style=\"font-weight: 400;\">La ter\u00e0pia assistida amb gossos (TAG) consisteix a introduir un gos espec\u00edficament entrenat com a eina de suport i treball dins una sessi\u00f3 terap\u00e8utica.<\/span><\/p>\n<p><span style=\"font-weight: 400;\">L\u2019objectiu general \u00e9s millorar l\u2019\u00e0rea f\u00edsica, social, emocional i\/o cognitiva de l\u2019alumnat amb algun tipus de discapacitat a trav\u00e9s de la interacci\u00f3 amb l\u2019animal.<\/span><\/p>\n<p><span style=\"font-weight: 400;\">Per dur a terme aquestes ter\u00e0pies necessitem que el gos tingui un aprenentatge adquirit per realitzar aquestes funcions, acompanyat en tot moment per un T\u00e8cnic en TAG (amb la titulaci\u00f3 pertinent) que conegui, gui\u00ef i vetlli pel benestar del gos, i un prefessional dins l\u2019\u00e0mbit educatiu que conegui les necessitats del nen.<\/span><\/p>\n<p><span style=\"font-weight: 400;\">En cada cas fem un disseny de les sessions establint objectius concrets de treball segons les necessitats de cada alumne.En la ter\u00e0pia assistida amb gossos es tenen en compte totes les \u00e0rees d&#8217;aprenentatge, des de l&#8217;\u00e0rea psicol\u00f2gica i cognitiva, fins a la de comunicaci\u00f3 i llenguatge, aix\u00ed com la psicomotora i l&#8217;\u00e0rea de socialitzaci\u00f3.<\/span><\/p>\n<p><span style=\"font-weight: 400;\">El perfil dels alumnes que realitzen aquesta activitat \u00e9s diversa ja que aquesta ter\u00e0pia ens permet treballar una gran varietat d\u2019aspectes. Principalment s\u2019ofereix a nens amb transtorns de conducta, d\u00e8ficits d\u2019atenci\u00f3, dificultats en la comunicaci\u00f3, nens amb problemes motrius i d\u00e8ficits sensorials.<\/span><\/p>\n<p style=\"text-align: left;\">\r\n\t<div class=\"slideshow_container slideshow_container_style-light\" style=\"height: 300px; \" data-slideshow-id=\"2100\" data-style-name=\"style-light\" data-style-version=\"2.3.1\" >\r\n\r\n\t\t\t\t\t<div class=\"slideshow_loading_icon\"><\/div>\r\n\t\t\r\n\t\t<div class=\"slideshow_content\" style=\"display: none;\">\r\n\r\n\t\t\t<div class=\"slideshow_view\">\r\n\t\t\t\t<div class=\"slideshow_slide slideshow_slide_image\">\r\n\t\t\t\t\t\t\t\t\t\t\t<img src=\"https:\/\/agora.xtec.cat\/esc-merce-pla\/wp-content\/uploads\/usu552\/2020\/03\/IMG_20190319_121720-e1583144169620.jpg\" alt=\"IMG_20190319_121720\" width=\"3000\" height=\"4000\" \/>\r\n\t\t\t\t\t\t\t\t\t\t<div class=\"slideshow_description_box slideshow_transparent\">\r\n\t\t\t\t\t\t<div class=\"slideshow_title\">IMG_20190319_121720<\/div>\t\t\t\t\t\t\t\t\t\t\t<\/div>\r\n\t\t\t\t<\/div>\r\n\r\n\t\t\t\t\t\t<div style=\"clear: both;\"><\/div><\/div><div class=\"slideshow_view\">\r\n\t\t\t\t<div class=\"slideshow_slide slideshow_slide_image\">\r\n\t\t\t\t\t\t\t\t\t\t\t<img src=\"https:\/\/agora.xtec.cat\/esc-merce-pla\/wp-content\/uploads\/usu552\/2020\/03\/IMG_20190227_120805.jpg\" alt=\"IMG_20190227_120805\" width=\"3648\" height=\"2736\" \/>\r\n\t\t\t\t\t\t\t\t\t\t<div class=\"slideshow_description_box slideshow_transparent\">\r\n\t\t\t\t\t\t<div class=\"slideshow_title\">IMG_20190227_120805<\/div>\t\t\t\t\t\t\t\t\t\t\t<\/div>\r\n\t\t\t\t<\/div>\r\n\r\n\t\t\t\t\t\t<div style=\"clear: both;\"><\/div><\/div><div class=\"slideshow_view\">\r\n\t\t\t\t<div class=\"slideshow_slide slideshow_slide_image\">\r\n\t\t\t\t\t\t\t\t\t\t\t<img src=\"https:\/\/agora.xtec.cat\/esc-merce-pla\/wp-content\/uploads\/usu552\/2020\/03\/IMG_20181127_122529.jpg\" alt=\"IMG_20181127_122529\" width=\"4000\" height=\"3000\" \/>\r\n\t\t\t\t\t\t\t\t\t\t<div class=\"slideshow_description_box slideshow_transparent\">\r\n\t\t\t\t\t\t<div class=\"slideshow_title\">IMG_20181127_122529<\/div>\t\t\t\t\t\t\t\t\t\t\t<\/div>\r\n\t\t\t\t<\/div>\r\n\r\n\t\t\t\t\t\t<div style=\"clear: both;\"><\/div><\/div><div class=\"slideshow_view\">\r\n\t\t\t\t<div class=\"slideshow_slide slideshow_slide_image\">\r\n\t\t\t\t\t\t\t\t\t\t\t<img src=\"https:\/\/agora.xtec.cat\/esc-merce-pla\/wp-content\/uploads\/usu552\/2020\/03\/IMG_20181219_122031.jpg\" alt=\"IMG_20181219_122031\" width=\"4000\" height=\"3000\" \/>\r\n\t\t\t\t\t\t\t\t\t\t<div class=\"slideshow_description_box slideshow_transparent\">\r\n\t\t\t\t\t\t<div class=\"slideshow_title\">IMG_20181219_122031<\/div>\t\t\t\t\t\t\t\t\t\t\t<\/div>\r\n\t\t\t\t<\/div>\r\n\r\n\t\t\t\t\t\t<div style=\"clear: both;\"><\/div><\/div><div class=\"slideshow_view\">\r\n\t\t\t\t<div class=\"slideshow_slide slideshow_slide_image\">\r\n\t\t\t\t\t\t\t\t\t\t\t<img src=\"https:\/\/agora.xtec.cat\/esc-merce-pla\/wp-content\/uploads\/usu552\/2020\/03\/DSC05732.jpg\" alt=\"DSC05732\" width=\"1920\" height=\"1280\" \/>\r\n\t\t\t\t\t\t\t\t\t\t<div class=\"slideshow_description_box slideshow_transparent\">\r\n\t\t\t\t\t\t<div class=\"slideshow_title\">DSC05732<\/div>\t\t\t\t\t\t\t\t\t\t\t<\/div>\r\n\t\t\t\t<\/div>\r\n\r\n\t\t\t\t\t\t<div style=\"clear: both;\"><\/div><\/div><div class=\"slideshow_view\">\r\n\t\t\t\t<div class=\"slideshow_slide slideshow_slide_image\">\r\n\t\t\t\t\t\t\t\t\t\t\t<img src=\"https:\/\/agora.xtec.cat\/esc-merce-pla\/wp-content\/uploads\/usu552\/2020\/03\/DSC05099.jpg\" alt=\"SONY DSC\" width=\"1920\" height=\"1280\" \/>\r\n\t\t\t\t\t\t\t\t\t\t<div class=\"slideshow_description_box slideshow_transparent\">\r\n\t\t\t\t\t\t<div class=\"slideshow_title\">SONY DSC<\/div>\t\t\t\t\t\t\t\t\t\t\t<\/div>\r\n\t\t\t\t<\/div>\r\n\r\n\t\t\t\t\t\t<div style=\"clear: both;\"><\/div><\/div><div class=\"slideshow_view\">\r\n\t\t\t\t<div class=\"slideshow_slide slideshow_slide_image\">\r\n\t\t\t\t\t\t\t\t\t\t\t<img src=\"https:\/\/agora.xtec.cat\/esc-merce-pla\/wp-content\/uploads\/usu552\/2020\/03\/DSC04514.jpg\" alt=\"SONY DSC\" width=\"1920\" height=\"1280\" \/>\r\n\t\t\t\t\t\t\t\t\t\t<div class=\"slideshow_description_box slideshow_transparent\">\r\n\t\t\t\t\t\t<div class=\"slideshow_title\">SONY DSC<\/div>\t\t\t\t\t\t\t\t\t\t\t<\/div>\r\n\t\t\t\t<\/div>\r\n\r\n\t\t\t\t\t\t<div style=\"clear: both;\"><\/div><\/div>\r\n\t\t<\/div>\r\n\r\n\t\t<div class=\"slideshow_controlPanel slideshow_transparent\" style=\"display: none;\"><ul><li class=\"slideshow_togglePlay\" data-play-text=\"Visualitza\" data-pause-text=\"Pausa\"><\/li><\/ul><\/div>\r\n\r\n\t\t<div class=\"slideshow_button slideshow_previous slideshow_transparent\" role=\"button\" data-previous-text=\"Anterior\" style=\"display: none;\"><\/div>\r\n\t\t<div class=\"slideshow_button slideshow_next slideshow_transparent\" role=\"button\" data-next-text=\"Seg\u00fcent\" style=\"display: none;\"><\/div>\r\n\r\n\t\t<div class=\"slideshow_pagination\" style=\"display: none;\" data-go-to-text=\"V\u00e9s a la diapositiva\"><div class=\"slideshow_pagination_center\"><\/div><\/div>\r\n\r\n\t\t<!-- WordPress Slideshow Version 2.3.1 -->\r\n\r\n\t\t\t<\/div>\r\n\r\n<\/p>\n","protected":false},"excerpt":{"rendered":"<p><a href=\"https:\/\/agora.xtec.cat\/esc-merce-pla\/wp-content\/uploads\/usu552\/2020\/03\/IMG_20190227_121648.jpg\"><\/a><br \/>\n&nbsp;<br \/>\n&#8220;Els\u00a0gossos faciliten la comunicaci\u00f3, la connexi\u00f3 amb l&#8217;entorn i el desenvolupament saludable de la persona.&#8221;<br \/>\nBoris Levinson, 1953<br \/>\n&nbsp;<br \/>\nLa ter\u00e0pia assistida amb gossos (TAG) consisteix a introduir un gos espec\u00edficament entrenat com a eina de suport i treball dins una sessi\u00f3 terap\u00e8utica.<br \/>\nL\u2019objectiu general \u00e9s millorar l\u2019\u00e0rea&hellip;  <a href=\"https:\/\/agora.xtec.cat\/esc-merce-pla\/serveis\/snoezelen\/\" title=\"Read Ter\u00e0pia assistida amb gossos\">Llegeix m\u00e9s\u00bb<\/a><\/p>\n","protected":false},"author":1,"featured_media":0,"parent":1231,"menu_order":70,"comment_status":"closed","ping_status":"closed","template":"","meta":{"_bbp_topic_count":0,"_bbp_reply_count":0,"_bbp_total_topic_count":0,"_bbp_total_reply_count":0,"_bbp_voice_count":0,"_bbp_anonymous_reply_count":0,"_bbp_topic_count_hidden":0,"_bbp_reply_count_hidden":0,"_bbp_forum_subforum_count":0,"footnotes":""},"class_list":["post-1117","page","type-page","status-publish","hentry"],"post_mailing_queue_ids":[],"_links":{"self":[{"href":"https:\/\/agora.xtec.cat\/esc-merce-pla\/wp-json\/wp\/v2\/pages\/1117","targetHints":{"allow":["GET"]}}],"collection":[{"href":"https:\/\/agora.xtec.cat\/esc-merce-pla\/wp-json\/wp\/v2\/pages"}],"about":[{"href":"https:\/\/agora.xtec.cat\/esc-merce-pla\/wp-json\/wp\/v2\/types\/page"}],"author":[{"embeddable":true,"href":"https:\/\/agora.xtec.cat\/esc-merce-pla\/wp-json\/wp\/v2\/users\/1"}],"replies":[{"embeddable":true,"href":"https:\/\/agora.xtec.cat\/esc-merce-pla\/wp-json\/wp\/v2\/comments?post=1117"}],"version-history":[{"count":4,"href":"https:\/\/agora.xtec.cat\/esc-merce-pla\/wp-json\/wp\/v2\/pages\/1117\/revisions"}],"predecessor-version":[{"id":2366,"href":"https:\/\/agora.xtec.cat\/esc-merce-pla\/wp-json\/wp\/v2\/pages\/1117\/revisions\/2366"}],"up":[{"embeddable":true,"href":"https:\/\/agora.xtec.cat\/esc-merce-pla\/wp-json\/wp\/v2\/pages\/1231"}],"wp:attachment":[{"href":"https:\/\/agora.xtec.cat\/esc-merce-pla\/wp-json\/wp\/v2\/media?parent=1117"}],"curies":[{"name":"wp","href":"https:\/\/api.w.org\/{rel}","templated":true}]}}