{"id":1110,"date":"2019-11-06T15:22:44","date_gmt":"2019-11-06T14:22:44","guid":{"rendered":"https:\/\/agora.xtec.cat\/esc-merce-pla\/?page_id=1110"},"modified":"2021-02-24T17:00:23","modified_gmt":"2021-02-24T16:00:23","slug":"programa-de-insercio-i-formacio-pfi-en-cuina-i-catering","status":"publish","type":"page","link":"https:\/\/agora.xtec.cat\/esc-merce-pla\/oferta-educativa\/programa-de-insercio-i-formacio-pfi-en-cuina-i-catering\/","title":{"rendered":"PFI"},"content":{"rendered":"<p><span style=\"font-weight: 400;\">Els <\/span><b>programes de formaci\u00f3 i inserci\u00f3 (PFI)<\/b><span style=\"font-weight: 400;\">, que s\u00f3n <\/span><b>voluntaris<\/b><span style=\"font-weight: 400;\"> i duren un curs acad\u00e8mic, estan pensats per a <\/span><b>joves d&#8217;entre 16 i 21 anys<\/b><span style=\"font-weight: 400;\"> que han deixat l&#8217;educaci\u00f3 secund\u00e0ria obligat\u00f2ria i no segueixen estudis en el sistema educatiu ni participen en cap acci\u00f3 formativa. <\/span><\/p>\n<p><span style=\"font-weight: 400;\">L&#8217;objectiu dels PFI \u00e9s proporcionar-los, d&#8217;una banda, la possibilitat de <\/span><b>tornar al sistema educatiu<\/b><span style=\"font-weight: 400;\"> (a la formaci\u00f3 professional) i, de l&#8217;altra, l&#8217;aprenentatge imprescindible per <\/span><b>accedir al mercat de treball<\/b><span style=\"font-weight: 400;\">.<\/span><\/p>\n<p><span style=\"font-weight: 400;\">Els PFI s&#8217;adscriuen a diferents <\/span><b>fam\u00edlies professionals<\/b><span style=\"font-weight: 400;\">. <\/span>En la nostra escola, el programa de formaci\u00f3 i inserci\u00f3 com <strong>Auxiliar d&#8217;Hoteleria: cuina i c\u00e0tering<\/strong>, et qualificar\u00e0 per a una\u00a0professi\u00f3 amb futur a les Terres de\u00a0l\u2019Ebre:<\/p>\n<p style=\"text-align: center;\">\r\n\t<div class=\"slideshow_container slideshow_container_style-light\" style=\"height: 350px; \" data-slideshow-id=\"4148\" data-style-name=\"style-light\" data-style-version=\"2.3.1\" >\r\n\r\n\t\t\t\t\t<div class=\"slideshow_loading_icon\"><\/div>\r\n\t\t\r\n\t\t<div class=\"slideshow_content\" style=\"display: none;\">\r\n\r\n\t\t\t<div class=\"slideshow_view\">\r\n\t\t\t\t<div class=\"slideshow_slide slideshow_slide_image\">\r\n\t\t\t\t\t\t\t\t\t\t\t<img src=\"https:\/\/agora.xtec.cat\/esc-merce-pla\/wp-content\/uploads\/usu552\/2021\/02\/DSC_2466_resize.jpg\" alt=\"DSC_2466_resize\" width=\"1181\" height=\"787\" \/>\r\n\t\t\t\t\t\t\t\t\t\t<div class=\"slideshow_description_box slideshow_transparent\">\r\n\t\t\t\t\t\t<div class=\"slideshow_title\">DSC_2466_resize<\/div>\t\t\t\t\t\t\t\t\t\t\t<\/div>\r\n\t\t\t\t<\/div>\r\n\r\n\t\t\t\t\t\t<div style=\"clear: both;\"><\/div><\/div><div class=\"slideshow_view\">\r\n\t\t\t\t<div class=\"slideshow_slide slideshow_slide_image\">\r\n\t\t\t\t\t\t\t\t\t\t\t<img src=\"https:\/\/agora.xtec.cat\/esc-merce-pla\/wp-content\/uploads\/usu552\/2021\/02\/DSC_2440_resize.jpg\" alt=\"DSC_2440_resize\" width=\"1181\" height=\"787\" \/>\r\n\t\t\t\t\t\t\t\t\t\t<div class=\"slideshow_description_box slideshow_transparent\">\r\n\t\t\t\t\t\t<div class=\"slideshow_title\">DSC_2440_resize<\/div>\t\t\t\t\t\t\t\t\t\t\t<\/div>\r\n\t\t\t\t<\/div>\r\n\r\n\t\t\t\t\t\t<div style=\"clear: both;\"><\/div><\/div><div class=\"slideshow_view\">\r\n\t\t\t\t<div class=\"slideshow_slide slideshow_slide_image\">\r\n\t\t\t\t\t\t\t\t\t\t\t<img src=\"https:\/\/agora.xtec.cat\/esc-merce-pla\/wp-content\/uploads\/usu552\/2021\/02\/DSC_2430_resize.jpg\" alt=\"DSC_2430_resize\" width=\"1181\" height=\"903\" \/>\r\n\t\t\t\t\t\t\t\t\t\t<div class=\"slideshow_description_box slideshow_transparent\">\r\n\t\t\t\t\t\t<div class=\"slideshow_title\">DSC_2430_resize<\/div>\t\t\t\t\t\t\t\t\t\t\t<\/div>\r\n\t\t\t\t<\/div>\r\n\r\n\t\t\t\t\t\t<div style=\"clear: both;\"><\/div><\/div><div class=\"slideshow_view\">\r\n\t\t\t\t<div class=\"slideshow_slide slideshow_slide_image\">\r\n\t\t\t\t\t\t\t\t\t\t\t<img src=\"https:\/\/agora.xtec.cat\/esc-merce-pla\/wp-content\/uploads\/usu552\/2021\/02\/DSC_2427_resize.jpg\" alt=\"DSC_2427_resize\" width=\"1181\" height=\"787\" \/>\r\n\t\t\t\t\t\t\t\t\t\t<div class=\"slideshow_description_box slideshow_transparent\">\r\n\t\t\t\t\t\t<div class=\"slideshow_title\">DSC_2427_resize<\/div>\t\t\t\t\t\t\t\t\t\t\t<\/div>\r\n\t\t\t\t<\/div>\r\n\r\n\t\t\t\t\t\t<div style=\"clear: both;\"><\/div><\/div><div class=\"slideshow_view\">\r\n\t\t\t\t<div class=\"slideshow_slide slideshow_slide_image\">\r\n\t\t\t\t\t\t\t\t\t\t\t<img src=\"https:\/\/agora.xtec.cat\/esc-merce-pla\/wp-content\/uploads\/usu552\/2021\/02\/DSC_2415_resize.jpg\" alt=\"DSC_2415_resize\" width=\"1181\" height=\"787\" \/>\r\n\t\t\t\t\t\t\t\t\t\t<div class=\"slideshow_description_box slideshow_transparent\">\r\n\t\t\t\t\t\t<div class=\"slideshow_title\">DSC_2415_resize<\/div>\t\t\t\t\t\t\t\t\t\t\t<\/div>\r\n\t\t\t\t<\/div>\r\n\r\n\t\t\t\t\t\t<div style=\"clear: both;\"><\/div><\/div><div class=\"slideshow_view\">\r\n\t\t\t\t<div class=\"slideshow_slide slideshow_slide_image\">\r\n\t\t\t\t\t\t\t\t\t\t\t<img src=\"https:\/\/agora.xtec.cat\/esc-merce-pla\/wp-content\/uploads\/usu552\/2021\/02\/DSC_2404_resize.jpg\" alt=\"DSC_2404_resize\" width=\"1181\" height=\"787\" \/>\r\n\t\t\t\t\t\t\t\t\t\t<div class=\"slideshow_description_box slideshow_transparent\">\r\n\t\t\t\t\t\t<div class=\"slideshow_title\">DSC_2404_resize<\/div>\t\t\t\t\t\t\t\t\t\t\t<\/div>\r\n\t\t\t\t<\/div>\r\n\r\n\t\t\t\t\t\t<div style=\"clear: both;\"><\/div><\/div><div class=\"slideshow_view\">\r\n\t\t\t\t<div class=\"slideshow_slide slideshow_slide_image\">\r\n\t\t\t\t\t\t\t\t\t\t\t<img src=\"https:\/\/agora.xtec.cat\/esc-merce-pla\/wp-content\/uploads\/usu552\/2021\/02\/DSC_2402_resize.jpg\" alt=\"DSC_2402_resize\" width=\"1181\" height=\"787\" \/>\r\n\t\t\t\t\t\t\t\t\t\t<div class=\"slideshow_description_box slideshow_transparent\">\r\n\t\t\t\t\t\t<div class=\"slideshow_title\">DSC_2402_resize<\/div>\t\t\t\t\t\t\t\t\t\t\t<\/div>\r\n\t\t\t\t<\/div>\r\n\r\n\t\t\t\t\t\t<div style=\"clear: both;\"><\/div><\/div><div class=\"slideshow_view\">\r\n\t\t\t\t<div class=\"slideshow_slide slideshow_slide_image\">\r\n\t\t\t\t\t\t\t\t\t\t\t<img src=\"https:\/\/agora.xtec.cat\/esc-merce-pla\/wp-content\/uploads\/usu552\/2021\/02\/DSC_2355_resize.jpg\" alt=\"DSC_2355_resize\" width=\"1181\" height=\"778\" \/>\r\n\t\t\t\t\t\t\t\t\t\t<div class=\"slideshow_description_box slideshow_transparent\">\r\n\t\t\t\t\t\t<div class=\"slideshow_title\">DSC_2355_resize<\/div>\t\t\t\t\t\t\t\t\t\t\t<\/div>\r\n\t\t\t\t<\/div>\r\n\r\n\t\t\t\t\t\t<div style=\"clear: both;\"><\/div><\/div><div class=\"slideshow_view\">\r\n\t\t\t\t<div class=\"slideshow_slide slideshow_slide_image\">\r\n\t\t\t\t\t\t\t\t\t\t\t<img src=\"https:\/\/agora.xtec.cat\/esc-merce-pla\/wp-content\/uploads\/usu552\/2021\/02\/DSC_2328_resize.jpg\" alt=\"DSC_2328_resize\" width=\"1181\" height=\"716\" \/>\r\n\t\t\t\t\t\t\t\t\t\t<div class=\"slideshow_description_box slideshow_transparent\">\r\n\t\t\t\t\t\t<div class=\"slideshow_title\">DSC_2328_resize<\/div>\t\t\t\t\t\t\t\t\t\t\t<\/div>\r\n\t\t\t\t<\/div>\r\n\r\n\t\t\t\t\t\t<div style=\"clear: both;\"><\/div><\/div><div class=\"slideshow_view\">\r\n\t\t\t\t<div class=\"slideshow_slide slideshow_slide_image\">\r\n\t\t\t\t\t\t\t\t\t\t\t<img src=\"https:\/\/agora.xtec.cat\/esc-merce-pla\/wp-content\/uploads\/usu552\/2021\/02\/DSC_2315_resize.jpg\" alt=\"DSC_2315_resize\" width=\"1181\" height=\"983\" \/>\r\n\t\t\t\t\t\t\t\t\t\t<div class=\"slideshow_description_box slideshow_transparent\">\r\n\t\t\t\t\t\t<div class=\"slideshow_title\">DSC_2315_resize<\/div>\t\t\t\t\t\t\t\t\t\t\t<\/div>\r\n\t\t\t\t<\/div>\r\n\r\n\t\t\t\t\t\t<div style=\"clear: both;\"><\/div><\/div><div class=\"slideshow_view\">\r\n\t\t\t\t<div class=\"slideshow_slide slideshow_slide_image\">\r\n\t\t\t\t\t\t\t\t\t\t\t<img src=\"https:\/\/agora.xtec.cat\/esc-merce-pla\/wp-content\/uploads\/usu552\/2021\/02\/DSC_2306_resize.jpg\" alt=\"DSC_2306_resize\" width=\"1181\" height=\"787\" \/>\r\n\t\t\t\t\t\t\t\t\t\t<div class=\"slideshow_description_box slideshow_transparent\">\r\n\t\t\t\t\t\t<div class=\"slideshow_title\">DSC_2306_resize<\/div>\t\t\t\t\t\t\t\t\t\t\t<\/div>\r\n\t\t\t\t<\/div>\r\n\r\n\t\t\t\t\t\t<div style=\"clear: both;\"><\/div><\/div><div class=\"slideshow_view\">\r\n\t\t\t\t<div class=\"slideshow_slide slideshow_slide_image\">\r\n\t\t\t\t\t\t\t\t\t\t\t<img src=\"https:\/\/agora.xtec.cat\/esc-merce-pla\/wp-content\/uploads\/usu552\/2021\/02\/DSC_2258_resize.jpg\" alt=\"DSC_2258_resize\" width=\"1181\" height=\"787\" \/>\r\n\t\t\t\t\t\t\t\t\t\t<div class=\"slideshow_description_box slideshow_transparent\">\r\n\t\t\t\t\t\t<div class=\"slideshow_title\">DSC_2258_resize<\/div>\t\t\t\t\t\t\t\t\t\t\t<\/div>\r\n\t\t\t\t<\/div>\r\n\r\n\t\t\t\t\t\t<div style=\"clear: both;\"><\/div><\/div><div class=\"slideshow_view\">\r\n\t\t\t\t<div class=\"slideshow_slide slideshow_slide_image\">\r\n\t\t\t\t\t\t\t\t\t\t\t<img src=\"https:\/\/agora.xtec.cat\/esc-merce-pla\/wp-content\/uploads\/usu552\/2021\/02\/DSC_2092_resize.jpg\" alt=\"DSC_2092_resize\" width=\"1181\" height=\"787\" \/>\r\n\t\t\t\t\t\t\t\t\t\t<div class=\"slideshow_description_box slideshow_transparent\">\r\n\t\t\t\t\t\t<div class=\"slideshow_title\">DSC_2092_resize<\/div>\t\t\t\t\t\t\t\t\t\t\t<\/div>\r\n\t\t\t\t<\/div>\r\n\r\n\t\t\t\t\t\t<div style=\"clear: both;\"><\/div><\/div>\r\n\t\t<\/div>\r\n\r\n\t\t<div class=\"slideshow_controlPanel slideshow_transparent\" style=\"display: none;\"><ul><li class=\"slideshow_togglePlay\" data-play-text=\"Visualitza\" data-pause-text=\"Pausa\"><\/li><\/ul><\/div>\r\n\r\n\t\t<div class=\"slideshow_button slideshow_previous slideshow_transparent\" role=\"button\" data-previous-text=\"Anterior\" style=\"display: none;\"><\/div>\r\n\t\t<div class=\"slideshow_button slideshow_next slideshow_transparent\" role=\"button\" data-next-text=\"Seg\u00fcent\" style=\"display: none;\"><\/div>\r\n\r\n\t\t<div class=\"slideshow_pagination\" style=\"display: none;\" data-go-to-text=\"V\u00e9s a la diapositiva\"><div class=\"slideshow_pagination_center\"><\/div><\/div>\r\n\r\n\t\t<!-- WordPress Slideshow Version 2.3.1 -->\r\n\r\n\t\t\t<\/div>\r\n\r\n<\/p>\n<ul>\n<li style=\"text-align: left;\">Disposar\u00e0s del temps i suports\u00a0d\u2019aprenentatge necessaris per\u00a0superar els estudis.<\/li>\n<li style=\"text-align: left;\">T\u2019assessorar\u00e0 i orientar\u00e0 en el teu\u00a0itinerari personal de transici\u00f3 a la\u00a0vida adulta.<\/li>\n<li style=\"text-align: left;\">T\u2019ajudar\u00e0 a fer sentir la teva veu i a\u00a0participar en el teu entorn social.<\/li>\n<li style=\"text-align: left;\">Realitzar\u00e0s pr\u00e0ctiques en empreses del teu entorn.<\/li>\n<li style=\"text-align: left;\">Millorar\u00e0 les teves possibilitats\u00a0d\u2019acc\u00e8s al treball.<\/li>\n<li style=\"text-align: left;\">Et facilitar\u00e0 l\u2019acc\u00e8s a altres estudis.<\/li>\n<\/ul>\n<p>&nbsp;<\/p>\n<p><strong><em>Formaci\u00f3 professional:<\/em><\/strong><\/p>\n<p><a href=\"https:\/\/agora.xtec.cat\/esc-merce-pla\/wp-content\/uploads\/usu552\/2020\/03\/Captura-de-pantalla-2020-03-18-a-las-17.44.00.png\"><img loading=\"lazy\" decoding=\"async\" class=\"alignleft wp-image-2258\" src=\"https:\/\/agora.xtec.cat\/esc-merce-pla\/wp-content\/uploads\/usu552\/2020\/03\/Captura-de-pantalla-2020-03-18-a-las-17.44.00.png\" alt=\"\" width=\"200\" height=\"150\" \/><\/a><\/p>\n<p>&nbsp;<\/p>\n<p>T\u00e8cniques elementals de <strong>preelaboraci\u00f3<\/strong>.<\/p>\n<p>&nbsp;<\/p>\n<p><span style=\"font-weight: 400;\"><a href=\"https:\/\/agora.xtec.cat\/esc-merce-pla\/wp-content\/uploads\/usu552\/2020\/03\/Captura-de-pantalla-2020-03-18-a-las-17.44.08.png\"><img loading=\"lazy\" decoding=\"async\" class=\"alignleft wp-image-2259\" src=\"https:\/\/agora.xtec.cat\/esc-merce-pla\/wp-content\/uploads\/usu552\/2020\/03\/Captura-de-pantalla-2020-03-18-a-las-17.44.08.png\" alt=\"\" width=\"198\" height=\"150\" \/><\/a><\/span><\/p>\n<p>&nbsp;<\/p>\n<p><span style=\"font-weight: 400;\">Processos b\u00e0sics de <\/span><b style=\"font-family: inherit; font-size: 1em;\">producci\u00f3 <\/b><span style=\"font-weight: 400;\">culin\u00e0ria.<\/span><span style=\"font-weight: 400;\"><br \/>\n<\/span><\/p>\n<p>&nbsp;<\/p>\n<p><span style=\"font-weight: 400;\"><a href=\"https:\/\/agora.xtec.cat\/esc-merce-pla\/wp-content\/uploads\/usu552\/2020\/03\/Captura-de-pantalla-2020-03-18-a-las-17.44.17.png\"><img loading=\"lazy\" decoding=\"async\" class=\"alignleft wp-image-2260\" src=\"https:\/\/agora.xtec.cat\/esc-merce-pla\/wp-content\/uploads\/usu552\/2020\/03\/Captura-de-pantalla-2020-03-18-a-las-17.44.17.png\" alt=\"\" width=\"211\" height=\"150\" \/><\/a><\/span><\/p>\n<p>&nbsp;<\/p>\n<p><span style=\"font-weight: 400;\">Preparaci\u00f3 i muntatge de materials per a col\u00b7lectivitats i <\/span><b>c\u00e0tering.<\/b><\/p>\n<p>&nbsp;<\/p>\n<h4><em><strong><a href=\"https:\/\/drive.google.com\/file\/d\/1bjfiz6nQRzlk0bftylq8lB0MR9NeOqIf\/view\">Tr\u00edptic informatiu<\/a><\/strong><\/em><\/h4>\n<p>&nbsp;<\/p>\n","protected":false},"excerpt":{"rendered":"<p>Els programes de formaci\u00f3 i inserci\u00f3 (PFI), que s\u00f3n voluntaris i duren un curs acad\u00e8mic, estan pensats per a joves d&#8217;entre 16 i 21 anys que han deixat l&#8217;educaci\u00f3 secund\u00e0ria obligat\u00f2ria i no segueixen estudis en el sistema educatiu ni participen en cap acci\u00f3 formativa.&hellip;  <a href=\"https:\/\/agora.xtec.cat\/esc-merce-pla\/oferta-educativa\/programa-de-insercio-i-formacio-pfi-en-cuina-i-catering\/\" title=\"Read PFI\">Llegeix m\u00e9s\u00bb<\/a><\/p>\n","protected":false},"author":1,"featured_media":0,"parent":1099,"menu_order":25,"comment_status":"closed","ping_status":"closed","template":"","meta":{"_bbp_topic_count":0,"_bbp_reply_count":0,"_bbp_total_topic_count":0,"_bbp_total_reply_count":0,"_bbp_voice_count":0,"_bbp_anonymous_reply_count":0,"_bbp_topic_count_hidden":0,"_bbp_reply_count_hidden":0,"_bbp_forum_subforum_count":0,"footnotes":""},"class_list":["post-1110","page","type-page","status-publish","hentry"],"post_mailing_queue_ids":[],"_links":{"self":[{"href":"https:\/\/agora.xtec.cat\/esc-merce-pla\/wp-json\/wp\/v2\/pages\/1110","targetHints":{"allow":["GET"]}}],"collection":[{"href":"https:\/\/agora.xtec.cat\/esc-merce-pla\/wp-json\/wp\/v2\/pages"}],"about":[{"href":"https:\/\/agora.xtec.cat\/esc-merce-pla\/wp-json\/wp\/v2\/types\/page"}],"author":[{"embeddable":true,"href":"https:\/\/agora.xtec.cat\/esc-merce-pla\/wp-json\/wp\/v2\/users\/1"}],"replies":[{"embeddable":true,"href":"https:\/\/agora.xtec.cat\/esc-merce-pla\/wp-json\/wp\/v2\/comments?post=1110"}],"version-history":[{"count":4,"href":"https:\/\/agora.xtec.cat\/esc-merce-pla\/wp-json\/wp\/v2\/pages\/1110\/revisions"}],"predecessor-version":[{"id":4163,"href":"https:\/\/agora.xtec.cat\/esc-merce-pla\/wp-json\/wp\/v2\/pages\/1110\/revisions\/4163"}],"up":[{"embeddable":true,"href":"https:\/\/agora.xtec.cat\/esc-merce-pla\/wp-json\/wp\/v2\/pages\/1099"}],"wp:attachment":[{"href":"https:\/\/agora.xtec.cat\/esc-merce-pla\/wp-json\/wp\/v2\/media?parent=1110"}],"curies":[{"name":"wp","href":"https:\/\/api.w.org\/{rel}","templated":true}]}}