{"id":1108,"date":"2019-11-06T15:21:12","date_gmt":"2019-11-06T14:21:12","guid":{"rendered":"https:\/\/agora.xtec.cat\/esc-merce-pla\/?page_id=1108"},"modified":"2021-04-22T14:40:10","modified_gmt":"2021-04-22T12:40:10","slug":"programa-de-transicio-a-la-vida-adulta-tva","status":"publish","type":"page","link":"https:\/\/agora.xtec.cat\/esc-merce-pla\/oferta-educativa\/programa-de-transicio-a-la-vida-adulta-tva\/","title":{"rendered":"TVA"},"content":{"rendered":"<p>&nbsp;<\/p>\n<p style=\"text-align: justify;\"><span style=\"font-weight: 400;\">A TVA tenim el prop\u00f2sit de projectar els alumnes cap a la vida adulta amb el m\u00e0xim de garanties possibles. Per aix\u00f2, tenim el deure i l\u2019obligaci\u00f3 d&#8217;oferir experi\u00e8ncies i de crear oportunitats per tal d&#8217;obrir una porta al seu futur en els entorns laboral o ocupacional (segons el cas), familiar i comunitari.<\/span><\/p>\n<p style=\"text-align: justify;\"><span style=\"font-weight: 400;\">Amb la<\/span><b> Transici\u00f3 a la Vida adulta potenciem les compet\u00e8ncies <\/b><span style=\"font-weight: 400;\">personals, socials i professionals que permeten als alumnes una adequada inserci\u00f3 en el m\u00f3n laboral o ocupacional, i una vida personal i social el m\u00e9s independent possible. Per aix\u00f2, plantegem una <\/span><b>formaci\u00f3 centrada -per una banda-\u00a0 en l&#8217;ajustament personal i social<\/b> <b>i<\/b><span style=\"font-weight: 400;\"> -per l&#8217;altra- en <\/span><b>compet\u00e8ncies clau professionalitzadores<\/b><span style=\"font-weight: 400;\">. Aix\u00f2 ens permet <\/span><b>valorar les potencialitats<\/b><span style=\"font-weight: 400;\"> dels alumnes, i orientar el seu itinerari formatiu, i d&#8217;aquesta manera, millorar la seva ocupabilitat.<\/span><\/p>\n<p><span style=\"font-weight: 400;\"><a href=\"https:\/\/agora.xtec.cat\/esc-merce-pla\/wp-content\/uploads\/usu552\/2021\/04\/DSC_2832_resize.jpg\"><img loading=\"lazy\" decoding=\"async\" class=\" wp-image-5043 alignleft\" src=\"https:\/\/agora.xtec.cat\/esc-merce-pla\/wp-content\/uploads\/usu552\/2021\/04\/DSC_2832_resize-300x200.jpg\" alt=\"\" width=\"216\" height=\"144\" srcset=\"https:\/\/agora.xtec.cat\/esc-merce-pla\/wp-content\/uploads\/usu552\/2021\/04\/DSC_2832_resize-300x200.jpg 300w, https:\/\/agora.xtec.cat\/esc-merce-pla\/wp-content\/uploads\/usu552\/2021\/04\/DSC_2832_resize-768x512.jpg 768w, https:\/\/agora.xtec.cat\/esc-merce-pla\/wp-content\/uploads\/usu552\/2021\/04\/DSC_2832_resize-1024x682.jpg 1024w, https:\/\/agora.xtec.cat\/esc-merce-pla\/wp-content\/uploads\/usu552\/2021\/04\/DSC_2832_resize.jpg 1181w\" sizes=\"auto, (max-width: 216px) 100vw, 216px\" \/><\/a><a href=\"https:\/\/agora.xtec.cat\/esc-merce-pla\/wp-content\/uploads\/usu552\/2021\/04\/DSC_2852_resize.jpg\"><img loading=\"lazy\" decoding=\"async\" class=\" wp-image-5038 alignleft\" src=\"https:\/\/agora.xtec.cat\/esc-merce-pla\/wp-content\/uploads\/usu552\/2021\/04\/DSC_2852_resize-300x195.jpg\" alt=\"\" width=\"226\" height=\"147\" srcset=\"https:\/\/agora.xtec.cat\/esc-merce-pla\/wp-content\/uploads\/usu552\/2021\/04\/DSC_2852_resize-300x195.jpg 300w, https:\/\/agora.xtec.cat\/esc-merce-pla\/wp-content\/uploads\/usu552\/2021\/04\/DSC_2852_resize-768x499.jpg 768w, https:\/\/agora.xtec.cat\/esc-merce-pla\/wp-content\/uploads\/usu552\/2021\/04\/DSC_2852_resize-1024x665.jpg 1024w, https:\/\/agora.xtec.cat\/esc-merce-pla\/wp-content\/uploads\/usu552\/2021\/04\/DSC_2852_resize.jpg 1181w\" sizes=\"auto, (max-width: 226px) 100vw, 226px\" \/><\/a><img loading=\"lazy\" decoding=\"async\" class=\" wp-image-5042 alignleft\" src=\"https:\/\/agora.xtec.cat\/esc-merce-pla\/wp-content\/uploads\/usu552\/2021\/04\/DSC_2730_resize-300x200.jpg\" alt=\"\" width=\"219\" height=\"146\" srcset=\"https:\/\/agora.xtec.cat\/esc-merce-pla\/wp-content\/uploads\/usu552\/2021\/04\/DSC_2730_resize-300x200.jpg 300w, https:\/\/agora.xtec.cat\/esc-merce-pla\/wp-content\/uploads\/usu552\/2021\/04\/DSC_2730_resize-768x512.jpg 768w, https:\/\/agora.xtec.cat\/esc-merce-pla\/wp-content\/uploads\/usu552\/2021\/04\/DSC_2730_resize-1024x682.jpg 1024w, https:\/\/agora.xtec.cat\/esc-merce-pla\/wp-content\/uploads\/usu552\/2021\/04\/DSC_2730_resize.jpg 1181w\" sizes=\"auto, (max-width: 219px) 100vw, 219px\" \/><a href=\"https:\/\/agora.xtec.cat\/esc-merce-pla\/wp-content\/uploads\/usu552\/2021\/04\/DSC_1639_resize.jpg\"><img loading=\"lazy\" decoding=\"async\" class=\" wp-image-5041 alignleft\" src=\"https:\/\/agora.xtec.cat\/esc-merce-pla\/wp-content\/uploads\/usu552\/2021\/04\/DSC_1639_resize-300x200.jpg\" alt=\"\" width=\"219\" height=\"146\" srcset=\"https:\/\/agora.xtec.cat\/esc-merce-pla\/wp-content\/uploads\/usu552\/2021\/04\/DSC_1639_resize-300x200.jpg 300w, https:\/\/agora.xtec.cat\/esc-merce-pla\/wp-content\/uploads\/usu552\/2021\/04\/DSC_1639_resize-768x512.jpg 768w, https:\/\/agora.xtec.cat\/esc-merce-pla\/wp-content\/uploads\/usu552\/2021\/04\/DSC_1639_resize-1024x682.jpg 1024w, https:\/\/agora.xtec.cat\/esc-merce-pla\/wp-content\/uploads\/usu552\/2021\/04\/DSC_1639_resize.jpg 1181w\" sizes=\"auto, (max-width: 219px) 100vw, 219px\" \/><\/a><a href=\"https:\/\/agora.xtec.cat\/esc-merce-pla\/wp-content\/uploads\/usu552\/2021\/04\/DSC_1595_resize.jpg\"><img loading=\"lazy\" decoding=\"async\" class=\" wp-image-5040 alignleft\" src=\"https:\/\/agora.xtec.cat\/esc-merce-pla\/wp-content\/uploads\/usu552\/2021\/04\/DSC_1595_resize-300x200.jpg\" alt=\"\" width=\"219\" height=\"146\" srcset=\"https:\/\/agora.xtec.cat\/esc-merce-pla\/wp-content\/uploads\/usu552\/2021\/04\/DSC_1595_resize-300x200.jpg 300w, https:\/\/agora.xtec.cat\/esc-merce-pla\/wp-content\/uploads\/usu552\/2021\/04\/DSC_1595_resize-768x512.jpg 768w, https:\/\/agora.xtec.cat\/esc-merce-pla\/wp-content\/uploads\/usu552\/2021\/04\/DSC_1595_resize-1024x682.jpg 1024w, https:\/\/agora.xtec.cat\/esc-merce-pla\/wp-content\/uploads\/usu552\/2021\/04\/DSC_1595_resize.jpg 1181w\" sizes=\"auto, (max-width: 219px) 100vw, 219px\" \/><\/a><\/span><\/p>\n","protected":false},"excerpt":{"rendered":"<p>&nbsp;<br \/>\nA TVA tenim el prop\u00f2sit de projectar els alumnes cap a la vida adulta amb el m\u00e0xim de garanties possibles. Per aix\u00f2, tenim el deure i l\u2019obligaci\u00f3 d&#8217;oferir experi\u00e8ncies i de crear oportunitats per tal d&#8217;obrir una porta al seu futur en els entorns laboral&hellip;  <a href=\"https:\/\/agora.xtec.cat\/esc-merce-pla\/oferta-educativa\/programa-de-transicio-a-la-vida-adulta-tva\/\" title=\"Read TVA\">Llegeix m\u00e9s\u00bb<\/a><\/p>\n","protected":false},"author":1,"featured_media":0,"parent":1099,"menu_order":15,"comment_status":"closed","ping_status":"closed","template":"","meta":{"_bbp_topic_count":0,"_bbp_reply_count":0,"_bbp_total_topic_count":0,"_bbp_total_reply_count":0,"_bbp_voice_count":0,"_bbp_anonymous_reply_count":0,"_bbp_topic_count_hidden":0,"_bbp_reply_count_hidden":0,"_bbp_forum_subforum_count":0,"footnotes":""},"class_list":["post-1108","page","type-page","status-publish","hentry"],"post_mailing_queue_ids":[],"_links":{"self":[{"href":"https:\/\/agora.xtec.cat\/esc-merce-pla\/wp-json\/wp\/v2\/pages\/1108","targetHints":{"allow":["GET"]}}],"collection":[{"href":"https:\/\/agora.xtec.cat\/esc-merce-pla\/wp-json\/wp\/v2\/pages"}],"about":[{"href":"https:\/\/agora.xtec.cat\/esc-merce-pla\/wp-json\/wp\/v2\/types\/page"}],"author":[{"embeddable":true,"href":"https:\/\/agora.xtec.cat\/esc-merce-pla\/wp-json\/wp\/v2\/users\/1"}],"replies":[{"embeddable":true,"href":"https:\/\/agora.xtec.cat\/esc-merce-pla\/wp-json\/wp\/v2\/comments?post=1108"}],"version-history":[{"count":3,"href":"https:\/\/agora.xtec.cat\/esc-merce-pla\/wp-json\/wp\/v2\/pages\/1108\/revisions"}],"predecessor-version":[{"id":5044,"href":"https:\/\/agora.xtec.cat\/esc-merce-pla\/wp-json\/wp\/v2\/pages\/1108\/revisions\/5044"}],"up":[{"embeddable":true,"href":"https:\/\/agora.xtec.cat\/esc-merce-pla\/wp-json\/wp\/v2\/pages\/1099"}],"wp:attachment":[{"href":"https:\/\/agora.xtec.cat\/esc-merce-pla\/wp-json\/wp\/v2\/media?parent=1108"}],"curies":[{"name":"wp","href":"https:\/\/api.w.org\/{rel}","templated":true}]}}