{"id":1102,"date":"2019-11-06T15:19:55","date_gmt":"2019-11-06T14:19:55","guid":{"rendered":"https:\/\/agora.xtec.cat\/esc-merce-pla\/?page_id=1102"},"modified":"2020-09-29T13:53:08","modified_gmt":"2020-09-29T11:53:08","slug":"educacio-infantil","status":"publish","type":"page","link":"https:\/\/agora.xtec.cat\/esc-merce-pla\/oferta-educativa\/educacio-infantil\/","title":{"rendered":"Infantil"},"content":{"rendered":"<p><span style=\"font-weight: 400;\">El funcionament de les nostres aules est\u00e0 basat\u00a0 la metodologia <\/span><b>TEACCH<\/b><span style=\"font-weight: 400;\"> que implica\u00a0 una estructura f\u00edsica, organitzaci\u00f3 temporal, sistemes de treball i organitzaci\u00f3 de tasques.<\/span><\/p>\n<p>El Curr\u00edculum de l&#8217;etapa est\u00e0 adaptat i a cada alumne disposa d&#8217;un Programa Individual on queden planificades les mesures, metodologia i ajudes concretes que se li ofereixen a l&#8217;alumne, amb l&#8217;objectiu d&#8217;afavorir l&#8217;aprenentatge a l&#8217;aula i promoure la inclusi\u00f3 en la vida escolar.<\/p>\n<p><a href=\"https:\/\/agora.xtec.cat\/esc-merce-pla\/wp-content\/uploads\/usu552\/2020\/03\/Fotos-espais_aula-infantil.png\"><img loading=\"lazy\" decoding=\"async\" class=\" wp-image-2151 aligncenter\" src=\"https:\/\/agora.xtec.cat\/esc-merce-pla\/wp-content\/uploads\/usu552\/2020\/03\/Fotos-espais_aula-infantil.png\" alt=\"\" width=\"660\" height=\"635\" \/><\/a><\/p>\n","protected":false},"excerpt":{"rendered":"<p>El funcionament de les nostres aules est\u00e0 basat\u00a0 la metodologia TEACCH que implica\u00a0 una estructura f\u00edsica, organitzaci\u00f3 temporal, sistemes de treball i organitzaci\u00f3 de tasques.<br \/>\nEl Curr\u00edculum de l&#8217;etapa est\u00e0 adaptat i a cada alumne disposa d&#8217;un Programa Individual on queden planificades les mesures, metodologia i&hellip;  <a href=\"https:\/\/agora.xtec.cat\/esc-merce-pla\/oferta-educativa\/educacio-infantil\/\" title=\"Read Infantil\">Llegeix m\u00e9s\u00bb<\/a><\/p>\n","protected":false},"author":1,"featured_media":0,"parent":1099,"menu_order":1,"comment_status":"closed","ping_status":"closed","template":"page-templates\/side-menu.php","meta":{"_bbp_topic_count":0,"_bbp_reply_count":0,"_bbp_total_topic_count":0,"_bbp_total_reply_count":0,"_bbp_voice_count":0,"_bbp_anonymous_reply_count":0,"_bbp_topic_count_hidden":0,"_bbp_reply_count_hidden":0,"_bbp_forum_subforum_count":0,"footnotes":""},"class_list":["post-1102","page","type-page","status-publish","hentry"],"post_mailing_queue_ids":[],"_links":{"self":[{"href":"https:\/\/agora.xtec.cat\/esc-merce-pla\/wp-json\/wp\/v2\/pages\/1102","targetHints":{"allow":["GET"]}}],"collection":[{"href":"https:\/\/agora.xtec.cat\/esc-merce-pla\/wp-json\/wp\/v2\/pages"}],"about":[{"href":"https:\/\/agora.xtec.cat\/esc-merce-pla\/wp-json\/wp\/v2\/types\/page"}],"author":[{"embeddable":true,"href":"https:\/\/agora.xtec.cat\/esc-merce-pla\/wp-json\/wp\/v2\/users\/1"}],"replies":[{"embeddable":true,"href":"https:\/\/agora.xtec.cat\/esc-merce-pla\/wp-json\/wp\/v2\/comments?post=1102"}],"version-history":[{"count":3,"href":"https:\/\/agora.xtec.cat\/esc-merce-pla\/wp-json\/wp\/v2\/pages\/1102\/revisions"}],"predecessor-version":[{"id":3014,"href":"https:\/\/agora.xtec.cat\/esc-merce-pla\/wp-json\/wp\/v2\/pages\/1102\/revisions\/3014"}],"up":[{"embeddable":true,"href":"https:\/\/agora.xtec.cat\/esc-merce-pla\/wp-json\/wp\/v2\/pages\/1099"}],"wp:attachment":[{"href":"https:\/\/agora.xtec.cat\/esc-merce-pla\/wp-json\/wp\/v2\/media?parent=1102"}],"curies":[{"name":"wp","href":"https:\/\/api.w.org\/{rel}","templated":true}]}}