{"id":1099,"date":"2019-11-06T15:19:26","date_gmt":"2019-11-06T14:19:26","guid":{"rendered":"https:\/\/agora.xtec.cat\/esc-merce-pla\/?page_id=1099"},"modified":"2020-10-20T18:44:24","modified_gmt":"2020-10-20T16:44:24","slug":"oferta-educativa","status":"publish","type":"page","link":"https:\/\/agora.xtec.cat\/esc-merce-pla\/oferta-educativa\/","title":{"rendered":"Oferta educativa"},"content":{"rendered":"<p>La nostra escola aten a alumnat en necessitats educatives especials de 3 a 21 anys. Actualment l&#8217;equip docent est\u00e0 format per un total de 12 mestres especialistes en atenci\u00f3 a la diversitat, 3 terap\u00e8utes snoozlen, 1 t\u00e8cnic en comunicaci\u00f3 augmentativa i\/o alternativa, 1 t\u00e8cnic especialista en cuina, 6 educadores, 1 psic\u00f2loga, 1 logopeda, i 2 fisioterapeutes pediatrics.<\/p>\n<p>&nbsp;<\/p>\n<p>Oferim les etapes d&#8217;escolaritzaci\u00f3 en educaci\u00f3 prim\u00e0ria, secund\u00e0ria i post-obligat\u00f2ria.<\/p>\n","protected":false},"excerpt":{"rendered":"<p>La nostra escola aten a alumnat en necessitats educatives especials de 3 a 21 anys. Actualment l&#8217;equip docent est\u00e0 format per un total de 12 mestres especialistes en atenci\u00f3 a la diversitat, 3 terap\u00e8utes snoozlen, 1 t\u00e8cnic en comunicaci\u00f3 augmentativa i\/o alternativa, 1 t\u00e8cnic especialista&hellip;  <a href=\"https:\/\/agora.xtec.cat\/esc-merce-pla\/oferta-educativa\/\" title=\"Read Oferta educativa\">Llegeix m\u00e9s\u00bb<\/a><\/p>\n","protected":false},"author":1,"featured_media":0,"parent":0,"menu_order":30,"comment_status":"closed","ping_status":"closed","template":"page-templates\/side-menu.php","meta":{"_bbp_topic_count":0,"_bbp_reply_count":0,"_bbp_total_topic_count":0,"_bbp_total_reply_count":0,"_bbp_voice_count":0,"_bbp_anonymous_reply_count":0,"_bbp_topic_count_hidden":0,"_bbp_reply_count_hidden":0,"_bbp_forum_subforum_count":0,"footnotes":""},"class_list":["post-1099","page","type-page","status-publish","hentry"],"post_mailing_queue_ids":[],"_links":{"self":[{"href":"https:\/\/agora.xtec.cat\/esc-merce-pla\/wp-json\/wp\/v2\/pages\/1099","targetHints":{"allow":["GET"]}}],"collection":[{"href":"https:\/\/agora.xtec.cat\/esc-merce-pla\/wp-json\/wp\/v2\/pages"}],"about":[{"href":"https:\/\/agora.xtec.cat\/esc-merce-pla\/wp-json\/wp\/v2\/types\/page"}],"author":[{"embeddable":true,"href":"https:\/\/agora.xtec.cat\/esc-merce-pla\/wp-json\/wp\/v2\/users\/1"}],"replies":[{"embeddable":true,"href":"https:\/\/agora.xtec.cat\/esc-merce-pla\/wp-json\/wp\/v2\/comments?post=1099"}],"version-history":[{"count":3,"href":"https:\/\/agora.xtec.cat\/esc-merce-pla\/wp-json\/wp\/v2\/pages\/1099\/revisions"}],"predecessor-version":[{"id":3151,"href":"https:\/\/agora.xtec.cat\/esc-merce-pla\/wp-json\/wp\/v2\/pages\/1099\/revisions\/3151"}],"wp:attachment":[{"href":"https:\/\/agora.xtec.cat\/esc-merce-pla\/wp-json\/wp\/v2\/media?parent=1099"}],"curies":[{"name":"wp","href":"https:\/\/api.w.org\/{rel}","templated":true}]}}