{"id":1092,"date":"2019-11-06T15:16:18","date_gmt":"2019-11-06T14:16:18","guid":{"rendered":"https:\/\/agora.xtec.cat\/esc-merce-pla\/?page_id=1092"},"modified":"2023-09-14T18:42:31","modified_gmt":"2023-09-14T16:42:31","slug":"salut","status":"publish","type":"page","link":"https:\/\/agora.xtec.cat\/esc-merce-pla\/informacio-practica\/salut\/","title":{"rendered":"Salut"},"content":{"rendered":"<p>Per tal de poder administrar la medicaci\u00f3 prescrita pel facultatiu m\u00e8dic, cal que ompliu degudament el consentiment informat que us adjuntem a continuaci\u00f3 i que ens el feu arribar a l&#8217;Escola,<\/p>\n<p style=\"text-align: center;\"><a href=\"https:\/\/agora.xtec.cat\/esc-merce-pla\/wp-content\/uploads\/usu552\/2023\/09\/Full-dadministracio\u0301-consentiment-informat.-1-1.pdf\">Full d&#8217;administracio\u0301, consentiment informat.<\/a><\/p>\n<p>Junt amb aquest document cal que ens feu arribar tamb\u00e9 la prescripci\u00f3 per part del facultatiu m\u00e8dic cada cop que hi hagi un canvi en la medicaci\u00f3.<\/p>\n<p>Moltes gr\u00e0cies.<\/p>\n","protected":false},"excerpt":{"rendered":"<p>Per tal de poder administrar la medicaci\u00f3 prescrita pel facultatiu m\u00e8dic, cal que ompliu degudament el consentiment informat que us adjuntem a continuaci\u00f3 i que ens el feu arribar a l&#8217;Escola,<br \/>\n<a href=\"https:\/\/agora.xtec.cat\/esc-merce-pla\/wp-content\/uploads\/usu552\/2023\/09\/Full-dadministracio\u0301-consentiment-informat.-1-1.pdf\">Full d&#8217;administracio\u0301, consentiment informat.<\/a><br \/>\nJunt amb aquest document cal que ens feu arribar tamb\u00e9 la&hellip;  <a href=\"https:\/\/agora.xtec.cat\/esc-merce-pla\/informacio-practica\/salut\/\" title=\"Read Salut\">Llegeix m\u00e9s\u00bb<\/a><\/p>\n","protected":false},"author":1,"featured_media":0,"parent":1084,"menu_order":20,"comment_status":"closed","ping_status":"closed","template":"page-templates\/side-menu.php","meta":{"_bbp_topic_count":0,"_bbp_reply_count":0,"_bbp_total_topic_count":0,"_bbp_total_reply_count":0,"_bbp_voice_count":0,"_bbp_anonymous_reply_count":0,"_bbp_topic_count_hidden":0,"_bbp_reply_count_hidden":0,"_bbp_forum_subforum_count":0,"footnotes":""},"class_list":["post-1092","page","type-page","status-publish","hentry"],"post_mailing_queue_ids":[],"_links":{"self":[{"href":"https:\/\/agora.xtec.cat\/esc-merce-pla\/wp-json\/wp\/v2\/pages\/1092","targetHints":{"allow":["GET"]}}],"collection":[{"href":"https:\/\/agora.xtec.cat\/esc-merce-pla\/wp-json\/wp\/v2\/pages"}],"about":[{"href":"https:\/\/agora.xtec.cat\/esc-merce-pla\/wp-json\/wp\/v2\/types\/page"}],"author":[{"embeddable":true,"href":"https:\/\/agora.xtec.cat\/esc-merce-pla\/wp-json\/wp\/v2\/users\/1"}],"replies":[{"embeddable":true,"href":"https:\/\/agora.xtec.cat\/esc-merce-pla\/wp-json\/wp\/v2\/comments?post=1092"}],"version-history":[{"count":3,"href":"https:\/\/agora.xtec.cat\/esc-merce-pla\/wp-json\/wp\/v2\/pages\/1092\/revisions"}],"predecessor-version":[{"id":11032,"href":"https:\/\/agora.xtec.cat\/esc-merce-pla\/wp-json\/wp\/v2\/pages\/1092\/revisions\/11032"}],"up":[{"embeddable":true,"href":"https:\/\/agora.xtec.cat\/esc-merce-pla\/wp-json\/wp\/v2\/pages\/1084"}],"wp:attachment":[{"href":"https:\/\/agora.xtec.cat\/esc-merce-pla\/wp-json\/wp\/v2\/media?parent=1092"}],"curies":[{"name":"wp","href":"https:\/\/api.w.org\/{rel}","templated":true}]}}