{"id":1068,"date":"2019-11-06T14:52:01","date_gmt":"2019-11-06T13:52:01","guid":{"rendered":"https:\/\/agora.xtec.cat\/esc-merce-pla\/?page_id=1068"},"modified":"2021-05-06T14:09:49","modified_gmt":"2021-05-06T12:09:49","slug":"projecte-de-convivencia","status":"publish","type":"page","link":"https:\/\/agora.xtec.cat\/esc-merce-pla\/projecte-educatiu\/projecte-de-convivencia\/","title":{"rendered":"Conviv\u00e8ncia"},"content":{"rendered":"<p>&nbsp;<\/p>\n<p style=\"text-align: justify;\">El <strong>Projecte de Conviv\u00e8ncia,<\/strong> \u00e9s l&#8217;instrument on es reflecteixen les accions que el nostre centre docent desenvolupa per capacitar tot l&#8217;alumnat i la resta de la resta de la comunitat educativa per a la conviv\u00e8ncia i la gesti\u00f3 positiva dels conflictes.<\/p>\n<p style=\"text-align: center;\"><a href=\"https:\/\/agora.xtec.cat\/esc-merce-pla\/wp-content\/uploads\/usu552\/2021\/05\/DSC02037.jpg\"><img loading=\"lazy\" decoding=\"async\" class=\"size-medium wp-image-5255 aligncenter\" src=\"https:\/\/agora.xtec.cat\/esc-merce-pla\/wp-content\/uploads\/usu552\/2021\/05\/DSC02037-300x225.jpg\" alt=\"\" width=\"300\" height=\"225\" srcset=\"https:\/\/agora.xtec.cat\/esc-merce-pla\/wp-content\/uploads\/usu552\/2021\/05\/DSC02037-300x225.jpg 300w, https:\/\/agora.xtec.cat\/esc-merce-pla\/wp-content\/uploads\/usu552\/2021\/05\/DSC02037-768x576.jpg 768w, https:\/\/agora.xtec.cat\/esc-merce-pla\/wp-content\/uploads\/usu552\/2021\/05\/DSC02037-1024x768.jpg 1024w, https:\/\/agora.xtec.cat\/esc-merce-pla\/wp-content\/uploads\/usu552\/2021\/05\/DSC02037-200x150.jpg 200w\" sizes=\"auto, (max-width: 300px) 100vw, 300px\" \/><\/a><\/p>\n<p><span style=\"font-weight: 400;\">Amb la participacio\u0301, la implicacio\u0301 i el compromi\u0301s de <\/span><b>tota la comunitat educativa<\/b><span style=\"font-weight: 400;\"> aconseguirem ajudar l\u2019alumnat a <\/span><b>relacionar-se <\/b><span style=\"font-weight: 400;\">amb si mateix, amb els altres i amb el mo\u0301n.<\/span><\/p>\n<p><span style=\"font-weight: 400;\">Aquest treball el realitzem:\u00a0<\/span><\/p>\n<ul>\n<li style=\"font-weight: 400;\" aria-level=\"1\"><span style=\"font-weight: 400;\">potenciant l&#8217;<\/span><b>equitat i el respecte a la diversitat <\/b><span style=\"font-weight: 400;\">de l\u2019alumnat.<\/span><\/li>\n<li style=\"font-weight: 400;\" aria-level=\"1\"><span style=\"font-weight: 400;\">fomentant una <\/span><b>cultura de la pau i la no-viole\u0300ncia<\/b><span style=\"font-weight: 400;\">, juntament amb els valors que fan possible preservar i enriquir la vida de totes les persones.<\/span><\/li>\n<li style=\"font-weight: 400;\" aria-level=\"1\"><span style=\"font-weight: 400;\">garantitzant l\u2019aplicacio\u0301 ferma i flexible de les <\/span><b>normes<\/b><span style=\"font-weight: 400;\">.<\/span><\/li>\n<li style=\"font-weight: 400;\" aria-level=\"1\"><span style=\"font-weight: 400;\">fomentant la <\/span><b>cultura del dia\u0300leg<\/b><span style=\"font-weight: 400;\"> com a eina ba\u0300sica en la gestio\u0301 del conflicte.<\/span><\/li>\n<\/ul>\n<p><span style=\"font-weight: 400;\">Tot aquest treball, es porta a terme tenint en compte les <\/span><b>caracter\u00edstiques del nostre alumnat<\/b><span style=\"font-weight: 400;\">\u00a0 on\u00a0 generalment, les <\/span><b>mesures i suports<\/b><span style=\"font-weight: 400;\"> que s&#8217;apliquen\u00a0 s&#8217;han <strong>d<\/strong><\/span><b>&#8216;individualitzar.<a href=\"https:\/\/agora.xtec.cat\/esc-merce-pla\/wp-content\/uploads\/usu552\/2021\/05\/IMG_1343.jpg\"><img loading=\"lazy\" decoding=\"async\" class=\"size-medium wp-image-5256 aligncenter\" src=\"https:\/\/agora.xtec.cat\/esc-merce-pla\/wp-content\/uploads\/usu552\/2021\/05\/IMG_1343-300x225.jpg\" alt=\"\" width=\"300\" height=\"225\" srcset=\"https:\/\/agora.xtec.cat\/esc-merce-pla\/wp-content\/uploads\/usu552\/2021\/05\/IMG_1343-300x225.jpg 300w, https:\/\/agora.xtec.cat\/esc-merce-pla\/wp-content\/uploads\/usu552\/2021\/05\/IMG_1343-768x576.jpg 768w, https:\/\/agora.xtec.cat\/esc-merce-pla\/wp-content\/uploads\/usu552\/2021\/05\/IMG_1343-1024x768.jpg 1024w, https:\/\/agora.xtec.cat\/esc-merce-pla\/wp-content\/uploads\/usu552\/2021\/05\/IMG_1343-200x150.jpg 200w\" sizes=\"auto, (max-width: 300px) 100vw, 300px\" \/><\/a><\/b><\/p>\n<p><span style=\"font-weight: 400;\">\u00c9s per aix\u00f2, que la Comissi\u00f3 de Conviv\u00e8ncia t\u00e9 la funci\u00f3 de dinamitzar les accions i vetllar pel compliment dels objectius explicitats en el projecte.<\/span><\/p>\n<p>&nbsp;<\/p>\n","protected":false},"excerpt":{"rendered":"<p>&nbsp;<br \/>\nEl Projecte de Conviv\u00e8ncia, \u00e9s l&#8217;instrument on es reflecteixen les accions que el nostre centre docent desenvolupa per capacitar tot l&#8217;alumnat i la resta de la resta de la comunitat educativa per a la conviv\u00e8ncia i la gesti\u00f3 positiva dels conflictes.<br \/>\n<a href=\"https:\/\/agora.xtec.cat\/esc-merce-pla\/wp-content\/uploads\/usu552\/2021\/05\/DSC02037.jpg\"><\/a><br \/>\nAmb la participacio\u0301, la&hellip;  <a href=\"https:\/\/agora.xtec.cat\/esc-merce-pla\/projecte-educatiu\/projecte-de-convivencia\/\" title=\"Read Conviv\u00e8ncia\">Llegeix m\u00e9s\u00bb<\/a><\/p>\n","protected":false},"author":1,"featured_media":0,"parent":64,"menu_order":50,"comment_status":"closed","ping_status":"closed","template":"","meta":{"_bbp_topic_count":0,"_bbp_reply_count":0,"_bbp_total_topic_count":0,"_bbp_total_reply_count":0,"_bbp_voice_count":0,"_bbp_anonymous_reply_count":0,"_bbp_topic_count_hidden":0,"_bbp_reply_count_hidden":0,"_bbp_forum_subforum_count":0,"footnotes":""},"class_list":["post-1068","page","type-page","status-publish","hentry"],"post_mailing_queue_ids":[],"_links":{"self":[{"href":"https:\/\/agora.xtec.cat\/esc-merce-pla\/wp-json\/wp\/v2\/pages\/1068","targetHints":{"allow":["GET"]}}],"collection":[{"href":"https:\/\/agora.xtec.cat\/esc-merce-pla\/wp-json\/wp\/v2\/pages"}],"about":[{"href":"https:\/\/agora.xtec.cat\/esc-merce-pla\/wp-json\/wp\/v2\/types\/page"}],"author":[{"embeddable":true,"href":"https:\/\/agora.xtec.cat\/esc-merce-pla\/wp-json\/wp\/v2\/users\/1"}],"replies":[{"embeddable":true,"href":"https:\/\/agora.xtec.cat\/esc-merce-pla\/wp-json\/wp\/v2\/comments?post=1068"}],"version-history":[{"count":5,"href":"https:\/\/agora.xtec.cat\/esc-merce-pla\/wp-json\/wp\/v2\/pages\/1068\/revisions"}],"predecessor-version":[{"id":5257,"href":"https:\/\/agora.xtec.cat\/esc-merce-pla\/wp-json\/wp\/v2\/pages\/1068\/revisions\/5257"}],"up":[{"embeddable":true,"href":"https:\/\/agora.xtec.cat\/esc-merce-pla\/wp-json\/wp\/v2\/pages\/64"}],"wp:attachment":[{"href":"https:\/\/agora.xtec.cat\/esc-merce-pla\/wp-json\/wp\/v2\/media?parent=1068"}],"curies":[{"name":"wp","href":"https:\/\/api.w.org\/{rel}","templated":true}]}}