{"id":77,"date":"2014-09-18T14:05:08","date_gmt":"2014-09-18T13:05:08","guid":{"rendered":"http:\/\/agora.xtec.cat\/esc-medipineda\/?page_id=77"},"modified":"2023-09-06T16:16:36","modified_gmt":"2023-09-06T14:16:36","slug":"acollida","status":"publish","type":"page","link":"https:\/\/agora.xtec.cat\/esc-medipineda\/serveis\/acollida\/","title":{"rendered":"Acollida"},"content":{"rendered":"<h1>HORARI D&#8217;ACOLLIDA<\/h1>\n<h2>Servei acollida 23-24<\/h2>\n<h3><strong>Empresa &#8220;Va de Lleure&#8221;:\u00a0 Acollida de matins: des del primer dia de curs fins a final de curs.<\/strong><\/h3>\n<h3><strong> 31\u20ac \/mes fixos\u00a0 4\u20ac \/dia espor\u00e0dics. <\/strong><\/h3>\n<h3><strong>El m\u00ednim d&#8217;infants inscrits per obrir el servei ser\u00e0 de 10.<\/strong><\/h3>\n<p>&nbsp;<\/p>\n<h2>Mat\u00ed\u00a0 \u00a07:45h &#8211; 8:45h<\/h2>\n<h2><a href=\"https:\/\/agora.xtec.cat\/esc-medipineda\/wp-content\/uploads\/usu1554\/2023\/09\/PROPOSTA-ESCOLA-MEDITERRA\u0300NIA_page-0001-1.jpg\"><img loading=\"lazy\" decoding=\"async\" class=\"aligncenter size-full wp-image-4848\" src=\"https:\/\/agora.xtec.cat\/esc-medipineda\/wp-content\/uploads\/usu1554\/2023\/09\/PROPOSTA-ESCOLA-MEDITERRA\u0300NIA_page-0001-1.jpg\" alt=\"\" width=\"1240\" height=\"1755\" \/><\/a> <a href=\"https:\/\/agora.xtec.cat\/esc-medipineda\/wp-content\/uploads\/usu1554\/2023\/09\/PROPOSTA-ESCOLA-MEDITERRA\u0300NIA_page-0002-1.jpg\"><img loading=\"lazy\" decoding=\"async\" class=\"aligncenter size-full wp-image-4849\" src=\"https:\/\/agora.xtec.cat\/esc-medipineda\/wp-content\/uploads\/usu1554\/2023\/09\/PROPOSTA-ESCOLA-MEDITERRA\u0300NIA_page-0002-1.jpg\" alt=\"\" width=\"1240\" height=\"1755\" \/><\/a> <a href=\"https:\/\/agora.xtec.cat\/esc-medipineda\/wp-content\/uploads\/usu1554\/2023\/09\/PROPOSTA-ESCOLA-MEDITERRA\u0300NIA_page-0003-1.jpg\"><img loading=\"lazy\" decoding=\"async\" class=\"aligncenter size-full wp-image-4850\" src=\"https:\/\/agora.xtec.cat\/esc-medipineda\/wp-content\/uploads\/usu1554\/2023\/09\/PROPOSTA-ESCOLA-MEDITERRA\u0300NIA_page-0003-1.jpg\" alt=\"\" width=\"1240\" height=\"1755\" \/><\/a> <a href=\"https:\/\/agora.xtec.cat\/esc-medipineda\/wp-content\/uploads\/usu1554\/2023\/09\/PROPOSTA-ESCOLA-MEDITERRA\u0300NIA_page-0004-1.jpg\"><img loading=\"lazy\" decoding=\"async\" class=\"aligncenter size-full wp-image-4851\" src=\"https:\/\/agora.xtec.cat\/esc-medipineda\/wp-content\/uploads\/usu1554\/2023\/09\/PROPOSTA-ESCOLA-MEDITERRA\u0300NIA_page-0004-1.jpg\" alt=\"\" width=\"1240\" height=\"1755\" \/><\/a><\/h2>\n<h2><\/h2>\n<h2><\/h2>\n","protected":false},"excerpt":{"rendered":"<p>HORARI D&#8217;ACOLLIDA Servei acollida 23-24 Empresa &#8220;Va de Lleure&#8221;:\u00a0 Acollida de matins: des del primer dia de curs fins a final de curs. 31\u20ac \/mes fixos\u00a0 4\u20ac \/dia espor\u00e0dics. El m\u00ednim d&#8217;infants inscrits per obrir el servei ser\u00e0 de 10. &nbsp; Mat\u00ed\u00a0 \u00a07:45h &#8211; 8:45h<\/p>\n","protected":false},"author":1,"featured_media":0,"parent":66,"menu_order":20,"comment_status":"closed","ping_status":"closed","template":"page-templates\/side-menu.php","meta":{"_bbp_topic_count":0,"_bbp_reply_count":0,"_bbp_total_topic_count":0,"_bbp_total_reply_count":0,"_bbp_voice_count":0,"_bbp_anonymous_reply_count":0,"_bbp_topic_count_hidden":0,"_bbp_reply_count_hidden":0,"_bbp_forum_subforum_count":0,"site-sidebar-layout":"default","site-content-layout":"","ast-site-content-layout":"","site-content-style":"default","site-sidebar-style":"default","ast-global-header-display":"","ast-banner-title-visibility":"","ast-main-header-display":"","ast-hfb-above-header-display":"","ast-hfb-below-header-display":"","ast-hfb-mobile-header-display":"","site-post-title":"","ast-breadcrumbs-content":"","ast-featured-img":"","footer-sml-layout":"","theme-transparent-header-meta":"","adv-header-id-meta":"","stick-header-meta":"","header-above-stick-meta":"","header-main-stick-meta":"","header-below-stick-meta":"","astra-migrate-meta-layouts":"default","ast-page-background-enabled":"default","ast-page-background-meta":{"desktop":{"background-color":"var(--ast-global-color-4)","background-image":"","background-repeat":"repeat","background-position":"center center","background-size":"auto","background-attachment":"scroll","background-type":"","background-media":"","overlay-type":"","overlay-color":"","overlay-opacity":"","overlay-gradient":""},"tablet":{"background-color":"","background-image":"","background-repeat":"repeat","background-position":"center center","background-size":"auto","background-attachment":"scroll","background-type":"","background-media":"","overlay-type":"","overlay-color":"","overlay-opacity":"","overlay-gradient":""},"mobile":{"background-color":"","background-image":"","background-repeat":"repeat","background-position":"center center","background-size":"auto","background-attachment":"scroll","background-type":"","background-media":"","overlay-type":"","overlay-color":"","overlay-opacity":"","overlay-gradient":""}},"ast-content-background-meta":{"desktop":{"background-color":"var(--ast-global-color-5)","background-image":"","background-repeat":"repeat","background-position":"center center","background-size":"auto","background-attachment":"scroll","background-type":"","background-media":"","overlay-type":"","overlay-color":"","overlay-opacity":"","overlay-gradient":""},"tablet":{"background-color":"var(--ast-global-color-5)","background-image":"","background-repeat":"repeat","background-position":"center center","background-size":"auto","background-attachment":"scroll","background-type":"","background-media":"","overlay-type":"","overlay-color":"","overlay-opacity":"","overlay-gradient":""},"mobile":{"background-color":"var(--ast-global-color-5)","background-image":"","background-repeat":"repeat","background-position":"center center","background-size":"auto","background-attachment":"scroll","background-type":"","background-media":"","overlay-type":"","overlay-color":"","overlay-opacity":"","overlay-gradient":""}},"footnotes":""},"class_list":["post-77","page","type-page","status-publish","hentry"],"post_mailing_queue_ids":[],"_links":{"self":[{"href":"https:\/\/agora.xtec.cat\/esc-medipineda\/wp-json\/wp\/v2\/pages\/77","targetHints":{"allow":["GET"]}}],"collection":[{"href":"https:\/\/agora.xtec.cat\/esc-medipineda\/wp-json\/wp\/v2\/pages"}],"about":[{"href":"https:\/\/agora.xtec.cat\/esc-medipineda\/wp-json\/wp\/v2\/types\/page"}],"author":[{"embeddable":true,"href":"https:\/\/agora.xtec.cat\/esc-medipineda\/wp-json\/wp\/v2\/users\/1"}],"replies":[{"embeddable":true,"href":"https:\/\/agora.xtec.cat\/esc-medipineda\/wp-json\/wp\/v2\/comments?post=77"}],"version-history":[{"count":3,"href":"https:\/\/agora.xtec.cat\/esc-medipineda\/wp-json\/wp\/v2\/pages\/77\/revisions"}],"predecessor-version":[{"id":4852,"href":"https:\/\/agora.xtec.cat\/esc-medipineda\/wp-json\/wp\/v2\/pages\/77\/revisions\/4852"}],"up":[{"embeddable":true,"href":"https:\/\/agora.xtec.cat\/esc-medipineda\/wp-json\/wp\/v2\/pages\/66"}],"wp:attachment":[{"href":"https:\/\/agora.xtec.cat\/esc-medipineda\/wp-json\/wp\/v2\/media?parent=77"}],"curies":[{"name":"wp","href":"https:\/\/api.w.org\/{rel}","templated":true}]}}