{"id":6103,"date":"2026-02-11T12:40:08","date_gmt":"2026-02-11T11:40:08","guid":{"rendered":"https:\/\/agora.xtec.cat\/esc-medipineda\/?page_id=6103"},"modified":"2026-02-11T13:15:29","modified_gmt":"2026-02-11T12:15:29","slug":"creaart","status":"publish","type":"page","link":"https:\/\/agora.xtec.cat\/esc-medipineda\/creaart\/","title":{"rendered":"CreaArt"},"content":{"rendered":"<div><a href=\"https:\/\/agora.xtec.cat\/esc-medipineda\/wp-content\/uploads\/usu1554\/2026\/02\/Logo-CreaArt.jpg\"><img loading=\"lazy\" decoding=\"async\" class=\"aligncenter wp-image-6107\" src=\"https:\/\/agora.xtec.cat\/esc-medipineda\/wp-content\/uploads\/usu1554\/2026\/02\/Logo-CreaArt.jpg\" alt=\"\" width=\"1457\" height=\"193\" srcset=\"https:\/\/agora.xtec.cat\/esc-medipineda\/wp-content\/uploads\/usu1554\/2026\/02\/Logo-CreaArt.jpg 1286w, https:\/\/agora.xtec.cat\/esc-medipineda\/wp-content\/uploads\/usu1554\/2026\/02\/Logo-CreaArt-300x40.jpg 300w, https:\/\/agora.xtec.cat\/esc-medipineda\/wp-content\/uploads\/usu1554\/2026\/02\/Logo-CreaArt-1024x135.jpg 1024w, https:\/\/agora.xtec.cat\/esc-medipineda\/wp-content\/uploads\/usu1554\/2026\/02\/Logo-CreaArt-768x102.jpg 768w\" sizes=\"auto, (max-width: 1457px) 100vw, 1457px\" \/><\/a><\/div>\n<p data-start=\"201\" data-end=\"506\">\n<p style=\"text-align: center;\" data-start=\"201\" data-end=\"506\"><strong data-start=\"201\" data-end=\"212\">CreaArt<\/strong> \u00e9s un projecte que porta <strong data-start=\"238\" data-end=\"247\">l\u2019art<\/strong> i el <strong data-start=\"253\" data-end=\"263\">teatre<\/strong> dins l\u2019horari escolar com a eina per <strong data-start=\"301\" data-end=\"343\">aprendre, expressar-se i cr\u00e9ixer junts<\/strong>. A trav\u00e9s de la <strong data-start=\"360\" data-end=\"375\">creativitat<\/strong>, els infants exploren <strong data-start=\"398\" data-end=\"429\">emocions, idees i hist\u00f2ries<\/strong>, alhora que desenvolupen habilitats <strong data-start=\"466\" data-end=\"477\">socials<\/strong> i de <strong data-start=\"483\" data-end=\"503\">treball en equip<\/strong>.<\/p>\n<h3 data-start=\"513\" data-end=\"540\"><\/h3>\n<h3 style=\"text-align: center;\" data-start=\"513\" data-end=\"540\"><strong data-start=\"517\" data-end=\"538\">A qui va dirigit?<\/strong><\/h3>\n<p style=\"text-align: center;\" data-start=\"541\" data-end=\"886\">El projecte s\u2019adre\u00e7a a l\u2019alumnat de <strong data-start=\"577\" data-end=\"600\">1r i 3r de Prim\u00e0ria<\/strong> en l\u2019\u00e0mbit de <strong data-start=\"615\" data-end=\"624\">l\u2019Art<\/strong>, i a l\u2019alumnat de <strong data-start=\"643\" data-end=\"666\">2n i 4t de Prim\u00e0ria<\/strong> en l\u2019\u00e0mbit del <strong data-start=\"682\" data-end=\"692\">Teatre<\/strong>. Durant el <strong data-start=\"704\" data-end=\"723\">segon trimestre<\/strong>, cada grup participa en <strong data-start=\"748\" data-end=\"770\">sessions setmanals<\/strong> on es combina l\u2019experimentaci\u00f3 amb <strong data-start=\"806\" data-end=\"843\">materials i t\u00e8cniques art\u00edstiques<\/strong> amb <strong data-start=\"848\" data-end=\"883\">jocs teatrals i dramatitzacions<\/strong>.<\/p>\n<h3 data-start=\"893\" data-end=\"929\"><\/h3>\n<h3 style=\"text-align: center;\" data-start=\"893\" data-end=\"929\"><strong data-start=\"897\" data-end=\"927\">Aprendre a trav\u00e9s de l\u2019Art<\/strong><\/h3>\n<p style=\"text-align: center;\" data-start=\"930\" data-end=\"1278\">En les sessions d\u2019<strong data-start=\"948\" data-end=\"955\">Art<\/strong>, els infants aprenen a <strong data-start=\"979\" data-end=\"995\">expressar-se<\/strong> mitjan\u00e7ant la <strong data-start=\"1010\" data-end=\"1043\">pintura, el collage, el volum<\/strong> i la <strong data-start=\"1049\" data-end=\"1081\">creaci\u00f3 d\u2019atrezzo i decorats<\/strong>. Aquestes activitats els permeten descobrir noves maneres de <strong data-start=\"1143\" data-end=\"1173\">comunicar emocions i idees<\/strong>, alhora que desenvolupen la seva <strong data-start=\"1207\" data-end=\"1222\">creativitat<\/strong>, <strong data-start=\"1224\" data-end=\"1237\">autonomia<\/strong> i <strong data-start=\"1240\" data-end=\"1275\">capacitat de treball cooperatiu<\/strong>.<\/p>\n<h3 data-start=\"1285\" data-end=\"1323\"><\/h3>\n<h3 style=\"text-align: center;\" data-start=\"1285\" data-end=\"1323\"><strong data-start=\"1289\" data-end=\"1321\">Aprendre a trav\u00e9s del Teatre<\/strong><\/h3>\n<p style=\"text-align: center;\" data-start=\"1324\" data-end=\"1596\">El <strong data-start=\"1327\" data-end=\"1337\">Teatre<\/strong> es treballa com un <strong data-start=\"1357\" data-end=\"1379\">llenguatge complet<\/strong> que integra <strong data-start=\"1392\" data-end=\"1415\">veu, cos i emocions<\/strong>. Mitjan\u00e7ant <strong data-start=\"1428\" data-end=\"1479\">jocs teatrals, improvisacions i dramatitzacions<\/strong> a partir de contes, els infants aprenen a <strong data-start=\"1522\" data-end=\"1559\">escoltar, cooperar i comunicar-se<\/strong> de manera <strong data-start=\"1570\" data-end=\"1593\">segura i expressiva<\/strong>.<\/p>\n<h3 data-start=\"1603\" data-end=\"1627\"><\/h3>\n<h3 style=\"text-align: center;\" data-start=\"1603\" data-end=\"1627\"><strong data-start=\"1607\" data-end=\"1625\">Com treballem?<\/strong><\/h3>\n<p style=\"text-align: center;\" data-start=\"1628\" data-end=\"1975\">Tot el projecte es basa en l\u2019<strong data-start=\"1657\" data-end=\"1698\">aprenentatge vivencial i significatiu<\/strong>, el <strong data-start=\"1703\" data-end=\"1728\">treball per projectes<\/strong>, el <strong data-start=\"1733\" data-end=\"1753\">suport emocional<\/strong> i la <strong data-start=\"1759\" data-end=\"1782\">participaci\u00f3 activa<\/strong> de cada alumne.<\/p>\n<p style=\"text-align: center;\" data-start=\"1628\" data-end=\"1975\">L\u2019objectiu \u00e9s que cada infant <strong data-start=\"1829\" data-end=\"1860\">gaudeixi del proc\u00e9s creatiu<\/strong>, senti que la seva aportaci\u00f3 \u00e9s <strong data-start=\"1893\" data-end=\"1906\">important<\/strong> i experimenti el plaer de <strong data-start=\"1933\" data-end=\"1972\">compartir i aprendre amb els altres<\/strong>.<\/p>\n<h3 data-start=\"1982\" data-end=\"2008\"><\/h3>\n<h3 style=\"text-align: center;\" data-start=\"1982\" data-end=\"2008\"><strong data-start=\"1986\" data-end=\"2006\">Per qu\u00e8 CreaArt?<\/strong><\/h3>\n<p style=\"text-align: center;\" data-start=\"2009\" data-end=\"2179\"><strong data-start=\"2009\" data-end=\"2020\">CreaArt<\/strong> \u00e9s molt m\u00e9s que art i teatre: \u00e9s un <strong data-start=\"2057\" data-end=\"2123\">espai per crear, expressar-se i viure experi\u00e8ncies compartides<\/strong>, que queden gravades en la mem\u00f2ria dels nens i nenes.<\/p>\n<blockquote data-start=\"2181\" data-end=\"2274\">\n<p style=\"text-align: center;\" data-start=\"2183\" data-end=\"2274\"><em data-start=\"2183\" data-end=\"2246\">\u201cCreaArt \u00e9s un espai per crear, sentir i expressar-se junts.\u201d<\/em><br data-start=\"2246\" data-end=\"2249\" \/><strong data-start=\"2249\" data-end=\"2274\">#TotsJuntsHoFemMillor<\/strong><\/p>\n<\/blockquote>\n<p style=\"text-align: center;\" data-start=\"2183\" data-end=\"2274\">\r\n\t<div class=\"slideshow_container slideshow_container_style-light\" style=\"height: 300px; \" data-slideshow-id=\"6108\" data-style-name=\"style-light\" data-style-version=\"2.3.1\" >\r\n\r\n\t\t\t\t\t<div class=\"slideshow_loading_icon\"><\/div>\r\n\t\t\r\n\t\t<div class=\"slideshow_content\" style=\"display: none;\">\r\n\r\n\t\t\t<div class=\"slideshow_view\">\r\n\t\t\t\t<div class=\"slideshow_slide slideshow_slide_image\">\r\n\t\t\t\t\t\t\t\t\t\t\t<img src=\"https:\/\/agora.xtec.cat\/esc-medipineda\/wp-content\/uploads\/usu1554\/2026\/02\/IMG_20260210_095920.jpg\" alt=\"IMG_20260210_095920\" width=\"2493\" height=\"1663\" \/>\r\n\t\t\t\t\t\t\t\t\t\t<div class=\"slideshow_description_box slideshow_transparent\">\r\n\t\t\t\t\t\t<div class=\"slideshow_title\">IMG_20260210_095920<\/div>\t\t\t\t\t\t\t\t\t\t\t<\/div>\r\n\t\t\t\t<\/div>\r\n\r\n\t\t\t\t\t\t<div style=\"clear: both;\"><\/div><\/div><div class=\"slideshow_view\">\r\n\t\t\t\t<div class=\"slideshow_slide slideshow_slide_image\">\r\n\t\t\t\t\t\t\t\t\t\t\t<img src=\"https:\/\/agora.xtec.cat\/esc-medipineda\/wp-content\/uploads\/usu1554\/2026\/02\/IMG_20260205_092235.jpg\" alt=\"IMG_20260205_092235\" width=\"2140\" height=\"1428\" \/>\r\n\t\t\t\t\t\t\t\t\t\t<div class=\"slideshow_description_box slideshow_transparent\">\r\n\t\t\t\t\t\t<div class=\"slideshow_title\">IMG_20260205_092235<\/div>\t\t\t\t\t\t\t\t\t\t\t<\/div>\r\n\t\t\t\t<\/div>\r\n\r\n\t\t\t\t\t\t<div style=\"clear: both;\"><\/div><\/div><div class=\"slideshow_view\">\r\n\t\t\t\t<div class=\"slideshow_slide slideshow_slide_image\">\r\n\t\t\t\t\t\t\t\t\t\t\t<img src=\"https:\/\/agora.xtec.cat\/esc-medipineda\/wp-content\/uploads\/usu1554\/2026\/02\/IMG_1993-2.jpg\" alt=\"IMG_1993 (2)\" width=\"1907\" height=\"1271\" \/>\r\n\t\t\t\t\t\t\t\t\t\t<div class=\"slideshow_description_box slideshow_transparent\">\r\n\t\t\t\t\t\t<div class=\"slideshow_title\">IMG_1993 (2)<\/div>\t\t\t\t\t\t\t\t\t\t\t<\/div>\r\n\t\t\t\t<\/div>\r\n\r\n\t\t\t\t\t\t<div style=\"clear: both;\"><\/div><\/div><div class=\"slideshow_view\">\r\n\t\t\t\t<div class=\"slideshow_slide slideshow_slide_image\">\r\n\t\t\t\t\t\t\t\t\t\t\t<img src=\"https:\/\/agora.xtec.cat\/esc-medipineda\/wp-content\/uploads\/usu1554\/2026\/02\/WhatsApp-Image-2026-02-02-at-12.09.53.jpeg\" alt=\"WhatsApp Image 2026-02-02 at 12.09.53\" width=\"2040\" height=\"1530\" \/>\r\n\t\t\t\t\t\t\t\t\t\t<div class=\"slideshow_description_box slideshow_transparent\">\r\n\t\t\t\t\t\t<div class=\"slideshow_title\">WhatsApp Image 2026-02-02 at 12.09.53<\/div>\t\t\t\t\t\t\t\t\t\t\t<\/div>\r\n\t\t\t\t<\/div>\r\n\r\n\t\t\t\t\t\t<div style=\"clear: both;\"><\/div><\/div>\r\n\t\t<\/div>\r\n\r\n\t\t<div class=\"slideshow_controlPanel slideshow_transparent\" style=\"display: none;\"><ul><li class=\"slideshow_togglePlay\" data-play-text=\"Visualitza\" data-pause-text=\"Pausa\"><\/li><\/ul><\/div>\r\n\r\n\t\t<div class=\"slideshow_button slideshow_previous slideshow_transparent\" role=\"button\" data-previous-text=\"Anterior\" style=\"display: none;\"><\/div>\r\n\t\t<div class=\"slideshow_button slideshow_next slideshow_transparent\" role=\"button\" data-next-text=\"Seg\u00fcent\" style=\"display: none;\"><\/div>\r\n\r\n\t\t<div class=\"slideshow_pagination\" style=\"display: none;\" data-go-to-text=\"V\u00e9s a la diapositiva\"><div class=\"slideshow_pagination_center\"><\/div><\/div>\r\n\r\n\t\t<!-- WordPress Slideshow Version 2.3.1 -->\r\n\r\n\t\t\t<\/div>\r\n\r\n<\/p>\n","protected":false},"excerpt":{"rendered":"<p>CreaArt \u00e9s un projecte que porta l\u2019art i el teatre dins l\u2019horari escolar com a eina per aprendre, expressar-se i cr\u00e9ixer junts. A trav\u00e9s de la creativitat, els infants exploren emocions, idees i hist\u00f2ries, alhora que desenvolupen habilitats socials i de treball en equip. A qui va dirigit? El projecte s\u2019adre\u00e7a a l\u2019alumnat de 1r [&hellip;]<\/p>\n","protected":false},"author":1,"featured_media":0,"parent":0,"menu_order":0,"comment_status":"closed","ping_status":"closed","template":"","meta":{"_bbp_topic_count":0,"_bbp_reply_count":0,"_bbp_total_topic_count":0,"_bbp_total_reply_count":0,"_bbp_voice_count":0,"_bbp_anonymous_reply_count":0,"_bbp_topic_count_hidden":0,"_bbp_reply_count_hidden":0,"_bbp_forum_subforum_count":0,"site-sidebar-layout":"default","site-content-layout":"","ast-site-content-layout":"default","site-content-style":"default","site-sidebar-style":"default","ast-global-header-display":"","ast-banner-title-visibility":"","ast-main-header-display":"","ast-hfb-above-header-display":"","ast-hfb-below-header-display":"","ast-hfb-mobile-header-display":"","site-post-title":"","ast-breadcrumbs-content":"","ast-featured-img":"","footer-sml-layout":"","theme-transparent-header-meta":"default","adv-header-id-meta":"","stick-header-meta":"","header-above-stick-meta":"","header-main-stick-meta":"","header-below-stick-meta":"","astra-migrate-meta-layouts":"set","ast-page-background-enabled":"default","ast-page-background-meta":{"desktop":{"background-color":"var(--ast-global-color-4)","background-image":"","background-repeat":"repeat","background-position":"center center","background-size":"auto","background-attachment":"scroll","background-type":"","background-media":"","overlay-type":"","overlay-color":"","overlay-opacity":"","overlay-gradient":""},"tablet":{"background-color":"","background-image":"","background-repeat":"repeat","background-position":"center center","background-size":"auto","background-attachment":"scroll","background-type":"","background-media":"","overlay-type":"","overlay-color":"","overlay-opacity":"","overlay-gradient":""},"mobile":{"background-color":"","background-image":"","background-repeat":"repeat","background-position":"center center","background-size":"auto","background-attachment":"scroll","background-type":"","background-media":"","overlay-type":"","overlay-color":"","overlay-opacity":"","overlay-gradient":""}},"ast-content-background-meta":{"desktop":{"background-color":"var(--ast-global-color-5)","background-image":"","background-repeat":"repeat","background-position":"center center","background-size":"auto","background-attachment":"scroll","background-type":"","background-media":"","overlay-type":"","overlay-color":"","overlay-opacity":"","overlay-gradient":""},"tablet":{"background-color":"var(--ast-global-color-5)","background-image":"","background-repeat":"repeat","background-position":"center center","background-size":"auto","background-attachment":"scroll","background-type":"","background-media":"","overlay-type":"","overlay-color":"","overlay-opacity":"","overlay-gradient":""},"mobile":{"background-color":"var(--ast-global-color-5)","background-image":"","background-repeat":"repeat","background-position":"center center","background-size":"auto","background-attachment":"scroll","background-type":"","background-media":"","overlay-type":"","overlay-color":"","overlay-opacity":"","overlay-gradient":""}},"footnotes":""},"class_list":["post-6103","page","type-page","status-publish","hentry"],"post_mailing_queue_ids":[],"_links":{"self":[{"href":"https:\/\/agora.xtec.cat\/esc-medipineda\/wp-json\/wp\/v2\/pages\/6103","targetHints":{"allow":["GET"]}}],"collection":[{"href":"https:\/\/agora.xtec.cat\/esc-medipineda\/wp-json\/wp\/v2\/pages"}],"about":[{"href":"https:\/\/agora.xtec.cat\/esc-medipineda\/wp-json\/wp\/v2\/types\/page"}],"author":[{"embeddable":true,"href":"https:\/\/agora.xtec.cat\/esc-medipineda\/wp-json\/wp\/v2\/users\/1"}],"replies":[{"embeddable":true,"href":"https:\/\/agora.xtec.cat\/esc-medipineda\/wp-json\/wp\/v2\/comments?post=6103"}],"version-history":[{"count":3,"href":"https:\/\/agora.xtec.cat\/esc-medipineda\/wp-json\/wp\/v2\/pages\/6103\/revisions"}],"predecessor-version":[{"id":6114,"href":"https:\/\/agora.xtec.cat\/esc-medipineda\/wp-json\/wp\/v2\/pages\/6103\/revisions\/6114"}],"wp:attachment":[{"href":"https:\/\/agora.xtec.cat\/esc-medipineda\/wp-json\/wp\/v2\/media?parent=6103"}],"curies":[{"name":"wp","href":"https:\/\/api.w.org\/{rel}","templated":true}]}}