{"id":5010,"date":"2024-01-05T15:35:04","date_gmt":"2024-01-05T14:35:04","guid":{"rendered":"https:\/\/agora.xtec.cat\/esc-medipineda\/?page_id=5010"},"modified":"2024-01-17T12:57:42","modified_gmt":"2024-01-17T11:57:42","slug":"robotica","status":"publish","type":"page","link":"https:\/\/agora.xtec.cat\/esc-medipineda\/robotica\/","title":{"rendered":"ROB\u00d2TICA"},"content":{"rendered":"<p><a href=\"https:\/\/agora.xtec.cat\/esc-medipineda\/wp-content\/uploads\/usu1554\/2024\/01\/10af31d2e0a0a05f5dcf73217139fedb_fgraphic.png\"><img loading=\"lazy\" decoding=\"async\" class=\"wp-image-5013 alignleft\" src=\"https:\/\/agora.xtec.cat\/esc-medipineda\/wp-content\/uploads\/usu1554\/2024\/01\/10af31d2e0a0a05f5dcf73217139fedb_fgraphic.png\" alt=\"\" width=\"377\" height=\"184\" srcset=\"https:\/\/agora.xtec.cat\/esc-medipineda\/wp-content\/uploads\/usu1554\/2024\/01\/10af31d2e0a0a05f5dcf73217139fedb_fgraphic.png 1024w, https:\/\/agora.xtec.cat\/esc-medipineda\/wp-content\/uploads\/usu1554\/2024\/01\/10af31d2e0a0a05f5dcf73217139fedb_fgraphic-300x146.png 300w, https:\/\/agora.xtec.cat\/esc-medipineda\/wp-content\/uploads\/usu1554\/2024\/01\/10af31d2e0a0a05f5dcf73217139fedb_fgraphic-768x375.png 768w\" sizes=\"auto, (max-width: 377px) 100vw, 377px\" \/><\/a><a href=\"https:\/\/agora.xtec.cat\/esc-medipineda\/wp-content\/uploads\/usu1554\/2024\/01\/Blue-Bot-accessible_.pdf\">Blue-Bot\u00a0\u00a0\u00a0\u00a0\u00a0\u00a0\u00a0\u00a0\u00a0\u00a0\u00a0\u00a0\u00a0\u00a0\u00a0\u00a0<\/a><\/p>\n<p><a href=\"https:\/\/agora.xtec.cat\/esc-medipineda\/wp-content\/uploads\/usu1554\/2024\/01\/R02_Manual-usuari_Blue-Bot.pdf\">Manual d&#8217;usuari Blue-Bot<\/a><\/p>\n<p><a href=\"https:\/\/projectes.xtec.cat\/digital\/equipaments-i-infraestructures\/robotica\/formacio-tecnica-robotica\/robots-educatius\/blue-bot\/\" target=\"_blank\" rel=\"noopener\">+INFO<\/a><\/p>\n<p>&nbsp;<\/p>\n<p>&nbsp;<\/p>\n<p>&nbsp;<\/p>\n<p><a href=\"https:\/\/agora.xtec.cat\/esc-medipineda\/wp-content\/uploads\/usu1554\/2024\/01\/Tale-Bot-accessible.pdf\" target=\"_blank\" rel=\"noopener\"><img loading=\"lazy\" decoding=\"async\" class=\"wp-image-5016 alignleft\" src=\"https:\/\/agora.xtec.cat\/esc-medipineda\/wp-content\/uploads\/usu1554\/2024\/01\/tale-bot.jpg\" alt=\"\" width=\"456\" height=\"378\" srcset=\"https:\/\/agora.xtec.cat\/esc-medipineda\/wp-content\/uploads\/usu1554\/2024\/01\/tale-bot.jpg 894w, https:\/\/agora.xtec.cat\/esc-medipineda\/wp-content\/uploads\/usu1554\/2024\/01\/tale-bot-300x250.jpg 300w, https:\/\/agora.xtec.cat\/esc-medipineda\/wp-content\/uploads\/usu1554\/2024\/01\/tale-bot-768x636.jpg 768w\" sizes=\"auto, (max-width: 456px) 100vw, 456px\" \/><\/a><\/p>\n<p>&nbsp;<\/p>\n<p>&nbsp;<\/p>\n<p>&nbsp;<\/p>\n<p>&nbsp;<\/p>\n<p>&nbsp;<\/p>\n<p>&nbsp;<\/p>\n<p>&nbsp;<\/p>\n<p>&nbsp;<\/p>\n<p>&nbsp;<\/p>\n<p>&nbsp;<\/p>\n<p><a href=\"https:\/\/agora.xtec.cat\/esc-medipineda\/wp-content\/uploads\/usu1554\/2024\/01\/images.jpg\"><img loading=\"lazy\" decoding=\"async\" class=\"size-full wp-image-5023 alignleft\" src=\"https:\/\/agora.xtec.cat\/esc-medipineda\/wp-content\/uploads\/usu1554\/2024\/01\/images.jpg\" alt=\"\" width=\"225\" height=\"225\" srcset=\"https:\/\/agora.xtec.cat\/esc-medipineda\/wp-content\/uploads\/usu1554\/2024\/01\/images.jpg 225w, https:\/\/agora.xtec.cat\/esc-medipineda\/wp-content\/uploads\/usu1554\/2024\/01\/images-150x150.jpg 150w\" sizes=\"auto, (max-width: 225px) 100vw, 225px\" \/><\/a><a href=\"https:\/\/agora.xtec.cat\/esc-medipineda\/wp-content\/uploads\/usu1554\/2024\/01\/Codey-Rocky-accessible_.pdf\">Codey-Rocky-a<\/a><a href=\"https:\/\/agora.xtec.cat\/esc-medipineda\/wp-content\/uploads\/usu1554\/2024\/01\/Codey-Rocky-accessible_.pdf\">ccessible_<\/a><\/p>\n<p><a href=\"https:\/\/agora.xtec.cat\/esc-medipineda\/wp-content\/uploads\/usu1554\/2024\/01\/Manual-dus_Codey-Rocky_Makeblock-Education.pdf\">Manual-dus_<\/a><a href=\"https:\/\/agora.xtec.cat\/esc-medipineda\/wp-content\/uploads\/usu1554\/2024\/01\/Manual-dus_Codey-Rocky_Makeblock-Education.pdf\">Codey-Rocky_Makeblock-Education<\/a><\/p>\n<p><a href=\"https:\/\/projectes.xtec.cat\/digital\/equipaments-i-infraestructures\/robotica\/formacio-tecnica-robotica\/robots-educatius\/codey-rocky\/\" target=\"_blank\" rel=\"noopener\">+INFO<\/a><\/p>\n<p><a href=\"https:\/\/projectes.xtec.cat\/digital\/equipaments-i-infraestructures\/robotica\/formacio-tecnica-robotica\/robots-educatius\/codey-rocky\/\">app<\/a><\/p>\n<p>&nbsp;<\/p>\n<p>&nbsp;<\/p>\n<p><a href=\"https:\/\/agora.xtec.cat\/esc-medipineda\/wp-content\/uploads\/usu1554\/2024\/01\/45678.jpeg\"><img loading=\"lazy\" decoding=\"async\" class=\"wp-image-5031 alignnone\" src=\"https:\/\/agora.xtec.cat\/esc-medipineda\/wp-content\/uploads\/usu1554\/2024\/01\/45678.jpeg\" alt=\"\" width=\"458\" height=\"321\" srcset=\"https:\/\/agora.xtec.cat\/esc-medipineda\/wp-content\/uploads\/usu1554\/2024\/01\/45678.jpeg 1500w, https:\/\/agora.xtec.cat\/esc-medipineda\/wp-content\/uploads\/usu1554\/2024\/01\/45678-300x211.jpeg 300w, https:\/\/agora.xtec.cat\/esc-medipineda\/wp-content\/uploads\/usu1554\/2024\/01\/45678-1024x719.jpeg 1024w, https:\/\/agora.xtec.cat\/esc-medipineda\/wp-content\/uploads\/usu1554\/2024\/01\/45678-768x539.jpeg 768w\" sizes=\"auto, (max-width: 458px) 100vw, 458px\" \/><\/a><\/p>\n<p><a href=\"https:\/\/agora.xtec.cat\/esc-medipineda\/wp-content\/uploads\/usu1554\/2024\/01\/Spike-Prime_.pdf\">Spike-Prime<\/a><\/p>\n<p><a href=\"https:\/\/agora.xtec.cat\/esc-medipineda\/wp-content\/uploads\/usu1554\/2024\/01\/Manual-dus-SPIKE-Prime_LEGO-Education-1-12-1-6.pdf\">Manual d&#8217;\u00fas SPIKE Prime_LEGO Education-1-6<\/a><\/p>\n<p><a href=\"https:\/\/agora.xtec.cat\/esc-medipineda\/wp-content\/uploads\/usu1554\/2024\/01\/Manual-dus-SPIKE-Prime_LEGO-Education-1-12-7-12.pdf\">Manual d&#8217;\u00fas SPIKE Prime_LEGO Education-<\/a><a href=\"https:\/\/agora.xtec.cat\/esc-medipineda\/wp-content\/uploads\/usu1554\/2024\/01\/Manual-dus-SPIKE-Prime_LEGO-Education-1-12-7-12.pdf\">7-12<\/a><\/p>\n<p><a href=\"https:\/\/agora.xtec.cat\/esc-medipineda\/wp-content\/uploads\/usu1554\/2024\/01\/Manual-dus-SPIKE-Prime_LEGO-Education-13-25.pdf\">Manual d&#8217;\u00fas SPIKE Prime_LEGO Education-13-25<\/a><\/p>\n<p><a href=\"https:\/\/education.lego.com\/es-es\/downloads\/spike-app\/software\/\">Descarre<\/a><a href=\"https:\/\/education.lego.com\/es-es\/downloads\/spike-app\/software\/\">ga app<\/a><\/p>\n<p><a href=\"https:\/\/projectes.xtec.cat\/digital\/equipaments-i-infraestructures\/robotica\/formacio-tecnica-robotica\/robots-educatius\/lego-spike-prime\/\" target=\"_blank\" rel=\"noopener\">+INFO<\/a><\/p>\n<p style=\"text-align: left;\">\n","protected":false},"excerpt":{"rendered":"<p>Blue-Bot\u00a0\u00a0\u00a0\u00a0\u00a0\u00a0\u00a0\u00a0\u00a0\u00a0\u00a0\u00a0\u00a0\u00a0\u00a0\u00a0 Manual d&#8217;usuari Blue-Bot +INFO &nbsp; &nbsp; &nbsp; &nbsp; &nbsp; &nbsp; &nbsp; &nbsp; &nbsp; &nbsp; &nbsp; &nbsp; &nbsp; Codey-Rocky-accessible_ Manual-dus_Codey-Rocky_Makeblock-Education +INFO app &nbsp; &nbsp; Spike-Prime Manual d&#8217;\u00fas SPIKE Prime_LEGO Education-1-6 Manual d&#8217;\u00fas SPIKE Prime_LEGO Education-7-12 Manual d&#8217;\u00fas SPIKE Prime_LEGO Education-13-25 Descarrega app +INFO<\/p>\n","protected":false},"author":1,"featured_media":0,"parent":0,"menu_order":0,"comment_status":"closed","ping_status":"closed","template":"","meta":{"_bbp_topic_count":0,"_bbp_reply_count":0,"_bbp_total_topic_count":0,"_bbp_total_reply_count":0,"_bbp_voice_count":0,"_bbp_anonymous_reply_count":0,"_bbp_topic_count_hidden":0,"_bbp_reply_count_hidden":0,"_bbp_forum_subforum_count":0,"site-sidebar-layout":"default","site-content-layout":"","ast-site-content-layout":"","site-content-style":"default","site-sidebar-style":"default","ast-global-header-display":"","ast-banner-title-visibility":"","ast-main-header-display":"","ast-hfb-above-header-display":"","ast-hfb-below-header-display":"","ast-hfb-mobile-header-display":"","site-post-title":"","ast-breadcrumbs-content":"","ast-featured-img":"","footer-sml-layout":"","theme-transparent-header-meta":"","adv-header-id-meta":"","stick-header-meta":"","header-above-stick-meta":"","header-main-stick-meta":"","header-below-stick-meta":"","astra-migrate-meta-layouts":"default","ast-page-background-enabled":"default","ast-page-background-meta":{"desktop":{"background-color":"var(--ast-global-color-4)","background-image":"","background-repeat":"repeat","background-position":"center center","background-size":"auto","background-attachment":"scroll","background-type":"","background-media":"","overlay-type":"","overlay-color":"","overlay-opacity":"","overlay-gradient":""},"tablet":{"background-color":"","background-image":"","background-repeat":"repeat","background-position":"center center","background-size":"auto","background-attachment":"scroll","background-type":"","background-media":"","overlay-type":"","overlay-color":"","overlay-opacity":"","overlay-gradient":""},"mobile":{"background-color":"","background-image":"","background-repeat":"repeat","background-position":"center center","background-size":"auto","background-attachment":"scroll","background-type":"","background-media":"","overlay-type":"","overlay-color":"","overlay-opacity":"","overlay-gradient":""}},"ast-content-background-meta":{"desktop":{"background-color":"var(--ast-global-color-5)","background-image":"","background-repeat":"repeat","background-position":"center center","background-size":"auto","background-attachment":"scroll","background-type":"","background-media":"","overlay-type":"","overlay-color":"","overlay-opacity":"","overlay-gradient":""},"tablet":{"background-color":"var(--ast-global-color-5)","background-image":"","background-repeat":"repeat","background-position":"center center","background-size":"auto","background-attachment":"scroll","background-type":"","background-media":"","overlay-type":"","overlay-color":"","overlay-opacity":"","overlay-gradient":""},"mobile":{"background-color":"var(--ast-global-color-5)","background-image":"","background-repeat":"repeat","background-position":"center center","background-size":"auto","background-attachment":"scroll","background-type":"","background-media":"","overlay-type":"","overlay-color":"","overlay-opacity":"","overlay-gradient":""}},"footnotes":""},"class_list":["post-5010","page","type-page","status-publish","hentry"],"post_mailing_queue_ids":[],"_links":{"self":[{"href":"https:\/\/agora.xtec.cat\/esc-medipineda\/wp-json\/wp\/v2\/pages\/5010","targetHints":{"allow":["GET"]}}],"collection":[{"href":"https:\/\/agora.xtec.cat\/esc-medipineda\/wp-json\/wp\/v2\/pages"}],"about":[{"href":"https:\/\/agora.xtec.cat\/esc-medipineda\/wp-json\/wp\/v2\/types\/page"}],"author":[{"embeddable":true,"href":"https:\/\/agora.xtec.cat\/esc-medipineda\/wp-json\/wp\/v2\/users\/1"}],"replies":[{"embeddable":true,"href":"https:\/\/agora.xtec.cat\/esc-medipineda\/wp-json\/wp\/v2\/comments?post=5010"}],"version-history":[{"count":6,"href":"https:\/\/agora.xtec.cat\/esc-medipineda\/wp-json\/wp\/v2\/pages\/5010\/revisions"}],"predecessor-version":[{"id":5077,"href":"https:\/\/agora.xtec.cat\/esc-medipineda\/wp-json\/wp\/v2\/pages\/5010\/revisions\/5077"}],"wp:attachment":[{"href":"https:\/\/agora.xtec.cat\/esc-medipineda\/wp-json\/wp\/v2\/media?parent=5010"}],"curies":[{"name":"wp","href":"https:\/\/api.w.org\/{rel}","templated":true}]}}