{"id":3969,"date":"2021-12-03T16:19:45","date_gmt":"2021-12-03T15:19:45","guid":{"rendered":"https:\/\/agora.xtec.cat\/esc-medipineda\/?page_id=3969"},"modified":"2022-09-16T13:29:56","modified_gmt":"2022-09-16T11:29:56","slug":"criteris-davaluacio","status":"publish","type":"page","link":"https:\/\/agora.xtec.cat\/esc-medipineda\/criteris-davaluacio\/","title":{"rendered":"Criteris d&#8217;Avaluaci\u00f3"},"content":{"rendered":"<p>L\u2019avaluaci\u00f3 es dur\u00e0 a terme amb refer\u00e8ncia a l\u2019assoliment de les compet\u00e8ncies b\u00e0siques i els criteris d\u2019avaluaci\u00f3 establerts en el projecte educatiu del centre. S\u2019ha de tenir en compte tamb\u00e9 el treball fet a classe I l\u2019inter\u00e8s i l\u2019esfor\u00e7 per progressar demostrat per l\u2019alumne\/a.<\/p>\n","protected":false},"excerpt":{"rendered":"<p>L\u2019avaluaci\u00f3 es dur\u00e0 a terme amb refer\u00e8ncia a l\u2019assoliment de les compet\u00e8ncies b\u00e0siques i els criteris d\u2019avaluaci\u00f3 establerts en el projecte educatiu del centre. S\u2019ha de tenir en compte tamb\u00e9 el treball fet a classe I l\u2019inter\u00e8s i l\u2019esfor\u00e7 per progressar demostrat per l\u2019alumne\/a.<\/p>\n","protected":false},"author":1,"featured_media":0,"parent":0,"menu_order":0,"comment_status":"closed","ping_status":"closed","template":"","meta":{"_bbp_topic_count":0,"_bbp_reply_count":0,"_bbp_total_topic_count":0,"_bbp_total_reply_count":0,"_bbp_voice_count":0,"_bbp_anonymous_reply_count":0,"_bbp_topic_count_hidden":0,"_bbp_reply_count_hidden":0,"_bbp_forum_subforum_count":0,"site-sidebar-layout":"default","site-content-layout":"","ast-site-content-layout":"","site-content-style":"default","site-sidebar-style":"default","ast-global-header-display":"","ast-banner-title-visibility":"","ast-main-header-display":"","ast-hfb-above-header-display":"","ast-hfb-below-header-display":"","ast-hfb-mobile-header-display":"","site-post-title":"","ast-breadcrumbs-content":"","ast-featured-img":"","footer-sml-layout":"","theme-transparent-header-meta":"","adv-header-id-meta":"","stick-header-meta":"","header-above-stick-meta":"","header-main-stick-meta":"","header-below-stick-meta":"","astra-migrate-meta-layouts":"default","ast-page-background-enabled":"default","ast-page-background-meta":{"desktop":{"background-color":"var(--ast-global-color-4)","background-image":"","background-repeat":"repeat","background-position":"center center","background-size":"auto","background-attachment":"scroll","background-type":"","background-media":"","overlay-type":"","overlay-color":"","overlay-opacity":"","overlay-gradient":""},"tablet":{"background-color":"","background-image":"","background-repeat":"repeat","background-position":"center center","background-size":"auto","background-attachment":"scroll","background-type":"","background-media":"","overlay-type":"","overlay-color":"","overlay-opacity":"","overlay-gradient":""},"mobile":{"background-color":"","background-image":"","background-repeat":"repeat","background-position":"center center","background-size":"auto","background-attachment":"scroll","background-type":"","background-media":"","overlay-type":"","overlay-color":"","overlay-opacity":"","overlay-gradient":""}},"ast-content-background-meta":{"desktop":{"background-color":"var(--ast-global-color-5)","background-image":"","background-repeat":"repeat","background-position":"center center","background-size":"auto","background-attachment":"scroll","background-type":"","background-media":"","overlay-type":"","overlay-color":"","overlay-opacity":"","overlay-gradient":""},"tablet":{"background-color":"var(--ast-global-color-5)","background-image":"","background-repeat":"repeat","background-position":"center center","background-size":"auto","background-attachment":"scroll","background-type":"","background-media":"","overlay-type":"","overlay-color":"","overlay-opacity":"","overlay-gradient":""},"mobile":{"background-color":"var(--ast-global-color-5)","background-image":"","background-repeat":"repeat","background-position":"center center","background-size":"auto","background-attachment":"scroll","background-type":"","background-media":"","overlay-type":"","overlay-color":"","overlay-opacity":"","overlay-gradient":""}},"footnotes":""},"class_list":["post-3969","page","type-page","status-publish","hentry"],"post_mailing_queue_ids":[],"_links":{"self":[{"href":"https:\/\/agora.xtec.cat\/esc-medipineda\/wp-json\/wp\/v2\/pages\/3969","targetHints":{"allow":["GET"]}}],"collection":[{"href":"https:\/\/agora.xtec.cat\/esc-medipineda\/wp-json\/wp\/v2\/pages"}],"about":[{"href":"https:\/\/agora.xtec.cat\/esc-medipineda\/wp-json\/wp\/v2\/types\/page"}],"author":[{"embeddable":true,"href":"https:\/\/agora.xtec.cat\/esc-medipineda\/wp-json\/wp\/v2\/users\/1"}],"replies":[{"embeddable":true,"href":"https:\/\/agora.xtec.cat\/esc-medipineda\/wp-json\/wp\/v2\/comments?post=3969"}],"version-history":[{"count":2,"href":"https:\/\/agora.xtec.cat\/esc-medipineda\/wp-json\/wp\/v2\/pages\/3969\/revisions"}],"predecessor-version":[{"id":4337,"href":"https:\/\/agora.xtec.cat\/esc-medipineda\/wp-json\/wp\/v2\/pages\/3969\/revisions\/4337"}],"wp:attachment":[{"href":"https:\/\/agora.xtec.cat\/esc-medipineda\/wp-json\/wp\/v2\/media?parent=3969"}],"curies":[{"name":"wp","href":"https:\/\/api.w.org\/{rel}","templated":true}]}}