{"id":26,"date":"2014-09-18T12:24:32","date_gmt":"2014-09-18T10:24:32","guid":{"rendered":"http:\/\/agora.xtec.cat\/esc-medipineda\/?page_id=26"},"modified":"2021-11-30T09:50:00","modified_gmt":"2021-11-30T08:50:00","slug":"historia","status":"publish","type":"page","link":"https:\/\/agora.xtec.cat\/esc-medipineda\/lescola\/historia\/","title":{"rendered":"Hist\u00f2ria"},"content":{"rendered":"<p>L&#8217;escola Mediterr\u00e0nia de Pineda de Mar, \u00e9s un centre d&#8217;ensenyament p\u00fablic depenent del Departament d&#8217;Educaci\u00f3 de la Generalitat de Catalunya. L\u2019escola acull els seg\u00fcents nivells educatius: segon cicle d&#8217;educaci\u00f3 infantil i educaci\u00f3 prim\u00e0ria. L&#8217;escola t\u00e9 una l\u00ednia en tots els nivells. Doncs el total d\u2019unitats s\u00f3n 3 d\u2019Educaci\u00f3 Infantil i 6 de Prim\u00e0ria.<\/p>\n<p>El municipi de Pineda de Mar es troba situat a la comarca del Maresme, entre els municipis de Calella, Tordera a l&#8217;oest, Santa Susanna al nord i el mar Mediterrani a l&#8217;est. El terme municipal t\u00e9 una superf\u00edcie de 1.035 hect\u00e0rees (10,35km2) i 27.984 habitants (any 2020), les zones agr\u00edcoles i forestals ocupen gaireb\u00e9 el 70% del terme municipal i la resta est\u00e0 ocupada per nucli urb\u00e0 de Pineda de Mar, les urbanitzacions i les \u00e0rees industrials. El 10% del terme municipal es troba dins del Parc Natural del Montnegre i el Corredor.<\/p>\n<p>L&#8217;Escola consta d\u2019un edifici que es va construir l&#8217;any 1991 i est\u00e0 format per la planta baixa on s&#8217;ubiquen les aules d\u2019educaci\u00f3 infantil amb serveis sanitaris propis a les aules d\u2019Educaci\u00f3 Infantil 3 i 4 anys, les aules de cicle inicial, la sala de mestres, el menjador escolar i la cuina, el hall, els serveis sanitaris i dutxes, la consergeria i secretaria, 2 aules de reunions i\/o refor\u00e7, direcci\u00f3, espai de material EI i el despatx de l\u2019AMPA.<\/p>\n<p>A la primera planta, les aules de cicle mitj\u00e0 i cicle superior, la biblioteca, l\u2019aula polivalent, les tutories, 3 espais de material i els serveis sanitaris.<\/p>\n<p>Separat de l\u2019edifici principal hi ha un altre espai que s&#8217;utilitza com a magatzem de material esportiu, magatzem de material de la cuina, magatzem eines de l\u2019hort i calderes.<\/p>\n<p>Pel que fa a les instal\u00b7lacions esportives i d&#8217;esbarjo, l\u2019escola compta amb un gimn\u00e0s, constru\u00eft l\u2019any 2012, i dos patis: un a davant, de sorra i ciment, per a\u00a0 educaci\u00f3 infantil i cicle inicial\u00a0 i un al darrere (pistes) per CM i CS . El gimn\u00e0s i les pistes s\u2019utilitzen per a dur a terme les activitats de l&#8217;\u00e0rea d\u2019Educaci\u00f3 f\u00edsica.<\/p>\n<p>A l&#8217;any 2005, es va crear un SIEI (Suport Intensiu Escolaritzaci\u00f3 Inclusiva) \u00a0que a m\u00e9s d\u2019una ampliaci\u00f3 de la dotaci\u00f3 humana i material del centre, ha suposat un canvi en el treball inclusiu que es venia desenvolupant des de sempre.<\/p>\n<p>Des del seu inici, s\u2019ha seguit una l\u00ednia pedag\u00f2gica basada en el pluralisme, la catalanitat, la interculturalitat, l\u2019educaci\u00f3 integral i inclusiva, l\u2019atenci\u00f3 a la diversitat, l\u2019educaci\u00f3 mediambiental i per a la salut, el treball en equip i la relaci\u00f3 amb les fam\u00edlies, que s\u2019ha mostrat encertada i m\u00e9s ara que la LEC defineix aquests trets d\u2019identitat com els propis de la nova escola catalana.<\/p>\n","protected":false},"excerpt":{"rendered":"<p>L&#8217;escola Mediterr\u00e0nia de Pineda de Mar, \u00e9s un centre d&#8217;ensenyament p\u00fablic depenent del Departament d&#8217;Educaci\u00f3 de la Generalitat de Catalunya. L\u2019escola acull els seg\u00fcents nivells educatius: segon cicle d&#8217;educaci\u00f3 infantil i educaci\u00f3 prim\u00e0ria. L&#8217;escola t\u00e9 una l\u00ednia en tots els nivells. Doncs el total d\u2019unitats s\u00f3n 3 d\u2019Educaci\u00f3 Infantil i 6 de Prim\u00e0ria. El municipi [&hellip;]<\/p>\n","protected":false},"author":1,"featured_media":0,"parent":22,"menu_order":2,"comment_status":"closed","ping_status":"closed","template":"page-templates\/side-menu.php","meta":{"_bbp_topic_count":0,"_bbp_reply_count":0,"_bbp_total_topic_count":0,"_bbp_total_reply_count":0,"_bbp_voice_count":0,"_bbp_anonymous_reply_count":0,"_bbp_topic_count_hidden":0,"_bbp_reply_count_hidden":0,"_bbp_forum_subforum_count":0,"site-sidebar-layout":"default","site-content-layout":"","ast-site-content-layout":"","site-content-style":"default","site-sidebar-style":"default","ast-global-header-display":"","ast-banner-title-visibility":"","ast-main-header-display":"","ast-hfb-above-header-display":"","ast-hfb-below-header-display":"","ast-hfb-mobile-header-display":"","site-post-title":"","ast-breadcrumbs-content":"","ast-featured-img":"","footer-sml-layout":"","theme-transparent-header-meta":"","adv-header-id-meta":"","stick-header-meta":"","header-above-stick-meta":"","header-main-stick-meta":"","header-below-stick-meta":"","astra-migrate-meta-layouts":"default","ast-page-background-enabled":"default","ast-page-background-meta":{"desktop":{"background-color":"var(--ast-global-color-4)","background-image":"","background-repeat":"repeat","background-position":"center center","background-size":"auto","background-attachment":"scroll","background-type":"","background-media":"","overlay-type":"","overlay-color":"","overlay-opacity":"","overlay-gradient":""},"tablet":{"background-color":"","background-image":"","background-repeat":"repeat","background-position":"center center","background-size":"auto","background-attachment":"scroll","background-type":"","background-media":"","overlay-type":"","overlay-color":"","overlay-opacity":"","overlay-gradient":""},"mobile":{"background-color":"","background-image":"","background-repeat":"repeat","background-position":"center center","background-size":"auto","background-attachment":"scroll","background-type":"","background-media":"","overlay-type":"","overlay-color":"","overlay-opacity":"","overlay-gradient":""}},"ast-content-background-meta":{"desktop":{"background-color":"var(--ast-global-color-5)","background-image":"","background-repeat":"repeat","background-position":"center center","background-size":"auto","background-attachment":"scroll","background-type":"","background-media":"","overlay-type":"","overlay-color":"","overlay-opacity":"","overlay-gradient":""},"tablet":{"background-color":"var(--ast-global-color-5)","background-image":"","background-repeat":"repeat","background-position":"center center","background-size":"auto","background-attachment":"scroll","background-type":"","background-media":"","overlay-type":"","overlay-color":"","overlay-opacity":"","overlay-gradient":""},"mobile":{"background-color":"var(--ast-global-color-5)","background-image":"","background-repeat":"repeat","background-position":"center center","background-size":"auto","background-attachment":"scroll","background-type":"","background-media":"","overlay-type":"","overlay-color":"","overlay-opacity":"","overlay-gradient":""}},"footnotes":""},"class_list":["post-26","page","type-page","status-publish","hentry"],"post_mailing_queue_ids":[],"_links":{"self":[{"href":"https:\/\/agora.xtec.cat\/esc-medipineda\/wp-json\/wp\/v2\/pages\/26","targetHints":{"allow":["GET"]}}],"collection":[{"href":"https:\/\/agora.xtec.cat\/esc-medipineda\/wp-json\/wp\/v2\/pages"}],"about":[{"href":"https:\/\/agora.xtec.cat\/esc-medipineda\/wp-json\/wp\/v2\/types\/page"}],"author":[{"embeddable":true,"href":"https:\/\/agora.xtec.cat\/esc-medipineda\/wp-json\/wp\/v2\/users\/1"}],"replies":[{"embeddable":true,"href":"https:\/\/agora.xtec.cat\/esc-medipineda\/wp-json\/wp\/v2\/comments?post=26"}],"version-history":[{"count":3,"href":"https:\/\/agora.xtec.cat\/esc-medipineda\/wp-json\/wp\/v2\/pages\/26\/revisions"}],"predecessor-version":[{"id":3904,"href":"https:\/\/agora.xtec.cat\/esc-medipineda\/wp-json\/wp\/v2\/pages\/26\/revisions\/3904"}],"up":[{"embeddable":true,"href":"https:\/\/agora.xtec.cat\/esc-medipineda\/wp-json\/wp\/v2\/pages\/22"}],"wp:attachment":[{"href":"https:\/\/agora.xtec.cat\/esc-medipineda\/wp-json\/wp\/v2\/media?parent=26"}],"curies":[{"name":"wp","href":"https:\/\/api.w.org\/{rel}","templated":true}]}}