{"id":821,"date":"2019-07-10T11:42:33","date_gmt":"2019-07-10T09:42:33","guid":{"rendered":"https:\/\/agora.xtec.cat\/esc-mdmuntanya\/?page_id=821"},"modified":"2025-02-21T13:43:31","modified_gmt":"2025-02-21T12:43:31","slug":"menjador","status":"publish","type":"page","link":"https:\/\/agora.xtec.cat\/esc-mdmuntanya\/lescola\/instal%c2%b7lacions\/menjador\/","title":{"rendered":"Menjador"},"content":{"rendered":"<p>L&#8217;escola compta amb <strong>servei de menjador<\/strong> per a tots els alumnes del centre que ho desitgin. El men\u00fa que s&#8217;ofereix ha estat elaborat per una dietista i potencia els <strong>h\u00e0bits alimentaris saludables i una alimentaci\u00f3 equilibrada.<\/strong><\/p>\n<p>L&#8217;espai de menjador t\u00e9 una capacitat d&#8217;un centenar de nens i nenes. Per aquest motiu, es realitzen dos torns per dinar.<\/p>\n<p>El centre tamb\u00e9 compta amb una <strong>cuina pr\u00f2pia<\/strong>.<\/p>\n<p>Els alumnes de <strong>P3<\/strong>, durant el primer i segon trimestre, <strong>fan la migdiada despr\u00e9s de dinar<\/strong>. L&#8217;objectiu \u00e9s anar adaptant-los progressivament al ritme de l&#8217;escola.<\/p>\n<p><img loading=\"lazy\" decoding=\"async\" class=\"alignleft size-full wp-image-11092\" src=\"https:\/\/agora.xtec.cat\/esc-mdmuntanya\/wp-content\/uploads\/usu526\/2025\/02\/WhatsApp-Image-2025-02-18-at-09.24.09.jpeg\" alt=\"\" width=\"1600\" height=\"1043\" srcset=\"https:\/\/agora.xtec.cat\/esc-mdmuntanya\/wp-content\/uploads\/usu526\/2025\/02\/WhatsApp-Image-2025-02-18-at-09.24.09.jpeg 1600w, https:\/\/agora.xtec.cat\/esc-mdmuntanya\/wp-content\/uploads\/usu526\/2025\/02\/WhatsApp-Image-2025-02-18-at-09.24.09-300x196.jpeg 300w, https:\/\/agora.xtec.cat\/esc-mdmuntanya\/wp-content\/uploads\/usu526\/2025\/02\/WhatsApp-Image-2025-02-18-at-09.24.09-1024x668.jpeg 1024w, https:\/\/agora.xtec.cat\/esc-mdmuntanya\/wp-content\/uploads\/usu526\/2025\/02\/WhatsApp-Image-2025-02-18-at-09.24.09-768x501.jpeg 768w, https:\/\/agora.xtec.cat\/esc-mdmuntanya\/wp-content\/uploads\/usu526\/2025\/02\/WhatsApp-Image-2025-02-18-at-09.24.09-1536x1001.jpeg 1536w\" sizes=\"auto, (max-width: 1600px) 100vw, 1600px\" \/><\/p>\n<p><img loading=\"lazy\" decoding=\"async\" class=\"alignleft size-full wp-image-11093\" src=\"https:\/\/agora.xtec.cat\/esc-mdmuntanya\/wp-content\/uploads\/usu526\/2025\/02\/WhatsApp-Image-2025-02-18-at-09.23.04.jpeg\" alt=\"\" width=\"1600\" height=\"984\" srcset=\"https:\/\/agora.xtec.cat\/esc-mdmuntanya\/wp-content\/uploads\/usu526\/2025\/02\/WhatsApp-Image-2025-02-18-at-09.23.04.jpeg 1600w, https:\/\/agora.xtec.cat\/esc-mdmuntanya\/wp-content\/uploads\/usu526\/2025\/02\/WhatsApp-Image-2025-02-18-at-09.23.04-300x185.jpeg 300w, https:\/\/agora.xtec.cat\/esc-mdmuntanya\/wp-content\/uploads\/usu526\/2025\/02\/WhatsApp-Image-2025-02-18-at-09.23.04-1024x630.jpeg 1024w, https:\/\/agora.xtec.cat\/esc-mdmuntanya\/wp-content\/uploads\/usu526\/2025\/02\/WhatsApp-Image-2025-02-18-at-09.23.04-768x472.jpeg 768w, https:\/\/agora.xtec.cat\/esc-mdmuntanya\/wp-content\/uploads\/usu526\/2025\/02\/WhatsApp-Image-2025-02-18-at-09.23.04-1536x945.jpeg 1536w\" sizes=\"auto, (max-width: 1600px) 100vw, 1600px\" \/><br \/>\n<img loading=\"lazy\" decoding=\"async\" class=\"alignleft size-full wp-image-11095\" src=\"https:\/\/agora.xtec.cat\/esc-mdmuntanya\/wp-content\/uploads\/usu526\/2025\/02\/IMG_2840_1.jpg\" alt=\"\" width=\"2467\" height=\"1645\" srcset=\"https:\/\/agora.xtec.cat\/esc-mdmuntanya\/wp-content\/uploads\/usu526\/2025\/02\/IMG_2840_1.jpg 2467w, https:\/\/agora.xtec.cat\/esc-mdmuntanya\/wp-content\/uploads\/usu526\/2025\/02\/IMG_2840_1-300x200.jpg 300w, https:\/\/agora.xtec.cat\/esc-mdmuntanya\/wp-content\/uploads\/usu526\/2025\/02\/IMG_2840_1-1024x683.jpg 1024w, https:\/\/agora.xtec.cat\/esc-mdmuntanya\/wp-content\/uploads\/usu526\/2025\/02\/IMG_2840_1-768x512.jpg 768w, https:\/\/agora.xtec.cat\/esc-mdmuntanya\/wp-content\/uploads\/usu526\/2025\/02\/IMG_2840_1-1536x1024.jpg 1536w, https:\/\/agora.xtec.cat\/esc-mdmuntanya\/wp-content\/uploads\/usu526\/2025\/02\/IMG_2840_1-2048x1366.jpg 2048w\" sizes=\"auto, (max-width: 2467px) 100vw, 2467px\" \/><br \/>\n<img loading=\"lazy\" decoding=\"async\" class=\"alignleft size-full wp-image-11097\" src=\"https:\/\/agora.xtec.cat\/esc-mdmuntanya\/wp-content\/uploads\/usu526\/2025\/02\/IMG_2864_1.jpg\" alt=\"\" width=\"1500\" height=\"1000\" srcset=\"https:\/\/agora.xtec.cat\/esc-mdmuntanya\/wp-content\/uploads\/usu526\/2025\/02\/IMG_2864_1.jpg 1500w, https:\/\/agora.xtec.cat\/esc-mdmuntanya\/wp-content\/uploads\/usu526\/2025\/02\/IMG_2864_1-300x200.jpg 300w, https:\/\/agora.xtec.cat\/esc-mdmuntanya\/wp-content\/uploads\/usu526\/2025\/02\/IMG_2864_1-1024x683.jpg 1024w, https:\/\/agora.xtec.cat\/esc-mdmuntanya\/wp-content\/uploads\/usu526\/2025\/02\/IMG_2864_1-768x512.jpg 768w\" sizes=\"auto, (max-width: 1500px) 100vw, 1500px\" \/><\/p>\n","protected":false},"excerpt":{"rendered":"<p>L&#8217;escola compta amb servei de menjador per a tots els alumnes del centre que ho desitgin. El men\u00fa que s&#8217;ofereix ha estat elaborat per una dietista i potencia els h\u00e0bits alimentaris saludables i una alimentaci\u00f3 equilibrada.<br \/>\nL&#8217;espai de menjador t\u00e9 una capacitat d&#8217;un centenar de nens&hellip;  <a href=\"https:\/\/agora.xtec.cat\/esc-mdmuntanya\/lescola\/instal%c2%b7lacions\/menjador\/\" title=\"Read Menjador\">Llegeix m\u00e9s\u00bb<\/a><\/p>\n","protected":false},"author":1,"featured_media":0,"parent":30,"menu_order":25,"comment_status":"closed","ping_status":"closed","template":"page-templates\/side-menu.php","meta":{"_bbp_topic_count":0,"_bbp_reply_count":0,"_bbp_total_topic_count":0,"_bbp_total_reply_count":0,"_bbp_voice_count":0,"_bbp_anonymous_reply_count":0,"_bbp_topic_count_hidden":0,"_bbp_reply_count_hidden":0,"_bbp_forum_subforum_count":0,"footnotes":""},"class_list":["post-821","page","type-page","status-publish","hentry"],"post_mailing_queue_ids":[],"_links":{"self":[{"href":"https:\/\/agora.xtec.cat\/esc-mdmuntanya\/wp-json\/wp\/v2\/pages\/821","targetHints":{"allow":["GET"]}}],"collection":[{"href":"https:\/\/agora.xtec.cat\/esc-mdmuntanya\/wp-json\/wp\/v2\/pages"}],"about":[{"href":"https:\/\/agora.xtec.cat\/esc-mdmuntanya\/wp-json\/wp\/v2\/types\/page"}],"author":[{"embeddable":true,"href":"https:\/\/agora.xtec.cat\/esc-mdmuntanya\/wp-json\/wp\/v2\/users\/1"}],"replies":[{"embeddable":true,"href":"https:\/\/agora.xtec.cat\/esc-mdmuntanya\/wp-json\/wp\/v2\/comments?post=821"}],"version-history":[{"count":7,"href":"https:\/\/agora.xtec.cat\/esc-mdmuntanya\/wp-json\/wp\/v2\/pages\/821\/revisions"}],"predecessor-version":[{"id":11123,"href":"https:\/\/agora.xtec.cat\/esc-mdmuntanya\/wp-json\/wp\/v2\/pages\/821\/revisions\/11123"}],"up":[{"embeddable":true,"href":"https:\/\/agora.xtec.cat\/esc-mdmuntanya\/wp-json\/wp\/v2\/pages\/30"}],"wp:attachment":[{"href":"https:\/\/agora.xtec.cat\/esc-mdmuntanya\/wp-json\/wp\/v2\/media?parent=821"}],"curies":[{"name":"wp","href":"https:\/\/api.w.org\/{rel}","templated":true}]}}