{"id":818,"date":"2019-07-10T11:41:24","date_gmt":"2019-07-10T09:41:24","guid":{"rendered":"https:\/\/agora.xtec.cat\/esc-mdmuntanya\/?page_id=818"},"modified":"2025-02-21T13:44:02","modified_gmt":"2025-02-21T12:44:02","slug":"aula-van-gogh","status":"publish","type":"page","link":"https:\/\/agora.xtec.cat\/esc-mdmuntanya\/lescola\/instal%c2%b7lacions\/aula-van-gogh\/","title":{"rendered":"Gimn\u00e0s"},"content":{"rendered":"<p>L&#8217;escola compta amb un <strong>gimn\u00e0s propi<\/strong>, amb vestidors i dutxes. En ell s&#8217;hi realitzen <strong>sessions de psicomotricitat<\/strong> (educaci\u00f3 infantil) i <strong>d&#8217;educaci\u00f3 f\u00edsica<\/strong> (educaci\u00f3 prim\u00e0ria). La superf\u00edcie de joc \u00e9s de goma sint\u00e8tica i compta amb tot tipus de materials per realitzar les activitats.<\/p>\n<p>En aquest espai tamb\u00e9 hi ha un<strong> petit escenari<\/strong>, on es poden realitzar dramatitzacions i espectacles.<\/p>\n\r\n\t<div class=\"slideshow_container slideshow_container_style-light\" style=\" \" data-slideshow-id=\"6021\" data-style-name=\"style-light\" data-style-version=\"2.3.1\" >\r\n\r\n\t\t\t\t\t<div class=\"slideshow_loading_icon\"><\/div>\r\n\t\t\r\n\t\t<div class=\"slideshow_content\" style=\"display: none;\">\r\n\r\n\t\t\t<div class=\"slideshow_view\">\r\n\t\t\t\t<div class=\"slideshow_slide slideshow_slide_image\">\r\n\t\t\t\t\t\t\t\t\t\t\t<img src=\"https:\/\/agora.xtec.cat\/esc-mdmuntanya\/wp-content\/uploads\/usu526\/2021\/02\/IMG_20210223_153032.jpg\" alt=\"IMG_20210223_153032\" width=\"1000\" height=\"750\" \/>\r\n\t\t\t\t\t\t\t\t\t\t<div class=\"slideshow_description_box slideshow_transparent\">\r\n\t\t\t\t\t\t<div class=\"slideshow_title\">IMG_20210223_153032<\/div>\t\t\t\t\t\t\t\t\t\t\t<\/div>\r\n\t\t\t\t<\/div>\r\n\r\n\t\t\t\t\t\t<div style=\"clear: both;\"><\/div><\/div><div class=\"slideshow_view\">\r\n\t\t\t\t<div class=\"slideshow_slide slideshow_slide_image\">\r\n\t\t\t\t\t\t\t\t\t\t\t<img src=\"https:\/\/agora.xtec.cat\/esc-mdmuntanya\/wp-content\/uploads\/usu526\/2021\/02\/IMG_20210223_151852.jpg\" alt=\"IMG_20210223_151852\" width=\"1000\" height=\"1333\" \/>\r\n\t\t\t\t\t\t\t\t\t\t<div class=\"slideshow_description_box slideshow_transparent\">\r\n\t\t\t\t\t\t<div class=\"slideshow_title\">IMG_20210223_151852<\/div>\t\t\t\t\t\t\t\t\t\t\t<\/div>\r\n\t\t\t\t<\/div>\r\n\r\n\t\t\t\t\t\t<div style=\"clear: both;\"><\/div><\/div><div class=\"slideshow_view\">\r\n\t\t\t\t<div class=\"slideshow_slide slideshow_slide_image\">\r\n\t\t\t\t\t\t\t\t\t\t\t<img src=\"https:\/\/agora.xtec.cat\/esc-mdmuntanya\/wp-content\/uploads\/usu526\/2021\/02\/IMG_20210223_152826.jpg\" alt=\"IMG_20210223_152826\" width=\"1000\" height=\"750\" \/>\r\n\t\t\t\t\t\t\t\t\t\t<div class=\"slideshow_description_box slideshow_transparent\">\r\n\t\t\t\t\t\t<div class=\"slideshow_title\">IMG_20210223_152826<\/div>\t\t\t\t\t\t\t\t\t\t\t<\/div>\r\n\t\t\t\t<\/div>\r\n\r\n\t\t\t\t\t\t<div style=\"clear: both;\"><\/div><\/div><div class=\"slideshow_view\">\r\n\t\t\t\t<div class=\"slideshow_slide slideshow_slide_image\">\r\n\t\t\t\t\t\t\t\t\t\t\t<img src=\"https:\/\/agora.xtec.cat\/esc-mdmuntanya\/wp-content\/uploads\/usu526\/2021\/02\/IMG_20210223_152245.jpg\" alt=\"IMG_20210223_152245\" width=\"1000\" height=\"750\" \/>\r\n\t\t\t\t\t\t\t\t\t\t<div class=\"slideshow_description_box slideshow_transparent\">\r\n\t\t\t\t\t\t<div class=\"slideshow_title\">IMG_20210223_152245<\/div>\t\t\t\t\t\t\t\t\t\t\t<\/div>\r\n\t\t\t\t<\/div>\r\n\r\n\t\t\t\t\t\t<div style=\"clear: both;\"><\/div><\/div><div class=\"slideshow_view\">\r\n\t\t\t\t<div class=\"slideshow_slide slideshow_slide_image\">\r\n\t\t\t\t\t\t\t\t\t\t\t<img src=\"https:\/\/agora.xtec.cat\/esc-mdmuntanya\/wp-content\/uploads\/usu526\/2021\/02\/IMG_20210223_152255.jpg\" alt=\"IMG_20210223_152255\" width=\"1000\" height=\"1333\" \/>\r\n\t\t\t\t\t\t\t\t\t\t<div class=\"slideshow_description_box slideshow_transparent\">\r\n\t\t\t\t\t\t<div class=\"slideshow_title\">IMG_20210223_152255<\/div>\t\t\t\t\t\t\t\t\t\t\t<\/div>\r\n\t\t\t\t<\/div>\r\n\r\n\t\t\t\t\t\t<div style=\"clear: both;\"><\/div><\/div><div class=\"slideshow_view\">\r\n\t\t\t\t<div class=\"slideshow_slide slideshow_slide_image\">\r\n\t\t\t\t\t\t\t\t\t\t\t<img src=\"https:\/\/agora.xtec.cat\/esc-mdmuntanya\/wp-content\/uploads\/usu526\/2021\/02\/50638308677_3eebfe95f1_o.jpg\" alt=\"50638308677_3eebfe95f1_o\" width=\"1000\" height=\"750\" \/>\r\n\t\t\t\t\t\t\t\t\t\t<div class=\"slideshow_description_box slideshow_transparent\">\r\n\t\t\t\t\t\t<div class=\"slideshow_title\">50638308677_3eebfe95f1_o<\/div>\t\t\t\t\t\t\t\t\t\t\t<\/div>\r\n\t\t\t\t<\/div>\r\n\r\n\t\t\t\t\t\t<div style=\"clear: both;\"><\/div><\/div>\r\n\t\t<\/div>\r\n\r\n\t\t<div class=\"slideshow_controlPanel slideshow_transparent\" style=\"display: none;\"><ul><li class=\"slideshow_togglePlay\" data-play-text=\"Visualitza\" data-pause-text=\"Pausa\"><\/li><\/ul><\/div>\r\n\r\n\t\t<div class=\"slideshow_button slideshow_previous slideshow_transparent\" role=\"button\" data-previous-text=\"Anterior\" style=\"display: none;\"><\/div>\r\n\t\t<div class=\"slideshow_button slideshow_next slideshow_transparent\" role=\"button\" data-next-text=\"Seg\u00fcent\" style=\"display: none;\"><\/div>\r\n\r\n\t\t<div class=\"slideshow_pagination\" style=\"display: none;\" data-go-to-text=\"V\u00e9s a la diapositiva\"><div class=\"slideshow_pagination_center\"><\/div><\/div>\r\n\r\n\t\t<!-- WordPress Slideshow Version 2.3.1 -->\r\n\r\n\t\t\t<\/div>\r\n\r\n\n<p>&nbsp;<\/p>\n<p>&nbsp;<\/p>\n<p>&nbsp;<\/p>\n","protected":false},"excerpt":{"rendered":"<p>L&#8217;escola compta amb un gimn\u00e0s propi, amb vestidors i dutxes. En ell s&#8217;hi realitzen sessions de psicomotricitat (educaci\u00f3 infantil) i d&#8217;educaci\u00f3 f\u00edsica (educaci\u00f3 prim\u00e0ria). La superf\u00edcie de joc \u00e9s de goma sint\u00e8tica i compta amb tot tipus de materials per realitzar les activitats.<br \/>\nEn aquest espai&hellip;  <a href=\"https:\/\/agora.xtec.cat\/esc-mdmuntanya\/lescola\/instal%c2%b7lacions\/aula-van-gogh\/\" title=\"Read Gimn\u00e0s\">Llegeix m\u00e9s\u00bb<\/a><\/p>\n","protected":false},"author":1,"featured_media":0,"parent":30,"menu_order":15,"comment_status":"closed","ping_status":"closed","template":"page-templates\/side-menu.php","meta":{"_bbp_topic_count":0,"_bbp_reply_count":0,"_bbp_total_topic_count":0,"_bbp_total_reply_count":0,"_bbp_voice_count":0,"_bbp_anonymous_reply_count":0,"_bbp_topic_count_hidden":0,"_bbp_reply_count_hidden":0,"_bbp_forum_subforum_count":0,"footnotes":""},"class_list":["post-818","page","type-page","status-publish","hentry"],"post_mailing_queue_ids":[],"_links":{"self":[{"href":"https:\/\/agora.xtec.cat\/esc-mdmuntanya\/wp-json\/wp\/v2\/pages\/818","targetHints":{"allow":["GET"]}}],"collection":[{"href":"https:\/\/agora.xtec.cat\/esc-mdmuntanya\/wp-json\/wp\/v2\/pages"}],"about":[{"href":"https:\/\/agora.xtec.cat\/esc-mdmuntanya\/wp-json\/wp\/v2\/types\/page"}],"author":[{"embeddable":true,"href":"https:\/\/agora.xtec.cat\/esc-mdmuntanya\/wp-json\/wp\/v2\/users\/1"}],"replies":[{"embeddable":true,"href":"https:\/\/agora.xtec.cat\/esc-mdmuntanya\/wp-json\/wp\/v2\/comments?post=818"}],"version-history":[{"count":4,"href":"https:\/\/agora.xtec.cat\/esc-mdmuntanya\/wp-json\/wp\/v2\/pages\/818\/revisions"}],"predecessor-version":[{"id":6028,"href":"https:\/\/agora.xtec.cat\/esc-mdmuntanya\/wp-json\/wp\/v2\/pages\/818\/revisions\/6028"}],"up":[{"embeddable":true,"href":"https:\/\/agora.xtec.cat\/esc-mdmuntanya\/wp-json\/wp\/v2\/pages\/30"}],"wp:attachment":[{"href":"https:\/\/agora.xtec.cat\/esc-mdmuntanya\/wp-json\/wp\/v2\/media?parent=818"}],"curies":[{"name":"wp","href":"https:\/\/api.w.org\/{rel}","templated":true}]}}