{"id":816,"date":"2019-07-10T11:40:48","date_gmt":"2019-07-10T09:40:48","guid":{"rendered":"https:\/\/agora.xtec.cat\/esc-mdmuntanya\/?page_id=816"},"modified":"2020-03-15T12:07:36","modified_gmt":"2020-03-15T11:07:36","slug":"aula-fosca","status":"publish","type":"page","link":"https:\/\/agora.xtec.cat\/esc-mdmuntanya\/lescola\/instal%c2%b7lacions\/aula-fosca\/","title":{"rendered":"Aula fosca"},"content":{"rendered":"<p>Un dels espais m\u00e9s m\u00e0gics de l\u2019escola \u00e9s l\u2019<strong>aula fosca<\/strong>. La foscor \u00e9s la protagonista d\u2019aquest espai. Els alumnes\u00a0<strong>experimenten amb la llum i la foscor<\/strong>\u00a0amb un\u00a0<strong>retroprojector, taules de llum de colors i lots.<\/strong><\/p>\n<p>A m\u00e9s, gaudeixen amb\u00a0<strong>objectes i materials fosforescents<\/strong>. Poden crear, comparar i pintar gr\u00e0cies a la <strong>llum negra<\/strong>.<\/p>\n<p>L\u2019espai \u201cAula fosca\u201d \u00e9s un espai de relax on es crea un m\u00f3n m\u00e0gic que ens fa gaudir de la foscor.<\/p>\n\r\n\t<div class=\"slideshow_container slideshow_container_style-light\" style=\" \" data-slideshow-id=\"1543\" data-style-name=\"style-light\" data-style-version=\"2.3.1\" >\r\n\r\n\t\t\t\t\t<div class=\"slideshow_loading_icon\"><\/div>\r\n\t\t\r\n\t\t<div class=\"slideshow_content\" style=\"display: none;\">\r\n\r\n\t\t\t<div class=\"slideshow_view\">\r\n\t\t\t\t<div class=\"slideshow_slide slideshow_slide_image\">\r\n\t\t\t\t\t\t\t\t\t\t\t<img src=\"https:\/\/agora.xtec.cat\/esc-mdmuntanya\/wp-content\/uploads\/usu526\/2019\/11\/IMG_20191112_115414.jpg\" alt=\"IMG_20191112_115414\" width=\"1000\" height=\"1333\" \/>\r\n\t\t\t\t\t\t\t\t\t\t<div class=\"slideshow_description_box slideshow_transparent\">\r\n\t\t\t\t\t\t<div class=\"slideshow_title\">IMG_20191112_115414<\/div>\t\t\t\t\t\t\t\t\t\t\t<\/div>\r\n\t\t\t\t<\/div>\r\n\r\n\t\t\t\t\t\t<div style=\"clear: both;\"><\/div><\/div><div class=\"slideshow_view\">\r\n\t\t\t\t<div class=\"slideshow_slide slideshow_slide_image\">\r\n\t\t\t\t\t\t\t\t\t\t\t<img src=\"https:\/\/agora.xtec.cat\/esc-mdmuntanya\/wp-content\/uploads\/usu526\/2019\/11\/IMG_20191111_122352.jpg\" alt=\"IMG_20191111_122352\" width=\"1000\" height=\"1333\" \/>\r\n\t\t\t\t\t\t\t\t\t\t<div class=\"slideshow_description_box slideshow_transparent\">\r\n\t\t\t\t\t\t<div class=\"slideshow_title\">IMG_20191111_122352<\/div>\t\t\t\t\t\t\t\t\t\t\t<\/div>\r\n\t\t\t\t<\/div>\r\n\r\n\t\t\t\t\t\t<div style=\"clear: both;\"><\/div><\/div><div class=\"slideshow_view\">\r\n\t\t\t\t<div class=\"slideshow_slide slideshow_slide_image\">\r\n\t\t\t\t\t\t\t\t\t\t\t<img src=\"https:\/\/agora.xtec.cat\/esc-mdmuntanya\/wp-content\/uploads\/usu526\/2019\/11\/IMG_20191111_121747.jpg\" alt=\"IMG_20191111_121747\" width=\"1000\" height=\"750\" \/>\r\n\t\t\t\t\t\t\t\t\t\t<div class=\"slideshow_description_box slideshow_transparent\">\r\n\t\t\t\t\t\t<div class=\"slideshow_title\">IMG_20191111_121747<\/div>\t\t\t\t\t\t\t\t\t\t\t<\/div>\r\n\t\t\t\t<\/div>\r\n\r\n\t\t\t\t\t\t<div style=\"clear: both;\"><\/div><\/div><div class=\"slideshow_view\">\r\n\t\t\t\t<div class=\"slideshow_slide slideshow_slide_image\">\r\n\t\t\t\t\t\t\t\t\t\t\t<img src=\"https:\/\/agora.xtec.cat\/esc-mdmuntanya\/wp-content\/uploads\/usu526\/2019\/11\/IMG_20191111_121734.jpg\" alt=\"IMG_20191111_121734\" width=\"1000\" height=\"750\" \/>\r\n\t\t\t\t\t\t\t\t\t\t<div class=\"slideshow_description_box slideshow_transparent\">\r\n\t\t\t\t\t\t<div class=\"slideshow_title\">IMG_20191111_121734<\/div>\t\t\t\t\t\t\t\t\t\t\t<\/div>\r\n\t\t\t\t<\/div>\r\n\r\n\t\t\t\t\t\t<div style=\"clear: both;\"><\/div><\/div><div class=\"slideshow_view\">\r\n\t\t\t\t<div class=\"slideshow_slide slideshow_slide_image\">\r\n\t\t\t\t\t\t\t\t\t\t\t<img src=\"https:\/\/agora.xtec.cat\/esc-mdmuntanya\/wp-content\/uploads\/usu526\/2019\/11\/IMG_20191029_122122.jpg\" alt=\"IMG_20191029_122122\" width=\"1000\" height=\"750\" \/>\r\n\t\t\t\t\t\t\t\t\t\t<div class=\"slideshow_description_box slideshow_transparent\">\r\n\t\t\t\t\t\t<div class=\"slideshow_title\">IMG_20191029_122122<\/div>\t\t\t\t\t\t\t\t\t\t\t<\/div>\r\n\t\t\t\t<\/div>\r\n\r\n\t\t\t\t\t\t<div style=\"clear: both;\"><\/div><\/div><div class=\"slideshow_view\">\r\n\t\t\t\t<div class=\"slideshow_slide slideshow_slide_image\">\r\n\t\t\t\t\t\t\t\t\t\t\t<img src=\"https:\/\/agora.xtec.cat\/esc-mdmuntanya\/wp-content\/uploads\/usu526\/2019\/11\/IMG_20191029_122102.jpg\" alt=\"IMG_20191029_122102\" width=\"1000\" height=\"750\" \/>\r\n\t\t\t\t\t\t\t\t\t\t<div class=\"slideshow_description_box slideshow_transparent\">\r\n\t\t\t\t\t\t<div class=\"slideshow_title\">IMG_20191029_122102<\/div>\t\t\t\t\t\t\t\t\t\t\t<\/div>\r\n\t\t\t\t<\/div>\r\n\r\n\t\t\t\t\t\t<div style=\"clear: both;\"><\/div><\/div><div class=\"slideshow_view\">\r\n\t\t\t\t<div class=\"slideshow_slide slideshow_slide_image\">\r\n\t\t\t\t\t\t\t\t\t\t\t<img src=\"https:\/\/agora.xtec.cat\/esc-mdmuntanya\/wp-content\/uploads\/usu526\/2019\/11\/IMG_20191029_121431.jpg\" alt=\"IMG_20191029_121431\" width=\"1000\" height=\"750\" \/>\r\n\t\t\t\t\t\t\t\t\t\t<div class=\"slideshow_description_box slideshow_transparent\">\r\n\t\t\t\t\t\t<div class=\"slideshow_title\">IMG_20191029_121431<\/div>\t\t\t\t\t\t\t\t\t\t\t<\/div>\r\n\t\t\t\t<\/div>\r\n\r\n\t\t\t\t\t\t<div style=\"clear: both;\"><\/div><\/div><div class=\"slideshow_view\">\r\n\t\t\t\t<div class=\"slideshow_slide slideshow_slide_image\">\r\n\t\t\t\t\t\t\t\t\t\t\t<img src=\"https:\/\/agora.xtec.cat\/esc-mdmuntanya\/wp-content\/uploads\/usu526\/2019\/11\/IMG_20191028_122120.jpg\" alt=\"IMG_20191028_122120\" width=\"1000\" height=\"750\" \/>\r\n\t\t\t\t\t\t\t\t\t\t<div class=\"slideshow_description_box slideshow_transparent\">\r\n\t\t\t\t\t\t<div class=\"slideshow_title\">IMG_20191028_122120<\/div>\t\t\t\t\t\t\t\t\t\t\t<\/div>\r\n\t\t\t\t<\/div>\r\n\r\n\t\t\t\t\t\t<div style=\"clear: both;\"><\/div><\/div><div class=\"slideshow_view\">\r\n\t<div class=\"slideshow_slide slideshow_slide_video\">\r\n\t\t<div class=\"slideshow_slide_video_id\" style=\"display: none;\" data-show-related-videos=\"0\"><\/div>\r\n\t<\/div>\r\n<div style=\"clear: both;\"><\/div><\/div>\r\n\t\t<\/div>\r\n\r\n\t\t<div class=\"slideshow_controlPanel slideshow_transparent\" style=\"display: none;\"><ul><li class=\"slideshow_togglePlay\" data-play-text=\"Visualitza\" data-pause-text=\"Pausa\"><\/li><\/ul><\/div>\r\n\r\n\t\t<div class=\"slideshow_button slideshow_previous slideshow_transparent\" role=\"button\" data-previous-text=\"Anterior\" style=\"display: none;\"><\/div>\r\n\t\t<div class=\"slideshow_button slideshow_next slideshow_transparent\" role=\"button\" data-next-text=\"Seg\u00fcent\" style=\"display: none;\"><\/div>\r\n\r\n\t\t<div class=\"slideshow_pagination\" style=\"display: none;\" data-go-to-text=\"V\u00e9s a la diapositiva\"><div class=\"slideshow_pagination_center\"><\/div><\/div>\r\n\r\n\t\t<!-- WordPress Slideshow Version 2.3.1 -->\r\n\r\n\t\t\t<\/div>\r\n\r\n\n","protected":false},"excerpt":{"rendered":"<p>Un dels espais m\u00e9s m\u00e0gics de l\u2019escola \u00e9s l\u2019aula fosca. La foscor \u00e9s la protagonista d\u2019aquest espai. Els alumnes\u00a0experimenten amb la llum i la foscor\u00a0amb un\u00a0retroprojector, taules de llum de colors i lots.<br \/>\nA m\u00e9s, gaudeixen amb\u00a0objectes i materials fosforescents. Poden crear, comparar i pintar gr\u00e0cies&hellip;  <a href=\"https:\/\/agora.xtec.cat\/esc-mdmuntanya\/lescola\/instal%c2%b7lacions\/aula-fosca\/\" title=\"Read Aula fosca\">Llegeix m\u00e9s\u00bb<\/a><\/p>\n","protected":false},"author":1,"featured_media":0,"parent":30,"menu_order":5,"comment_status":"closed","ping_status":"closed","template":"page-templates\/side-menu.php","meta":{"_bbp_topic_count":0,"_bbp_reply_count":0,"_bbp_total_topic_count":0,"_bbp_total_reply_count":0,"_bbp_voice_count":0,"_bbp_anonymous_reply_count":0,"_bbp_topic_count_hidden":0,"_bbp_reply_count_hidden":0,"_bbp_forum_subforum_count":0,"footnotes":""},"class_list":["post-816","page","type-page","status-publish","hentry"],"post_mailing_queue_ids":[],"_links":{"self":[{"href":"https:\/\/agora.xtec.cat\/esc-mdmuntanya\/wp-json\/wp\/v2\/pages\/816","targetHints":{"allow":["GET"]}}],"collection":[{"href":"https:\/\/agora.xtec.cat\/esc-mdmuntanya\/wp-json\/wp\/v2\/pages"}],"about":[{"href":"https:\/\/agora.xtec.cat\/esc-mdmuntanya\/wp-json\/wp\/v2\/types\/page"}],"author":[{"embeddable":true,"href":"https:\/\/agora.xtec.cat\/esc-mdmuntanya\/wp-json\/wp\/v2\/users\/1"}],"replies":[{"embeddable":true,"href":"https:\/\/agora.xtec.cat\/esc-mdmuntanya\/wp-json\/wp\/v2\/comments?post=816"}],"version-history":[{"count":3,"href":"https:\/\/agora.xtec.cat\/esc-mdmuntanya\/wp-json\/wp\/v2\/pages\/816\/revisions"}],"predecessor-version":[{"id":2339,"href":"https:\/\/agora.xtec.cat\/esc-mdmuntanya\/wp-json\/wp\/v2\/pages\/816\/revisions\/2339"}],"up":[{"embeddable":true,"href":"https:\/\/agora.xtec.cat\/esc-mdmuntanya\/wp-json\/wp\/v2\/pages\/30"}],"wp:attachment":[{"href":"https:\/\/agora.xtec.cat\/esc-mdmuntanya\/wp-json\/wp\/v2\/media?parent=816"}],"curies":[{"name":"wp","href":"https:\/\/api.w.org\/{rel}","templated":true}]}}