{"id":769,"date":"2019-07-05T12:49:55","date_gmt":"2019-07-05T10:49:55","guid":{"rendered":"https:\/\/agora.xtec.cat\/esc-mdmuntanya\/?page_id=769"},"modified":"2019-11-21T13:28:48","modified_gmt":"2019-11-21T12:28:48","slug":"altres-projectes","status":"publish","type":"page","link":"https:\/\/agora.xtec.cat\/esc-mdmuntanya\/projecte-educatiu\/altres-projectes\/","title":{"rendered":"Altres projectes"},"content":{"rendered":"<p>A m\u00e9s dels projectes exposats anteriorment, el centre participa de forma puntual o regular en els seg\u00fcents projectes (tallers, activitats, confer\u00e8ncies, &#8230;):<a href=\"https:\/\/agora.xtec.cat\/esc-mdmuntanya\/wp-content\/uploads\/usu526\/2019\/07\/projectes.jpg\"><img loading=\"lazy\" decoding=\"async\" class=\" wp-image-770 alignright\" src=\"https:\/\/agora.xtec.cat\/esc-mdmuntanya\/wp-content\/uploads\/usu526\/2019\/07\/projectes.jpg\" alt=\"\" width=\"365\" height=\"363\" srcset=\"https:\/\/agora.xtec.cat\/esc-mdmuntanya\/wp-content\/uploads\/usu526\/2019\/07\/projectes.jpg 400w, https:\/\/agora.xtec.cat\/esc-mdmuntanya\/wp-content\/uploads\/usu526\/2019\/07\/projectes-150x150.jpg 150w\" sizes=\"auto, (max-width: 365px) 100vw, 365px\" \/><\/a><\/p>\n<ul>\n<li>UN FORAT AL MONEDER<\/li>\n<li>STOP ACCIDENTS<\/li>\n<li>PROJECTE DE CIVISME I CONVIV\u00c8NCIA<\/li>\n<li>DIGA-LI AMB AMOR<\/li>\n<li>INTERNET SEGURA PER A NENS I NENES<\/li>\n<li>PROJECTE ROSSINYOL<\/li>\n<li>PROJECTE LEXCIT<\/li>\n<li>CONGR\u00c9S CI\u00c8NCIA A L&#8217;ESCOLA<\/li>\n<li>CANTATA 1R<\/li>\n<li>CONCURS LECTURA EN VEU ALTA<\/li>\n<li>SUYANA<\/li>\n<\/ul>\n<p>&nbsp;<\/p>\n","protected":false},"excerpt":{"rendered":"<p>A m\u00e9s dels projectes exposats anteriorment, el centre participa de forma puntual o regular en els seg\u00fcents projectes (tallers, activitats, confer\u00e8ncies, &#8230;):<a href=\"https:\/\/agora.xtec.cat\/esc-mdmuntanya\/wp-content\/uploads\/usu526\/2019\/07\/projectes.jpg\"><\/a><\/p>\n<ul>\n<li>UN FORAT AL MONEDER<\/li>\n<li>STOP ACCIDENTS<\/li>\n<li>PROJECTE DE CIVISME I CONVIV\u00c8NCIA<\/li>\n<li>DIGA-LI AMB AMOR<\/li>\n<li>INTERNET SEGURA PER A NENS I NENES<\/li>\n<li>PROJECTE ROSSINYOL<\/li>\n<li>PROJECTE LEXCIT<\/li>\n<li>CONGR\u00c9S CI\u00c8NCIA A L&#8217;ESCOLA<\/li>\n<li>CANTATA 1R<\/li>\n<li>CONCURS&hellip;  <a href=\"https:\/\/agora.xtec.cat\/esc-mdmuntanya\/projecte-educatiu\/altres-projectes\/\" title=\"Read Altres projectes\">Llegeix m\u00e9s\u00bb<\/a><br \/>\n","protected":false},"author":1,"featured_media":0,"parent":64,"menu_order":100,"comment_status":"closed","ping_status":"closed","template":"page-templates\/side-menu.php","meta":{"_bbp_topic_count":0,"_bbp_reply_count":0,"_bbp_total_topic_count":0,"_bbp_total_reply_count":0,"_bbp_voice_count":0,"_bbp_anonymous_reply_count":0,"_bbp_topic_count_hidden":0,"_bbp_reply_count_hidden":0,"_bbp_forum_subforum_count":0,"footnotes":""},"class_list":["post-769","page","type-page","status-publish","hentry"],"post_mailing_queue_ids":[],"_links":{"self":[{"href":"https:\/\/agora.xtec.cat\/esc-mdmuntanya\/wp-json\/wp\/v2\/pages\/769","targetHints":{"allow":["GET"]}}],"collection":[{"href":"https:\/\/agora.xtec.cat\/esc-mdmuntanya\/wp-json\/wp\/v2\/pages"}],"about":[{"href":"https:\/\/agora.xtec.cat\/esc-mdmuntanya\/wp-json\/wp\/v2\/types\/page"}],"author":[{"embeddable":true,"href":"https:\/\/agora.xtec.cat\/esc-mdmuntanya\/wp-json\/wp\/v2\/users\/1"}],"replies":[{"embeddable":true,"href":"https:\/\/agora.xtec.cat\/esc-mdmuntanya\/wp-json\/wp\/v2\/comments?post=769"}],"version-history":[{"count":3,"href":"https:\/\/agora.xtec.cat\/esc-mdmuntanya\/wp-json\/wp\/v2\/pages\/769\/revisions"}],"predecessor-version":[{"id":1440,"href":"https:\/\/agora.xtec.cat\/esc-mdmuntanya\/wp-json\/wp\/v2\/pages\/769\/revisions\/1440"}],"up":[{"embeddable":true,"href":"https:\/\/agora.xtec.cat\/esc-mdmuntanya\/wp-json\/wp\/v2\/pages\/64"}],"wp:attachment":[{"href":"https:\/\/agora.xtec.cat\/esc-mdmuntanya\/wp-json\/wp\/v2\/media?parent=769"}],"curies":[{"name":"wp","href":"https:\/\/api.w.org\/{rel}","templated":true}]}}