{"id":554,"date":"2019-07-02T13:03:15","date_gmt":"2019-07-02T11:03:15","guid":{"rendered":"https:\/\/agora.xtec.cat\/esc-mdmuntanya\/?page_id=554"},"modified":"2019-07-04T11:18:23","modified_gmt":"2019-07-04T09:18:23","slug":"espais-daprenentatge","status":"publish","type":"page","link":"https:\/\/agora.xtec.cat\/esc-mdmuntanya\/projecte-educatiu\/espais-daprenentatge\/","title":{"rendered":"Espais d&#8217;aprenentatge"},"content":{"rendered":"<p>El treball per espais \u00e9s una proposta metodol\u00f2gica que proposa <strong>diferents espais on els alumnes puguin realitzar de manera simult\u00e0nia diferents activitats<\/strong> de tipus cognitiu, manipulatiu i simb\u00f2lic.<\/p>\n<p>Els nens poden realitzar activitats<strong> aut\u00f2nomament<\/strong>, amb d\u2019altres companys o amb l\u2019adult. Aquesta manera de treballar implica una <strong>metodologia m\u00e9s creativa<\/strong> <strong>i flexible<\/strong>,en la que el rol del mestre es dinamitzar els aprenentatges i proporcionar oportunitats per que els alumnes puguin explorar tots els centres d\u2019aprenentatges.<\/p>\n<p>Aquesta activitat es fa en<strong> agrupaments intercicle<\/strong>: alumnes de CI i de CM.<\/p>\n<p><a href=\"https:\/\/agora.xtec.cat\/esc-mdmuntanya\/wp-content\/uploads\/usu526\/2019\/07\/2.jpg\"><img loading=\"lazy\" decoding=\"async\" class=\"alignnone size-full wp-image-691\" src=\"https:\/\/agora.xtec.cat\/esc-mdmuntanya\/wp-content\/uploads\/usu526\/2019\/07\/2.jpg\" alt=\"\" width=\"640\" height=\"480\" srcset=\"https:\/\/agora.xtec.cat\/esc-mdmuntanya\/wp-content\/uploads\/usu526\/2019\/07\/2.jpg 640w, https:\/\/agora.xtec.cat\/esc-mdmuntanya\/wp-content\/uploads\/usu526\/2019\/07\/2-300x225.jpg 300w, https:\/\/agora.xtec.cat\/esc-mdmuntanya\/wp-content\/uploads\/usu526\/2019\/07\/2-200x150.jpg 200w\" sizes=\"auto, (max-width: 640px) 100vw, 640px\" \/><\/a><\/p>\n<p><a href=\"https:\/\/agora.xtec.cat\/esc-mdmuntanya\/wp-content\/uploads\/usu526\/2019\/07\/aIMG_20181017_122726.jpg\"><img loading=\"lazy\" decoding=\"async\" class=\"alignnone size-full wp-image-692\" src=\"https:\/\/agora.xtec.cat\/esc-mdmuntanya\/wp-content\/uploads\/usu526\/2019\/07\/aIMG_20181017_122726.jpg\" alt=\"\" width=\"640\" height=\"480\" srcset=\"https:\/\/agora.xtec.cat\/esc-mdmuntanya\/wp-content\/uploads\/usu526\/2019\/07\/aIMG_20181017_122726.jpg 640w, https:\/\/agora.xtec.cat\/esc-mdmuntanya\/wp-content\/uploads\/usu526\/2019\/07\/aIMG_20181017_122726-300x225.jpg 300w, https:\/\/agora.xtec.cat\/esc-mdmuntanya\/wp-content\/uploads\/usu526\/2019\/07\/aIMG_20181017_122726-200x150.jpg 200w\" sizes=\"auto, (max-width: 640px) 100vw, 640px\" \/><\/a><\/p>\n<p><a href=\"https:\/\/agora.xtec.cat\/esc-mdmuntanya\/wp-content\/uploads\/usu526\/2019\/07\/20180226_121032.jpg\"><img loading=\"lazy\" decoding=\"async\" class=\"alignnone size-full wp-image-693\" src=\"https:\/\/agora.xtec.cat\/esc-mdmuntanya\/wp-content\/uploads\/usu526\/2019\/07\/20180226_121032.jpg\" alt=\"\" width=\"640\" height=\"480\" srcset=\"https:\/\/agora.xtec.cat\/esc-mdmuntanya\/wp-content\/uploads\/usu526\/2019\/07\/20180226_121032.jpg 640w, https:\/\/agora.xtec.cat\/esc-mdmuntanya\/wp-content\/uploads\/usu526\/2019\/07\/20180226_121032-300x225.jpg 300w, https:\/\/agora.xtec.cat\/esc-mdmuntanya\/wp-content\/uploads\/usu526\/2019\/07\/20180226_121032-200x150.jpg 200w\" sizes=\"auto, (max-width: 640px) 100vw, 640px\" \/><\/a><\/p>\n<p>&nbsp;<\/p>\n<p>&nbsp;<\/p>\n<p>&nbsp;<\/p>\n<p>&nbsp;<\/p>\n<p>&nbsp;<\/p>\n","protected":false},"excerpt":{"rendered":"<p>El treball per espais \u00e9s una proposta metodol\u00f2gica que proposa diferents espais on els alumnes puguin realitzar de manera simult\u00e0nia diferents activitats de tipus cognitiu, manipulatiu i simb\u00f2lic.<br \/>\nEls nens poden realitzar activitats aut\u00f2nomament, amb d\u2019altres companys o amb l\u2019adult. Aquesta manera de treballar implica una&hellip;  <a href=\"https:\/\/agora.xtec.cat\/esc-mdmuntanya\/projecte-educatiu\/espais-daprenentatge\/\" title=\"Read Espais d&#8217;aprenentatge\">Llegeix m\u00e9s\u00bb<\/a><\/p>\n","protected":false},"author":1,"featured_media":0,"parent":64,"menu_order":0,"comment_status":"closed","ping_status":"closed","template":"page-templates\/side-menu.php","meta":{"_bbp_topic_count":0,"_bbp_reply_count":0,"_bbp_total_topic_count":0,"_bbp_total_reply_count":0,"_bbp_voice_count":0,"_bbp_anonymous_reply_count":0,"_bbp_topic_count_hidden":0,"_bbp_reply_count_hidden":0,"_bbp_forum_subforum_count":0,"footnotes":""},"class_list":["post-554","page","type-page","status-publish","hentry"],"post_mailing_queue_ids":[],"_links":{"self":[{"href":"https:\/\/agora.xtec.cat\/esc-mdmuntanya\/wp-json\/wp\/v2\/pages\/554","targetHints":{"allow":["GET"]}}],"collection":[{"href":"https:\/\/agora.xtec.cat\/esc-mdmuntanya\/wp-json\/wp\/v2\/pages"}],"about":[{"href":"https:\/\/agora.xtec.cat\/esc-mdmuntanya\/wp-json\/wp\/v2\/types\/page"}],"author":[{"embeddable":true,"href":"https:\/\/agora.xtec.cat\/esc-mdmuntanya\/wp-json\/wp\/v2\/users\/1"}],"replies":[{"embeddable":true,"href":"https:\/\/agora.xtec.cat\/esc-mdmuntanya\/wp-json\/wp\/v2\/comments?post=554"}],"version-history":[{"count":3,"href":"https:\/\/agora.xtec.cat\/esc-mdmuntanya\/wp-json\/wp\/v2\/pages\/554\/revisions"}],"predecessor-version":[{"id":694,"href":"https:\/\/agora.xtec.cat\/esc-mdmuntanya\/wp-json\/wp\/v2\/pages\/554\/revisions\/694"}],"up":[{"embeddable":true,"href":"https:\/\/agora.xtec.cat\/esc-mdmuntanya\/wp-json\/wp\/v2\/pages\/64"}],"wp:attachment":[{"href":"https:\/\/agora.xtec.cat\/esc-mdmuntanya\/wp-json\/wp\/v2\/media?parent=554"}],"curies":[{"name":"wp","href":"https:\/\/api.w.org\/{rel}","templated":true}]}}