{"id":541,"date":"2019-07-02T12:59:30","date_gmt":"2019-07-02T10:59:30","guid":{"rendered":"https:\/\/agora.xtec.cat\/esc-mdmuntanya\/?page_id=541"},"modified":"2019-07-03T13:34:52","modified_gmt":"2019-07-03T11:34:52","slug":"grup-damics","status":"publish","type":"page","link":"https:\/\/agora.xtec.cat\/esc-mdmuntanya\/projecte-educatiu\/grup-damics\/","title":{"rendered":"Grup d&#8217;amics"},"content":{"rendered":"<p style=\"text-align: left;\">La<strong> interrelaci\u00f3 entre alumnes de diferents nivells<\/strong> i l\u2019establiment de <strong>vincles i lligams emocionals<\/strong> entre tots ells s\u00f3n aspectes que permeten assolir una millor conviv\u00e8ncia i una major regulaci\u00f3 de les situacions de conflicte.<\/p>\n<p style=\"text-align: left;\">Per aquest motiu, vam acordar que cada any tota l\u2019escola ens distribuir\u00edem en <strong>grups de tres classes d\u2019edats diferents<\/strong> (com per exemple P3, 1r i 5\u00e8 formarien un grup d\u2019amics). Aquestes tres agrupacions dur\u00edem a terme un m\u00ednim de <strong>dos activitats conjuntes trimestrals<\/strong>.<\/p>\n<p><iframe loading=\"lazy\" title=\"GRUP D&#039;AMICS\" width=\"500\" height=\"281\" src=\"https:\/\/www.youtube.com\/embed\/hZkre4JEir0?start=8&#038;feature=oembed\" frameborder=\"0\" allow=\"accelerometer; autoplay; clipboard-write; encrypted-media; gyroscope; picture-in-picture; web-share\" referrerpolicy=\"strict-origin-when-cross-origin\" allowfullscreen><\/iframe><\/p>\n<p><a href=\"https:\/\/agora.xtec.cat\/esc-mdmuntanya\/wp-content\/uploads\/usu526\/2019\/07\/DSCN1534.jpg\"><img loading=\"lazy\" decoding=\"async\" class=\"wp-image-649 aligncenter\" src=\"https:\/\/agora.xtec.cat\/esc-mdmuntanya\/wp-content\/uploads\/usu526\/2019\/07\/DSCN1534.jpg\" alt=\"\" width=\"777\" height=\"583\" srcset=\"https:\/\/agora.xtec.cat\/esc-mdmuntanya\/wp-content\/uploads\/usu526\/2019\/07\/DSCN1534.jpg 640w, https:\/\/agora.xtec.cat\/esc-mdmuntanya\/wp-content\/uploads\/usu526\/2019\/07\/DSCN1534-300x225.jpg 300w, https:\/\/agora.xtec.cat\/esc-mdmuntanya\/wp-content\/uploads\/usu526\/2019\/07\/DSCN1534-200x150.jpg 200w\" sizes=\"auto, (max-width: 777px) 100vw, 777px\" \/><\/a><\/p>\n<p><a href=\"https:\/\/agora.xtec.cat\/esc-mdmuntanya\/wp-content\/uploads\/usu526\/2019\/07\/DSC06514.jpg\"><img loading=\"lazy\" decoding=\"async\" class=\"wp-image-651 aligncenter\" src=\"https:\/\/agora.xtec.cat\/esc-mdmuntanya\/wp-content\/uploads\/usu526\/2019\/07\/DSC06514-1024x768.jpg\" alt=\"\" width=\"774\" height=\"581\" srcset=\"https:\/\/agora.xtec.cat\/esc-mdmuntanya\/wp-content\/uploads\/usu526\/2019\/07\/DSC06514-1024x768.jpg 1024w, https:\/\/agora.xtec.cat\/esc-mdmuntanya\/wp-content\/uploads\/usu526\/2019\/07\/DSC06514-300x225.jpg 300w, https:\/\/agora.xtec.cat\/esc-mdmuntanya\/wp-content\/uploads\/usu526\/2019\/07\/DSC06514-768x576.jpg 768w, https:\/\/agora.xtec.cat\/esc-mdmuntanya\/wp-content\/uploads\/usu526\/2019\/07\/DSC06514-200x150.jpg 200w, https:\/\/agora.xtec.cat\/esc-mdmuntanya\/wp-content\/uploads\/usu526\/2019\/07\/DSC06514.jpg 1600w\" sizes=\"auto, (max-width: 774px) 100vw, 774px\" \/><\/a><\/p>\n<p>&nbsp;<\/p>\n","protected":false},"excerpt":{"rendered":"<p>La interrelaci\u00f3 entre alumnes de diferents nivells i l\u2019establiment de vincles i lligams emocionals entre tots ells s\u00f3n aspectes que permeten assolir una millor conviv\u00e8ncia i una major regulaci\u00f3 de les situacions de conflicte.<br \/>\nPer aquest motiu, vam acordar que cada any tota l\u2019escola ens distribuir\u00edem&hellip;  <a href=\"https:\/\/agora.xtec.cat\/esc-mdmuntanya\/projecte-educatiu\/grup-damics\/\" title=\"Read Grup d&#8217;amics\">Llegeix m\u00e9s\u00bb<\/a><\/p>\n","protected":false},"author":1,"featured_media":0,"parent":64,"menu_order":0,"comment_status":"closed","ping_status":"closed","template":"page-templates\/side-menu.php","meta":{"_bbp_topic_count":0,"_bbp_reply_count":0,"_bbp_total_topic_count":0,"_bbp_total_reply_count":0,"_bbp_voice_count":0,"_bbp_anonymous_reply_count":0,"_bbp_topic_count_hidden":0,"_bbp_reply_count_hidden":0,"_bbp_forum_subforum_count":0,"footnotes":""},"class_list":["post-541","page","type-page","status-publish","hentry"],"post_mailing_queue_ids":[],"_links":{"self":[{"href":"https:\/\/agora.xtec.cat\/esc-mdmuntanya\/wp-json\/wp\/v2\/pages\/541","targetHints":{"allow":["GET"]}}],"collection":[{"href":"https:\/\/agora.xtec.cat\/esc-mdmuntanya\/wp-json\/wp\/v2\/pages"}],"about":[{"href":"https:\/\/agora.xtec.cat\/esc-mdmuntanya\/wp-json\/wp\/v2\/types\/page"}],"author":[{"embeddable":true,"href":"https:\/\/agora.xtec.cat\/esc-mdmuntanya\/wp-json\/wp\/v2\/users\/1"}],"replies":[{"embeddable":true,"href":"https:\/\/agora.xtec.cat\/esc-mdmuntanya\/wp-json\/wp\/v2\/comments?post=541"}],"version-history":[{"count":4,"href":"https:\/\/agora.xtec.cat\/esc-mdmuntanya\/wp-json\/wp\/v2\/pages\/541\/revisions"}],"predecessor-version":[{"id":656,"href":"https:\/\/agora.xtec.cat\/esc-mdmuntanya\/wp-json\/wp\/v2\/pages\/541\/revisions\/656"}],"up":[{"embeddable":true,"href":"https:\/\/agora.xtec.cat\/esc-mdmuntanya\/wp-json\/wp\/v2\/pages\/64"}],"wp:attachment":[{"href":"https:\/\/agora.xtec.cat\/esc-mdmuntanya\/wp-json\/wp\/v2\/media?parent=541"}],"curies":[{"name":"wp","href":"https:\/\/api.w.org\/{rel}","templated":true}]}}