{"id":525,"date":"2019-07-02T12:40:53","date_gmt":"2019-07-02T10:40:53","guid":{"rendered":"https:\/\/agora.xtec.cat\/esc-mdmuntanya\/?page_id=525"},"modified":"2019-07-04T11:07:13","modified_gmt":"2019-07-04T09:07:13","slug":"ambients-deducacio-infantil","status":"publish","type":"page","link":"https:\/\/agora.xtec.cat\/esc-mdmuntanya\/projecte-educatiu\/ambients-deducacio-infantil\/","title":{"rendered":"Ambients d&#8217;educaci\u00f3 infantil"},"content":{"rendered":"<p>El treball mitjan\u00e7ant ambients d&#8217;aprenentatge consisteix, b\u00e0sicament, en una manera diferent d&#8217;organitzar els alumnes, l&#8217;espai i els materials per tal de propiciar i construir un lloc d&#8217;<strong>aprenentatge que sorgeixi espont\u00e0niament<\/strong>. En aquest ambient, <strong>l&#8217;infant \u00e9s el protagonista i constructor del seu propi aprenentatge<\/strong>. El paper del mestre es basa fonamentalment en organitzar i afavorir aquest aprenentatge acompanyant els seus alumnes en aquest cam\u00ed. Amb aquesta manera de fer, els infants participen d&#8217;una manera m\u00e9s activa, lliure, constructiva i creativa del seu aprenentatge escolar i del seu creixement com a persones.<\/p>\n<p>A trav\u00e9s dels ambients oferim una s\u00e8rie de <strong>materials i espais per tal que l\u2019alumnat experimenti, manipuli<\/strong>, i en conseq\u00fc\u00e8ncia, aprengui, per\u00f2 no establim uns l\u00edmits temporals fixos. \u00c9s a dir, no s\u2019estableixen una s\u00e8rie de continguts que s\u2019han d\u2019assolir en una temporalitzaci\u00f3 concreta, sin\u00f3 que <strong>es respecta el ritme de cada alumne<\/strong>. Els ambients segueixen el model socioconstructivista, el qual parteix d\u2019un <strong>aprenentatge significatiu<\/strong> per part de l\u2019alumne,<\/p>\n<p><a href=\"https:\/\/agora.xtec.cat\/esc-mdmuntanya\/wp-content\/uploads\/usu526\/2019\/07\/IMG_20181023_092532_545.jpg\"><img loading=\"lazy\" decoding=\"async\" class=\"size-full wp-image-686 aligncenter\" src=\"https:\/\/agora.xtec.cat\/esc-mdmuntanya\/wp-content\/uploads\/usu526\/2019\/07\/IMG_20181023_092532_545.jpg\" alt=\"\" width=\"640\" height=\"479\" srcset=\"https:\/\/agora.xtec.cat\/esc-mdmuntanya\/wp-content\/uploads\/usu526\/2019\/07\/IMG_20181023_092532_545.jpg 640w, https:\/\/agora.xtec.cat\/esc-mdmuntanya\/wp-content\/uploads\/usu526\/2019\/07\/IMG_20181023_092532_545-300x225.jpg 300w, https:\/\/agora.xtec.cat\/esc-mdmuntanya\/wp-content\/uploads\/usu526\/2019\/07\/IMG_20181023_092532_545-200x150.jpg 200w\" sizes=\"auto, (max-width: 640px) 100vw, 640px\" \/><\/a><\/p>\n<p><a href=\"https:\/\/agora.xtec.cat\/esc-mdmuntanya\/wp-content\/uploads\/usu526\/2019\/07\/IMG_20181023_091952_532.jpg\"><img loading=\"lazy\" decoding=\"async\" class=\"size-full wp-image-687 aligncenter\" src=\"https:\/\/agora.xtec.cat\/esc-mdmuntanya\/wp-content\/uploads\/usu526\/2019\/07\/IMG_20181023_091952_532.jpg\" alt=\"\" width=\"479\" height=\"640\" srcset=\"https:\/\/agora.xtec.cat\/esc-mdmuntanya\/wp-content\/uploads\/usu526\/2019\/07\/IMG_20181023_091952_532.jpg 479w, https:\/\/agora.xtec.cat\/esc-mdmuntanya\/wp-content\/uploads\/usu526\/2019\/07\/IMG_20181023_091952_532-225x300.jpg 225w\" sizes=\"auto, (max-width: 479px) 100vw, 479px\" \/><\/a><\/p>\n","protected":false},"excerpt":{"rendered":"<p>El treball mitjan\u00e7ant ambients d&#8217;aprenentatge consisteix, b\u00e0sicament, en una manera diferent d&#8217;organitzar els alumnes, l&#8217;espai i els materials per tal de propiciar i construir un lloc d&#8217;aprenentatge que sorgeixi espont\u00e0niament. En aquest ambient, l&#8217;infant \u00e9s el protagonista i constructor del seu propi aprenentatge. El paper&hellip;  <a href=\"https:\/\/agora.xtec.cat\/esc-mdmuntanya\/projecte-educatiu\/ambients-deducacio-infantil\/\" title=\"Read Ambients d&#8217;educaci\u00f3 infantil\">Llegeix m\u00e9s\u00bb<\/a><\/p>\n","protected":false},"author":1,"featured_media":0,"parent":64,"menu_order":1,"comment_status":"closed","ping_status":"closed","template":"page-templates\/side-menu.php","meta":{"_bbp_topic_count":0,"_bbp_reply_count":0,"_bbp_total_topic_count":0,"_bbp_total_reply_count":0,"_bbp_voice_count":0,"_bbp_anonymous_reply_count":0,"_bbp_topic_count_hidden":0,"_bbp_reply_count_hidden":0,"_bbp_forum_subforum_count":0,"footnotes":""},"class_list":["post-525","page","type-page","status-publish","hentry"],"post_mailing_queue_ids":[],"_links":{"self":[{"href":"https:\/\/agora.xtec.cat\/esc-mdmuntanya\/wp-json\/wp\/v2\/pages\/525","targetHints":{"allow":["GET"]}}],"collection":[{"href":"https:\/\/agora.xtec.cat\/esc-mdmuntanya\/wp-json\/wp\/v2\/pages"}],"about":[{"href":"https:\/\/agora.xtec.cat\/esc-mdmuntanya\/wp-json\/wp\/v2\/types\/page"}],"author":[{"embeddable":true,"href":"https:\/\/agora.xtec.cat\/esc-mdmuntanya\/wp-json\/wp\/v2\/users\/1"}],"replies":[{"embeddable":true,"href":"https:\/\/agora.xtec.cat\/esc-mdmuntanya\/wp-json\/wp\/v2\/comments?post=525"}],"version-history":[{"count":3,"href":"https:\/\/agora.xtec.cat\/esc-mdmuntanya\/wp-json\/wp\/v2\/pages\/525\/revisions"}],"predecessor-version":[{"id":689,"href":"https:\/\/agora.xtec.cat\/esc-mdmuntanya\/wp-json\/wp\/v2\/pages\/525\/revisions\/689"}],"up":[{"embeddable":true,"href":"https:\/\/agora.xtec.cat\/esc-mdmuntanya\/wp-json\/wp\/v2\/pages\/64"}],"wp:attachment":[{"href":"https:\/\/agora.xtec.cat\/esc-mdmuntanya\/wp-json\/wp\/v2\/media?parent=525"}],"curies":[{"name":"wp","href":"https:\/\/api.w.org\/{rel}","templated":true}]}}