{"id":32,"date":"2014-09-18T12:31:33","date_gmt":"2014-09-18T11:31:33","guid":{"rendered":"http:\/\/agora.xtec.cat\/esc-mdmuntanya\/?page_id=32"},"modified":"2022-09-04T18:13:16","modified_gmt":"2022-09-04T16:13:16","slug":"calendari-del-curs","status":"publish","type":"page","link":"https:\/\/agora.xtec.cat\/esc-mdmuntanya\/lescola\/calendari-del-curs\/","title":{"rendered":"Calendari del curs"},"content":{"rendered":"<h4><a href=\"https:\/\/drive.google.com\/file\/d\/1yhmaeXas7qOqVVL8-Twk8XaDYhdoS8Gm\/view?usp=sharing\" target=\"_blank\" rel=\"noopener noreferrer\">CALENDARI 2022-2023<\/a><\/h4>\n<h4><\/h4>\n<h4><strong>Inici de curs:<a href=\"https:\/\/drive.google.com\/file\/d\/1yhmaeXas7qOqVVL8-Twk8XaDYhdoS8Gm\/view?usp=sharing\" target=\"_blank\" rel=\"noopener\"><img loading=\"lazy\" decoding=\"async\" class=\"alignright wp-image-630 size-full\" src=\"https:\/\/agora.xtec.cat\/esc-mdmuntanya\/wp-content\/uploads\/usu526\/2019\/07\/Dibujo_calendario_web-1.jpg\" alt=\"\" width=\"250\" height=\"250\" srcset=\"https:\/\/agora.xtec.cat\/esc-mdmuntanya\/wp-content\/uploads\/usu526\/2019\/07\/Dibujo_calendario_web-1.jpg 250w, https:\/\/agora.xtec.cat\/esc-mdmuntanya\/wp-content\/uploads\/usu526\/2019\/07\/Dibujo_calendario_web-1-150x150.jpg 150w\" sizes=\"auto, (max-width: 250px) 100vw, 250px\" \/><\/a><\/strong><\/h4>\n<p>5 de setembre de 2022.<\/p>\n<h4><strong>Vacances:<\/strong><\/h4>\n<p>Del 22 de desembre de 2022 al 8 de gener de 2023 (ambd\u00f3s inclosos).<\/p>\n<p>Del 1 al 10 d\u2019abril de 2023 (ambd\u00f3s inclosos).<\/p>\n<p>A partir del 23 de juny de 2023<\/p>\n<h4><\/h4>\n<h4><strong>Dies festius de lliure disposici\u00f3:<\/strong><\/h4>\n<p>31 d&#8217;octubre de 2022<\/p>\n<p>7 de desembre de 2022<\/p>\n<p>9 de desembre de 2022<\/p>\n<p>10 de mar\u00e7 de 2023<\/p>\n<p>2 de maig de 2023<\/p>\n<h4><\/h4>\n<h4><strong>Compensaci\u00f3 festes locals:<\/strong><\/h4>\n<p>13 de febrer de 2023<\/p>\n<p>2 de maig de 2022<\/p>\n<h4><\/h4>\n<h4><strong>Jornada compactada<\/strong><\/h4>\n<p>Del 5 al 30 de setembre de 2022 (ambd\u00f3s inclosos), el 21 de desembre de 2022 i del 5 al 22 de juny de 2023 (ambd\u00f3s inclosos). Els alumnes que utilitzen el servei de menjador surten a les 15.00h.<\/p>\n<p>&nbsp;<\/p>\n<h4><strong>Horari lectiu<\/strong><\/h4>\n<p>L\u2019horari lectiu del centre \u00e9s de <strong>9 a 12.30h<\/strong> i de <strong>15,00 a 16.30h.<\/strong><\/p>\n<p>Per als alumnes que inicien l\u2019escolaritzaci\u00f3 a<strong> P3<\/strong> s\u2019organitza un breu per\u00edode d\u2019<strong>adaptaci\u00f3<\/strong> que suposa una certa modificaci\u00f3 dels horaris dels primers dies de classe, i que es fa saber a les fam\u00edlies en les reunions pr\u00e8vies corresponents.<\/p>\n<p>&nbsp;<\/p>\n<p>&nbsp;<\/p>\n","protected":false},"excerpt":{"rendered":"<p><a href=\"https:\/\/drive.google.com\/file\/d\/1yhmaeXas7qOqVVL8-Twk8XaDYhdoS8Gm\/view?usp=sharing\" target=\"_blank\" rel=\"noopener noreferrer\">CALENDARI 2022-2023<\/a><\/p>\n<p>Inici de curs:<a href=\"https:\/\/drive.google.com\/file\/d\/1yhmaeXas7qOqVVL8-Twk8XaDYhdoS8Gm\/view?usp=sharing\" target=\"_blank\" rel=\"noopener\"><\/a><br \/>\n5 de setembre de 2022.<br \/>\nVacances:<br \/>\nDel 22 de desembre de 2022 al 8 de gener de 2023 (ambd\u00f3s inclosos).<br \/>\nDel 1 al 10 d\u2019abril de 2023 (ambd\u00f3s inclosos).<br \/>\nA partir del 23 de juny de 2023<\/p>\n<p>Dies festius de&hellip;  <a href=\"https:\/\/agora.xtec.cat\/esc-mdmuntanya\/lescola\/calendari-del-curs\/\" title=\"Read Calendari del curs\">Llegeix m\u00e9s\u00bb<\/a><\/p>\n","protected":false},"author":1,"featured_media":0,"parent":22,"menu_order":50,"comment_status":"closed","ping_status":"closed","template":"page-templates\/side-menu.php","meta":{"_bbp_topic_count":0,"_bbp_reply_count":0,"_bbp_total_topic_count":0,"_bbp_total_reply_count":0,"_bbp_voice_count":0,"_bbp_anonymous_reply_count":0,"_bbp_topic_count_hidden":0,"_bbp_reply_count_hidden":0,"_bbp_forum_subforum_count":0,"footnotes":""},"class_list":["post-32","page","type-page","status-publish","hentry"],"post_mailing_queue_ids":[],"_links":{"self":[{"href":"https:\/\/agora.xtec.cat\/esc-mdmuntanya\/wp-json\/wp\/v2\/pages\/32","targetHints":{"allow":["GET"]}}],"collection":[{"href":"https:\/\/agora.xtec.cat\/esc-mdmuntanya\/wp-json\/wp\/v2\/pages"}],"about":[{"href":"https:\/\/agora.xtec.cat\/esc-mdmuntanya\/wp-json\/wp\/v2\/types\/page"}],"author":[{"embeddable":true,"href":"https:\/\/agora.xtec.cat\/esc-mdmuntanya\/wp-json\/wp\/v2\/users\/1"}],"replies":[{"embeddable":true,"href":"https:\/\/agora.xtec.cat\/esc-mdmuntanya\/wp-json\/wp\/v2\/comments?post=32"}],"version-history":[{"count":4,"href":"https:\/\/agora.xtec.cat\/esc-mdmuntanya\/wp-json\/wp\/v2\/pages\/32\/revisions"}],"predecessor-version":[{"id":8792,"href":"https:\/\/agora.xtec.cat\/esc-mdmuntanya\/wp-json\/wp\/v2\/pages\/32\/revisions\/8792"}],"up":[{"embeddable":true,"href":"https:\/\/agora.xtec.cat\/esc-mdmuntanya\/wp-json\/wp\/v2\/pages\/22"}],"wp:attachment":[{"href":"https:\/\/agora.xtec.cat\/esc-mdmuntanya\/wp-json\/wp\/v2\/media?parent=32"}],"curies":[{"name":"wp","href":"https:\/\/api.w.org\/{rel}","templated":true}]}}