{"id":30,"date":"2014-09-18T12:30:23","date_gmt":"2014-09-18T11:30:23","guid":{"rendered":"http:\/\/agora.xtec.cat\/esc-mdmuntanya\/?page_id=30"},"modified":"2020-03-13T13:13:30","modified_gmt":"2020-03-13T12:13:30","slug":"instal%c2%b7lacions","status":"publish","type":"page","link":"https:\/\/agora.xtec.cat\/esc-mdmuntanya\/lescola\/instal%c2%b7lacions\/","title":{"rendered":"Instal\u00b7lacions"},"content":{"rendered":"<p>L\u2019edifici del centre <strong>es va remodelar el curs 2010-2011<\/strong>. <strong>\u00c9s de construcci\u00f3 nova<\/strong> i mant\u00e9 la<strong> fa\u00e7ana original<\/strong>, catalogada com a <strong>edifici d\u2019inter\u00e8s hist\u00f2ric<\/strong>. L&#8217;escola est\u00e0 distribu\u00efda en cinc plantes, dues d\u2019elles semisoterrades. Disposa d&#8217;ascensors que permeten l\u2019acc\u00e9s de persones amb mobilitat redu\u00efda a qualsevol espai del centre.<\/p>\n<p>Us convidem a fer una visita al nostre centre.<\/p>\n<p><iframe loading=\"lazy\" title=\"escola M D Muntanya\" width=\"500\" height=\"281\" src=\"https:\/\/www.youtube.com\/embed\/g_8fSBBgJeM?start=3&#038;feature=oembed\" frameborder=\"0\" allow=\"accelerometer; autoplay; clipboard-write; encrypted-media; gyroscope; picture-in-picture; web-share\" referrerpolicy=\"strict-origin-when-cross-origin\" allowfullscreen><\/iframe><\/p>\n<p>&nbsp;<\/p>\n","protected":false},"excerpt":{"rendered":"<p>L\u2019edifici del centre es va remodelar el curs 2010-2011. \u00c9s de construcci\u00f3 nova i mant\u00e9 la fa\u00e7ana original, catalogada com a edifici d\u2019inter\u00e8s hist\u00f2ric. L&#8217;escola est\u00e0 distribu\u00efda en cinc plantes, dues d\u2019elles semisoterrades. Disposa d&#8217;ascensors que permeten l\u2019acc\u00e9s de persones amb mobilitat redu\u00efda a qualsevol&hellip;  <a href=\"https:\/\/agora.xtec.cat\/esc-mdmuntanya\/lescola\/instal%c2%b7lacions\/\" title=\"Read Instal\u00b7lacions\">Llegeix m\u00e9s\u00bb<\/a><\/p>\n","protected":false},"author":1,"featured_media":0,"parent":22,"menu_order":40,"comment_status":"closed","ping_status":"closed","template":"page-templates\/side-menu.php","meta":{"_bbp_topic_count":0,"_bbp_reply_count":0,"_bbp_total_topic_count":0,"_bbp_total_reply_count":0,"_bbp_voice_count":0,"_bbp_anonymous_reply_count":0,"_bbp_topic_count_hidden":0,"_bbp_reply_count_hidden":0,"_bbp_forum_subforum_count":0,"footnotes":""},"class_list":["post-30","page","type-page","status-publish","hentry"],"post_mailing_queue_ids":[],"_links":{"self":[{"href":"https:\/\/agora.xtec.cat\/esc-mdmuntanya\/wp-json\/wp\/v2\/pages\/30","targetHints":{"allow":["GET"]}}],"collection":[{"href":"https:\/\/agora.xtec.cat\/esc-mdmuntanya\/wp-json\/wp\/v2\/pages"}],"about":[{"href":"https:\/\/agora.xtec.cat\/esc-mdmuntanya\/wp-json\/wp\/v2\/types\/page"}],"author":[{"embeddable":true,"href":"https:\/\/agora.xtec.cat\/esc-mdmuntanya\/wp-json\/wp\/v2\/users\/1"}],"replies":[{"embeddable":true,"href":"https:\/\/agora.xtec.cat\/esc-mdmuntanya\/wp-json\/wp\/v2\/comments?post=30"}],"version-history":[{"count":3,"href":"https:\/\/agora.xtec.cat\/esc-mdmuntanya\/wp-json\/wp\/v2\/pages\/30\/revisions"}],"predecessor-version":[{"id":2327,"href":"https:\/\/agora.xtec.cat\/esc-mdmuntanya\/wp-json\/wp\/v2\/pages\/30\/revisions\/2327"}],"up":[{"embeddable":true,"href":"https:\/\/agora.xtec.cat\/esc-mdmuntanya\/wp-json\/wp\/v2\/pages\/22"}],"wp:attachment":[{"href":"https:\/\/agora.xtec.cat\/esc-mdmuntanya\/wp-json\/wp\/v2\/media?parent=30"}],"curies":[{"name":"wp","href":"https:\/\/api.w.org\/{rel}","templated":true}]}}