{"id":1729,"date":"2019-12-18T16:00:37","date_gmt":"2019-12-18T15:00:37","guid":{"rendered":"https:\/\/agora.xtec.cat\/esc-mdmuntanya\/?page_id=1729"},"modified":"2019-12-18T16:38:47","modified_gmt":"2019-12-18T15:38:47","slug":"delegats-mares-i-pares","status":"publish","type":"page","link":"https:\/\/agora.xtec.cat\/esc-mdmuntanya\/lescola\/delegats-mares-i-pares\/","title":{"rendered":"Delegats mares i pares"},"content":{"rendered":"<p style=\"text-align: center;\"><span style=\"text-decoration: underline;\">P3<\/span><\/p>\n<p style=\"text-align: center;\"><strong>Andrea Asensio<\/strong> <em>(Eric Juan)<\/em><\/p>\n<p style=\"text-align: center;\"><strong>I\u00f1aki Oca\u00f1a<\/strong> <em>(Maria Oca\u00f1a)<\/em><\/p>\n<p>&nbsp;<\/p>\n<p style=\"text-align: center;\"><span style=\"text-decoration: underline;\">P4<\/span><\/p>\n<p style=\"text-align: center;\"><strong>Carolina Dom\u00ednguez <\/strong><em>(Marc Capdevila)<\/em><\/p>\n<p style=\"text-align: center;\"><strong>S<\/strong><strong>andra Torres <\/strong><em>(Carla Rodr\u00edguez)<\/em><\/p>\n<p style=\"text-align: center;\"><strong>Cristel C\u00f3rdoba <\/strong><em>(Natasha Meneses)<\/em><\/p>\n<p>&nbsp;<\/p>\n<p style=\"text-align: center;\"><span style=\"text-decoration: underline;\">P5<\/span><\/p>\n<p style=\"text-align: center;\"><strong>Monica Semerean<\/strong> <em>(Andrea Semerean)<\/em><\/p>\n<p style=\"text-align: center;\"><strong>Sergi Gibert<\/strong> <em>(Pol Gibert)<\/em><\/p>\n<p>&nbsp;<\/p>\n<p style=\"text-align: center;\"><span style=\"text-decoration: underline;\">1r<\/span><\/p>\n<p style=\"text-align: center;\"><strong>Roberto Blanco<\/strong><em> (Dennis Blanco)<\/em><\/p>\n<p style=\"text-align: center;\"><strong>Ma Isabel Pacheco<\/strong> <em>(Oriol Bartolom\u00e9)<\/em><\/p>\n<p>&nbsp;<\/p>\n<p style=\"text-align: center;\"><span style=\"text-decoration: underline;\">2n<\/span><\/p>\n<p style=\"text-align: center;\"><strong>Sandra S\u00e1nchez<\/strong> <em>(Francesc Gonz\u00e1lez)<\/em><\/p>\n<p style=\"text-align: center;\"><strong>Susana \u00c1lvarez<\/strong> <em>(Anna Berm\u00fadez)<\/em><\/p>\n<p>&nbsp;<\/p>\n<p style=\"text-align: center;\"><span style=\"text-decoration: underline;\">3r<\/span><\/p>\n<p style=\"text-align: center;\"><strong>Monica Semerean<\/strong><em> (Andrea Semerean)<\/em><\/p>\n<p style=\"text-align: center;\"><strong>Cecilia Delgado<\/strong> <em>(Erick Ayosa)<\/em><\/p>\n<p>&nbsp;<\/p>\n<p style=\"text-align: center;\"><span style=\"text-decoration: underline;\">4t<\/span><\/p>\n<p style=\"text-align: center;\"><strong>Sheila Ruiz<\/strong> <em>(Anais Cuadra)<\/em><\/p>\n<p style=\"text-align: center;\"><strong>Vanesa Le\u00f3n<\/strong> <em>(Aina Molinas)<\/em><\/p>\n<p>&nbsp;<\/p>\n<p style=\"text-align: center;\"><span style=\"text-decoration: underline;\">5\u00e8<\/span><\/p>\n<p style=\"text-align: center;\"><strong>Roberto Blanco<\/strong> <em>(Carla Blanco)<\/em><\/p>\n<p style=\"text-align: center;\"><strong>Manoli Casanova<\/strong><em> (Valle Jurado)<\/em><\/p>\n<p>&nbsp;<\/p>\n<p style=\"text-align: center;\"><span style=\"text-decoration: underline;\">6\u00e8<\/span><\/p>\n<p style=\"text-align: center;\"><strong>Jamila Kissami<\/strong> <em>(Nora Kissami)<\/em><\/p>\n<p style=\"text-align: center;\"><strong>Loli Ortega<\/strong> <em>(Aina Delgado)<\/em><\/p>\n<p style=\"text-align: center;\"><strong>Noem\u00ed Romero<\/strong> <em>(Caterina i Sof\u00eda L\u00f3pez)<\/em><\/p>\n<p>&nbsp;<\/p>\n<p>&nbsp;<\/p>\n","protected":false},"excerpt":{"rendered":"<p>P3<br \/>\nAndrea Asensio (Eric Juan)<br \/>\nI\u00f1aki Oca\u00f1a (Maria Oca\u00f1a)<br \/>\n&nbsp;<br \/>\nP4<br \/>\nCarolina Dom\u00ednguez (Marc Capdevila)<br \/>\nSandra Torres (Carla Rodr\u00edguez)<br \/>\nCristel C\u00f3rdoba (Natasha Meneses)<br \/>\n&nbsp;<br \/>\nP5<br \/>\nMonica Semerean (Andrea Semerean)<br \/>\nSergi Gibert (Pol Gibert)<br \/>\n&nbsp;<br \/>\n1r<br \/>\nRoberto Blanco (Dennis Blanco)<br \/>\nMa Isabel Pacheco (Oriol Bartolom\u00e9)<br \/>\n&nbsp;<br \/>\n2n<br \/>\nSandra S\u00e1nchez (Francesc Gonz\u00e1lez)<br \/>\nSusana \u00c1lvarez (Anna Berm\u00fadez)<br \/>\n&nbsp;<br \/>\n3r<br \/>\nMonica Semerean (Andrea Semerean)<br \/>\nCecilia Delgado (Erick Ayosa)<br \/>\n&nbsp;<br \/>\n4t<br \/>\nSheila Ruiz (Anais Cuadra)<br \/>\nVanesa Le\u00f3n&hellip;  <a href=\"https:\/\/agora.xtec.cat\/esc-mdmuntanya\/lescola\/delegats-mares-i-pares\/\" title=\"Read Delegats mares i pares\">Llegeix m\u00e9s\u00bb<\/a><\/p>\n","protected":false},"author":4,"featured_media":0,"parent":22,"menu_order":30,"comment_status":"closed","ping_status":"closed","template":"page-templates\/side-menu.php","meta":{"_bbp_topic_count":0,"_bbp_reply_count":0,"_bbp_total_topic_count":0,"_bbp_total_reply_count":0,"_bbp_voice_count":0,"_bbp_anonymous_reply_count":0,"_bbp_topic_count_hidden":0,"_bbp_reply_count_hidden":0,"_bbp_forum_subforum_count":0,"footnotes":""},"class_list":["post-1729","page","type-page","status-publish","hentry"],"post_mailing_queue_ids":[],"_links":{"self":[{"href":"https:\/\/agora.xtec.cat\/esc-mdmuntanya\/wp-json\/wp\/v2\/pages\/1729","targetHints":{"allow":["GET"]}}],"collection":[{"href":"https:\/\/agora.xtec.cat\/esc-mdmuntanya\/wp-json\/wp\/v2\/pages"}],"about":[{"href":"https:\/\/agora.xtec.cat\/esc-mdmuntanya\/wp-json\/wp\/v2\/types\/page"}],"author":[{"embeddable":true,"href":"https:\/\/agora.xtec.cat\/esc-mdmuntanya\/wp-json\/wp\/v2\/users\/4"}],"replies":[{"embeddable":true,"href":"https:\/\/agora.xtec.cat\/esc-mdmuntanya\/wp-json\/wp\/v2\/comments?post=1729"}],"version-history":[{"count":3,"href":"https:\/\/agora.xtec.cat\/esc-mdmuntanya\/wp-json\/wp\/v2\/pages\/1729\/revisions"}],"predecessor-version":[{"id":1734,"href":"https:\/\/agora.xtec.cat\/esc-mdmuntanya\/wp-json\/wp\/v2\/pages\/1729\/revisions\/1734"}],"up":[{"embeddable":true,"href":"https:\/\/agora.xtec.cat\/esc-mdmuntanya\/wp-json\/wp\/v2\/pages\/22"}],"wp:attachment":[{"href":"https:\/\/agora.xtec.cat\/esc-mdmuntanya\/wp-json\/wp\/v2\/media?parent=1729"}],"curies":[{"name":"wp","href":"https:\/\/api.w.org\/{rel}","templated":true}]}}