{"id":1026,"date":"2019-10-01T11:22:16","date_gmt":"2019-10-01T09:22:16","guid":{"rendered":"https:\/\/agora.xtec.cat\/esc-mdmuntanya\/?page_id=1026"},"modified":"2021-02-04T09:29:10","modified_gmt":"2021-02-04T08:29:10","slug":"projecte-linguistic-2","status":"publish","type":"page","link":"https:\/\/agora.xtec.cat\/esc-mdmuntanya\/lescola\/documents\/projecte-linguistic-2\/","title":{"rendered":"Projecte Ling\u00fc\u00edstic"},"content":{"rendered":"<p>D\u2019acord amb la Llei 12\/2009, del 10 de juliol, d\u2019educaci\u00f3, el projecte ling\u00fc\u00edstic ha d\u2019emmarcar el <strong>tractament de les lleng\u00fces al\u00a0<a href=\"https:\/\/agora.xtec.cat\/esc-mdmuntanya\/wp-content\/uploads\/usu526\/2019\/10\/projecte-linguistic.png\"><img loading=\"lazy\" decoding=\"async\" class=\"wp-image-996 alignright\" src=\"https:\/\/agora.xtec.cat\/esc-mdmuntanya\/wp-content\/uploads\/usu526\/2019\/10\/projecte-linguistic-300x282.png\" sizes=\"auto, (max-width: 174px) 100vw, 174px\" srcset=\"https:\/\/agora.xtec.cat\/esc-mdmuntanya\/wp-content\/uploads\/usu526\/2019\/10\/projecte-linguistic-300x282.png 300w, https:\/\/agora.xtec.cat\/esc-mdmuntanya\/wp-content\/uploads\/usu526\/2019\/10\/projecte-linguistic.png 457w\" alt=\"\" width=\"174\" height=\"164\" \/><\/a>centre<\/strong> i ha d\u2019incloure els aspectes relatius a l\u2019ensenyament i a l\u2019\u00fas de les lleng\u00fces, entre els quals hi ha d\u2019haver<\/p>\n<p>a) El tractament del <strong>catal\u00e0 com a llengua vehicular i d\u2019aprenentatge<\/strong>,<\/p>\n<p>b) El <strong>proc\u00e9s d\u2019ensenyament i d\u2019aprenentatge del castell\u00e0<\/strong>,<\/p>\n<p>c) Les diverses opcions amb relaci\u00f3 a les <strong>lleng\u00fces estrangeres<\/strong>,<\/p>\n<p>d) Els criteris generals per a les <strong>adequacions<\/strong> del proc\u00e9s d\u2019ensenyament de les lleng\u00fces, tant globalment com individualment, <strong>a la realitat socioling\u00fc\u00edstica del centre.<\/strong><\/p>\n<p>e) La <strong>continu\u00eftat i la coher\u00e8ncia educatives<\/strong>, pel que fa als usos ling\u00fc\u00edstics, en els serveis escolars i en les activitats organitzades per les associacions de mares i pares d\u2019alumnes.<\/p>\n<p><a href=\"https:\/\/drive.google.com\/file\/d\/1UO-3PO6XS_ya7ew9zEjJtUoMJ7BP7MsM\/view?usp=sharing\" target=\"_blank\" rel=\"noopener noreferrer\"><strong>PROJECTE LING\u00dc\u00cdSTIC (Escola MD Muntanya)<\/strong><\/a><\/p>\n","protected":false},"excerpt":{"rendered":"<p>D\u2019acord amb la Llei 12\/2009, del 10 de juliol, d\u2019educaci\u00f3, el projecte ling\u00fc\u00edstic ha d\u2019emmarcar el tractament de les lleng\u00fces al\u00a0<a href=\"https:\/\/agora.xtec.cat\/esc-mdmuntanya\/wp-content\/uploads\/usu526\/2019\/10\/projecte-linguistic.png\"><\/a>centre i ha d\u2019incloure els aspectes relatius a l\u2019ensenyament i a l\u2019\u00fas de les lleng\u00fces, entre els quals hi ha d\u2019haver<br \/>\na) El tractament del&hellip;  <a href=\"https:\/\/agora.xtec.cat\/esc-mdmuntanya\/lescola\/documents\/projecte-linguistic-2\/\" title=\"Read Projecte Ling\u00fc\u00edstic\">Llegeix m\u00e9s\u00bb<\/a><\/p>\n","protected":false},"author":4,"featured_media":0,"parent":962,"menu_order":30,"comment_status":"closed","ping_status":"closed","template":"","meta":{"_bbp_topic_count":0,"_bbp_reply_count":0,"_bbp_total_topic_count":0,"_bbp_total_reply_count":0,"_bbp_voice_count":0,"_bbp_anonymous_reply_count":0,"_bbp_topic_count_hidden":0,"_bbp_reply_count_hidden":0,"_bbp_forum_subforum_count":0,"footnotes":""},"class_list":["post-1026","page","type-page","status-publish","hentry"],"post_mailing_queue_ids":[],"_links":{"self":[{"href":"https:\/\/agora.xtec.cat\/esc-mdmuntanya\/wp-json\/wp\/v2\/pages\/1026","targetHints":{"allow":["GET"]}}],"collection":[{"href":"https:\/\/agora.xtec.cat\/esc-mdmuntanya\/wp-json\/wp\/v2\/pages"}],"about":[{"href":"https:\/\/agora.xtec.cat\/esc-mdmuntanya\/wp-json\/wp\/v2\/types\/page"}],"author":[{"embeddable":true,"href":"https:\/\/agora.xtec.cat\/esc-mdmuntanya\/wp-json\/wp\/v2\/users\/4"}],"replies":[{"embeddable":true,"href":"https:\/\/agora.xtec.cat\/esc-mdmuntanya\/wp-json\/wp\/v2\/comments?post=1026"}],"version-history":[{"count":3,"href":"https:\/\/agora.xtec.cat\/esc-mdmuntanya\/wp-json\/wp\/v2\/pages\/1026\/revisions"}],"predecessor-version":[{"id":5640,"href":"https:\/\/agora.xtec.cat\/esc-mdmuntanya\/wp-json\/wp\/v2\/pages\/1026\/revisions\/5640"}],"up":[{"embeddable":true,"href":"https:\/\/agora.xtec.cat\/esc-mdmuntanya\/wp-json\/wp\/v2\/pages\/962"}],"wp:attachment":[{"href":"https:\/\/agora.xtec.cat\/esc-mdmuntanya\/wp-json\/wp\/v2\/media?parent=1026"}],"curies":[{"name":"wp","href":"https:\/\/api.w.org\/{rel}","templated":true}]}}