{"id":80,"date":"2014-09-18T14:09:48","date_gmt":"2014-09-18T13:09:48","guid":{"rendered":"http:\/\/agora.xtec.cat\/esc-massanet\/?page_id=80"},"modified":"2020-03-26T23:17:21","modified_gmt":"2020-03-26T22:17:21","slug":"transport-escolar","status":"publish","type":"page","link":"https:\/\/agora.xtec.cat\/esc-massanet\/serveis\/transport-escolar\/","title":{"rendered":"Transport Escolar"},"content":{"rendered":"<p style=\"text-align: justify;\">El <strong>transport escolar<\/strong>\u00a0\u00e9s un servei di\u00e0ri que s\u2019ofereix des del Consell Comarcal de la Selva.<\/p>\n<p style=\"text-align: justify;\"><span style=\"text-decoration: underline;\"><strong>HORARI i PARADES<\/strong><\/span><\/p>\n<p style=\"text-align: justify;\">El recorregut permet el trasport fins l&#8217;escola des de les\u00a0urbanizacions: <em>Mont Barbat (Bus 1)\u00a0<\/em>, \u00a0<em>Mas \u00a0Altaba<\/em> \u00a0i \u00a0<em>Residencial \u00a0Parc (Bus 2). \u00a0<\/em>A continuaci\u00f3 podeu veure el \u00a0recorregut \u00a0que fa cada bus:<strong><a href=\"https:\/\/agora.xtec.cat\/esc-massanet\/wp-content\/uploads\/usu2095\/2020\/03\/transport.jpg\"><img loading=\"lazy\" decoding=\"async\" class=\"wp-image-807 size-full aligncenter\" src=\"https:\/\/agora.xtec.cat\/esc-massanet\/wp-content\/uploads\/usu2095\/2020\/03\/transport.jpg\" alt=\"\" width=\"551\" height=\"321\" srcset=\"https:\/\/agora.xtec.cat\/esc-massanet\/wp-content\/uploads\/usu2095\/2020\/03\/transport.jpg 551w, https:\/\/agora.xtec.cat\/esc-massanet\/wp-content\/uploads\/usu2095\/2020\/03\/transport-300x175.jpg 300w\" sizes=\"auto, (max-width: 551px) 100vw, 551px\" \/><\/a><\/strong>\u00a0 \u00a0 \u00a0 \u00a0<i>*Per\u00a0m\u00e9s informaci\u00f3 sobre les\u00a0parades\u00a0podeu consultar a la <a href=\"https:\/\/educacio.selva.cat\/transport_rutes.php?entitat=Escola-Macanet-Selva\">web del Consell Comarcal<\/a><\/i><\/p>\n<p style=\"text-align: justify;\"><span style=\"text-decoration: underline;\"><strong>PREU<\/strong><\/span><\/p>\n<p style=\"text-align: justify;\">El cost d\u2019aquest servei el podeu trobar al seg\u00fcent <a href=\"https:\/\/webseu.selva.cat\/files\/2019\/OOFF\/P4.pdf\">enlla\u00e7<\/a> on s\u2019especifica el preu en funci\u00f3 de les caracter\u00edstiques de cada usuari\/a.<\/p>\n<p style=\"text-align: justify;\"><span style=\"text-decoration: underline;\"><strong>DOCUMENTS I FORMULARIS<\/strong><\/span><\/p>\n<p style=\"text-align: justify;\">El Consell Comarcal posa a la disposici\u00f3 dels usuaris\/es els seg\u00fcents documents:<\/p>\n<ul style=\"text-align: justify;\">\n<li style=\"list-style-type: none;\">\n<ul>\n<li><a href=\"https:\/\/www.seu-e.cat\/documents\/1532458\/7220703\/inscripcio_transport_escolar.pdf\/62f67905-8929-4f3e-ba93-dbd4954ed195\">Inscripci\u00f3<\/a> al servei de transport escolar pel curs 2019-20.<\/li>\n<li><a href=\"https:\/\/www.seu-e.cat\/documents\/1532458\/7220703\/sol_ajuts_mejador_transport_escolar.pdf\/23b816f3-5c24-4021-8966-cb9236f329fe\">Sol\u00b7licitud<\/a> d\u2019ajud de transport escolar 2019-20.<\/li>\n<li><a href=\"https:\/\/webseu.selva.cat\/index.php\/atencio-a-les-persones\/593-anunci-sobre-l-aprovacio-inicial-de-les-bases-i-convocatoria-dels-ajuts-individuals-de-transport-escolar-col-lectiu-per-al-curs-2019-2020\">Bases i convocatoria<\/a> dels ajuts individuals de transport escolar per curs 2019-20.<\/li>\n<li><a href=\"https:\/\/webseu.selva.cat\/index.php\/atencio-a-les-persones\/591-anunci-sobre-l-aprovacio-inicial-de-les-bases-i-convocatoria-dels-ajuts-individuals-de-desplacament-aid-per-al-curs-2019-2020\">Bases i convocatoria<\/a> dels ajuts individuals de despla\u00e7ament escolar per curs 2019-20.<\/li>\n<li><a href=\"https:\/\/webseu.selva.cat\/index.php\/tramits\">Queixa o reclamaci\u00f3<\/a> del servei.<\/li>\n<li><a href=\"https:\/\/agora.xtec.cat\/esc-massanet\/wp-content\/uploads\/usu2095\/2020\/03\/Sol-licitud-de-transferencia-bancaria-per-a-pagaments-a-empreses-o-entitats-amb-personalitat-juridica.docx\">Canvi de domiciliaci\u00f3 banc\u00e0ria.<\/a><\/li>\n<\/ul>\n<\/li>\n<\/ul>\n<p style=\"text-align: justify;\"><span style=\"text-decoration: underline;\"><strong>FUNCIONAMENT<\/strong><\/span><\/p>\n<p style=\"text-align: justify;\">El servei de transport compta amb el monitoratge durant el transport.\u00a0<i>En el cas de que un\/a alumne\/a fixe no hagi d\u2019agafar el transport de forma puntual cal avisar pr\u00e8viament al tutor\/a.<\/i><\/p>\n<p style=\"text-align: justify;\"><span style=\"text-decoration: underline;\"><strong>CONTACTE<\/strong><\/span><\/p>\n<p style=\"text-align: justify;\">Per m\u00e9s informaci\u00f3 us poder adre\u00e7ar al la <i><a href=\"https:\/\/educacio.selva.cat\/transport_rutes.php?entitat=Escola-Macanet-Selva\">web del Consell Comarcal<\/a>.<\/i><\/p>\n","protected":false},"excerpt":{"rendered":"<p>El transport escolar\u00a0\u00e9s un servei di\u00e0ri que s\u2019ofereix des del Consell Comarcal de la Selva.<br \/>\nHORARI i PARADES<br \/>\nEl recorregut permet el trasport fins l&#8217;escola des de les\u00a0urbanizacions: Mont Barbat (Bus 1)\u00a0, \u00a0Mas \u00a0Altaba \u00a0i \u00a0Residencial \u00a0Parc (Bus 2). \u00a0A continuaci\u00f3 podeu veure el \u00a0recorregut \u00a0que fa&hellip;  <a href=\"https:\/\/agora.xtec.cat\/esc-massanet\/serveis\/transport-escolar\/\" title=\"Read Transport Escolar\">Llegeix m\u00e9s\u00bb<\/a><\/p>\n","protected":false},"author":1,"featured_media":0,"parent":66,"menu_order":40,"comment_status":"closed","ping_status":"closed","template":"page-templates\/side-menu.php","meta":{"_bbp_topic_count":0,"_bbp_reply_count":0,"_bbp_total_topic_count":0,"_bbp_total_reply_count":0,"_bbp_voice_count":0,"_bbp_anonymous_reply_count":0,"_bbp_topic_count_hidden":0,"_bbp_reply_count_hidden":0,"_bbp_forum_subforum_count":0,"footnotes":""},"class_list":["post-80","page","type-page","status-publish","hentry"],"post_mailing_queue_ids":[],"_links":{"self":[{"href":"https:\/\/agora.xtec.cat\/esc-massanet\/wp-json\/wp\/v2\/pages\/80","targetHints":{"allow":["GET"]}}],"collection":[{"href":"https:\/\/agora.xtec.cat\/esc-massanet\/wp-json\/wp\/v2\/pages"}],"about":[{"href":"https:\/\/agora.xtec.cat\/esc-massanet\/wp-json\/wp\/v2\/types\/page"}],"author":[{"embeddable":true,"href":"https:\/\/agora.xtec.cat\/esc-massanet\/wp-json\/wp\/v2\/users\/1"}],"replies":[{"embeddable":true,"href":"https:\/\/agora.xtec.cat\/esc-massanet\/wp-json\/wp\/v2\/comments?post=80"}],"version-history":[{"count":3,"href":"https:\/\/agora.xtec.cat\/esc-massanet\/wp-json\/wp\/v2\/pages\/80\/revisions"}],"predecessor-version":[{"id":874,"href":"https:\/\/agora.xtec.cat\/esc-massanet\/wp-json\/wp\/v2\/pages\/80\/revisions\/874"}],"up":[{"embeddable":true,"href":"https:\/\/agora.xtec.cat\/esc-massanet\/wp-json\/wp\/v2\/pages\/66"}],"wp:attachment":[{"href":"https:\/\/agora.xtec.cat\/esc-massanet\/wp-json\/wp\/v2\/media?parent=80"}],"curies":[{"name":"wp","href":"https:\/\/api.w.org\/{rel}","templated":true}]}}