{"id":77,"date":"2014-09-18T14:05:08","date_gmt":"2014-09-18T13:05:08","guid":{"rendered":"http:\/\/agora.xtec.cat\/esc-massanet\/?page_id=77"},"modified":"2024-01-10T09:33:03","modified_gmt":"2024-01-10T08:33:03","slug":"acollida","status":"publish","type":"page","link":"https:\/\/agora.xtec.cat\/esc-massanet\/serveis\/acollida\/","title":{"rendered":"Acollida"},"content":{"rendered":"<p style=\"text-align: justify;\">El servei\u00a0<strong>d\u2019acollida<\/strong> \u00e9s un servei di\u00e0ri que s\u2019ofereix des de l\u2019AFA de l\u2019escola. Aquest \u00e9s realitza tant durant el mat\u00ed com a la tarda.<\/p>\n<p style=\"text-align: justify;\"><strong>HORARI:<\/strong><\/p>\n<ul style=\"text-align: justify;\">\n<li style=\"list-style-type: none;\">\n<ul>\n<li><span style=\"text-decoration: underline;\">ACOLLIDA MATINAL<\/span>\u00a0de 8:00 a 9:00<\/li>\n<li><span style=\"text-decoration: underline;\">ACOLLIDA A LA TARDA<\/span> de 16:00 a 17:00<\/li>\n<\/ul>\n<\/li>\n<\/ul>\n<p style=\"text-align: justify;\"><strong>FUNCIONAMENT<\/strong><\/p>\n<p style=\"text-align: justify;\">Aquesta activitat es duu a terme dins les instal\u00b7lacions de l\u2019escola. Concretament l\u2019acollida matinal es realitza al menjador de l\u2019escola i la de la tarda a l\u2019aula de P4. En ambd\u00f3s serveis, tant pel mat\u00ed com a la tarda, es realitzaran activitats l\u00fadiques dirigides per un monitor\/a. Es recomana \u00a0per l\u2019acollida de la tarda que l\u2019alumnat porti berenar, ja que no est\u00e0 incl\u00f3s en el servei. En el cas que l\u2019alumne\/a participi en el servei d\u2019acollida de la tarda de forma excepcional, cal avisar al tutor\/a pr\u00e8viament.<\/p>\n<p style=\"text-align: justify;\"><strong>CONTACTE<\/strong><\/p>\n<p style=\"text-align: justify;\">Per m\u00e9s informaci\u00f3 us poder adre\u00e7ar al correu de l\u2019AFA de l\u2019escola o la b\u00fastia de suggeriments que podeu trobar al hall de l\u2019escola.<\/p>\n<p>&nbsp;<\/p>\n","protected":false},"excerpt":{"rendered":"<p>El servei\u00a0d\u2019acollida \u00e9s un servei di\u00e0ri que s\u2019ofereix des de l\u2019AFA de l\u2019escola. Aquest \u00e9s realitza tant durant el mat\u00ed com a la tarda.<br \/>\nHORARI:<\/p>\n<ul style=\"text-align: justify;\">\n<li style=\"list-style-type: none;\">\n<ul>\n<li>ACOLLIDA MATINAL\u00a0de 8:00 a 9:00<\/li>\n<li>ACOLLIDA A LA TARDA de 16:00 a 17:00<\/li>\n<\/ul>\n<\/li>\n<\/ul>\n<p>FUNCIONAMENT<br \/>\nAquesta activitat es duu a terme dins&hellip;  <a href=\"https:\/\/agora.xtec.cat\/esc-massanet\/serveis\/acollida\/\" title=\"Read Acollida\">Llegeix m\u00e9s\u00bb<\/a><\/p>\n","protected":false},"author":1,"featured_media":0,"parent":66,"menu_order":20,"comment_status":"closed","ping_status":"closed","template":"page-templates\/side-menu.php","meta":{"_bbp_topic_count":0,"_bbp_reply_count":0,"_bbp_total_topic_count":0,"_bbp_total_reply_count":0,"_bbp_voice_count":0,"_bbp_anonymous_reply_count":0,"_bbp_topic_count_hidden":0,"_bbp_reply_count_hidden":0,"_bbp_forum_subforum_count":0,"footnotes":""},"class_list":["post-77","page","type-page","status-publish","hentry"],"post_mailing_queue_ids":[],"_links":{"self":[{"href":"https:\/\/agora.xtec.cat\/esc-massanet\/wp-json\/wp\/v2\/pages\/77","targetHints":{"allow":["GET"]}}],"collection":[{"href":"https:\/\/agora.xtec.cat\/esc-massanet\/wp-json\/wp\/v2\/pages"}],"about":[{"href":"https:\/\/agora.xtec.cat\/esc-massanet\/wp-json\/wp\/v2\/types\/page"}],"author":[{"embeddable":true,"href":"https:\/\/agora.xtec.cat\/esc-massanet\/wp-json\/wp\/v2\/users\/1"}],"replies":[{"embeddable":true,"href":"https:\/\/agora.xtec.cat\/esc-massanet\/wp-json\/wp\/v2\/comments?post=77"}],"version-history":[{"count":5,"href":"https:\/\/agora.xtec.cat\/esc-massanet\/wp-json\/wp\/v2\/pages\/77\/revisions"}],"predecessor-version":[{"id":6474,"href":"https:\/\/agora.xtec.cat\/esc-massanet\/wp-json\/wp\/v2\/pages\/77\/revisions\/6474"}],"up":[{"embeddable":true,"href":"https:\/\/agora.xtec.cat\/esc-massanet\/wp-json\/wp\/v2\/pages\/66"}],"wp:attachment":[{"href":"https:\/\/agora.xtec.cat\/esc-massanet\/wp-json\/wp\/v2\/media?parent=77"}],"curies":[{"name":"wp","href":"https:\/\/api.w.org\/{rel}","templated":true}]}}