{"id":73,"date":"2014-09-18T14:01:51","date_gmt":"2014-09-18T13:01:51","guid":{"rendered":"http:\/\/agora.xtec.cat\/esc-massanet\/?page_id=73"},"modified":"2022-04-28T13:02:37","modified_gmt":"2022-04-28T11:02:37","slug":"menjador-escolar","status":"publish","type":"page","link":"https:\/\/agora.xtec.cat\/esc-massanet\/serveis\/menjador-escolar\/","title":{"rendered":"Menjador escolar"},"content":{"rendered":"<p style=\"text-align: justify;\">El servei del menjador escolar est\u00e0 gestionat pel\u00a0<strong>Consell Comarcal de la Selva. Per el bon funcionament us deixem el dec\u00e0leg pels alumnes de menjador:<\/strong><\/p>\n<p style=\"text-align: justify;\"><strong> <a href=\"https:\/\/agora.xtec.cat\/esc-massanet\/wp-content\/uploads\/usu2095\/2022\/04\/normativa_menjador.pdf\">DEC\u00c0LEG FUNCIONAMENT MENJADOR<\/a><\/strong><\/p>\n<p style=\"text-align: justify;\">Podreu trobar tota la informaci\u00f3 a la seva <a href=\"https:\/\/educacio.selva.cat\/menjador.php\">web. <\/a><\/p>\n<p style=\"text-align: justify;\">Tamb\u00e9 podeu obtenir informaci\u00f3:<\/p>\n<ul style=\"text-align: justify;\">\n<li>Trucant per tel\u00e8fon al 972 84 21 61 \u00b7 972 84 08 04<\/li>\n<li>Enviant un correu a comarca@selva.cat<\/li>\n<li>Personalment al Consell Comarcal de la Selva a Sta. Coloma de Farners (Passeig de Sant Salvador, 25-27)<\/li>\n<\/ul>\n<p style=\"text-align: justify;\">Tot seguit us facilitem tota la informaci\u00f3 i documentaci\u00f3 referent al servei del menjador.<\/p>\n<p style=\"text-align: justify;\"><strong>Els Men\u00fas de l&#8217;escola canvien cada mes. Us enllacem la p\u00e0gina web on podreu veure aquests men\u00fas:<\/strong><\/p>\n<p style=\"text-align: justify;\"><a href=\"https:\/\/educacio.selva.cat\/centre-detall.php?id=26\">Enlla\u00e7 Men\u00fas Menjador<\/a><\/p>\n<p style=\"text-align: justify;\"><strong>Us enllacem les p\u00e0gines web on podreu trobar els Formularis i document del servei. Hi podreu trobar:\u00a0<\/strong><\/p>\n<ul style=\"text-align: justify;\">\n<li style=\"list-style-type: none;\">\n<ul>\n<li style=\"list-style-type: none;\">\n<ul>\n<li><a class=\"descarrega des_men\" href=\"https:\/\/www.seu-e.cat\/documents\/1532458\/7220703\/sol_ajuts_mejador_transport_escolar.pdf\/23b816f3-5c24-4021-8966-cb9236f329fe\" target=\"_blank\" rel=\"noopener noreferrer\">Sol\u00b7licitud d&#8217;ajut de menjador escolar 2019-20<\/a><\/li>\n<li><a class=\"descarrega des_men\" style=\"font-family: inherit; font-size: 1em;\" href=\"https:\/\/www.selva.cat\/webseu\/index.php\/atencio-a-les-persones\/592-anunci-sobre-l-aprovacio-inicial-de-les-bases-i-convocatoria-dels-ajuts-individuals-de-menjador-escolar-per-al-curs-2019-2020\" target=\"_blank\" rel=\"noopener noreferrer\">Bases i convocat\u00f2ria dels ajuts individuals de menjador escolar pel curs 2019\/2020<\/a><\/li>\n<li><a class=\"descarrega des_men\" style=\"font-family: inherit; font-size: 1em;\" href=\"https:\/\/www.selva.cat\/webseu\/index.php\/tramits\" target=\"_blank\" rel=\"noopener noreferrer\">Queixa o reclamaci\u00f3 del servei<\/a><\/li>\n<\/ul>\n<\/li>\n<\/ul>\n<\/li>\n<\/ul>\n<p style=\"text-align: justify;\"><span style=\"text-decoration: underline;\"><strong>Preu del servei<\/strong><\/span><\/p>\n<p style=\"text-align: justify;\">Amb car\u00e0cter general el preu del servei de menjador escolar de les escoles gestionades pel Consell Comarcal \u00e9s de 5.37\u20ac\/men\u00fa per als usuaris fixes (de 3 a 5 dies setmanals) i de 5.84\u20ac\/men\u00fa per als usuaris eventuals. Per m\u00e9s informaci\u00f3 espec\u00edfica de cada menjador podeu consultar a l&#8217;administrador\/a del menjador de cada centre.<\/p>\n<ul style=\"text-align: justify;\">\n<li>Aqu\u00ed teniu l&#8217;enlla\u00e7 sobre el preu del servei:\n<ul>\n<li style=\"list-style-type: none;\">\n<ul>\n<li><a href=\"https:\/\/educacio.selva.cat\/documentacio.php?menjador_Preu-servei\">Preu del servei de menjador<\/a><\/li>\n<\/ul>\n<\/li>\n<\/ul>\n<\/li>\n<\/ul>\n<p style=\"text-align: justify;\"><strong>Per \u00faltim, tamb\u00e9 us enllacem la p\u00e0gina web de beques de menjador i transport del Consell Comarcal de la Selva:<\/strong><\/p>\n<ul>\n<li style=\"list-style-type: none;\">\n<ul>\n<li style=\"list-style-type: none;\">\n<ul>\n<li style=\"text-align: justify;\"><a href=\"https:\/\/educacio.selva.cat\/beques.php\">Beques de menjador i transport<\/a><\/li>\n<\/ul>\n<\/li>\n<\/ul>\n<\/li>\n<\/ul>\n","protected":false},"excerpt":{"rendered":"<p>El servei del menjador escolar est\u00e0 gestionat pel\u00a0Consell Comarcal de la Selva. Per el bon funcionament us deixem el dec\u00e0leg pels alumnes de menjador:<br \/>\n <a href=\"https:\/\/agora.xtec.cat\/esc-massanet\/wp-content\/uploads\/usu2095\/2022\/04\/normativa_menjador.pdf\">DEC\u00c0LEG FUNCIONAMENT MENJADOR<\/a><br \/>\nPodreu trobar tota la informaci\u00f3 a la seva <a href=\"https:\/\/educacio.selva.cat\/menjador.php\">web. <\/a><br \/>\nTamb\u00e9 podeu obtenir informaci\u00f3:<\/p>\n<ul style=\"text-align: justify;\">\n<li>Trucant per tel\u00e8fon&hellip;  <a href=\"https:\/\/agora.xtec.cat\/esc-massanet\/serveis\/menjador-escolar\/\" title=\"Read Menjador escolar\">Llegeix m\u00e9s\u00bb<\/a><br \/>\n","protected":false},"author":1,"featured_media":0,"parent":66,"menu_order":30,"comment_status":"closed","ping_status":"closed","template":"page-templates\/side-menu.php","meta":{"_bbp_topic_count":0,"_bbp_reply_count":0,"_bbp_total_topic_count":0,"_bbp_total_reply_count":0,"_bbp_voice_count":0,"_bbp_anonymous_reply_count":0,"_bbp_topic_count_hidden":0,"_bbp_reply_count_hidden":0,"_bbp_forum_subforum_count":0,"footnotes":""},"class_list":["post-73","page","type-page","status-publish","hentry"],"post_mailing_queue_ids":[],"_links":{"self":[{"href":"https:\/\/agora.xtec.cat\/esc-massanet\/wp-json\/wp\/v2\/pages\/73","targetHints":{"allow":["GET"]}}],"collection":[{"href":"https:\/\/agora.xtec.cat\/esc-massanet\/wp-json\/wp\/v2\/pages"}],"about":[{"href":"https:\/\/agora.xtec.cat\/esc-massanet\/wp-json\/wp\/v2\/types\/page"}],"author":[{"embeddable":true,"href":"https:\/\/agora.xtec.cat\/esc-massanet\/wp-json\/wp\/v2\/users\/1"}],"replies":[{"embeddable":true,"href":"https:\/\/agora.xtec.cat\/esc-massanet\/wp-json\/wp\/v2\/comments?post=73"}],"version-history":[{"count":3,"href":"https:\/\/agora.xtec.cat\/esc-massanet\/wp-json\/wp\/v2\/pages\/73\/revisions"}],"predecessor-version":[{"id":5440,"href":"https:\/\/agora.xtec.cat\/esc-massanet\/wp-json\/wp\/v2\/pages\/73\/revisions\/5440"}],"up":[{"embeddable":true,"href":"https:\/\/agora.xtec.cat\/esc-massanet\/wp-json\/wp\/v2\/pages\/66"}],"wp:attachment":[{"href":"https:\/\/agora.xtec.cat\/esc-massanet\/wp-json\/wp\/v2\/media?parent=73"}],"curies":[{"name":"wp","href":"https:\/\/api.w.org\/{rel}","templated":true}]}}