{"id":658,"date":"2020-03-24T20:15:49","date_gmt":"2020-03-24T19:15:49","guid":{"rendered":"https:\/\/agora.xtec.cat\/esc-massanet\/?page_id=658"},"modified":"2022-01-31T09:34:29","modified_gmt":"2022-01-31T08:34:29","slug":"festes","status":"publish","type":"page","link":"https:\/\/agora.xtec.cat\/esc-massanet\/lescola\/festes\/","title":{"rendered":"Recursos Pedag\u00f2gics"},"content":{"rendered":"<p><span style=\"text-decoration: underline;\"><strong>MATERIAL ESCOLAR<\/strong><\/span><\/p>\n<p style=\"text-align: justify;\">La<strong> quota<\/strong> a pagar ser\u00e0 de <strong>110 <\/strong>euros (s\u2019inclou una activitat de lleure, teatre&#8230; a nivell de tota l\u2019escola).<\/p>\n<p style=\"text-align: justify;\">Al setembre, passem el <a href=\"https:\/\/agora.xtec.cat\/esc-massanet\/wp-content\/uploads\/usu2095\/2020\/03\/Contracte-de-comprom\u00eds-de-bon-\u00fas-i-bones-pr\u00e0ctiques-del-material-did\u00e0ctic.docx\">Contracte de comprom\u00eds de bon \u00fas i bones pr\u00e0ctiques del material did\u00e0ctic<\/a><strong>\u00a0<\/strong>a les fam\u00edlies, on es comprometen a tenir cura del material i a pagar-lo a final de curs en el cas que s\u2019extravi\u00e9s o deterior\u00e9s per qualsevol motiu. En cas que sigui un llibre de lectura s\u2019haur\u00e0 d\u2019abonar 9 euros; en cas que sigui un llibre de reutilitzaci\u00f3 o quadernets s\u2019haur\u00e0 d\u2019abonar el preu real.<\/p>\n<ul style=\"text-align: justify;\">\n<li>Si els alumnes perden l\u2019agenda, han de comprar la de l\u2019escola a secretaria.<\/li>\n<li>Pels alumnes de 6\u00e8, el Departament d&#8217;Educaci\u00f3 d\u00f3na el recurs digital d&#8217;un ordinador port\u00e0til per cada alumne. En aquest cas, es far\u00e0 una autoritzaci\u00f3 per tal que l&#8217;alumne pugui portar l&#8217;ordinador a casa sempre que ho necessiti. A final de curs, aquest ordinador ha de retornar-se al centre.<\/li>\n<li>Nom\u00e9s es tornar\u00e0 a donar el material fungible en cas que s\u2019hagi fet curta la previsi\u00f3 de material per tot l\u2019alumnat.<\/li>\n<\/ul>\n<p style=\"text-align: justify;\"><strong>El consell escolar va aprovar que qui no pagui el material escolar, no podr\u00e0 participar de les sortides ni col\u00f2nies, aix\u00ed com tampoc se li donar\u00e0 el material d\u2019aula a principi de curs. <\/strong><\/p>\n","protected":false},"excerpt":{"rendered":"<p>MATERIAL ESCOLAR<br \/>\nLa quota a pagar ser\u00e0 de 110 euros (s\u2019inclou una activitat de lleure, teatre&#8230; a nivell de tota l\u2019escola).<br \/>\nAl setembre, passem el <a href=\"https:\/\/agora.xtec.cat\/esc-massanet\/wp-content\/uploads\/usu2095\/2020\/03\/Contracte-de-comprom\u00eds-de-bon-\u00fas-i-bones-pr\u00e0ctiques-del-material-did\u00e0ctic.docx\">Contracte de comprom\u00eds de bon \u00fas i bones pr\u00e0ctiques del material did\u00e0ctic<\/a>\u00a0a les fam\u00edlies, on es comprometen a tenir cura del&hellip;  <a href=\"https:\/\/agora.xtec.cat\/esc-massanet\/lescola\/festes\/\" title=\"Read Recursos Pedag\u00f2gics\">Llegeix m\u00e9s\u00bb<\/a><\/p>\n","protected":false},"author":1,"featured_media":0,"parent":22,"menu_order":90,"comment_status":"closed","ping_status":"closed","template":"page-templates\/side-menu.php","meta":{"_bbp_topic_count":0,"_bbp_reply_count":0,"_bbp_total_topic_count":0,"_bbp_total_reply_count":0,"_bbp_voice_count":0,"_bbp_anonymous_reply_count":0,"_bbp_topic_count_hidden":0,"_bbp_reply_count_hidden":0,"_bbp_forum_subforum_count":0,"footnotes":""},"class_list":["post-658","page","type-page","status-publish","hentry"],"post_mailing_queue_ids":[],"_links":{"self":[{"href":"https:\/\/agora.xtec.cat\/esc-massanet\/wp-json\/wp\/v2\/pages\/658","targetHints":{"allow":["GET"]}}],"collection":[{"href":"https:\/\/agora.xtec.cat\/esc-massanet\/wp-json\/wp\/v2\/pages"}],"about":[{"href":"https:\/\/agora.xtec.cat\/esc-massanet\/wp-json\/wp\/v2\/types\/page"}],"author":[{"embeddable":true,"href":"https:\/\/agora.xtec.cat\/esc-massanet\/wp-json\/wp\/v2\/users\/1"}],"replies":[{"embeddable":true,"href":"https:\/\/agora.xtec.cat\/esc-massanet\/wp-json\/wp\/v2\/comments?post=658"}],"version-history":[{"count":3,"href":"https:\/\/agora.xtec.cat\/esc-massanet\/wp-json\/wp\/v2\/pages\/658\/revisions"}],"predecessor-version":[{"id":5102,"href":"https:\/\/agora.xtec.cat\/esc-massanet\/wp-json\/wp\/v2\/pages\/658\/revisions\/5102"}],"up":[{"embeddable":true,"href":"https:\/\/agora.xtec.cat\/esc-massanet\/wp-json\/wp\/v2\/pages\/22"}],"wp:attachment":[{"href":"https:\/\/agora.xtec.cat\/esc-massanet\/wp-json\/wp\/v2\/media?parent=658"}],"curies":[{"name":"wp","href":"https:\/\/api.w.org\/{rel}","templated":true}]}}