{"id":572,"date":"2020-03-10T12:53:57","date_gmt":"2020-03-10T11:53:57","guid":{"rendered":"https:\/\/agora.xtec.cat\/esc-massanet\/?page_id=572"},"modified":"2020-03-25T22:28:41","modified_gmt":"2020-03-25T21:28:41","slug":"codi-etic","status":"publish","type":"page","link":"https:\/\/agora.xtec.cat\/esc-massanet\/afa\/codi-etic\/","title":{"rendered":"Codi \u00e8tic"},"content":{"rendered":"<h5 style=\"text-align: justify;\">1. OBJECTIU<\/h5>\n<p style=\"text-align: justify;\">Aquest codi \u00e8tic constitueix una declaraci\u00f3 expressa dels seus valors, principis i pautes de conducta, que han de guiar el comportament de tots els membres de l\u2019AFA en el desenvolupament de la seva activitat.<br \/>\nAquest codi \u00e8tic garanteix l\u2019aplicaci\u00f3 col\u2022lectiva del comprom\u00eds que pren l\u2019AFA en el seu compliment avantposant els principis \u00e8tics universals, afavorint la integraci\u00f3 de tot el col\u2022lectiu de persones\/fam\u00edlies, amb la seva complexitat i diversitat cultural.<\/p>\n<h5 style=\"text-align: justify;\">2. \u00c0MBIT D\u2019APLICACI\u00d3<\/h5>\n<p style=\"text-align: justify;\">L\u2019\u00e0mbit d\u2019aplicaci\u00f3 del present codi \u00e8tic \u00e9s el recinte escolar i en qualsevol esdeveniment o \u00e0mbit extern al recinte que es representi a l\u2019AFA.<\/p>\n<h5 style=\"text-align: justify;\">3. COMPROM\u00cdS<\/h5>\n<p style=\"text-align: justify;\">Com a membre de l\u2019AFA:<\/p>\n<p style=\"text-align: justify;\">\u2022 Garantir un tracte digne i respectu\u00f3s envers les fam\u00edlies.<br \/>\n\u2022 Fomentar valors morals tals com la dignitat, la igualtat, l\u2019honestedat, la generositat, l\u2019agra\u00efment, el respecte, l\u2019amistat, l\u2019amor, la prud\u00e8ncia, la solidaritat, la toler\u00e0ncia, el sentit de la responsabilitat, la integritat personal, etc.<br \/>\n\u2022 Potenciar la participaci\u00f3 i cooperaci\u00f3 en un prop\u00f2sit com\u00fa.<br \/>\n\u2022 Denunciar situacions d\u2019injust\u00edcia manifesta, maltractaments o tractes vexatoris o altres accions que incompleixin els principis \u00e8tics universals.<br \/>\n\u2022 Acollir, assessorar i facilitar a les fam\u00edlies la informaci\u00f3 i cooperaci\u00f3 de totes les dades que necessitin i estiguin a l\u2019abast de l\u2019AFA. Afavorir la transpar\u00e8ncia.<br \/>\n\u2022 Representar i respectar els diferents punts de vista de les fam\u00edlies, sent tots ells enriquidors.<br \/>\n\u2022 Estar obert al di\u00e0leg i a l\u2019entesa, acceptant el b\u00e9 com\u00fa per davant del propi.<br \/>\n\u2022 Dur a terme les activitats assignades sense cap prestaci\u00f3 econ\u00f2mica i no afavorir-se dels c\u00e0rrecs per a finalitats pr\u00f2pies.<br \/>\n\u2022 Mantenir la confidencialitat de les informacions rebudes i conegudes<br \/>\nen el desenvolupament de la seva activitat sempre que l\u2019esdeveniment ho requereixi.<br \/>\n\u2022 En processos democr\u00e0tics de votacions, un cop s\u2019hagi debatut i respectat amb honestedat totes les opinions, s\u2019acceptar\u00e0 i defensar\u00e0 l\u2019opini\u00f3 majorit\u00e0ria. L\u2019opini\u00f3 general per davant de la pr\u00f2pia.<br \/>\n\u2022 Assumir i respectar els estatuts.<br \/>\n\u2022 Comprometre\u2019s amb el projecte educatiu de l\u2019escola.<\/p>\n<p style=\"text-align: justify;\">Envers l\u2019escola:<\/p>\n<p style=\"text-align: justify;\">\u2022 Respectar les normes de funcionament intern del centre.<br \/>\n\u2022 Respectar i tenir cura dels recursos materials del centre educatiu.<br \/>\n\u2022 Respectar els drets de la mainada i de les fam\u00edlies, actuant de forma diligent i solid\u00e0ria.<br \/>\n\u2022 Ajudar el professorat o equip directiu en les tasques que precisin.<\/p>\n<p style=\"text-align: justify;\">Tot i ser una comunitat d\u2019aprenentatge, cal tenir en compte que hi ha espais que no s\u00f3n comuns a les fam\u00edlies(AFA) i professorat\/equip directiu, com poden ser les aules, despatxos i tots aquells que l\u2019equip directiu marqui com a directriu.<\/p>\n","protected":false},"excerpt":{"rendered":"<p>1. OBJECTIU<br \/>\nAquest codi \u00e8tic constitueix una declaraci\u00f3 expressa dels seus valors, principis i pautes de conducta, que han de guiar el comportament de tots els membres de l\u2019AFA en el desenvolupament de la seva activitat.<br \/>\nAquest codi \u00e8tic garanteix l\u2019aplicaci\u00f3 col\u2022lectiva del comprom\u00eds que pren l\u2019AFA&hellip;  <a href=\"https:\/\/agora.xtec.cat\/esc-massanet\/afa\/codi-etic\/\" title=\"Read Codi \u00e8tic\">Llegeix m\u00e9s\u00bb<\/a><\/p>\n","protected":false},"author":1,"featured_media":0,"parent":528,"menu_order":4,"comment_status":"closed","ping_status":"closed","template":"page-templates\/side-menu.php","meta":{"_bbp_topic_count":0,"_bbp_reply_count":0,"_bbp_total_topic_count":0,"_bbp_total_reply_count":0,"_bbp_voice_count":0,"_bbp_anonymous_reply_count":0,"_bbp_topic_count_hidden":0,"_bbp_reply_count_hidden":0,"_bbp_forum_subforum_count":0,"footnotes":""},"class_list":["post-572","page","type-page","status-publish","hentry"],"post_mailing_queue_ids":[],"_links":{"self":[{"href":"https:\/\/agora.xtec.cat\/esc-massanet\/wp-json\/wp\/v2\/pages\/572","targetHints":{"allow":["GET"]}}],"collection":[{"href":"https:\/\/agora.xtec.cat\/esc-massanet\/wp-json\/wp\/v2\/pages"}],"about":[{"href":"https:\/\/agora.xtec.cat\/esc-massanet\/wp-json\/wp\/v2\/types\/page"}],"author":[{"embeddable":true,"href":"https:\/\/agora.xtec.cat\/esc-massanet\/wp-json\/wp\/v2\/users\/1"}],"replies":[{"embeddable":true,"href":"https:\/\/agora.xtec.cat\/esc-massanet\/wp-json\/wp\/v2\/comments?post=572"}],"version-history":[{"count":3,"href":"https:\/\/agora.xtec.cat\/esc-massanet\/wp-json\/wp\/v2\/pages\/572\/revisions"}],"predecessor-version":[{"id":693,"href":"https:\/\/agora.xtec.cat\/esc-massanet\/wp-json\/wp\/v2\/pages\/572\/revisions\/693"}],"up":[{"embeddable":true,"href":"https:\/\/agora.xtec.cat\/esc-massanet\/wp-json\/wp\/v2\/pages\/528"}],"wp:attachment":[{"href":"https:\/\/agora.xtec.cat\/esc-massanet\/wp-json\/wp\/v2\/media?parent=572"}],"curies":[{"name":"wp","href":"https:\/\/api.w.org\/{rel}","templated":true}]}}